{"id":13333,"date":"2025-01-04T06:30:46","date_gmt":"2025-01-04T06:30:46","guid":{"rendered":"https:\/\/yousanusb.com\/?post_type=product&#038;p=13333"},"modified":"2025-10-06T00:26:19","modified_gmt":"2025-10-06T00:26:19","slug":"zinc-alloy-rotating-metal-usb-type-c-flash-drive","status":"publish","type":"product","link":"https:\/\/www.yousanusb.com\/it\/prodotto\/zinc-alloy-rotating-metal-usb-type-c-flash-drive\/","title":{"rendered":"lega di zinco rotante metallo usb a e usb c flash drive"},"content":{"rendered":"<div class=\"wp-block-columns is-layout-flex wp-container-core-columns-is-layout-1 wp-block-columns-is-layout-flex\">\n<div class=\"wp-block-column is-layout-flow wp-block-column-is-layout-flow\">\n<figure class=\"wp-block-image size-full\"><img fetchpriority=\"high\" decoding=\"async\" width=\"800\" height=\"800\" src=\"https:\/\/www.yousanusb.com\/wp-content\/uploads\/2025\/01\/zinc-alloy-rotating-metal-usb-type-c-flash-drive.jpg\" alt=\"lega di zinco rotante metallo usb tipo c flash drive\" class=\"wp-image-13327\" srcset=\"https:\/\/www.yousanusb.com\/wp-content\/uploads\/2025\/01\/zinc-alloy-rotating-metal-usb-type-c-flash-drive.jpg 800w, https:\/\/www.yousanusb.com\/wp-content\/uploads\/2025\/01\/zinc-alloy-rotating-metal-usb-type-c-flash-drive-300x300.jpg 300w, https:\/\/www.yousanusb.com\/wp-content\/uploads\/2025\/01\/zinc-alloy-rotating-metal-usb-type-c-flash-drive-150x150.jpg 150w, https:\/\/www.yousanusb.com\/wp-content\/uploads\/2025\/01\/zinc-alloy-rotating-metal-usb-type-c-flash-drive-768x768.jpg 768w, https:\/\/www.yousanusb.com\/wp-content\/uploads\/2025\/01\/zinc-alloy-rotating-metal-usb-type-c-flash-drive-12x12.jpg 12w, https:\/\/www.yousanusb.com\/wp-content\/uploads\/2025\/01\/zinc-alloy-rotating-metal-usb-type-c-flash-drive-600x600.jpg 600w, https:\/\/www.yousanusb.com\/wp-content\/uploads\/2025\/01\/zinc-alloy-rotating-metal-usb-type-c-flash-drive-100x100.jpg 100w\" sizes=\"(max-width: 800px) 100vw, 800px\" \/><\/figure>\n<\/div>\n\n\n\n<div class=\"wp-block-column is-vertically-aligned-center is-layout-flow wp-block-column-is-layout-flow\">\n<p>Questa unit\u00e0 flash USB Type-C in metallo rotante in lega di zinco \u00e8 stata progettata per chi esige l'eccellenza. Realizzata con un robusto corpo in lega di zinco, vanta una resistenza eccezionale e un aspetto lussuoso. Il suo elegante design rotante non solo offre un'estetica straordinaria, ma garantisce anche una commutazione senza soluzione di continuit\u00e0 tra le porte USB-A e Tipo-C, rendendola compatibile sia con i computer che con i dispositivi mobili. Dotata di tecnologia USB 3.0, questa unit\u00e0 offre una velocit\u00e0 di trasferimento fulminea, fino a 5 Gbps. Sia che si tratti di trasferire file di grandi dimensioni, di eseguire il backup dei dati o di lavorare in movimento, questa unit\u00e0 flash garantisce un'efficienza senza compromessi.<\/p>\n<\/div>\n<\/div>\n\n\n\n<div class=\"wp-block-columns is-layout-flex wp-container-core-columns-is-layout-2 wp-block-columns-is-layout-flex\">\n<div class=\"wp-block-column is-vertically-aligned-center is-layout-flow wp-block-column-is-layout-flow\">\n<p>L'innovativo design rotante \u00e8 il suo principale vantaggio. Eliminando il problema comune della perdita dei tappi che si verifica nelle unit\u00e0 USB tradizionali, il suo fluido meccanismo di rotazione consente di cambiare e proteggere l'interfaccia con un semplice gesto. Compatta e portatile, questa unit\u00e0 USB \u00e8 facile da trasportare ovunque. Una caratteristica ancora pi\u00f9 interessante \u00e8 il supporto per la personalizzazione del logo. Le aziende possono personalizzarla con il proprio logo per migliorare l'esposizione del marchio come regalo aziendale, mentre i privati possono scegliere l'IP, i motivi o il testo che preferiscono per creare un accessorio digitale unico e di tendenza.<br><\/p>\n<\/div>\n\n\n\n<div class=\"wp-block-column is-layout-flow wp-block-column-is-layout-flow\">\n<figure class=\"wp-block-image size-full\"><img decoding=\"async\" width=\"800\" height=\"800\" src=\"https:\/\/www.yousanusb.com\/wp-content\/uploads\/2025\/01\/zinc-alloy-rotating-metal-usb-type-c-flash-drive-wholesale.jpg\" alt=\"lega di zinco rotante metallo usb tipo c flash drive-wholesale\" class=\"wp-image-13329\" srcset=\"https:\/\/www.yousanusb.com\/wp-content\/uploads\/2025\/01\/zinc-alloy-rotating-metal-usb-type-c-flash-drive-wholesale.jpg 800w, https:\/\/www.yousanusb.com\/wp-content\/uploads\/2025\/01\/zinc-alloy-rotating-metal-usb-type-c-flash-drive-wholesale-300x300.jpg 300w, https:\/\/www.yousanusb.com\/wp-content\/uploads\/2025\/01\/zinc-alloy-rotating-metal-usb-type-c-flash-drive-wholesale-150x150.jpg 150w, https:\/\/www.yousanusb.com\/wp-content\/uploads\/2025\/01\/zinc-alloy-rotating-metal-usb-type-c-flash-drive-wholesale-768x768.jpg 768w, https:\/\/www.yousanusb.com\/wp-content\/uploads\/2025\/01\/zinc-alloy-rotating-metal-usb-type-c-flash-drive-wholesale-12x12.jpg 12w, https:\/\/www.yousanusb.com\/wp-content\/uploads\/2025\/01\/zinc-alloy-rotating-metal-usb-type-c-flash-drive-wholesale-600x600.jpg 600w, https:\/\/www.yousanusb.com\/wp-content\/uploads\/2025\/01\/zinc-alloy-rotating-metal-usb-type-c-flash-drive-wholesale-100x100.jpg 100w\" sizes=\"(max-width: 800px) 100vw, 800px\" \/><\/figure>\n<\/div>\n<\/div>","protected":false},"excerpt":{"rendered":"<ul>\n<li>Nuovo stile e guscio in lega di zinco<\/li>\n<li>Interfacce USB A e USB C<\/li>\n<li>Uso del PC e del telefono cellulare<\/li>\n<li>USB3.0 ad alta velocit\u00e0<\/li>\n<li>Logo personalizzato<\/li>\n<li>MOQ: 100pcs<\/li>\n<\/ul>","protected":false},"featured_media":13327,"comment_status":"open","ping_status":"closed","template":"","meta":{"_seopress_robots_primary_cat":"none","_seopress_titles_title":"zinc alloy rotating metal usb type c flash drive","_seopress_titles_desc":"Introducing the Zinc Alloy Rotating Metal USB Type-C Flash Drive, the ultimate blend of durability, style, and performance. Designed for those who demand the best, this flash drive combines premium materials, cutting-edge technology, and customizable features to meet your every need.","_seopress_robots_index":""},"class_list":["post-13333","product","type-product","status-publish","has-post-thumbnail","hentry","product_cat-usb30-flash-drive","product_cat-rotating-usb-flash-drive","product_cat-otg-usb-flash-drive","product_tag-rose-gold-usb-flash-drive","product_tag-custom-metal-keychain-usb-flash-drive","product_tag-otg-usb-flash-drive","product_tag-buy-metal-leather-usb-flash-drive"],"_links":{"self":[{"href":"https:\/\/www.yousanusb.com\/it\/wp-json\/wp\/v2\/product\/13333"}],"collection":[{"href":"https:\/\/www.yousanusb.com\/it\/wp-json\/wp\/v2\/product"}],"about":[{"href":"https:\/\/www.yousanusb.com\/it\/wp-json\/wp\/v2\/types\/product"}],"replies":[{"embeddable":true,"href":"https:\/\/www.yousanusb.com\/it\/wp-json\/wp\/v2\/comments?post=13333"}],"wp:featuredmedia":[{"embeddable":true,"href":"https:\/\/www.yousanusb.com\/it\/wp-json\/wp\/v2\/media\/13327"}],"wp:attachment":[{"href":"https:\/\/www.yousanusb.com\/it\/wp-json\/wp\/v2\/media?parent=13333"}],"curies":[{"name":"wp","href":"https:\/\/api.w.org\/{rel}","templated":true}]}}