{"id":13414,"date":"2025-01-05T05:59:05","date_gmt":"2025-01-05T05:59:05","guid":{"rendered":"https:\/\/yousanusb.com\/?post_type=product&#038;p=13414"},"modified":"2025-10-05T05:35:16","modified_gmt":"2025-10-05T05:35:16","slug":"metal-panda-shaped-usb-flash-drive","status":"publish","type":"product","link":"https:\/\/www.yousanusb.com\/it\/prodotto\/metal-panda-shaped-usb-flash-drive\/","title":{"rendered":"Unit\u00e0 flash USB a forma di Panda in metallo"},"content":{"rendered":"<p><strong>Chiavetta USB a forma di Panda in metallo: Un'incantevole combinazione di carineria e resistenza<\/strong><br \/>\nVi presentiamo la nostra ultima creazione, la chiavetta USB a forma di Panda in metallo, una deliziosa aggiunta alla nostra collezione di chiavette USB che \u00e8 diventata rapidamente uno dei modelli pi\u00f9 popolari.<br \/>\nRealizzata con un esterno in lega di zinco, questa unit\u00e0 USB non \u00e8 solo carina ma \u00e8 anche costruita per durare. La lega di zinco offre una durata eccezionale, assicurando che la vostra amata unit\u00e0 a forma di panda possa resistere agli urti e alle sollecitazioni dell'uso quotidiano. Sia che venga gettata in uno zaino, portata in tasca o utilizzata frequentemente per il trasferimento di dati, il robusto involucro in lega di zinco protegge i componenti interni.<br \/>\nLa star dello spettacolo \u00e8, ovviamente, la sua adorabile forma di panda. Ogni dettaglio del panda \u00e8 stato progettato meticolosamente, dalla combinazione di colori bianco e nero che imita il panda reale alle simpatiche orecchie arrotondate e all'espressione accattivante. Non si tratta solo di un dispositivo di archiviazione, ma di un'affascinante opera d'arte che si presta anche a conversazioni.<br \/>\nQuesta nuova chiavetta USB \u00e8 perfetta per tutti, sia per gli appassionati di panda, sia per chi cerca una soluzione di archiviazione unica e accattivante, sia per i genitori alla ricerca di una chiavetta accattivante per i propri figli. Combina la funzionalit\u00e0 di una chiavetta USB di alta qualit\u00e0 con il fascino di un animale amato. Con il suo mix di simpatia e durata, non c'\u00e8 da stupirsi che la nostra chiavetta USB a forma di panda in metallo abbia catturato il cuore di molti e sia diventata una delle migliori scelte tra le chiavette USB.<\/p>","protected":false},"excerpt":{"rendered":"<ul>\n<li>Cassa in lega di zinco<\/li>\n<li>Stile a forma di panda<\/li>\n<li>Stile di design pi\u00f9 recente<\/li>\n<li>MOQ: 100PCS<\/li>\n<li>Logo personalizzato<\/li>\n<\/ul>","protected":false},"featured_media":13418,"comment_status":"open","ping_status":"closed","template":"","meta":{"_seopress_robots_primary_cat":"","_seopress_titles_title":"Metal Panda - shaped USB Flash Drive: A Charming Blend of Cuteness and Durability","_seopress_titles_desc":"Introducing our latest creation, the Metal Panda - shaped USB Flash Drive, a delightful addition to our USB drive collection that has quickly become one of the most popular models.","_seopress_robots_index":""},"class_list":["post-13414","product","type-product","status-publish","has-post-thumbnail","hentry","product_cat-metal-usb-flash-drive","product_tag-panda-usb-flash-drive","product_tag-buy-metal-leather-usb-flash-drive"],"_links":{"self":[{"href":"https:\/\/www.yousanusb.com\/it\/wp-json\/wp\/v2\/product\/13414"}],"collection":[{"href":"https:\/\/www.yousanusb.com\/it\/wp-json\/wp\/v2\/product"}],"about":[{"href":"https:\/\/www.yousanusb.com\/it\/wp-json\/wp\/v2\/types\/product"}],"replies":[{"embeddable":true,"href":"https:\/\/www.yousanusb.com\/it\/wp-json\/wp\/v2\/comments?post=13414"}],"wp:featuredmedia":[{"embeddable":true,"href":"https:\/\/www.yousanusb.com\/it\/wp-json\/wp\/v2\/media\/13418"}],"wp:attachment":[{"href":"https:\/\/www.yousanusb.com\/it\/wp-json\/wp\/v2\/media?parent=13414"}],"curies":[{"name":"wp","href":"https:\/\/api.w.org\/{rel}","templated":true}]}}