{"id":13554,"date":"2025-02-06T06:25:39","date_gmt":"2025-02-06T06:25:39","guid":{"rendered":"https:\/\/yousanusb.com\/?post_type=product&#038;p=13554"},"modified":"2025-10-06T00:26:06","modified_gmt":"2025-10-06T00:26:06","slug":"a5-notebook-diary-with-usb-flash-drive","status":"publish","type":"product","link":"https:\/\/www.yousanusb.com\/it\/prodotto\/a5-notebook-diary-with-usb-flash-drive\/","title":{"rendered":"Diario A5 con chiavetta USB"},"content":{"rendered":"<p>1. Il nostro taccuino A5 con chiavetta USB \u00e8 una miscela armoniosa di un classico taccuino in formato A5 per il diario quotidiano e di una pratica chiavetta USB. Il design elegante non solo garantisce un'esperienza di scrittura confortevole, ma offre anche un modo pratico per archiviare e trasferire i file digitali, rendendolo un articolo essenziale sia per il lavoro che per lo studio.<br \/>\n2. Come fabbrica, siamo orgogliosi di offrire ampie possibilit\u00e0 di personalizzazione. \u00c8 possibile personalizzare la copertina del notebook con il logo dell'azienda, i motivi preferiti o citazioni ispiratrici. Inoltre, la chiavetta USB pu\u00f2 essere personalizzata con una confezione unica e contenuti precaricati in base alle vostre esigenze specifiche.<br \/>\n3. Abbondante scelta per tutte le esigenze \uff1aCapiamo che utenti diversi hanno esigenze diverse. Per questo motivo offriamo un'ampia gamma di stili sia per il notebook che per la chiavetta USB. In termini di capacit\u00e0, l'unit\u00e0 flash USB \u00e8 disponibile in varie opzioni, da 4 GB a 256 GB, per garantire spazio sufficiente per tutti i dati. Per quanto riguarda il notebook, oltre al formato standard A5, possiamo scegliere tra diversi tipi di carta e numeri di pagina.<br \/>\n4. Acquisto diretto dalla fabbrica \uff1aAcquistare direttamente dalla nostra fabbrica significa ottenere il miglior valore per il proprio denaro. Eliminando gli intermediari, possiamo offrire prezzi competitivi senza compromettere la qualit\u00e0. Che si tratti di un piccolo ordine di prova o di un acquisto di grandi quantit\u00e0, garantiamo una produzione efficiente, una consegna rapida e un eccellente servizio post-vendita.<\/p>","protected":false},"excerpt":{"rendered":"<ul>\n<li>Unit\u00e0 USB per quaderno A5 Diario<\/li>\n<li>L'oro e l'argento possono scegliere<\/li>\n<li>Se hai bisogno di un notebook, contattaci<\/li>\n<li>LOGO personalizzato<\/li>\n<\/ul>","protected":false},"featured_media":13561,"comment_status":"open","ping_status":"closed","template":"","meta":{"_seopress_robots_primary_cat":"none","_seopress_titles_title":"A5 Notebook Diary with USB Flash Drive","_seopress_titles_desc":"Discover our A5 Notebook Diary with USB Flash Drive! Ideal for personal use, corporate gifts, or promotional items. As a factory, we offer customization on covers, USB content, etc. Multiple styles and capacities available. Great for bulk orders. Get factory - direct prices now!","_seopress_robots_index":""},"class_list":["post-13554","product","type-product","status-publish","has-post-thumbnail","hentry","product_cat-usb-flash-drive-with-notebook","product_tag-a5-notebook-with-usb-flash-drive","product_tag-rose-gold-usb-flash-drive","product_tag-custom-metal-keychain-usb-flash-drive","product_tag-buy-metal-leather-usb-flash-drive"],"_links":{"self":[{"href":"https:\/\/www.yousanusb.com\/it\/wp-json\/wp\/v2\/product\/13554"}],"collection":[{"href":"https:\/\/www.yousanusb.com\/it\/wp-json\/wp\/v2\/product"}],"about":[{"href":"https:\/\/www.yousanusb.com\/it\/wp-json\/wp\/v2\/types\/product"}],"replies":[{"embeddable":true,"href":"https:\/\/www.yousanusb.com\/it\/wp-json\/wp\/v2\/comments?post=13554"}],"wp:featuredmedia":[{"embeddable":true,"href":"https:\/\/www.yousanusb.com\/it\/wp-json\/wp\/v2\/media\/13561"}],"wp:attachment":[{"href":"https:\/\/www.yousanusb.com\/it\/wp-json\/wp\/v2\/media?parent=13554"}],"curies":[{"name":"wp","href":"https:\/\/api.w.org\/{rel}","templated":true}]}}