{"id":13578,"date":"2025-02-06T06:45:44","date_gmt":"2025-02-06T06:45:44","guid":{"rendered":"https:\/\/yousanusb.com\/?post_type=product&#038;p=13578"},"modified":"2025-10-06T00:24:49","modified_gmt":"2025-10-06T00:24:49","slug":"best-metal-flower-notebook-with-usb-flash-drive","status":"publish","type":"product","link":"https:\/\/www.yousanusb.com\/it\/prodotto\/best-metal-flower-notebook-with-usb-flash-drive\/","title":{"rendered":"Il miglior taccuino a fiori in metallo con unit\u00e0 flash USB"},"content":{"rendered":"<p>1. Il nostro miglior taccuino a forma di fiore in metallo con chiavetta USB presenta un design unico e affascinante a forma di fiore in metallo. Il delicato fiore di metallo non solo aggiunge un tocco di eleganza, ma mostra anche un'abilit\u00e0 artigianale superiore. \u00c8 un prodotto che combina la funzionalit\u00e0 di prendere appunti e archiviare dati in modo elegante.<br \/>\n2. Personalizzazione su misura \uff1aCome fabbrica, offriamo ampie possibilit\u00e0 di personalizzazione. \u00c8 possibile personalizzare la copertina del notebook con colori e motivi diversi o imprimere il proprio logo. L'unit\u00e0 flash USB pu\u00f2 anche essere personalizzata con etichette personalizzate o contenuti precaricati. Questo la rende perfetta per regali aziendali, eventi promozionali o uso personale.<br \/>\n3. Opzioni versatili \uff1a\u00c8 disponibile un'ampia variet\u00e0 di stili per il taccuino. Sia che preferiate le pagine a righe per una scrittura ordinata, sia che preferiate le pagine bianche per disegnare, sia che preferiate le pagine a griglia per appunti pi\u00f9 strutturati, siamo a vostra disposizione. Inoltre, l'unit\u00e0 flash USB \u00e8 disponibile con diverse capacit\u00e0, da 8 GB a 128 GB, per soddisfare le diverse esigenze di archiviazione dei dati.<br \/>\n4. Acquisti diretti in fabbrica \uff1aAcquistare direttamente dalla nostra fabbrica significa ottenere un notevole risparmio sui costi. Eliminiamo il markup dell'intermediario, fornendovi prodotti di alta qualit\u00e0 a prezzi di fabbrica. Sia per gli ordini personalizzati su piccola scala che per gli acquisti all'ingrosso di grandi volumi, garantiamo una produzione efficiente e una consegna puntuale.<\/p>","protected":false},"excerpt":{"rendered":"<ul>\n<li>Unit\u00e0 USB per quaderno A5 Diario<\/li>\n<li>A forma di fiore<\/li>\n<li>L'oro e l'argento possono scegliere<\/li>\n<li>Se hai bisogno di un notebook, contattaci<\/li>\n<li>LOGO personalizzato<\/li>\n<\/ul>","protected":false},"featured_media":13579,"comment_status":"open","ping_status":"closed","template":"","meta":{"_seopress_robots_primary_cat":"none","_seopress_titles_title":"New Design Notebook Button Metal USB Flash Drive","_seopress_titles_desc":"Looking for a standout giveaway or corporate gift? Our Best Metal Flower Notebook with USB Flash Drive fits the bill! As a factory, we offer custom logo printing and bulk - order discounts. Fast production. Contact us for unique, high - quality stationery solutions now!","_seopress_robots_index":""},"class_list":["post-13578","product","type-product","status-publish","has-post-thumbnail","hentry","product_cat-usb-flash-drive-with-notebook","product_tag-a5-notebook-with-usb-flash-drive","product_tag-custom-metal-keychain-usb-flash-drive","product_tag-buy-metal-leather-usb-flash-drive"],"_links":{"self":[{"href":"https:\/\/www.yousanusb.com\/it\/wp-json\/wp\/v2\/product\/13578"}],"collection":[{"href":"https:\/\/www.yousanusb.com\/it\/wp-json\/wp\/v2\/product"}],"about":[{"href":"https:\/\/www.yousanusb.com\/it\/wp-json\/wp\/v2\/types\/product"}],"replies":[{"embeddable":true,"href":"https:\/\/www.yousanusb.com\/it\/wp-json\/wp\/v2\/comments?post=13578"}],"wp:featuredmedia":[{"embeddable":true,"href":"https:\/\/www.yousanusb.com\/it\/wp-json\/wp\/v2\/media\/13579"}],"wp:attachment":[{"href":"https:\/\/www.yousanusb.com\/it\/wp-json\/wp\/v2\/media?parent=13578"}],"curies":[{"name":"wp","href":"https:\/\/api.w.org\/{rel}","templated":true}]}}