{"id":1396,"date":"2021-06-09T14:34:11","date_gmt":"2021-06-09T14:34:11","guid":{"rendered":"https:\/\/yousanusb.com\/?post_type=product&#038;p=1396"},"modified":"2025-11-10T08:51:26","modified_gmt":"2025-11-10T08:51:26","slug":"wooden-guitar-shape-usb-flash-drive","status":"publish","type":"product","link":"https:\/\/www.yousanusb.com\/it\/prodotto\/wooden-guitar-shape-usb-flash-drive\/","title":{"rendered":"Chiavetta USB in legno d'acero a forma di chitarra con scatola di legno"},"content":{"rendered":"<p>Questa unit\u00e0 USB per chitarra in legno massiccio \u00e8 lo stile pi\u00f9 popolare della nostra serie di USB in legno. Il suo design \u00e8 eccezionalmente creativo, realizzato con diversi tipi di legno, tra cui legno massiccio, bamb\u00f9, acero, faggio e palissandro. Meticolosamente levigata e trattata con processi ecologici, conserva il calore naturale del legno e la sua sottile fragranza, con ogni pezzo caratterizzato da venature uniche.<\/p>\n\n\n\n<div class=\"wp-block-columns is-layout-flex wp-container-core-columns-is-layout-1 wp-block-columns-is-layout-flex\">\n<div class=\"wp-block-column is-layout-flow wp-block-column-is-layout-flow\">\n<figure class=\"wp-block-image size-full\"><img fetchpriority=\"high\" decoding=\"async\" width=\"1000\" height=\"1000\" src=\"https:\/\/www.yousanusb.com\/wp-content\/uploads\/2021\/06\/custom-wooden-usb-flash-drive.jpg\" alt=\"chiavetta usb in legno personalizzata\" class=\"wp-image-9256\" srcset=\"https:\/\/www.yousanusb.com\/wp-content\/uploads\/2021\/06\/custom-wooden-usb-flash-drive.jpg 1000w, https:\/\/www.yousanusb.com\/wp-content\/uploads\/2021\/06\/custom-wooden-usb-flash-drive-300x300.jpg 300w, https:\/\/www.yousanusb.com\/wp-content\/uploads\/2021\/06\/custom-wooden-usb-flash-drive-150x150.jpg 150w, https:\/\/www.yousanusb.com\/wp-content\/uploads\/2021\/06\/custom-wooden-usb-flash-drive-768x768.jpg 768w, https:\/\/www.yousanusb.com\/wp-content\/uploads\/2021\/06\/custom-wooden-usb-flash-drive-600x600.jpg 600w, https:\/\/www.yousanusb.com\/wp-content\/uploads\/2021\/06\/custom-wooden-usb-flash-drive-100x100.jpg 100w\" sizes=\"(max-width: 1000px) 100vw, 1000px\" \/><\/figure>\n<\/div>\n\n\n\n<div class=\"wp-block-column is-layout-flow wp-block-column-is-layout-flow\">\n<figure class=\"wp-block-image size-full\"><img decoding=\"async\" width=\"1000\" height=\"1000\" src=\"https:\/\/www.yousanusb.com\/wp-content\/uploads\/2021\/06\/oem-wooden-usb-flash-drive.jpg\" alt=\"unit\u00e0 flash usb in legno oem\" class=\"wp-image-9260\" srcset=\"https:\/\/www.yousanusb.com\/wp-content\/uploads\/2021\/06\/oem-wooden-usb-flash-drive.jpg 1000w, https:\/\/www.yousanusb.com\/wp-content\/uploads\/2021\/06\/oem-wooden-usb-flash-drive-300x300.jpg 300w, https:\/\/www.yousanusb.com\/wp-content\/uploads\/2021\/06\/oem-wooden-usb-flash-drive-150x150.jpg 150w, https:\/\/www.yousanusb.com\/wp-content\/uploads\/2021\/06\/oem-wooden-usb-flash-drive-768x768.jpg 768w, https:\/\/www.yousanusb.com\/wp-content\/uploads\/2021\/06\/oem-wooden-usb-flash-drive-600x600.jpg 600w, https:\/\/www.yousanusb.com\/wp-content\/uploads\/2021\/06\/oem-wooden-usb-flash-drive-100x100.jpg 100w\" sizes=\"(max-width: 1000px) 100vw, 1000px\" \/><\/figure>\n<\/div>\n<\/div>\n\n\n\n<p>Pi\u00f9 che un semplice dispositivo di archiviazione, la chiavetta USB Wooden Guitar \u00e8 un regalo creativo che incarna la passione per la musica e la sensibilit\u00e0 artistica. Sia che venga regalata a un amico appassionato di musica, sia che venga donata a clienti che apprezzano l'estro artistico, sia che venga utilizzata come regalo aziendale, questa chiavetta USB si distingue per il suo fascino fondamentale: \"materiali naturali + design creativo + funzionalit\u00e0 pratica\".<\/p>\n\n\n\n<div class=\"wp-block-columns is-layout-flex wp-container-core-columns-is-layout-2 wp-block-columns-is-layout-flex\">\n<div class=\"wp-block-column is-layout-flow wp-block-column-is-layout-flow\">\n<figure class=\"wp-block-image size-full\"><img decoding=\"async\" width=\"1000\" height=\"1000\" src=\"https:\/\/www.yousanusb.com\/wp-content\/uploads\/2021\/06\/engraved-wooden-usb-flash-drive.jpg\" alt=\"chiavetta usb in legno incisa\" class=\"wp-image-9258\" srcset=\"https:\/\/www.yousanusb.com\/wp-content\/uploads\/2021\/06\/engraved-wooden-usb-flash-drive.jpg 1000w, https:\/\/www.yousanusb.com\/wp-content\/uploads\/2021\/06\/engraved-wooden-usb-flash-drive-300x300.jpg 300w, https:\/\/www.yousanusb.com\/wp-content\/uploads\/2021\/06\/engraved-wooden-usb-flash-drive-150x150.jpg 150w, https:\/\/www.yousanusb.com\/wp-content\/uploads\/2021\/06\/engraved-wooden-usb-flash-drive-768x768.jpg 768w, https:\/\/www.yousanusb.com\/wp-content\/uploads\/2021\/06\/engraved-wooden-usb-flash-drive-600x600.jpg 600w, https:\/\/www.yousanusb.com\/wp-content\/uploads\/2021\/06\/engraved-wooden-usb-flash-drive-100x100.jpg 100w\" sizes=\"(max-width: 1000px) 100vw, 1000px\" \/><\/figure>\n<\/div>\n\n\n\n<div class=\"wp-block-column is-layout-flow wp-block-column-is-layout-flow\">\n<figure class=\"wp-block-image size-full\"><img loading=\"lazy\" decoding=\"async\" width=\"800\" height=\"800\" src=\"https:\/\/www.yousanusb.com\/wp-content\/uploads\/2021\/06\/guitar-shape-wood-usb-flash-drive.png\" alt=\"chiavetta usb in legno a forma di chitarra\" class=\"wp-image-9259\" srcset=\"https:\/\/www.yousanusb.com\/wp-content\/uploads\/2021\/06\/guitar-shape-wood-usb-flash-drive.png 800w, https:\/\/www.yousanusb.com\/wp-content\/uploads\/2021\/06\/guitar-shape-wood-usb-flash-drive-300x300.png 300w, https:\/\/www.yousanusb.com\/wp-content\/uploads\/2021\/06\/guitar-shape-wood-usb-flash-drive-150x150.png 150w, https:\/\/www.yousanusb.com\/wp-content\/uploads\/2021\/06\/guitar-shape-wood-usb-flash-drive-768x768.png 768w, https:\/\/www.yousanusb.com\/wp-content\/uploads\/2021\/06\/guitar-shape-wood-usb-flash-drive-600x600.png 600w, https:\/\/www.yousanusb.com\/wp-content\/uploads\/2021\/06\/guitar-shape-wood-usb-flash-drive-100x100.png 100w\" sizes=\"(max-width: 800px) 100vw, 800px\" \/><\/figure>\n<\/div>\n<\/div>","protected":false},"excerpt":{"rendered":"<ul>\n<li>Design a forma di chitarra<\/li>\n<li>Materiale in legno<\/li>\n<li>Adatto per il regalo<\/li>\n<li>Velocit\u00e0 pi\u00f9 elevata e alta qualit\u00e0<\/li>\n<li>Affidabile e sicuro<\/li>\n<li>Ottimo per tutti gli usi<\/li>\n<\/ul>","protected":false},"featured_media":9262,"comment_status":"open","ping_status":"closed","template":"","meta":{"_seopress_robots_primary_cat":"none","_seopress_titles_title":"Wooden Guitar Shape USB Flash Drive","_seopress_titles_desc":"Usb Flash Drive With Laser Engraved Logo For Guitar\uff0cguitar USB 2.0 External Storage thumb drive 4GB 8GB 16GB 32GB 64GB","_seopress_robots_index":""},"class_list":["post-1396","product","type-product","status-publish","has-post-thumbnail","hentry","product_cat-wooden-usb-flash-drive","product_tag-wood-usb-flash-drive-guitar-shape"],"_links":{"self":[{"href":"https:\/\/www.yousanusb.com\/it\/wp-json\/wp\/v2\/product\/1396"}],"collection":[{"href":"https:\/\/www.yousanusb.com\/it\/wp-json\/wp\/v2\/product"}],"about":[{"href":"https:\/\/www.yousanusb.com\/it\/wp-json\/wp\/v2\/types\/product"}],"replies":[{"embeddable":true,"href":"https:\/\/www.yousanusb.com\/it\/wp-json\/wp\/v2\/comments?post=1396"}],"wp:featuredmedia":[{"embeddable":true,"href":"https:\/\/www.yousanusb.com\/it\/wp-json\/wp\/v2\/media\/9262"}],"wp:attachment":[{"href":"https:\/\/www.yousanusb.com\/it\/wp-json\/wp\/v2\/media?parent=1396"}],"curies":[{"name":"wp","href":"https:\/\/api.w.org\/{rel}","templated":true}]}}