{"id":14522,"date":"2025-04-07T04:14:09","date_gmt":"2025-04-07T04:14:09","guid":{"rendered":"https:\/\/yousanusb.com\/?post_type=product&#038;p=14522"},"modified":"2025-04-07T05:39:54","modified_gmt":"2025-04-07T05:39:54","slug":"card-and-teardrop-shaped-leather-keychain","status":"publish","type":"product","link":"https:\/\/www.yousanusb.com\/it\/prodotto\/card-and-teardrop-shaped-leather-keychain\/","title":{"rendered":"Portachiavi in pelle a forma di carta e di goccia"},"content":{"rendered":"<p>Elevate i vostri oggetti di uso quotidiano con i nostri 5 esclusivi portachiavi in pelle, meticolosamente realizzati per unire raffinatezza, funzionalit\u00e0 e stile senza tempo. Perfetti da regalare o da usare personalmente, ogni pezzo \u00e8 caratterizzato da una lavorazione artigianale della pelle di prima qualit\u00e0 e da una meticolosa attenzione ai dettagli.<\/p>\n<p>1. Stile carta classica compatta<br \/>\nProgettato per un'eleganza minimalista, questo elegante portachiavi in pelle \u00e8 dotato di un alloggiamento compatto per le carte, ideale per contenere documenti d'identit\u00e0, carte di credito o pass di viaggio. Il suo profilo sottile assicura una portabilit\u00e0 senza sforzo, mentre le cuciture rinforzate e l'esterno in pelle resistente garantiscono un'usura duratura.<\/p>\n<p>2. Design del biglietto irregolare con texture<br \/>\nLiberatevi dall'ordinario con questo portachiavi in pelle dalla forma irregolare e all'avanguardia. La superficie strutturata aggiunge un tocco artistico e moderno, rendendolo un accessorio di spicco sia per il lavoro che per gli outfit casual.<\/p>\n<p>3. Eleganza a goccia<br \/>\nIspirata alle curve naturali, la forma a goccia emana un lusso sobrio. Perfetto per chi apprezza l'estetica organica, questo design abbina un corpo in pelle morbida ed elastica a una sicura chiusura a scatto, per garantire che i vostri oggetti essenziali rimangano al sicuro.<\/p>\n<p>4. Minimalista ultrasottile<br \/>\nPrivilegiate la praticit\u00e0 senza sacrificare lo stile. Il nostro portachiavi ultrasottile \u00e8 stato progettato per essere leggero come una piuma, ideale per portafogli sottili o stili di vita minimalisti. Nonostante il suo profilo sottile, vanta una ferramenta rinforzata e una pelle antigraffio.<\/p>\n<p>5. Versatile portacarte piatto<br \/>\nUn ibrido tra funzione e forma, questo portachiavi piatto in stile tessera \u00e8 dotato di una fessura nascosta per contanti o carte, che si integra perfettamente in qualsiasi borsa o tasca. Le iniziali o i monogrammi incisi al laser (disponibili su richiesta) aggiungono un tocco personale, trasformandolo in un caro ricordo.<\/p>\n<p><img fetchpriority=\"high\" decoding=\"async\" class=\"alignnone size-full wp-image-14532 aligncenter\" src=\"https:\/\/yousanusb.com\/wp-content\/uploads\/2025\/04\/Small-Card-Holder-Keyring.jpg\" alt=\"\" width=\"790\" height=\"1217\" srcset=\"https:\/\/www.yousanusb.com\/wp-content\/uploads\/2025\/04\/Small-Card-Holder-Keyring.jpg 790w, https:\/\/www.yousanusb.com\/wp-content\/uploads\/2025\/04\/Small-Card-Holder-Keyring-195x300.jpg 195w, https:\/\/www.yousanusb.com\/wp-content\/uploads\/2025\/04\/Small-Card-Holder-Keyring-665x1024.jpg 665w, https:\/\/www.yousanusb.com\/wp-content\/uploads\/2025\/04\/Small-Card-Holder-Keyring-768x1183.jpg 768w, https:\/\/www.yousanusb.com\/wp-content\/uploads\/2025\/04\/Small-Card-Holder-Keyring-8x12.jpg 8w, https:\/\/www.yousanusb.com\/wp-content\/uploads\/2025\/04\/Small-Card-Holder-Keyring-600x924.jpg 600w\" sizes=\"(max-width: 790px) 100vw, 790px\" \/><\/p>\n<p style=\"text-align: center;\"><img decoding=\"async\" class=\"alignnone size-full wp-image-14529\" src=\"https:\/\/yousanusb.com\/wp-content\/uploads\/2025\/04\/Leather-Keyring-Customised-Style.jpg\" alt=\"\" width=\"790\" height=\"1445\" srcset=\"https:\/\/www.yousanusb.com\/wp-content\/uploads\/2025\/04\/Leather-Keyring-Customised-Style.jpg 790w, https:\/\/www.yousanusb.com\/wp-content\/uploads\/2025\/04\/Leather-Keyring-Customised-Style-164x300.jpg 164w, https:\/\/www.yousanusb.com\/wp-content\/uploads\/2025\/04\/Leather-Keyring-Customised-Style-560x1024.jpg 560w, https:\/\/www.yousanusb.com\/wp-content\/uploads\/2025\/04\/Leather-Keyring-Customised-Style-768x1405.jpg 768w, https:\/\/www.yousanusb.com\/wp-content\/uploads\/2025\/04\/Leather-Keyring-Customised-Style-7x12.jpg 7w, https:\/\/www.yousanusb.com\/wp-content\/uploads\/2025\/04\/Leather-Keyring-Customised-Style-600x1097.jpg 600w\" sizes=\"(max-width: 790px) 100vw, 790px\" \/><img decoding=\"async\" class=\"alignnone size-full wp-image-14530 aligncenter\" src=\"https:\/\/yousanusb.com\/wp-content\/uploads\/2025\/04\/Leather-Keyring-Holder-with-Teardrop-Shape.jpg\" alt=\"\" width=\"790\" height=\"1425\" srcset=\"https:\/\/www.yousanusb.com\/wp-content\/uploads\/2025\/04\/Leather-Keyring-Holder-with-Teardrop-Shape.jpg 790w, https:\/\/www.yousanusb.com\/wp-content\/uploads\/2025\/04\/Leather-Keyring-Holder-with-Teardrop-Shape-166x300.jpg 166w, https:\/\/www.yousanusb.com\/wp-content\/uploads\/2025\/04\/Leather-Keyring-Holder-with-Teardrop-Shape-568x1024.jpg 568w, https:\/\/www.yousanusb.com\/wp-content\/uploads\/2025\/04\/Leather-Keyring-Holder-with-Teardrop-Shape-768x1385.jpg 768w, https:\/\/www.yousanusb.com\/wp-content\/uploads\/2025\/04\/Leather-Keyring-Holder-with-Teardrop-Shape-7x12.jpg 7w, https:\/\/www.yousanusb.com\/wp-content\/uploads\/2025\/04\/Leather-Keyring-Holder-with-Teardrop-Shape-600x1082.jpg 600w\" sizes=\"(max-width: 790px) 100vw, 790px\" \/><\/p>","protected":false},"excerpt":{"rendered":"<p>Questo portachiavi a fondina ha 5 stili, carta piccola, carta piccola, carta irregolare, forma a goccia, stile ultrasottile, custodia a fondina di alta qualit\u00e0.<\/p>","protected":false},"featured_media":14525,"comment_status":"open","ping_status":"closed","template":"","meta":{"_seopress_robots_primary_cat":"none","_seopress_titles_title":"","_seopress_titles_desc":"","_seopress_robots_index":""},"class_list":["post-14522","product","type-product","status-publish","has-post-thumbnail","hentry","product_cat-leather-key-chain","product_tag-card-shaped-keychain"],"_links":{"self":[{"href":"https:\/\/www.yousanusb.com\/it\/wp-json\/wp\/v2\/product\/14522"}],"collection":[{"href":"https:\/\/www.yousanusb.com\/it\/wp-json\/wp\/v2\/product"}],"about":[{"href":"https:\/\/www.yousanusb.com\/it\/wp-json\/wp\/v2\/types\/product"}],"replies":[{"embeddable":true,"href":"https:\/\/www.yousanusb.com\/it\/wp-json\/wp\/v2\/comments?post=14522"}],"wp:featuredmedia":[{"embeddable":true,"href":"https:\/\/www.yousanusb.com\/it\/wp-json\/wp\/v2\/media\/14525"}],"wp:attachment":[{"href":"https:\/\/www.yousanusb.com\/it\/wp-json\/wp\/v2\/media?parent=14522"}],"curies":[{"name":"wp","href":"https:\/\/api.w.org\/{rel}","templated":true}]}}