{"id":16684,"date":"2025-06-09T07:02:44","date_gmt":"2025-06-09T07:02:44","guid":{"rendered":"https:\/\/yousanusb.com\/?post_type=product&#038;p=16684"},"modified":"2025-10-04T11:36:20","modified_gmt":"2025-10-04T11:36:20","slug":"usb-3-0-metal-card-flash-drive-specifications","status":"publish","type":"product","link":"https:\/\/www.yousanusb.com\/it\/prodotto\/usb-3-0-metal-card-flash-drive-specifications\/","title":{"rendered":"Chiavetta USB 3.0 personalizzata in metallo con logo"},"content":{"rendered":"<figure class=\"wp-block-table\"><table class=\"has-fixed-layout\"><tbody><tr><td>\u200b<strong>Nome del prodotto<\/strong>\uff1a<\/td><td>Unit\u00e0 flash USB 3.0 Metal Card<\/td><\/tr><tr><td>\u200b<strong>Materiale<\/strong>\uff1a<\/td><td>Metallo (lega di zinco\/acciaio inossidabile)<\/td><\/tr><tr><td>\u200b<strong>Peso<\/strong>\uff1a<\/td><td>22g<\/td><\/tr><tr><td><strong>Velocit\u00e0 di trasferimento<\/strong>\uff1a<\/td><td>Fino a 8000 MB\/s (interfaccia USB 3.0)<\/td><\/tr><tr><td><strong>Dimensioni<\/strong>\uff1a<\/td><td>83 \u00d7 52 mm (formato carta di credito)<\/td><\/tr><tr><td>\u200b<strong>Opzioni di capacit\u00e0<\/strong>\uff1a<\/td><td>8GB\/16GB\/32GB\/64GB\/128GB <\/td><\/tr><tr><td>\u200b<strong>Opzioni di colore<\/strong>\uff1a<\/td><td>Colori multipli disponibili<\/td><\/tr><tr><td>\u200b<strong>Interfaccia<\/strong>\uff1a<\/td><td>USB 3.0 (Tipo-A)<\/td><\/tr><tr><td>\u200b<strong>Caratteristiche speciali<\/strong>\uff1a<\/td><td>Antiurto \/ Resistente all'acqua \/ Anti-EMI<\/td><\/tr><\/tbody><\/table><\/figure>\n\n\n\n<div class=\"wp-block-columns is-layout-flex wp-container-core-columns-is-layout-1 wp-block-columns-is-layout-flex\">\n<div class=\"wp-block-column is-layout-flow wp-block-column-is-layout-flow\">\n<p>Questa unit\u00e0 flash USB 3.0 in metallo \u00e8 realizzata in una lega di alluminio a bassa densit\u00e0 e alta resistenza. Ci\u00f2 conferisce alla chiavetta un corpo leggero e un'eccellente resistenza agli urti. \u00c8 stata sottoposta a processi di trafilatura e ossidazione.<\/p>\n\n\n<div class=\"wp-block-image\">\n<figure class=\"aligncenter size-full\"><img fetchpriority=\"high\" decoding=\"async\" width=\"800\" height=\"800\" src=\"https:\/\/yousanusb.com\/wp-content\/uploads\/2025\/06\/oem-metal-card-usb-flash-drive.jpg\" alt=\"unit\u00e0 flash usb della scheda metallica oem\" class=\"wp-image-16703\" srcset=\"https:\/\/www.yousanusb.com\/wp-content\/uploads\/2025\/06\/oem-metal-card-usb-flash-drive.jpg 800w, https:\/\/www.yousanusb.com\/wp-content\/uploads\/2025\/06\/oem-metal-card-usb-flash-drive-300x300.jpg 300w, https:\/\/www.yousanusb.com\/wp-content\/uploads\/2025\/06\/oem-metal-card-usb-flash-drive-150x150.jpg 150w, https:\/\/www.yousanusb.com\/wp-content\/uploads\/2025\/06\/oem-metal-card-usb-flash-drive-768x768.jpg 768w, https:\/\/www.yousanusb.com\/wp-content\/uploads\/2025\/06\/oem-metal-card-usb-flash-drive-12x12.jpg 12w, https:\/\/www.yousanusb.com\/wp-content\/uploads\/2025\/06\/oem-metal-card-usb-flash-drive-600x600.jpg 600w, https:\/\/www.yousanusb.com\/wp-content\/uploads\/2025\/06\/oem-metal-card-usb-flash-drive-100x100.jpg 100w\" sizes=\"(max-width: 800px) 100vw, 800px\" \/><figcaption class=\"wp-element-caption\">Unit\u00e0 flash usb 3.0 della carta di metallo dell'OEM<\/figcaption><\/figure><\/div><\/div>\n\n\n\n<div class=\"wp-block-column is-layout-flow wp-block-column-is-layout-flow\">\n<p>\u00c8 resistente all'usura e alla corrosione ed \u00e8 disponibile in splendidi colori, come Space Gray e Rose Gold. Il suo design \u00e8 sottilissimo e spesso solo 1 mm. Il suo equilibrio tra portabilit\u00e0 e texture di alto livello lo rende adatto all'uso in molti scenari.<\/p>\n\n\n<div class=\"wp-block-image\">\n<figure class=\"aligncenter size-full\"><img decoding=\"async\" width=\"800\" height=\"800\" src=\"https:\/\/yousanusb.com\/wp-content\/uploads\/2025\/06\/metal-usb-micro-sd-card-reader.jpg\" alt=\"lettore di schede micro sd usb in metallo\" class=\"wp-image-16701\" srcset=\"https:\/\/www.yousanusb.com\/wp-content\/uploads\/2025\/06\/metal-usb-micro-sd-card-reader.jpg 800w, https:\/\/www.yousanusb.com\/wp-content\/uploads\/2025\/06\/metal-usb-micro-sd-card-reader-300x300.jpg 300w, https:\/\/www.yousanusb.com\/wp-content\/uploads\/2025\/06\/metal-usb-micro-sd-card-reader-150x150.jpg 150w, https:\/\/www.yousanusb.com\/wp-content\/uploads\/2025\/06\/metal-usb-micro-sd-card-reader-768x768.jpg 768w, https:\/\/www.yousanusb.com\/wp-content\/uploads\/2025\/06\/metal-usb-micro-sd-card-reader-12x12.jpg 12w, https:\/\/www.yousanusb.com\/wp-content\/uploads\/2025\/06\/metal-usb-micro-sd-card-reader-600x600.jpg 600w, https:\/\/www.yousanusb.com\/wp-content\/uploads\/2025\/06\/metal-usb-micro-sd-card-reader-100x100.jpg 100w\" sizes=\"(max-width: 800px) 100vw, 800px\" \/><figcaption class=\"wp-element-caption\">Biglietto da visita usb3.0 in plastica <\/figcaption><\/figure><\/div><\/div>\n\n\n\n<div class=\"wp-block-column is-layout-flow wp-block-column-is-layout-flow\">\n<p>Disponibile in<strong>8 GB, 16 GB, 32 GB, 64 GB e 128 GB<\/strong>capacit\u00e0 di memorizzare tutte le foto, i documenti, la musica e i video. I molteplici ed eleganti colori metallizzati e il design ultrasottile della scheda combinano funzionalit\u00e0 ed estetica.<\/p>\n\n\n<div class=\"wp-block-image\">\n<figure class=\"aligncenter size-full\"><img decoding=\"async\" width=\"800\" height=\"800\" src=\"https:\/\/yousanusb.com\/wp-content\/uploads\/2025\/06\/metal-credit-card-usb.jpg\" alt=\"carta di credito in metallo usb\" class=\"wp-image-16698\" srcset=\"https:\/\/www.yousanusb.com\/wp-content\/uploads\/2025\/06\/metal-credit-card-usb.jpg 800w, https:\/\/www.yousanusb.com\/wp-content\/uploads\/2025\/06\/metal-credit-card-usb-300x300.jpg 300w, https:\/\/www.yousanusb.com\/wp-content\/uploads\/2025\/06\/metal-credit-card-usb-150x150.jpg 150w, https:\/\/www.yousanusb.com\/wp-content\/uploads\/2025\/06\/metal-credit-card-usb-768x768.jpg 768w, https:\/\/www.yousanusb.com\/wp-content\/uploads\/2025\/06\/metal-credit-card-usb-12x12.jpg 12w, https:\/\/www.yousanusb.com\/wp-content\/uploads\/2025\/06\/metal-credit-card-usb-600x600.jpg 600w, https:\/\/www.yousanusb.com\/wp-content\/uploads\/2025\/06\/metal-credit-card-usb-100x100.jpg 100w\" sizes=\"(max-width: 800px) 100vw, 800px\" \/><figcaption class=\"wp-element-caption\">ABS 3.0 Carta di credito USB<\/figcaption><\/figure><\/div><\/div>\n<\/div>\n\n\n\n<h2 class=\"wp-block-heading\">Qual \u00e8 la differenza tra la superficie lucida e quella spazzolata di una chiavetta USB con scheda in metallo?<\/h2>\n\n\n\n<p>Le principali differenze tra le superfici lucide e spazzolate delle unit\u00e0 flash USB con scheda in metallo risiedono nella lavorazione e nelle prestazioni:<\/p>\n\n\n\n<ul class=\"wp-block-list\">\n<li><strong>Superficie lucida<\/strong>: Ottenuto tramite lucidatura e galvanoplastica, presenta un effetto a specchio con una lucentezza di oltre 80\u00b0 e colori vivaci (ad esempio, riflettivit\u00e0 dell'oro rosa &gt;90%). Tuttavia, ha una durezza superficiale di solo 2H, \u00e8 incline alle impronte digitali (tasso di residui di impronte digitali ~75%) e ha un indice di resistenza all'usura di &lt;300 cicli di attrito.\u00c8 spesso considerato pi\u00f9 elegante e attraente e ha un aspetto di fascia alta. Tuttavia, questa superficie \u00e8 molto liscia, il che significa che pu\u00f2 essere facilmente graffiata o segnata dalle impronte digitali. Per mantenere un aspetto pulito, \u00e8 necessaria una pulizia regolare.<\/li>\n\n\n\n<li><strong>Superficie spazzolata<\/strong>: Formata mediante sabbiatura o spazzolatura per creare texture profonde 0,02-0,05 mm, ha una finitura opaca con lucentezza &lt;20\u00b0 (ad esempio, riflettivit\u00e0 grigio spazio &lt;15%). Con una durezza superficiale di 4H, resiste alle impronte digitali (tasso di residui 2000 cicli di attrito. L'attrito di presa \u00e8 superiore di 40%. Non si graffia n\u00e9 si macchia facilmente con le impronte digitali o la polvere. \u00c8 facile da pulire. \u00c8 pi\u00f9 adatto a scenari di utilizzo ad alta frequenza.<\/li>\n<\/ul>\n\n\n\n<h2 class=\"wp-block-heading\">Quale colore di unit\u00e0 flash USB 3.0 Card \u00e8 pi\u00f9 popolare?<\/h2>\n\n\n\n<p><br>La popolarit\u00e0 dei colori per le unit\u00e0 flash USB 3.0 varia a seconda dello scenario, ma i toni neutri classici come il grigio spaziale e il nero opaco sono attualmente i pi\u00f9 favoriti. Con finiture spazzolate\/sabbiate, questi colori presentano una lucentezza di &lt;20\u00b0, un tasso di resistenza alle impronte digitali di &lt;20% e una resistenza all&#039;usura superiore a 2.000 cicli di attrito, bilanciando professionalit\u00e0 e durata: rappresentano oltre 60% delle personalizzazioni aziendali e degli acquisti in ufficio. <\/p>\n\n\n\n<p>Poi, l'argento cromato e l'oro champagne, con un'elevata lucentezza (&gt;80%) dovuta alla lucidatura e alla galvanoplastica, dominano circa 35% del mercato degli articoli da regalo, in particolare nei mercati asiatici dell'elettronica di consumo. Colori di tendenza come l'oro rosa e il canna di fucile, guidati da processi innovativi (ad esempio, rivestimento PVD, spazzolatura fine), hanno registrato un aumento di 45% su base annua nelle ricerche di e-commerce tra gli utenti pi\u00f9 giovani e nei settori della cultura\/intrattenimento e degli esports, anche se le tonalit\u00e0 classiche rimangono il mainstream del mercato.<\/p>\n\n\n\n<div class=\"wp-block-columns is-layout-flex wp-container-core-columns-is-layout-2 wp-block-columns-is-layout-flex\">\n<div class=\"wp-block-column is-layout-flow wp-block-column-is-layout-flow\">\n<figure class=\"wp-block-image alignfull size-full\"><img loading=\"lazy\" decoding=\"async\" width=\"800\" height=\"800\" src=\"https:\/\/yousanusb.com\/wp-content\/uploads\/2025\/06\/china-metal-card-usb-flash-drive.jpg\" alt=\"unit\u00e0 flash usb della carta di metallo della porcellana\" class=\"wp-image-16694\" srcset=\"https:\/\/www.yousanusb.com\/wp-content\/uploads\/2025\/06\/china-metal-card-usb-flash-drive.jpg 800w, https:\/\/www.yousanusb.com\/wp-content\/uploads\/2025\/06\/china-metal-card-usb-flash-drive-300x300.jpg 300w, https:\/\/www.yousanusb.com\/wp-content\/uploads\/2025\/06\/china-metal-card-usb-flash-drive-150x150.jpg 150w, https:\/\/www.yousanusb.com\/wp-content\/uploads\/2025\/06\/china-metal-card-usb-flash-drive-768x768.jpg 768w, https:\/\/www.yousanusb.com\/wp-content\/uploads\/2025\/06\/china-metal-card-usb-flash-drive-12x12.jpg 12w, https:\/\/www.yousanusb.com\/wp-content\/uploads\/2025\/06\/china-metal-card-usb-flash-drive-600x600.jpg 600w, https:\/\/www.yousanusb.com\/wp-content\/uploads\/2025\/06\/china-metal-card-usb-flash-drive-100x100.jpg 100w\" sizes=\"(max-width: 800px) 100vw, 800px\" \/><\/figure>\n<\/div>\n\n\n\n<div class=\"wp-block-column is-layout-flow wp-block-column-is-layout-flow\">\n<figure class=\"wp-block-image alignfull size-full\"><img loading=\"lazy\" decoding=\"async\" width=\"800\" height=\"800\" src=\"https:\/\/yousanusb.com\/wp-content\/uploads\/2025\/06\/china-metal-card-usb-flash-drive-supplier.jpg\" alt=\"\" class=\"wp-image-16693\" srcset=\"https:\/\/www.yousanusb.com\/wp-content\/uploads\/2025\/06\/china-metal-card-usb-flash-drive-supplier.jpg 800w, https:\/\/www.yousanusb.com\/wp-content\/uploads\/2025\/06\/china-metal-card-usb-flash-drive-supplier-300x300.jpg 300w, https:\/\/www.yousanusb.com\/wp-content\/uploads\/2025\/06\/china-metal-card-usb-flash-drive-supplier-150x150.jpg 150w, https:\/\/www.yousanusb.com\/wp-content\/uploads\/2025\/06\/china-metal-card-usb-flash-drive-supplier-768x768.jpg 768w, https:\/\/www.yousanusb.com\/wp-content\/uploads\/2025\/06\/china-metal-card-usb-flash-drive-supplier-12x12.jpg 12w, https:\/\/www.yousanusb.com\/wp-content\/uploads\/2025\/06\/china-metal-card-usb-flash-drive-supplier-600x600.jpg 600w, https:\/\/www.yousanusb.com\/wp-content\/uploads\/2025\/06\/china-metal-card-usb-flash-drive-supplier-100x100.jpg 100w\" sizes=\"(max-width: 800px) 100vw, 800px\" \/><\/figure>\n<\/div>\n\n\n\n<div class=\"wp-block-column is-layout-flow wp-block-column-is-layout-flow\">\n<figure class=\"wp-block-image alignfull size-full\"><img loading=\"lazy\" decoding=\"async\" width=\"800\" height=\"800\" src=\"https:\/\/yousanusb.com\/wp-content\/uploads\/2025\/06\/china-metal-card-usb-flash-drive-factory.jpg\" alt=\"\" class=\"wp-image-16692\" srcset=\"https:\/\/www.yousanusb.com\/wp-content\/uploads\/2025\/06\/china-metal-card-usb-flash-drive-factory.jpg 800w, https:\/\/www.yousanusb.com\/wp-content\/uploads\/2025\/06\/china-metal-card-usb-flash-drive-factory-300x300.jpg 300w, https:\/\/www.yousanusb.com\/wp-content\/uploads\/2025\/06\/china-metal-card-usb-flash-drive-factory-150x150.jpg 150w, https:\/\/www.yousanusb.com\/wp-content\/uploads\/2025\/06\/china-metal-card-usb-flash-drive-factory-768x768.jpg 768w, https:\/\/www.yousanusb.com\/wp-content\/uploads\/2025\/06\/china-metal-card-usb-flash-drive-factory-12x12.jpg 12w, https:\/\/www.yousanusb.com\/wp-content\/uploads\/2025\/06\/china-metal-card-usb-flash-drive-factory-600x600.jpg 600w, https:\/\/www.yousanusb.com\/wp-content\/uploads\/2025\/06\/china-metal-card-usb-flash-drive-factory-100x100.jpg 100w\" sizes=\"(max-width: 800px) 100vw, 800px\" \/><\/figure>\n<\/div>\n<\/div>\n\n\n\n<p>\u200b<\/p>\n\n\n\n<h2 class=\"wp-block-heading\">Posso personalizzarlo con il mio logo aziendale\/personale? <\/h2>\n\n\n\n<p>Assolutamente s\u00ec, sono perfetti come regali di marca! Sia il fronte che il retro della carta metallica possono essere personalizzati:<\/p>\n\n\n\n<ul class=\"wp-block-list\">\n<li><strong>Stampa a colori.<\/strong>Tecnologia multicolore avanzata per loghi vibranti e fotorealistici con sfumature e disegni complessi.<\/li>\n\n\n\n<li><strong>Incisione laser del logo:<\/strong>L'incisione laser del logo sulle chiavette USB in metallo utilizza la tecnologia laser ad alta precisione per incidere motivi o testi sulla superficie metallica, creando segni permanenti e resistenti all'usura con dettagli raffinati e una finitura elegante e professionale. Questo processo garantisce che il logo rimanga chiaro e intatto anche dopo un uso prolungato, migliorando il riconoscimento del marchio e l'estetica del prodotto.<\/li>\n<\/ul>\n\n\n\n<div class=\"wp-block-columns is-layout-flex wp-container-core-columns-is-layout-3 wp-block-columns-is-layout-flex\">\n<div class=\"wp-block-column is-layout-flow wp-block-column-is-layout-flow\"><div class=\"wp-block-image\">\n<figure class=\"aligncenter size-full\"><img loading=\"lazy\" decoding=\"async\" width=\"800\" height=\"800\" src=\"https:\/\/yousanusb.com\/wp-content\/uploads\/2025\/06\/oem-metal-card-usb-flash-drive-china-factory.jpg\" alt=\"fabbrica della porcellana dell&#039;azionamento flash del usb della carta del metallo dell&#039;OEM\" class=\"wp-image-16702\" srcset=\"https:\/\/www.yousanusb.com\/wp-content\/uploads\/2025\/06\/oem-metal-card-usb-flash-drive-china-factory.jpg 800w, https:\/\/www.yousanusb.com\/wp-content\/uploads\/2025\/06\/oem-metal-card-usb-flash-drive-china-factory-300x300.jpg 300w, https:\/\/www.yousanusb.com\/wp-content\/uploads\/2025\/06\/oem-metal-card-usb-flash-drive-china-factory-150x150.jpg 150w, https:\/\/www.yousanusb.com\/wp-content\/uploads\/2025\/06\/oem-metal-card-usb-flash-drive-china-factory-768x768.jpg 768w, https:\/\/www.yousanusb.com\/wp-content\/uploads\/2025\/06\/oem-metal-card-usb-flash-drive-china-factory-12x12.jpg 12w, https:\/\/www.yousanusb.com\/wp-content\/uploads\/2025\/06\/oem-metal-card-usb-flash-drive-china-factory-600x600.jpg 600w, https:\/\/www.yousanusb.com\/wp-content\/uploads\/2025\/06\/oem-metal-card-usb-flash-drive-china-factory-100x100.jpg 100w\" sizes=\"(max-width: 800px) 100vw, 800px\" \/><figcaption class=\"wp-element-caption\">Logo con stampa a colori<\/figcaption><\/figure><\/div><\/div>\n\n\n\n<div class=\"wp-block-column is-layout-flow wp-block-column-is-layout-flow\"><div class=\"wp-block-image\">\n<figure class=\"aligncenter size-full\"><img loading=\"lazy\" decoding=\"async\" width=\"800\" height=\"800\" src=\"https:\/\/yousanusb.com\/wp-content\/uploads\/2025\/06\/samsung-metal-otg-usb-card.jpg\" alt=\"scheda usb otg in metallo di samsung\" class=\"wp-image-16704\" srcset=\"https:\/\/www.yousanusb.com\/wp-content\/uploads\/2025\/06\/samsung-metal-otg-usb-card.jpg 800w, https:\/\/www.yousanusb.com\/wp-content\/uploads\/2025\/06\/samsung-metal-otg-usb-card-300x300.jpg 300w, https:\/\/www.yousanusb.com\/wp-content\/uploads\/2025\/06\/samsung-metal-otg-usb-card-150x150.jpg 150w, https:\/\/www.yousanusb.com\/wp-content\/uploads\/2025\/06\/samsung-metal-otg-usb-card-768x768.jpg 768w, https:\/\/www.yousanusb.com\/wp-content\/uploads\/2025\/06\/samsung-metal-otg-usb-card-12x12.jpg 12w, https:\/\/www.yousanusb.com\/wp-content\/uploads\/2025\/06\/samsung-metal-otg-usb-card-600x600.jpg 600w, https:\/\/www.yousanusb.com\/wp-content\/uploads\/2025\/06\/samsung-metal-otg-usb-card-100x100.jpg 100w\" sizes=\"(max-width: 800px) 100vw, 800px\" \/><figcaption class=\"wp-element-caption\">Incisione laser del logo<\/figcaption><\/figure><\/div><\/div>\n<\/div>\n\n\n\n<h2 class=\"wp-block-heading\">Casi di studio di loghi personalizzati su chiavette USB 3.0 Metal Card<\/h2>\n\n\n\n<p>In occasione di un evento di lancio di uno smartphone, un'azienda tecnologica ha distribuito chiavette USB in carta metallica con il logo del marchio inciso con precisione al laser. Queste sono servite come omaggi premium per i media e i partecipanti, rafforzando la visibilit\u00e0 del marchio durante la promozione del prodotto.<\/p>\n\n\n\n<div class=\"wp-block-columns is-layout-flex wp-container-core-columns-is-layout-4 wp-block-columns-is-layout-flex\">\n<div class=\"wp-block-column is-layout-flow wp-block-column-is-layout-flow\">\n<figure class=\"wp-block-image size-full\"><img loading=\"lazy\" decoding=\"async\" width=\"800\" height=\"800\" src=\"https:\/\/yousanusb.com\/wp-content\/uploads\/2025\/06\/custom-metal-card-usb-flash-drive.jpg\" alt=\"chiavetta usb personalizzata in metallo\" class=\"wp-image-16695\" srcset=\"https:\/\/www.yousanusb.com\/wp-content\/uploads\/2025\/06\/custom-metal-card-usb-flash-drive.jpg 800w, https:\/\/www.yousanusb.com\/wp-content\/uploads\/2025\/06\/custom-metal-card-usb-flash-drive-300x300.jpg 300w, https:\/\/www.yousanusb.com\/wp-content\/uploads\/2025\/06\/custom-metal-card-usb-flash-drive-150x150.jpg 150w, https:\/\/www.yousanusb.com\/wp-content\/uploads\/2025\/06\/custom-metal-card-usb-flash-drive-768x768.jpg 768w, https:\/\/www.yousanusb.com\/wp-content\/uploads\/2025\/06\/custom-metal-card-usb-flash-drive-12x12.jpg 12w, https:\/\/www.yousanusb.com\/wp-content\/uploads\/2025\/06\/custom-metal-card-usb-flash-drive-600x600.jpg 600w, https:\/\/www.yousanusb.com\/wp-content\/uploads\/2025\/06\/custom-metal-card-usb-flash-drive-100x100.jpg 100w\" sizes=\"(max-width: 800px) 100vw, 800px\" \/><\/figure>\n<\/div>\n\n\n\n<div class=\"wp-block-column is-layout-flow wp-block-column-is-layout-flow\">\n<figure class=\"wp-block-image size-full\"><img loading=\"lazy\" decoding=\"async\" width=\"800\" height=\"800\" src=\"https:\/\/yousanusb.com\/wp-content\/uploads\/2025\/06\/metal-usb-business-card.jpg\" alt=\"\" class=\"wp-image-16699\" srcset=\"https:\/\/www.yousanusb.com\/wp-content\/uploads\/2025\/06\/metal-usb-business-card.jpg 800w, https:\/\/www.yousanusb.com\/wp-content\/uploads\/2025\/06\/metal-usb-business-card-300x300.jpg 300w, https:\/\/www.yousanusb.com\/wp-content\/uploads\/2025\/06\/metal-usb-business-card-150x150.jpg 150w, https:\/\/www.yousanusb.com\/wp-content\/uploads\/2025\/06\/metal-usb-business-card-768x768.jpg 768w, https:\/\/www.yousanusb.com\/wp-content\/uploads\/2025\/06\/metal-usb-business-card-12x12.jpg 12w, https:\/\/www.yousanusb.com\/wp-content\/uploads\/2025\/06\/metal-usb-business-card-600x600.jpg 600w, https:\/\/www.yousanusb.com\/wp-content\/uploads\/2025\/06\/metal-usb-business-card-100x100.jpg 100w\" sizes=\"(max-width: 800px) 100vw, 800px\" \/><\/figure>\n<\/div>\n\n\n\n<div class=\"wp-block-column is-layout-flow wp-block-column-is-layout-flow\">\n<figure class=\"wp-block-image size-full\"><img loading=\"lazy\" decoding=\"async\" width=\"800\" height=\"800\" src=\"https:\/\/yousanusb.com\/wp-content\/uploads\/2025\/06\/Metal-Card-USB-Flash-Drive-Usage-Diagram.jpg\" alt=\"Schema di utilizzo dell&#039;unit\u00e0 flash USB Metal Card\" class=\"wp-image-16696\" srcset=\"https:\/\/www.yousanusb.com\/wp-content\/uploads\/2025\/06\/Metal-Card-USB-Flash-Drive-Usage-Diagram.jpg 800w, https:\/\/www.yousanusb.com\/wp-content\/uploads\/2025\/06\/Metal-Card-USB-Flash-Drive-Usage-Diagram-300x300.jpg 300w, https:\/\/www.yousanusb.com\/wp-content\/uploads\/2025\/06\/Metal-Card-USB-Flash-Drive-Usage-Diagram-150x150.jpg 150w, https:\/\/www.yousanusb.com\/wp-content\/uploads\/2025\/06\/Metal-Card-USB-Flash-Drive-Usage-Diagram-768x768.jpg 768w, https:\/\/www.yousanusb.com\/wp-content\/uploads\/2025\/06\/Metal-Card-USB-Flash-Drive-Usage-Diagram-12x12.jpg 12w, https:\/\/www.yousanusb.com\/wp-content\/uploads\/2025\/06\/Metal-Card-USB-Flash-Drive-Usage-Diagram-600x600.jpg 600w, https:\/\/www.yousanusb.com\/wp-content\/uploads\/2025\/06\/Metal-Card-USB-Flash-Drive-Usage-Diagram-100x100.jpg 100w\" sizes=\"(max-width: 800px) 100vw, 800px\" \/><\/figure>\n<\/div>\n<\/div>\n\n\n\n<p>In sintesi, questa unit\u00e0 flash card USB 3.0 in metallo con chip longboard combina velocit\u00e0 elevate (USB 3.0), capacit\u00e0 generosa (8-128 GB), robustezza (struttura in metallo), colori eleganti e personalizzazione del marchio. Sia che si tratti di un efficiente backup di dati, di una rapida condivisione di file o di un regalo aziendale distintivo, \u00e8 una soluzione di archiviazione portatile affidabile e accattivante che funge anche da biglietto da visita professionale!<\/p>","protected":false},"excerpt":{"rendered":"<ul>\n<li>Lega di alluminio<\/li>\n<li>\u00c8 possibile scegliere la maggior parte dei colori.<\/li>\n<li>Involucro metallico: finitura spazzolata e superficie liscia<\/li>\n<li>Supporto dell'incisione laser<\/li>\n<li>MOQ: 100pcs<\/li>\n<\/ul>","protected":false},"featured_media":16697,"comment_status":"open","ping_status":"closed","template":"","meta":{"_seopress_robots_primary_cat":"none","_seopress_titles_title":"","_seopress_titles_desc":"","_seopress_robots_index":""},"class_list":["post-16684","product","type-product","status-publish","has-post-thumbnail","hentry","product_cat-usb30-flash-drive","product_cat-card-usb-flash-drive","product_tag-aluminium-card-usb-flash-drive","product_tag-aluminum-flash-drive","product_tag-metal-card-usb-drive","product_tag-usb3-0-card-shaped-drive"],"_links":{"self":[{"href":"https:\/\/www.yousanusb.com\/it\/wp-json\/wp\/v2\/product\/16684"}],"collection":[{"href":"https:\/\/www.yousanusb.com\/it\/wp-json\/wp\/v2\/product"}],"about":[{"href":"https:\/\/www.yousanusb.com\/it\/wp-json\/wp\/v2\/types\/product"}],"replies":[{"embeddable":true,"href":"https:\/\/www.yousanusb.com\/it\/wp-json\/wp\/v2\/comments?post=16684"}],"wp:featuredmedia":[{"embeddable":true,"href":"https:\/\/www.yousanusb.com\/it\/wp-json\/wp\/v2\/media\/16697"}],"wp:attachment":[{"href":"https:\/\/www.yousanusb.com\/it\/wp-json\/wp\/v2\/media?parent=16684"}],"curies":[{"name":"wp","href":"https:\/\/api.w.org\/{rel}","templated":true}]}}