{"id":16984,"date":"2025-06-11T17:14:07","date_gmt":"2025-06-11T17:14:07","guid":{"rendered":"https:\/\/yousanusb.com\/?post_type=product&#038;p=16984"},"modified":"2025-10-16T13:34:04","modified_gmt":"2025-10-16T13:34:04","slug":"standard-degradable-rotating-usb-flash-drive","status":"publish","type":"product","link":"https:\/\/www.yousanusb.com\/it\/prodotto\/standard-degradable-rotating-usb-flash-drive\/","title":{"rendered":"Unit\u00e0 flash USB rotante degradabile standard"},"content":{"rendered":"<h2 class=\"wp-block-heading\">1. Che cos'\u00e8 un'unit\u00e0 flash USB rotante degradabile standard?<\/h2>\n\n\n\n<div class=\"wp-block-columns is-layout-flex wp-container-core-columns-is-layout-1 wp-block-columns-is-layout-flex\">\n<div class=\"wp-block-column is-layout-flow wp-block-column-is-layout-flow\">\n<figure class=\"wp-block-image size-full\"><img fetchpriority=\"high\" decoding=\"async\" width=\"800\" height=\"800\" src=\"https:\/\/yousanusb.com\/wp-content\/uploads\/2025\/06\/Classic-Rotating-Biodegradable-USB-Drive.jpg\" alt=\"Unit\u00e0 USB biodegradabile rotante classica\" class=\"wp-image-16988\" srcset=\"https:\/\/www.yousanusb.com\/wp-content\/uploads\/2025\/06\/Classic-Rotating-Biodegradable-USB-Drive.jpg 800w, https:\/\/www.yousanusb.com\/wp-content\/uploads\/2025\/06\/Classic-Rotating-Biodegradable-USB-Drive-300x300.jpg 300w, https:\/\/www.yousanusb.com\/wp-content\/uploads\/2025\/06\/Classic-Rotating-Biodegradable-USB-Drive-150x150.jpg 150w, https:\/\/www.yousanusb.com\/wp-content\/uploads\/2025\/06\/Classic-Rotating-Biodegradable-USB-Drive-768x768.jpg 768w, https:\/\/www.yousanusb.com\/wp-content\/uploads\/2025\/06\/Classic-Rotating-Biodegradable-USB-Drive-12x12.jpg 12w, https:\/\/www.yousanusb.com\/wp-content\/uploads\/2025\/06\/Classic-Rotating-Biodegradable-USB-Drive-600x600.jpg 600w, https:\/\/www.yousanusb.com\/wp-content\/uploads\/2025\/06\/Classic-Rotating-Biodegradable-USB-Drive-100x100.jpg 100w\" sizes=\"(max-width: 800px) 100vw, 800px\" \/><\/figure>\n<\/div>\n\n\n\n<div class=\"wp-block-column is-vertically-aligned-center is-layout-flow wp-block-column-is-layout-flow\">\n<p>La chiavetta USB rotante degradabile \u00e8 un classico \"traspirante\" aggiornato! Continuando ad avere l'amato design a clip senza cappuccio rotante a 360\u00b0, il guscio \u00e8 passato dalla plastica tradizionale al biopolimero degradabile 100%, ricavato da piante rinnovabili come l'amido di mais e la paglia di grano. <\/p>\n\n\n\n<p>Si decompone naturalmente negli ambienti di compostaggio industriale, riducendo l'inquinamento bianco di 80%. Mantenendo la sensazione di rotazione e l'aspetto retr\u00f2, questo design classico si rivitalizza con una vitalit\u00e0 eco-compatibile, bilanciando praticit\u00e0 e sostenibilit\u00e0 per l'archiviazione in ufficio, i regali aziendali o l'uso personale.<\/p>\n<\/div>\n<\/div>\n\n\n\n<h2 class=\"wp-block-heading\">2. Configurazione dell'interfaccia dell'unit\u00e0 flash USB degradabile e parametri fondamentali  <\/h2>\n\n\n\n<p>Vengono offerti tre modelli di interfaccia in base alla velocit\u00e0 di trasmissione e alle esigenze di memorizzazione, adattandosi a diversi scenari:<\/p>\n\n\n\n<div class=\"wp-block-columns is-layout-flex wp-container-core-columns-is-layout-2 wp-block-columns-is-layout-flex\">\n<div class=\"wp-block-column is-layout-flow wp-block-column-is-layout-flow\"><div class=\"wp-block-image\">\n<figure class=\"aligncenter size-full\"><img decoding=\"async\" width=\"800\" height=\"600\" src=\"https:\/\/yousanusb.com\/wp-content\/uploads\/2025\/06\/Rotating-Degradable-USB-Flash-Drive.jpg\" alt=\"Unit\u00e0 flash USB degradabile rotante\" class=\"wp-image-16992\" srcset=\"https:\/\/www.yousanusb.com\/wp-content\/uploads\/2025\/06\/Rotating-Degradable-USB-Flash-Drive.jpg 800w, https:\/\/www.yousanusb.com\/wp-content\/uploads\/2025\/06\/Rotating-Degradable-USB-Flash-Drive-300x225.jpg 300w, https:\/\/www.yousanusb.com\/wp-content\/uploads\/2025\/06\/Rotating-Degradable-USB-Flash-Drive-768x576.jpg 768w, https:\/\/www.yousanusb.com\/wp-content\/uploads\/2025\/06\/Rotating-Degradable-USB-Flash-Drive-16x12.jpg 16w, https:\/\/www.yousanusb.com\/wp-content\/uploads\/2025\/06\/Rotating-Degradable-USB-Flash-Drive-600x450.jpg 600w\" sizes=\"(max-width: 800px) 100vw, 800px\" \/><figcaption class=\"wp-element-caption\">USB3.0<\/figcaption><\/figure><\/div><\/div>\n\n\n\n<div class=\"wp-block-column is-layout-flow wp-block-column-is-layout-flow\"><div class=\"wp-block-image\">\n<figure class=\"aligncenter size-full\"><img decoding=\"async\" width=\"800\" height=\"600\" src=\"https:\/\/yousanusb.com\/wp-content\/uploads\/2025\/06\/Standard-Degradable-Rotating-USB-Flash-Drive.jpg\" alt=\"Unit\u00e0 flash USB rotante degradabile standard\" class=\"wp-image-16996\" srcset=\"https:\/\/www.yousanusb.com\/wp-content\/uploads\/2025\/06\/Standard-Degradable-Rotating-USB-Flash-Drive.jpg 800w, https:\/\/www.yousanusb.com\/wp-content\/uploads\/2025\/06\/Standard-Degradable-Rotating-USB-Flash-Drive-300x225.jpg 300w, https:\/\/www.yousanusb.com\/wp-content\/uploads\/2025\/06\/Standard-Degradable-Rotating-USB-Flash-Drive-768x576.jpg 768w, https:\/\/www.yousanusb.com\/wp-content\/uploads\/2025\/06\/Standard-Degradable-Rotating-USB-Flash-Drive-16x12.jpg 16w, https:\/\/www.yousanusb.com\/wp-content\/uploads\/2025\/06\/Standard-Degradable-Rotating-USB-Flash-Drive-600x450.jpg 600w\" sizes=\"(max-width: 800px) 100vw, 800px\" \/><figcaption class=\"wp-element-caption\">USB2.0<\/figcaption><\/figure><\/div><\/div>\n<\/div>\n\n\n\n<figure class=\"wp-block-table\"><table class=\"has-fixed-layout\"><tbody><tr><td>Modello<\/td><td>Modello base USB 2.0<\/td><td>Modello USB 3.0 ad alta velocit\u00e0<\/td><td>Modello USB 3.1 ultraveloce<\/td><\/tr><tr><td>Tipo di interfaccia<\/td><td>USB 2.0 (velocit\u00e0 standard)<\/td><td>USB 3.0 (5 volte pi\u00f9 veloce)<\/td><td>USB 3.1 (10 volte pi\u00f9 veloce)<\/td><\/tr><tr><td>Capacit\u00e0 di stoccaggio<\/td><td>8GB \/ 16GB \/ 32GB<\/td><td>16GB \/ 32GB \/ 64GB<\/td><td>32GB \/ 64GB \/ 128GB<\/td><\/tr><tr><td>Velocit\u00e0 di lettura\/scrittura<\/td><td>Lettura \u224815MB\/s Scrittura \u22485MB\/s<\/td><td>Lettura \u2248100MB\/s Scrittura \u224830MB\/s<\/td><td>Lettura \u2248150MB\/s Scrittura \u224850MB\/s<\/td><\/tr><tr><td>Dimensioni<\/td><td>60mm\u00d717mm\u00d78mm<\/td><td>60mm\u00d717mm\u00d78mm<\/td><td>60mm\u00d717mm\u00d78mm<\/td><\/tr><tr><td>Peso<\/td><td>Circa 20 g (resistente e leggero)<\/td><td>Circa 20 g (portatile)<\/td><td>Circa 20 g (design leggero ad alta resistenza)<\/td><\/tr><tr><td>Materiale della scocca<\/td><td>Biopolimero degradabile a base di amido di mais<\/td><td>Materiale composito degradabile in paglia di grano<\/td><td>Materiale degradabile rinforzato con fibre vegetali<\/td><\/tr><tr><td>Dispositivi compatibili<\/td><td>Plug-and-play (Windows\/Mac\/Linux)<\/td><td>Supporta la trasmissione video HD veloce<\/td><td>Materiali professionali 4K \/ backup di grandi dati<\/td><\/tr><tr><td>Scenari di applicazione<\/td><td>Documenti giornalieri \/ archiviazione di base<\/td><td>Video HD \/ trasferimento di file di design<\/td><td>Elaborazione dati industriali \/ backup ultraveloce<\/td><\/tr><\/tbody><\/table><\/figure>\n\n\n\n<p><strong>Vantaggi comuni<\/strong>: Tutti i modelli sono dotati di un design a clip rotante a 360\u00b0, supportano il plug-and-play sui computer e hanno superato la doppia certificazione FSC (Forest Stewardship Council) e RoHS (Restriction of Hazardous Substances).<\/p>\n\n\n\n<div class=\"wp-block-columns is-layout-flex wp-container-core-columns-is-layout-3 wp-block-columns-is-layout-flex\">\n<div class=\"wp-block-column is-layout-flow wp-block-column-is-layout-flow\">\n<figure class=\"wp-block-image size-full\"><img loading=\"lazy\" decoding=\"async\" width=\"800\" height=\"800\" src=\"https:\/\/yousanusb.com\/wp-content\/uploads\/2025\/06\/Basic-Rotating-Biodegradable-USB-Memory-Stick.jpg\" alt=\"Chiavetta USB biodegradabile rotante Basic\" class=\"wp-image-16987\" srcset=\"https:\/\/www.yousanusb.com\/wp-content\/uploads\/2025\/06\/Basic-Rotating-Biodegradable-USB-Memory-Stick.jpg 800w, https:\/\/www.yousanusb.com\/wp-content\/uploads\/2025\/06\/Basic-Rotating-Biodegradable-USB-Memory-Stick-300x300.jpg 300w, https:\/\/www.yousanusb.com\/wp-content\/uploads\/2025\/06\/Basic-Rotating-Biodegradable-USB-Memory-Stick-150x150.jpg 150w, https:\/\/www.yousanusb.com\/wp-content\/uploads\/2025\/06\/Basic-Rotating-Biodegradable-USB-Memory-Stick-768x768.jpg 768w, https:\/\/www.yousanusb.com\/wp-content\/uploads\/2025\/06\/Basic-Rotating-Biodegradable-USB-Memory-Stick-12x12.jpg 12w, https:\/\/www.yousanusb.com\/wp-content\/uploads\/2025\/06\/Basic-Rotating-Biodegradable-USB-Memory-Stick-600x600.jpg 600w, https:\/\/www.yousanusb.com\/wp-content\/uploads\/2025\/06\/Basic-Rotating-Biodegradable-USB-Memory-Stick-100x100.jpg 100w\" sizes=\"(max-width: 800px) 100vw, 800px\" \/><\/figure>\n<\/div>\n\n\n\n<div class=\"wp-block-column is-layout-flow wp-block-column-is-layout-flow\">\n<figure class=\"wp-block-image size-full\"><img loading=\"lazy\" decoding=\"async\" width=\"800\" height=\"800\" src=\"https:\/\/yousanusb.com\/wp-content\/uploads\/2025\/06\/Standard-Degradable-Rotating-USB-Flash-Drive-with-logo.jpg\" alt=\"Chiavetta USB rotante degradabile standard con logo\" class=\"wp-image-16995\" srcset=\"https:\/\/www.yousanusb.com\/wp-content\/uploads\/2025\/06\/Standard-Degradable-Rotating-USB-Flash-Drive-with-logo.jpg 800w, https:\/\/www.yousanusb.com\/wp-content\/uploads\/2025\/06\/Standard-Degradable-Rotating-USB-Flash-Drive-with-logo-300x300.jpg 300w, https:\/\/www.yousanusb.com\/wp-content\/uploads\/2025\/06\/Standard-Degradable-Rotating-USB-Flash-Drive-with-logo-150x150.jpg 150w, https:\/\/www.yousanusb.com\/wp-content\/uploads\/2025\/06\/Standard-Degradable-Rotating-USB-Flash-Drive-with-logo-768x768.jpg 768w, https:\/\/www.yousanusb.com\/wp-content\/uploads\/2025\/06\/Standard-Degradable-Rotating-USB-Flash-Drive-with-logo-12x12.jpg 12w, https:\/\/www.yousanusb.com\/wp-content\/uploads\/2025\/06\/Standard-Degradable-Rotating-USB-Flash-Drive-with-logo-600x600.jpg 600w, https:\/\/www.yousanusb.com\/wp-content\/uploads\/2025\/06\/Standard-Degradable-Rotating-USB-Flash-Drive-with-logo-100x100.jpg 100w\" sizes=\"(max-width: 800px) 100vw, 800px\" \/><\/figure>\n<\/div>\n<\/div>\n\n\n\n<h2 class=\"wp-block-heading\">3. Perch\u00e9 \u00e8 una \"chiavetta USB da regalo perfetta\"? <\/h2>\n\n\n\n<p>Quattro vantaggi fondamentali rendono i regali pi\u00f9 commoventi<\/p>\n\n\n\n<h3 class=\"wp-block-heading\">(1) Clip rotante classica<\/h3>\n\n\n\n<ul class=\"wp-block-list\">\n<li>La soluzione ai problemi del design senza tappi: La clip rotante pu\u00f2 essere fissata alle chiavi, agli zaini o ai quaderni per facilitarne l'accesso, dicendo addio al problema di \"perdere i tappi\". La forma classica si adatta a utenti di tutte le et\u00e0.<\/li>\n\n\n\n<li>Test di durata: Superato il test di 10.000+ rotazioni, l'albero rotante \u00e8 ben saldo e non si allenta, rimanendo liscio anche dopo un uso prolungato.<\/li>\n<\/ul>\n\n\n\n<h3 class=\"wp-block-heading\">(2) Materiale eco-compatibile e certificazioni autorevoli<\/h3>\n\n\n\n<ul class=\"wp-block-list\">\n<li>Tecnologia nera degradabile: I materiali della scocca provengono dalla natura e tornano alla natura, decomponendosi gradualmente in acqua, anidride carbonica e biomassa entro 1-3 anni dallo smaltimento, riducendo la dipendenza dalla plastica alla fonte.<\/li>\n\n\n\n<li>Doppia certificazione: La certificazione FSC garantisce l'approvvigionamento sostenibile delle materie prime, mentre la certificazione RoHS elimina oltre 10 sostanze nocive come il piombo e il mercurio, soddisfacendo i severi standard ambientali europei e americani e facendo apparire i regali pi\u00f9 pregiati e conformi.<\/li>\n<\/ul>\n\n\n\n<div class=\"wp-block-columns is-layout-flex wp-container-core-columns-is-layout-4 wp-block-columns-is-layout-flex\">\n<div class=\"wp-block-column is-layout-flow wp-block-column-is-layout-flow\">\n<figure class=\"wp-block-image size-full\"><img loading=\"lazy\" decoding=\"async\" width=\"800\" height=\"600\" src=\"https:\/\/yousanusb.com\/wp-content\/uploads\/2025\/06\/Degradable-USB-Flash-Drive.jpg\" alt=\"Unit\u00e0 flash USB degradabile\" class=\"wp-image-16990\" srcset=\"https:\/\/www.yousanusb.com\/wp-content\/uploads\/2025\/06\/Degradable-USB-Flash-Drive.jpg 800w, https:\/\/www.yousanusb.com\/wp-content\/uploads\/2025\/06\/Degradable-USB-Flash-Drive-300x225.jpg 300w, https:\/\/www.yousanusb.com\/wp-content\/uploads\/2025\/06\/Degradable-USB-Flash-Drive-768x576.jpg 768w, https:\/\/www.yousanusb.com\/wp-content\/uploads\/2025\/06\/Degradable-USB-Flash-Drive-16x12.jpg 16w, https:\/\/www.yousanusb.com\/wp-content\/uploads\/2025\/06\/Degradable-USB-Flash-Drive-600x450.jpg 600w\" sizes=\"(max-width: 800px) 100vw, 800px\" \/><\/figure>\n<\/div>\n\n\n\n<div class=\"wp-block-column is-layout-flow wp-block-column-is-layout-flow\">\n<figure class=\"wp-block-image size-full\"><img loading=\"lazy\" decoding=\"async\" width=\"800\" height=\"600\" src=\"https:\/\/yousanusb.com\/wp-content\/uploads\/2025\/06\/Common-Rotating-Degradable-USB-Flash-Drive.jpg\" alt=\"Unit\u00e0 flash USB degradabile rotante comune\" class=\"wp-image-16989\" srcset=\"https:\/\/www.yousanusb.com\/wp-content\/uploads\/2025\/06\/Common-Rotating-Degradable-USB-Flash-Drive.jpg 800w, https:\/\/www.yousanusb.com\/wp-content\/uploads\/2025\/06\/Common-Rotating-Degradable-USB-Flash-Drive-300x225.jpg 300w, https:\/\/www.yousanusb.com\/wp-content\/uploads\/2025\/06\/Common-Rotating-Degradable-USB-Flash-Drive-768x576.jpg 768w, https:\/\/www.yousanusb.com\/wp-content\/uploads\/2025\/06\/Common-Rotating-Degradable-USB-Flash-Drive-16x12.jpg 16w, https:\/\/www.yousanusb.com\/wp-content\/uploads\/2025\/06\/Common-Rotating-Degradable-USB-Flash-Drive-600x450.jpg 600w\" sizes=\"(max-width: 800px) 100vw, 800px\" \/><\/figure>\n<\/div>\n<\/div>\n\n\n\n<h3 class=\"wp-block-heading\">(3) Personalizzazione complessa del logo<\/h3>\n\n\n\n<ul class=\"wp-block-list\">\n<li>Stampa HD su due lati: Supporta la stampa su seta (stile minimalista monocromatico) e la stampa a colori (alta precisione a colori). Che si tratti di un logo aziendale, di un IP di un evento o di un motivo personalizzato, pu\u00f2 essere presentato con precisione, con dettagli chiari e senza sbiadire.<\/li>\n\n\n\n<li>Flessibilit\u00e0 di personalizzazione: Dalle piccole startup ai marchi internazionali, vengono forniti servizi di design one-stop, con un ordine minimo di 100 pezzi (i colori personalizzati richiedono un ordine minimo di 1.000 pezzi).<\/li>\n<\/ul>\n\n\n\n<h3 class=\"wp-block-heading\">(4) Imballaggio ecologico opzionale: Una proposta ecologica dall'interno all'esterno <\/h3>\n\n\n\n<ul class=\"wp-block-list\">\n<li>Imballaggio ecologico standard: Scatole degradabili in fibra di paglia o sacchetti in PP riciclabili, con una texture naturale che riprende il concetto del prodotto.<\/li>\n\n\n\n<li>Imballaggio personalizzato aggiornato: Supporta scatole di carta degradabile esclusive del marchio, sacchetti di cotone biologico o set regalo di alta gamma. La stampa degli imballaggi \u00e8 anche ecologica e crea una catena di comunicazione completa del marchio.<\/li>\n<\/ul>\n\n\n\n<div class=\"wp-block-columns is-layout-flex wp-container-core-columns-is-layout-5 wp-block-columns-is-layout-flex\">\n<div class=\"wp-block-column is-vertically-aligned-center is-layout-flow wp-block-column-is-layout-flow\">\n<figure class=\"wp-block-image size-full\"><img loading=\"lazy\" decoding=\"async\" width=\"600\" height=\"400\" src=\"https:\/\/yousanusb.com\/wp-content\/uploads\/2025\/06\/\u56fe\u5c42-1-2.jpg\" alt=\"Unit\u00e0 flash USB eco-degradabile\" class=\"wp-image-16998\" srcset=\"https:\/\/www.yousanusb.com\/wp-content\/uploads\/2025\/06\/\u56fe\u5c42-1-2.jpg 600w, https:\/\/www.yousanusb.com\/wp-content\/uploads\/2025\/06\/\u56fe\u5c42-1-2-300x200.jpg 300w, https:\/\/www.yousanusb.com\/wp-content\/uploads\/2025\/06\/\u56fe\u5c42-1-2-18x12.jpg 18w\" sizes=\"(max-width: 600px) 100vw, 600px\" \/><\/figure>\n<\/div>\n\n\n\n<div class=\"wp-block-column is-layout-flow wp-block-column-is-layout-flow\">\n<figure class=\"wp-block-image size-full\"><img loading=\"lazy\" decoding=\"async\" width=\"800\" height=\"800\" src=\"https:\/\/yousanusb.com\/wp-content\/uploads\/2025\/06\/\u56fe\u5c42-20-1.jpg\" alt=\"Unit\u00e0 flash USB rotante degradabile classica\" class=\"wp-image-16997\" srcset=\"https:\/\/www.yousanusb.com\/wp-content\/uploads\/2025\/06\/\u56fe\u5c42-20-1.jpg 800w, https:\/\/www.yousanusb.com\/wp-content\/uploads\/2025\/06\/\u56fe\u5c42-20-1-300x300.jpg 300w, https:\/\/www.yousanusb.com\/wp-content\/uploads\/2025\/06\/\u56fe\u5c42-20-1-150x150.jpg 150w, https:\/\/www.yousanusb.com\/wp-content\/uploads\/2025\/06\/\u56fe\u5c42-20-1-768x768.jpg 768w, https:\/\/www.yousanusb.com\/wp-content\/uploads\/2025\/06\/\u56fe\u5c42-20-1-12x12.jpg 12w, https:\/\/www.yousanusb.com\/wp-content\/uploads\/2025\/06\/\u56fe\u5c42-20-1-600x600.jpg 600w, https:\/\/www.yousanusb.com\/wp-content\/uploads\/2025\/06\/\u56fe\u5c42-20-1-100x100.jpg 100w\" sizes=\"(max-width: 800px) 100vw, 800px\" \/><\/figure>\n<\/div>\n<\/div>\n\n\n\n<h2 class=\"wp-block-heading\"><\/h2>\n\n\n\n<h2 class=\"wp-block-heading\">D1: Il guscio della chiavetta USB rotante degradabile \u00e8 impermeabile? <\/h2>\n\n\n\n<p>A: Impermeabile e a prova di umidit\u00e0, con una durata di gran lunga superiore alla plastica tradizionale! Il guscio \u00e8 realizzato in biopolimero ad alta densit\u00e0, trattato con una tecnologia speciale per resistere agli schizzi accidentali, all'erosione della pioggia o agli ambienti umidi. Il design sigillato dell'albero di connessione rotante garantisce una maggiore sicurezza dei dati, rendendolo adatto al lavoro all'aperto o ai viaggi.<\/p>\n\n\n\n<h2 class=\"wp-block-heading\">Q2: Il colore della chiavetta USB pu\u00f2 essere personalizzato? Quali sono i colori disponibili? <\/h2>\n\n\n\n<p>R: La personalizzazione \u00e8 supportata e copre gli schemi di colore classici e le esigenze personalizzate!<\/p>\n\n\n\n<ul class=\"wp-block-list\">\n<li><strong>Colori regolari opzionali<\/strong>: Giallo paglierino (naturale e rustico, il colore ecologico preferito da 80% di utenti), Bianco puro (semplice e versatile, adatto ai marchi di tecnologia\/moda) e Blu mare profondo (calmo e professionale, preferito per i regali aziendali).<\/li>\n\n\n\n<li><strong>Servizio colore personalizzato<\/strong>: Per l'abbinamento ai colori Pantone del marchio o a schemi cromatici speciali, \u00e8 possibile attivare un piano di abbinamento colori dedicato con un ordine di oltre 1.000 pezzi per creare un'identit\u00e0 visiva unica.<\/li>\n<\/ul>\n\n\n\n<p><\/p>","protected":false},"excerpt":{"rendered":"<p>La chiavetta USB rotante degradabile \u00e8 un classico \"traspirante\" aggiornato! Continuando ad avere l'amato design a clip senza cappuccio rotante a 360\u00b0, il guscio \u00e8 passato dalla plastica tradizionale al biopolimero degradabile 100%, ricavato da piante rinnovabili come l'amido di mais e la paglia di grano.<\/p>","protected":false},"featured_media":16988,"comment_status":"open","ping_status":"closed","template":"","meta":{"_seopress_robots_primary_cat":"none","_seopress_titles_title":"","_seopress_titles_desc":"","_seopress_robots_index":""},"class_list":["post-16984","product","type-product","status-publish","has-post-thumbnail","hentry","product_cat-usb30-flash-drive","product_cat-biodegradable-usb-flash-disk","product_cat-rotating-usb-flash-drive","product_tag-degradable-rotating-usb-flash-drive"],"_links":{"self":[{"href":"https:\/\/www.yousanusb.com\/it\/wp-json\/wp\/v2\/product\/16984"}],"collection":[{"href":"https:\/\/www.yousanusb.com\/it\/wp-json\/wp\/v2\/product"}],"about":[{"href":"https:\/\/www.yousanusb.com\/it\/wp-json\/wp\/v2\/types\/product"}],"replies":[{"embeddable":true,"href":"https:\/\/www.yousanusb.com\/it\/wp-json\/wp\/v2\/comments?post=16984"}],"wp:featuredmedia":[{"embeddable":true,"href":"https:\/\/www.yousanusb.com\/it\/wp-json\/wp\/v2\/media\/16988"}],"wp:attachment":[{"href":"https:\/\/www.yousanusb.com\/it\/wp-json\/wp\/v2\/media?parent=16984"}],"curies":[{"name":"wp","href":"https:\/\/api.w.org\/{rel}","templated":true}]}}