{"id":17058,"date":"2025-06-12T17:19:45","date_gmt":"2025-06-12T17:19:45","guid":{"rendered":"https:\/\/yousanusb.com\/?post_type=product&#038;p=17058"},"modified":"2025-10-06T00:24:20","modified_gmt":"2025-10-06T00:24:20","slug":"metal-usb-flash-drive-with-keyring","status":"publish","type":"product","link":"https:\/\/www.yousanusb.com\/it\/prodotto\/metal-usb-flash-drive-with-keyring\/","title":{"rendered":"\u00a0Chiavetta USB in metallo con portachiavi"},"content":{"rendered":"<p>La chiavetta USB in metallo con portachiavi \u00e8 un prodotto innovativo che integra profondamente il design minimalista con la texture metallica. L'iconico design della fibbia ad anello delinea una silhouette estetica moderna con archi morbidi, abbinati a un corpo in metallo liscio lucidato attraverso 12 processi precisi. <\/p>\n\n\n\n<p>In questo modo non solo si ottiene la funzione pratica di \"appendere ovunque, trasportare facilmente\", ma si ridefinisce anche il punto di riferimento estetico dei dispositivi di archiviazione mobile con l'esclusiva lucentezza fredda e il tocco delicato del metallo.<\/p>\n\n\n\n<h2 class=\"wp-block-heading\">Interfaccia e parametri dell'unit\u00e0 flash USB in metallo<\/h2>\n\n\n\n<p><\/p>\n\n\n\n<figure class=\"wp-block-table\"><table class=\"has-fixed-layout\"><tbody><tr><td><strong>Nome<\/strong><\/td><td><strong>Specifiche tecniche<\/strong><\/td><\/tr><tr><td>Tipo di interfaccia<\/td><td>USB 2.0\/USB3.0<\/td><\/tr><tr><td>Capacit\u00e0<\/td><td>4GB\/8GB\/16GB\/32GB\/64GB\/128GB\/256GB\/512GB<\/td><\/tr><tr><td>Dimensioni<\/td><td>40\u00d712\u00d75 mm (L\u00d7L\u00d7H)<\/td><\/tr><tr><td>Peso<\/td><td>18g<\/td><\/tr><tr><td>Velocit\u00e0 di lettura\/scrittura<\/td><td>Velocit\u00e0 di lettura: \u224860MB\/sVelocit\u00e0 di scrittura: \u224825MB\/s<\/td><\/tr><tr><td>Materiale e processo<\/td><td>Lega di alluminio per uso aeronautico<\/td><\/tr><tr><td>Livello di protezione<\/td><td>IP54 (impermeabile e antipolvere)<\/td><\/tr><tr><td>Temperatura di esercizio<\/td><td>0\u2103~60\u2103<\/td><\/tr><tr><td>Temperatura di stoccaggio<\/td><td>-20\u2103~85\u2103<\/td><\/tr><\/tbody><\/table><\/figure>\n\n\n\n<div style=\"height:50px\" aria-hidden=\"true\" class=\"wp-block-spacer\"><\/div>\n\n\n\n<h2 class=\"wp-block-heading\">Colori delle unit\u00e0 flash USB in metallo<\/h2>\n\n\n\n<p>Prendendo come base una lega di alluminio di tipo aeronautico, questa chiavetta USB in metallo presenta tre schemi di colori classici grazie a precise tecniche di lavorazione del metallo. Ogni colore interpreta profondamente il fascino unico dei materiali metallici, trasformando lo strumento di archiviazione in una \"opera d'arte metallica portatile\":<\/p>\n\n\n\n<div class=\"wp-block-columns is-layout-flex wp-container-core-columns-is-layout-1 wp-block-columns-is-layout-flex\">\n<div class=\"wp-block-column is-layout-flow wp-block-column-is-layout-flow\"><div class=\"wp-block-image\">\n<figure class=\"aligncenter size-full is-resized\"><img fetchpriority=\"high\" decoding=\"async\" width=\"1000\" height=\"1000\" src=\"https:\/\/yousanusb.com\/wp-content\/uploads\/2025\/06\/Gold-Metal-USB-Flash-Drive.jpg\" alt=\"Chiavetta USB in metallo dorato\" class=\"wp-image-17064\" style=\"width:450px\" srcset=\"https:\/\/www.yousanusb.com\/wp-content\/uploads\/2025\/06\/Gold-Metal-USB-Flash-Drive.jpg 1000w, https:\/\/www.yousanusb.com\/wp-content\/uploads\/2025\/06\/Gold-Metal-USB-Flash-Drive-300x300.jpg 300w, https:\/\/www.yousanusb.com\/wp-content\/uploads\/2025\/06\/Gold-Metal-USB-Flash-Drive-150x150.jpg 150w, https:\/\/www.yousanusb.com\/wp-content\/uploads\/2025\/06\/Gold-Metal-USB-Flash-Drive-768x768.jpg 768w, https:\/\/www.yousanusb.com\/wp-content\/uploads\/2025\/06\/Gold-Metal-USB-Flash-Drive-12x12.jpg 12w, https:\/\/www.yousanusb.com\/wp-content\/uploads\/2025\/06\/Gold-Metal-USB-Flash-Drive-600x600.jpg 600w, https:\/\/www.yousanusb.com\/wp-content\/uploads\/2025\/06\/Gold-Metal-USB-Flash-Drive-100x100.jpg 100w\" sizes=\"(max-width: 1000px) 100vw, 1000px\" \/><\/figure><\/div><\/div>\n\n\n\n<div class=\"wp-block-column is-vertically-aligned-center is-layout-flow wp-block-column-is-layout-flow\">\n<h3 class=\"wp-block-heading\">1. Oro rosa <\/h3>\n\n\n\n<p>Diverso dai colori monotoni dei materiali plastici tradizionali, l'oro rosa metallico presenta sottili cambiamenti sotto diverse luci: un morbido oro champagne alla luce naturale e un leggero tono rosa alla luce calda.<\/p>\n\n\n\n<p>Il tocco di metallo freddo e la lucentezza calda creano un contrasto adorabile, rendendolo un accessorio finale per gli outfit alla moda. \u00c8 adatto alle donne con un'elevata qualit\u00e0 di vita, alle blogger di bellezza o ai regali di lusso leggero.<\/p>\n<\/div>\n<\/div>\n\n\n\n<div class=\"wp-block-columns are-vertically-aligned-center is-layout-flex wp-container-core-columns-is-layout-2 wp-block-columns-is-layout-flex\">\n<div class=\"wp-block-column is-vertically-aligned-center is-layout-flow wp-block-column-is-layout-flow\">\n<h3 class=\"wp-block-heading\">2. Nero ossidiana <\/h3>\n\n\n\n<p>Il film di ossido nero penetra in profondit\u00e0 nel substrato metallico invece di essere verniciato in superficie, eliminando la preoccupazione di scrostare la vernice e mantenendo un nero profondo e puro anche dopo un uso prolungato. La superficie opaca assorbe efficacemente le impronte digitali, mantenendo l'aspetto pulito anche in caso di frequenti collegamenti e scollegamenti.<\/p>\n\n\n\n<p>Le linee dure e fredde del metallo sono pi\u00f9 ordinate sulla base nera, con una delicata ingegnosit\u00e0 nascosta nell'atmosfera d'affari. \u00c8 la prima scelta per occasioni formali come riunioni di lavoro e firme di contratti. Il corpo in metallo nero si abbina naturalmente ad abiti e valigette, trasmettendo un'immagine professionale e affidabile.<\/p>\n<\/div>\n\n\n\n<div class=\"wp-block-column is-vertically-aligned-center is-layout-flow wp-block-column-is-layout-flow\">\n<figure class=\"wp-block-image size-full is-resized\"><img decoding=\"async\" width=\"1000\" height=\"1000\" src=\"https:\/\/yousanusb.com\/wp-content\/uploads\/2025\/06\/Black-Metal-USB-Flash-Drive.jpg\" alt=\"Unit\u00e0 flash USB in metallo nero\" class=\"wp-image-17061\" style=\"width:450px\" srcset=\"https:\/\/www.yousanusb.com\/wp-content\/uploads\/2025\/06\/Black-Metal-USB-Flash-Drive.jpg 1000w, https:\/\/www.yousanusb.com\/wp-content\/uploads\/2025\/06\/Black-Metal-USB-Flash-Drive-300x300.jpg 300w, https:\/\/www.yousanusb.com\/wp-content\/uploads\/2025\/06\/Black-Metal-USB-Flash-Drive-150x150.jpg 150w, https:\/\/www.yousanusb.com\/wp-content\/uploads\/2025\/06\/Black-Metal-USB-Flash-Drive-768x768.jpg 768w, https:\/\/www.yousanusb.com\/wp-content\/uploads\/2025\/06\/Black-Metal-USB-Flash-Drive-12x12.jpg 12w, https:\/\/www.yousanusb.com\/wp-content\/uploads\/2025\/06\/Black-Metal-USB-Flash-Drive-600x600.jpg 600w, https:\/\/www.yousanusb.com\/wp-content\/uploads\/2025\/06\/Black-Metal-USB-Flash-Drive-100x100.jpg 100w\" sizes=\"(max-width: 1000px) 100vw, 1000px\" \/><\/figure>\n<\/div>\n<\/div>\n\n\n\n<div class=\"wp-block-columns is-layout-flex wp-container-core-columns-is-layout-3 wp-block-columns-is-layout-flex\">\n<div class=\"wp-block-column is-layout-flow wp-block-column-is-layout-flow\">\n<figure class=\"wp-block-image size-full is-resized\"><img decoding=\"async\" width=\"1000\" height=\"1000\" src=\"https:\/\/yousanusb.com\/wp-content\/uploads\/2025\/06\/Silver-Metal-USB-Flash-Drive.jpg\" alt=\"Unit\u00e0 flash USB in metallo argentato\" class=\"wp-image-17068\" style=\"width:450px\" srcset=\"https:\/\/www.yousanusb.com\/wp-content\/uploads\/2025\/06\/Silver-Metal-USB-Flash-Drive.jpg 1000w, https:\/\/www.yousanusb.com\/wp-content\/uploads\/2025\/06\/Silver-Metal-USB-Flash-Drive-300x300.jpg 300w, https:\/\/www.yousanusb.com\/wp-content\/uploads\/2025\/06\/Silver-Metal-USB-Flash-Drive-150x150.jpg 150w, https:\/\/www.yousanusb.com\/wp-content\/uploads\/2025\/06\/Silver-Metal-USB-Flash-Drive-768x768.jpg 768w, https:\/\/www.yousanusb.com\/wp-content\/uploads\/2025\/06\/Silver-Metal-USB-Flash-Drive-12x12.jpg 12w, https:\/\/www.yousanusb.com\/wp-content\/uploads\/2025\/06\/Silver-Metal-USB-Flash-Drive-600x600.jpg 600w, https:\/\/www.yousanusb.com\/wp-content\/uploads\/2025\/06\/Silver-Metal-USB-Flash-Drive-100x100.jpg 100w\" sizes=\"(max-width: 1000px) 100vw, 1000px\" \/><\/figure>\n<\/div>\n\n\n\n<div class=\"wp-block-column is-vertically-aligned-center is-layout-flow wp-block-column-is-layout-flow\">\n<h3 class=\"wp-block-heading\">3. Argento glaciale <\/h3>\n\n\n\n<p>Dopo 12 processi di lucidatura a specchio, si forma un effetto riflettente simile allo specchio. La superficie \u00e8 ricoperta da un rivestimento anti-impronta su scala nanometrica, che pu\u00f2 essere facilmente pulito per mantenere a lungo un aspetto nuovo, \"appena tolto dall'imballaggio\".<\/p>\n\n\n\n<p>L'argento puro presenta perfettamente la bellezza originale del metallo, riflettendo una lucentezza fredda simile a quella dei ghiacciai sotto la luce, semplice ma sofisticata. Il corpo in metallo ultraleggero di 15 g offre il giusto equilibrio di presa, con un senso di peso e assenza di pressione sulla mano.<\/p>\n<\/div>\n<\/div>\n\n\n\n<h3 class=\"wp-block-heading\"><\/h3>\n\n\n\n<p><\/p>\n\n\n\n<h2 class=\"wp-block-heading\">Logo esclusivo personalizzato <\/h2>\n\n\n\n<div class=\"wp-block-columns is-layout-flex wp-container-core-columns-is-layout-4 wp-block-columns-is-layout-flex\">\n<div class=\"wp-block-column is-layout-flow wp-block-column-is-layout-flow\">\n<figure class=\"wp-block-image size-large is-resized\"><img loading=\"lazy\" decoding=\"async\" width=\"1024\" height=\"1024\" src=\"https:\/\/yousanusb.com\/wp-content\/uploads\/2025\/06\/Metal-USB-Flash-Drive-with-Keyring-1024x1024.jpg\" alt=\"Chiavetta USB in metallo con portachiavi\" class=\"wp-image-17065\" style=\"width:450px\" srcset=\"https:\/\/www.yousanusb.com\/wp-content\/uploads\/2025\/06\/Metal-USB-Flash-Drive-with-Keyring-1024x1024.jpg 1024w, https:\/\/www.yousanusb.com\/wp-content\/uploads\/2025\/06\/Metal-USB-Flash-Drive-with-Keyring-300x300.jpg 300w, https:\/\/www.yousanusb.com\/wp-content\/uploads\/2025\/06\/Metal-USB-Flash-Drive-with-Keyring-150x150.jpg 150w, https:\/\/www.yousanusb.com\/wp-content\/uploads\/2025\/06\/Metal-USB-Flash-Drive-with-Keyring-768x768.jpg 768w, https:\/\/www.yousanusb.com\/wp-content\/uploads\/2025\/06\/Metal-USB-Flash-Drive-with-Keyring-12x12.jpg 12w, https:\/\/www.yousanusb.com\/wp-content\/uploads\/2025\/06\/Metal-USB-Flash-Drive-with-Keyring-600x600.jpg 600w, https:\/\/www.yousanusb.com\/wp-content\/uploads\/2025\/06\/Metal-USB-Flash-Drive-with-Keyring-100x100.jpg 100w, https:\/\/www.yousanusb.com\/wp-content\/uploads\/2025\/06\/Metal-USB-Flash-Drive-with-Keyring.jpg 1500w\" sizes=\"(max-width: 1024px) 100vw, 1024px\" \/><\/figure>\n<\/div>\n\n\n\n<div class=\"wp-block-column is-vertically-aligned-center is-layout-flow wp-block-column-is-layout-flow\">\n<p>Supporta la personalizzazione del logo sia sul fronte che sul retro della chiavetta USB, utilizzando la tecnologia di incisione laser con una precisione fino a 0,1 mm. La profondit\u00e0 dell'incisione penetra nello strato di ossido di metallo, assicurando che il motivo non sbiadisca e non si usuri in modo permanente.<\/p>\n\n\n\n<p> Il naturale contrasto chiaro-scuro tra il materiale metallico e le linee di incisione presenta chiaramente loghi aziendali, motivi tematici di eventi o firme personali, unendo praticit\u00e0 e significato commemorativo.<\/p>\n<\/div>\n<\/div>\n\n\n\n<h2 class=\"wp-block-heading\"><\/h2>\n\n\n\n<h2 class=\"wp-block-heading\">La chiavetta USB con portachiavi \u00e8 impermeabile?<\/h2>\n\n\n\n<p>R: Supporta il livello di protezione dall'acqua e dalla polvere IP54! Il corpo adotta un design sigillato interamente in metallo, in grado di resistere agli spruzzi quotidiani, all'erosione della pioggia o a un'immersione in acqua di breve durata (come la caduta in una tazza d'acqua o in un lavandino). Si consiglia di estrarlo entro 1 minuto dall'immersione in acqua e di asciugare la superficie con un panno asciutto; la sicurezza dei dati non sar\u00e0 compromessa. <\/p>\n\n\n\n<p><em>Nota: non supporta l'immersione in ambienti con acqua profonda, come piscine o lavatrici, per evitare danni ai circuiti interni causati dalla pressione dell'acqua.<\/em><\/p>\n\n\n\n<h2 class=\"wp-block-heading\">Il design del portachiavi \u00e8 facile da rompere? Il trasporto quotidiano danneggia la chiavetta USB? <\/h2>\n\n\n\n<p>R: Non c'\u00e8 da preoccuparsi di rotture! Il portachiavi \u00e8 realizzato in acciaio inossidabile ad alta resistenza ed \u00e8 stato sottoposto a pi\u00f9 di 10.000 test di resistenza al carico (appensione prolungata di oggetti pesanti da 1 kg per 24 ore senza deformazioni), con una durata normale fino a 5 anni o pi\u00f9. Il collegamento tra la chiavetta USB e l'anello \u00e8 interamente in metallo, con un angolo di resistenza alla flessione di 180\u00b0 senza rottura. Anche se oscilla con la borsa sul portachiavi, il guscio metallico \u00e8 in grado di attutire efficacemente le forze d'urto esterne per proteggere il chip interno.<\/p>\n\n\n\n<div class=\"wp-block-columns is-layout-flex wp-container-core-columns-is-layout-5 wp-block-columns-is-layout-flex\">\n<div class=\"wp-block-column is-layout-flow wp-block-column-is-layout-flow\">\n<figure class=\"wp-block-image size-large\"><img loading=\"lazy\" decoding=\"async\" width=\"1024\" height=\"1024\" src=\"https:\/\/yousanusb.com\/wp-content\/uploads\/2025\/06\/Metal-USB-Flash-Drive-1024x1024.jpg\" alt=\"Unit\u00e0 flash USB in metallo\" class=\"wp-image-17066\" srcset=\"https:\/\/www.yousanusb.com\/wp-content\/uploads\/2025\/06\/Metal-USB-Flash-Drive-1024x1024.jpg 1024w, https:\/\/www.yousanusb.com\/wp-content\/uploads\/2025\/06\/Metal-USB-Flash-Drive-300x300.jpg 300w, https:\/\/www.yousanusb.com\/wp-content\/uploads\/2025\/06\/Metal-USB-Flash-Drive-150x150.jpg 150w, https:\/\/www.yousanusb.com\/wp-content\/uploads\/2025\/06\/Metal-USB-Flash-Drive-768x768.jpg 768w, https:\/\/www.yousanusb.com\/wp-content\/uploads\/2025\/06\/Metal-USB-Flash-Drive-12x12.jpg 12w, https:\/\/www.yousanusb.com\/wp-content\/uploads\/2025\/06\/Metal-USB-Flash-Drive-600x600.jpg 600w, https:\/\/www.yousanusb.com\/wp-content\/uploads\/2025\/06\/Metal-USB-Flash-Drive-100x100.jpg 100w, https:\/\/www.yousanusb.com\/wp-content\/uploads\/2025\/06\/Metal-USB-Flash-Drive.jpg 1500w\" sizes=\"(max-width: 1024px) 100vw, 1024px\" \/><\/figure>\n<\/div>\n\n\n\n<div class=\"wp-block-column is-layout-flow wp-block-column-is-layout-flow\">\n<figure class=\"wp-block-image size-large\"><img loading=\"lazy\" decoding=\"async\" width=\"1024\" height=\"1024\" src=\"https:\/\/yousanusb.com\/wp-content\/uploads\/2025\/06\/Car-mounted-Metal-USB-Flash-Drive-1024x1024.jpg\" alt=\"Unit\u00e0 flash USB in metallo per auto\" class=\"wp-image-17062\" srcset=\"https:\/\/www.yousanusb.com\/wp-content\/uploads\/2025\/06\/Car-mounted-Metal-USB-Flash-Drive-1024x1024.jpg 1024w, https:\/\/www.yousanusb.com\/wp-content\/uploads\/2025\/06\/Car-mounted-Metal-USB-Flash-Drive-300x300.jpg 300w, https:\/\/www.yousanusb.com\/wp-content\/uploads\/2025\/06\/Car-mounted-Metal-USB-Flash-Drive-150x150.jpg 150w, https:\/\/www.yousanusb.com\/wp-content\/uploads\/2025\/06\/Car-mounted-Metal-USB-Flash-Drive-768x768.jpg 768w, https:\/\/www.yousanusb.com\/wp-content\/uploads\/2025\/06\/Car-mounted-Metal-USB-Flash-Drive-12x12.jpg 12w, https:\/\/www.yousanusb.com\/wp-content\/uploads\/2025\/06\/Car-mounted-Metal-USB-Flash-Drive-600x600.jpg 600w, https:\/\/www.yousanusb.com\/wp-content\/uploads\/2025\/06\/Car-mounted-Metal-USB-Flash-Drive-100x100.jpg 100w, https:\/\/www.yousanusb.com\/wp-content\/uploads\/2025\/06\/Car-mounted-Metal-USB-Flash-Drive.jpg 1500w\" sizes=\"(max-width: 1024px) 100vw, 1024px\" \/><\/figure>\n<\/div>\n<\/div>\n\n\n\n<p><\/p>\n\n\n\n<h2 class=\"wp-block-heading\">\u00c8 possibile personalizzare i loghi aziendali per i regali ai clienti? <\/h2>\n\n\n\n<p>R: La personalizzazione \u00e8 supportata e l'effetto \u00e8 duraturo! Grazie alla tecnologia di incisione laser di livello industriale, i loghi vengono incisi su entrambi i lati della chiavetta USB o intorno al portachiavi con una precisione di 0,1 mm (equivalente a 1\/6 del diametro di un capello) e la profondit\u00e0 dell'incisione penetra per 0,05 mm nello strato di ossido di metallo, assicurando che il disegno non si confonda a causa dell'attrito quotidiano.<\/p>\n\n\n\n<p>La naturale lucentezza del metallo e l'effetto opaco delle linee di incisione formano un netto contrasto, rendendo il logo chiaro e tridimensionale. Sia da vicino che da lontano, il logo mostra una texture personalizzata di alto livello, che lo rende una scelta eccellente per le aziende che desiderano mantenere i rapporti con i clienti.<\/p>\n\n\n\n<p><\/p>","protected":false},"excerpt":{"rendered":"<ul>\n<li>Il guscio in materiale metallico<\/li>\n<li>Design semplice con portachiavi\u00a0<\/li>\n<li>Scelta di tre colori<\/li>\n<li>Pu\u00f2 personalizzare il logo<\/li>\n<li>MOQ: 100PCS<\/li>\n<li>USB2.0 e USB3.0\u00a0<\/li>\n<\/ul>","protected":false},"featured_media":17065,"comment_status":"open","ping_status":"closed","template":"","meta":{"_seopress_robots_primary_cat":"none","_seopress_titles_title":"Metal USB Flash Drive with Keyring","_seopress_titles_desc":"","_seopress_robots_index":""},"class_list":["post-17058","product","type-product","status-publish","has-post-thumbnail","hentry","product_cat-usb30-flash-drive","product_cat-metal-usb-flash-drive","product_tag-metal-usb-flash-drive-with-keyring","product_tag-custom-metal-keychain-usb-flash-drive","product_tag-buy-metal-leather-usb-flash-drive"],"_links":{"self":[{"href":"https:\/\/www.yousanusb.com\/it\/wp-json\/wp\/v2\/product\/17058"}],"collection":[{"href":"https:\/\/www.yousanusb.com\/it\/wp-json\/wp\/v2\/product"}],"about":[{"href":"https:\/\/www.yousanusb.com\/it\/wp-json\/wp\/v2\/types\/product"}],"replies":[{"embeddable":true,"href":"https:\/\/www.yousanusb.com\/it\/wp-json\/wp\/v2\/comments?post=17058"}],"wp:featuredmedia":[{"embeddable":true,"href":"https:\/\/www.yousanusb.com\/it\/wp-json\/wp\/v2\/media\/17065"}],"wp:attachment":[{"href":"https:\/\/www.yousanusb.com\/it\/wp-json\/wp\/v2\/media?parent=17058"}],"curies":[{"name":"wp","href":"https:\/\/api.w.org\/{rel}","templated":true}]}}