{"id":17186,"date":"2025-06-16T05:26:16","date_gmt":"2025-06-16T05:26:16","guid":{"rendered":"https:\/\/yousanusb.com\/?post_type=product&#038;p=17186"},"modified":"2025-10-06T00:24:13","modified_gmt":"2025-10-06T00:24:13","slug":"whistle-metal-usb-flash-drive","status":"publish","type":"product","link":"https:\/\/www.yousanusb.com\/it\/prodotto\/whistle-metal-usb-flash-drive\/","title":{"rendered":"Unit\u00e0 flash USB in metallo Whistle"},"content":{"rendered":"<h2 class=\"wp-block-heading\">Che cos'\u00e8 un'unit\u00e0 flash USB Whistle Metal? <\/h2>\n\n\n\n<div class=\"wp-block-columns is-layout-flex wp-container-core-columns-is-layout-1 wp-block-columns-is-layout-flex\">\n<div class=\"wp-block-column is-layout-flow wp-block-column-is-layout-flow\"><div class=\"wp-block-image\">\n<figure class=\"aligncenter size-full is-resized\"><img fetchpriority=\"high\" decoding=\"async\" width=\"800\" height=\"800\" src=\"https:\/\/yousanusb.com\/wp-content\/uploads\/2025\/06\/Silver-Whistle-Metal-USB-Flash-Drive.jpg\" alt=\"Unit\u00e0 flash USB in metallo con fischietto d&#039;argento\" class=\"wp-image-17194\" style=\"width:450px\" srcset=\"https:\/\/www.yousanusb.com\/wp-content\/uploads\/2025\/06\/Silver-Whistle-Metal-USB-Flash-Drive.jpg 800w, https:\/\/www.yousanusb.com\/wp-content\/uploads\/2025\/06\/Silver-Whistle-Metal-USB-Flash-Drive-300x300.jpg 300w, https:\/\/www.yousanusb.com\/wp-content\/uploads\/2025\/06\/Silver-Whistle-Metal-USB-Flash-Drive-150x150.jpg 150w, https:\/\/www.yousanusb.com\/wp-content\/uploads\/2025\/06\/Silver-Whistle-Metal-USB-Flash-Drive-768x768.jpg 768w, https:\/\/www.yousanusb.com\/wp-content\/uploads\/2025\/06\/Silver-Whistle-Metal-USB-Flash-Drive-12x12.jpg 12w, https:\/\/www.yousanusb.com\/wp-content\/uploads\/2025\/06\/Silver-Whistle-Metal-USB-Flash-Drive-600x600.jpg 600w, https:\/\/www.yousanusb.com\/wp-content\/uploads\/2025\/06\/Silver-Whistle-Metal-USB-Flash-Drive-100x100.jpg 100w\" sizes=\"(max-width: 800px) 100vw, 800px\" \/><\/figure><\/div><\/div>\n\n\n\n<div class=\"wp-block-column is-vertically-aligned-center is-layout-flow wp-block-column-is-layout-flow\">\n<p>Il nome della chiavetta USB in metallo Whistle deriva dalla \"forma a fischietto\": il corpo metallico integrato e affusolato \u00e8 simile a un fischietto accuratamente lucidato, con un anello di fibbia rotondo e tridimensionale incorporato a un'estremit\u00e0 (che ricorda il foro per il cordino di un fischietto), che non solo richiama l'immagine del \"fischietto\", ma svolge anche una funzione portatile.<\/p>\n\n\n\n<p>\u00c8 interamente forgiata in lega di alluminio per l'aviazione e la superficie \u00e8 trattata con lucidatura a specchio + passivazione, con un tocco liscio come il ghiaccio, dicendo addio alla \"sensazione di economicit\u00e0 e fragilit\u00e0\" delle chiavette USB in plastica, e le propriet\u00e0 antigoccia e antiusura sono complete. Dalla scrivania dell'ufficio ai viaggi di lavoro all'aperto, non \u00e8 solo un efficiente strumento di archiviazione, ma anche un oggetto tecnologico di tendenza che pu\u00f2 essere \"messo in tasca\".<\/p>\n<\/div>\n<\/div>\n\n\n\n<h2 class=\"wp-block-heading\">Lo stile di design della chiavetta USB in metallo con fischietto<\/h2>\n\n\n\n<p>Questa chiavetta USB implementa lo \"stile industriale minimalista\" in ogni dettaglio. Abbandonando le giunzioni, l'intero metallo \u00e8 formato integralmente e le linee geometriche sono affilate come un bisturi: la lunghezza di 40 mm si adatta all'arco di presa delle dita, la larghezza di 12 mm \u00e8 adatta a tasche\/chiaviere e lo spessore di 11 mm bilancia \"sottigliezza\" e \"sensazione di presa\";<\/p>\n\n\n\n<p>Il foro di sospensione a forma di anello non \u00e8 solo una decorazione ma anche un \"fulcro d'uso\": se appesa con una corda, la chiavetta USB non scivola facilmente quando viene tenuta in mano, mentre se appesa con un portachiavi, la scanalatura del foro si incastra perfettamente con l'anello della chiave (anti-scuotimento);<\/p>\n\n\n\n<p>Il metallo argentato \u00e8 dotato di un \"filtro tecnologico freddo e duro\". Nell'intreccio di luci e ombre opache e speculari, non solo si sposa con il tono professionale dell'ufficio, ma evidenzia anche le caratteristiche di \"resistenza\" nelle scene all'aperto, interpretando perfettamente la formula \"design industriale = funzione \u00d7 estetica\".<\/p>\n\n\n\n<div class=\"wp-block-columns is-layout-flex wp-container-core-columns-is-layout-2 wp-block-columns-is-layout-flex\">\n<div class=\"wp-block-column is-layout-flow wp-block-column-is-layout-flow\"><div class=\"wp-block-image\">\n<figure class=\"aligncenter size-full is-resized\"><img decoding=\"async\" width=\"691\" height=\"691\" src=\"https:\/\/yousanusb.com\/wp-content\/uploads\/2025\/06\/Silver-Metallic-Whistle-Style-USB-Flash-Drive.jpg\" alt=\"Unit\u00e0 flash USB stile fischietto in argento metallizzato\" class=\"wp-image-17193\" style=\"width:450px\" srcset=\"https:\/\/www.yousanusb.com\/wp-content\/uploads\/2025\/06\/Silver-Metallic-Whistle-Style-USB-Flash-Drive.jpg 691w, https:\/\/www.yousanusb.com\/wp-content\/uploads\/2025\/06\/Silver-Metallic-Whistle-Style-USB-Flash-Drive-300x300.jpg 300w, https:\/\/www.yousanusb.com\/wp-content\/uploads\/2025\/06\/Silver-Metallic-Whistle-Style-USB-Flash-Drive-150x150.jpg 150w, https:\/\/www.yousanusb.com\/wp-content\/uploads\/2025\/06\/Silver-Metallic-Whistle-Style-USB-Flash-Drive-12x12.jpg 12w, https:\/\/www.yousanusb.com\/wp-content\/uploads\/2025\/06\/Silver-Metallic-Whistle-Style-USB-Flash-Drive-600x600.jpg 600w, https:\/\/www.yousanusb.com\/wp-content\/uploads\/2025\/06\/Silver-Metallic-Whistle-Style-USB-Flash-Drive-100x100.jpg 100w\" sizes=\"(max-width: 691px) 100vw, 691px\" \/><\/figure><\/div><\/div>\n\n\n\n<div class=\"wp-block-column is-layout-flow wp-block-column-is-layout-flow\"><div class=\"wp-block-image\">\n<figure class=\"aligncenter size-full\"><img decoding=\"async\" width=\"551\" height=\"454\" src=\"https:\/\/yousanusb.com\/wp-content\/uploads\/2025\/06\/Whistle-Metal-USB-Flash-Drive-Size.jpg\" alt=\"Dimensione dell&#039;unit\u00e0 flash USB in metallo Whistle\" class=\"wp-image-17195\" srcset=\"https:\/\/www.yousanusb.com\/wp-content\/uploads\/2025\/06\/Whistle-Metal-USB-Flash-Drive-Size.jpg 551w, https:\/\/www.yousanusb.com\/wp-content\/uploads\/2025\/06\/Whistle-Metal-USB-Flash-Drive-Size-300x247.jpg 300w, https:\/\/www.yousanusb.com\/wp-content\/uploads\/2025\/06\/Whistle-Metal-USB-Flash-Drive-Size-15x12.jpg 15w\" sizes=\"(max-width: 551px) 100vw, 551px\" \/><\/figure><\/div><\/div>\n<\/div>\n\n\n\n<div style=\"height:50px\" aria-hidden=\"true\" class=\"wp-block-spacer\"><\/div>\n\n\n\n<h2 class=\"wp-block-heading\">La chiavetta USB a fischietto Interfaccia e parametri fondamentali <\/h2>\n\n\n\n<figure class=\"wp-block-table\"><table class=\"has-fixed-layout\"><tbody><tr><td>Articolo<\/td><td>Dettagli<\/td><td>Interpretazione della scena<\/td><\/tr><tr><td>Capacit\u00e0<\/td><td>8GB \/ 16GB \/ 32GB \/ 64GB \/ 128GB<\/td><td>8GB: archiviazione di contratti\/relazioni (circa 2.000 documenti Word);32GB: installazione di materiale didattico + foto del cellulare (circa 8.000 pezzi);128GB: archiviazione di video 4K (circa 20 film) + dati di backup<\/td><\/tr><tr><td>Dimensione<\/td><td>40\u00d712\u00d711 mm (L\u00d7L\u00d7T)<\/td><td>Lunghezza\u2248parte centrale del dito indice, larghezza\u2248diametro di una moneta da 1 yuan, spessore\u2248impilabilit\u00e0 di 2 monete, nessun peso per il trasporto<\/td><\/tr><tr><td>Peso<\/td><td>10g<\/td><td>Nessuna caduta delle mani quando si appendono i portachiavi, nessuno spazio occupato quando si inseriscono i portafogli<\/td><\/tr><tr><td>Tipo di interfaccia<\/td><td>USB 3.0 Type-A (compatibile con dispositivi USB 2.0)<\/td><td>Compatibile con computer, tablet (richiede un adattatore OTG), smart TV, plug and play<\/td><\/tr><tr><td>Velocit\u00e0 di lettura<\/td><td>Fino a 150 MB\/s<\/td><td>1 GB di film\u2248 letto in 10 secondi, 5 volte pi\u00f9 veloce di USB 2.0<\/td><\/tr><tr><td>Velocit\u00e0 di scrittura<\/td><td>Fino a 30MB\/s<\/td><td>File da 500 MB\u2248 memorizzati in 17 secondi, superando di gran lunga le normali unit\u00e0 flash USB (scrittura USB 2.0\u224810 MB\/s)<\/td><\/tr><\/tbody><\/table><\/figure>\n\n\n\n<h2 class=\"wp-block-heading\"><strong>&nbsp;<\/strong><\/h2>\n\n\n\n<h2 class=\"wp-block-heading\">Il colore argento della chiavetta USB in metallo a forma di fischietto <\/h2>\n\n\n\n<div class=\"wp-block-columns is-layout-flex wp-container-core-columns-is-layout-3 wp-block-columns-is-layout-flex\">\n<div class=\"wp-block-column is-layout-flow wp-block-column-is-layout-flow\"><div class=\"wp-block-image\">\n<figure class=\"aligncenter size-full is-resized\"><img loading=\"lazy\" decoding=\"async\" width=\"1000\" height=\"1000\" src=\"https:\/\/yousanusb.com\/wp-content\/uploads\/2025\/06\/Whistle-Metal-USB-Flash-Drive-with-Custom-Logo.jpg\" alt=\"Chiavetta USB in metallo a forma di fischietto con logo personalizzato\" class=\"wp-image-17196\" style=\"width:450px\" srcset=\"https:\/\/www.yousanusb.com\/wp-content\/uploads\/2025\/06\/Whistle-Metal-USB-Flash-Drive-with-Custom-Logo.jpg 1000w, https:\/\/www.yousanusb.com\/wp-content\/uploads\/2025\/06\/Whistle-Metal-USB-Flash-Drive-with-Custom-Logo-300x300.jpg 300w, https:\/\/www.yousanusb.com\/wp-content\/uploads\/2025\/06\/Whistle-Metal-USB-Flash-Drive-with-Custom-Logo-150x150.jpg 150w, https:\/\/www.yousanusb.com\/wp-content\/uploads\/2025\/06\/Whistle-Metal-USB-Flash-Drive-with-Custom-Logo-768x768.jpg 768w, https:\/\/www.yousanusb.com\/wp-content\/uploads\/2025\/06\/Whistle-Metal-USB-Flash-Drive-with-Custom-Logo-12x12.jpg 12w, https:\/\/www.yousanusb.com\/wp-content\/uploads\/2025\/06\/Whistle-Metal-USB-Flash-Drive-with-Custom-Logo-600x600.jpg 600w, https:\/\/www.yousanusb.com\/wp-content\/uploads\/2025\/06\/Whistle-Metal-USB-Flash-Drive-with-Custom-Logo-100x100.jpg 100w\" sizes=\"(max-width: 1000px) 100vw, 1000px\" \/><\/figure><\/div><\/div>\n\n\n\n<div class=\"wp-block-column is-vertically-aligned-center is-layout-flow wp-block-column-is-layout-flow\">\n<p>Adottando il processo di \"lucidatura a specchio in nove fasi + strato sigillante di ossidazione anodica\", la superficie della chiavetta USB metallica Whistle \u00e8 trasparente come uno specchio, ma grazie alla pellicola di ossido resiste all'erosione delle impronte digitali e del sudore, rimanendo \"lucida e nuova\" anche dopo un uso prolungato;<\/p>\n\n\n\n<p>La tonalit\u00e0 fredda dell'argento \u00e8 dotata di un \"filtro futuristico\": quando \u00e8 illuminata, i bordi riflettono riflessi nitidi e la superficie curva si tinge di sfumature morbide, come un \"chiaro di luna avvolto nella tecnologia\", mostrando stile nelle occasioni di lavoro ed evidenziando la personalit\u00e0 nell'uso quotidiano;<\/p>\n\n\n\n<p>L'esclusiva \"texture fresca e liscia\" del metallo forma un punto di memoria: tenerlo in mano in estate \u00e8 come toccare la seta di ghiaccio, e sebbene sia fresco in inverno, diventa un partner affidabile nelle scene all'aperto grazie alla sua \"propriet\u00e0 antigelo\".<\/p>\n<\/div>\n<\/div>\n\n\n\n<h2 class=\"wp-block-heading\">L'unit\u00e0 flash USB in metallo fischio pu\u00f2 personalizzare il logo <\/h2>\n\n\n\n<p>- Incisione del logo: Il logo della chiavetta USB in metallo a forma di fischietto adotta la tecnologia dell'incisione laser e la superficie metallica \u00e8 incisa con una texture opaca, formando un forte contrasto con il colore di base brillante, e il LOGO \u00e8 chiaro e tridimensionale, senza mai sbiadire; la parte anteriore e posteriore della chiavetta USB pu\u00f2 essere incisa con i loghi. Le aziende possono incidere i loghi dei marchi e i privati possono incidere nomi\/motti.<\/p>\n\n\n\n<p>- Personalizzazione dell'imballaggio:<\/p>\n\n\n\n<p>Modello base: Borsa in PP (spessore 0,1 mm, resistente alla polvere e all'usura);<\/p>\n\n\n\n<p>Modello aggiornato: scatola in banda stagnata o in carta patinata (stampa in oro\/UV\/rilievo, adatta per regali di alta gamma);<\/p>\n\n\n\n<div class=\"wp-block-columns is-layout-flex wp-container-core-columns-is-layout-4 wp-block-columns-is-layout-flex\">\n<div class=\"wp-block-column is-layout-flow wp-block-column-is-layout-flow\"><div class=\"wp-block-image\">\n<figure class=\"aligncenter size-full\"><img loading=\"lazy\" decoding=\"async\" width=\"355\" height=\"355\" src=\"https:\/\/yousanusb.com\/wp-content\/uploads\/2025\/06\/Whistle-Metal-USB-Flash-Drive-with-Logo.jpg\" alt=\"Chiavetta USB in metallo con logo Whistle\" class=\"wp-image-17197\" srcset=\"https:\/\/www.yousanusb.com\/wp-content\/uploads\/2025\/06\/Whistle-Metal-USB-Flash-Drive-with-Logo.jpg 355w, https:\/\/www.yousanusb.com\/wp-content\/uploads\/2025\/06\/Whistle-Metal-USB-Flash-Drive-with-Logo-300x300.jpg 300w, https:\/\/www.yousanusb.com\/wp-content\/uploads\/2025\/06\/Whistle-Metal-USB-Flash-Drive-with-Logo-150x150.jpg 150w, https:\/\/www.yousanusb.com\/wp-content\/uploads\/2025\/06\/Whistle-Metal-USB-Flash-Drive-with-Logo-12x12.jpg 12w, https:\/\/www.yousanusb.com\/wp-content\/uploads\/2025\/06\/Whistle-Metal-USB-Flash-Drive-with-Logo-100x100.jpg 100w\" sizes=\"(max-width: 355px) 100vw, 355px\" \/><\/figure><\/div><\/div>\n\n\n\n<div class=\"wp-block-column is-layout-flow wp-block-column-is-layout-flow\"><div class=\"wp-block-image\">\n<figure class=\"aligncenter size-full is-resized\"><img loading=\"lazy\" decoding=\"async\" width=\"1000\" height=\"667\" src=\"https:\/\/yousanusb.com\/wp-content\/uploads\/2025\/06\/Metallic-Whistle-Style-USB-Flash-Drive.jpg\" alt=\"Chiavetta USB metallica a forma di fischietto\" class=\"wp-image-17192\" style=\"width:500px\" srcset=\"https:\/\/www.yousanusb.com\/wp-content\/uploads\/2025\/06\/Metallic-Whistle-Style-USB-Flash-Drive.jpg 1000w, https:\/\/www.yousanusb.com\/wp-content\/uploads\/2025\/06\/Metallic-Whistle-Style-USB-Flash-Drive-300x200.jpg 300w, https:\/\/www.yousanusb.com\/wp-content\/uploads\/2025\/06\/Metallic-Whistle-Style-USB-Flash-Drive-768x512.jpg 768w, https:\/\/www.yousanusb.com\/wp-content\/uploads\/2025\/06\/Metallic-Whistle-Style-USB-Flash-Drive-18x12.jpg 18w, https:\/\/www.yousanusb.com\/wp-content\/uploads\/2025\/06\/Metallic-Whistle-Style-USB-Flash-Drive-600x400.jpg 600w\" sizes=\"(max-width: 1000px) 100vw, 1000px\" \/><\/figure><\/div><\/div>\n<\/div>\n\n\n\n<h3 class=\"wp-block-heading\">D1: Il guscio della chiavetta USB in metallo a fischietto \u00e8 impermeabile e resistente agli urti? <\/h3>\n\n\n\n<div class=\"wp-block-columns is-layout-flex wp-container-core-columns-is-layout-5 wp-block-columns-is-layout-flex\">\n<div class=\"wp-block-column is-layout-flow wp-block-column-is-layout-flow\"><div class=\"wp-block-image\">\n<figure class=\"aligncenter size-full is-resized\"><img loading=\"lazy\" decoding=\"async\" width=\"800\" height=\"1000\" src=\"https:\/\/yousanusb.com\/wp-content\/uploads\/2025\/06\/Metallic-Whistle-Style-USB-Flash-Drive-from-Factory.jpg\" alt=\"Chiavetta USB metallica a forma di fischietto dalla fabbrica\" class=\"wp-image-17190\" style=\"width:300px\" srcset=\"https:\/\/www.yousanusb.com\/wp-content\/uploads\/2025\/06\/Metallic-Whistle-Style-USB-Flash-Drive-from-Factory.jpg 800w, https:\/\/www.yousanusb.com\/wp-content\/uploads\/2025\/06\/Metallic-Whistle-Style-USB-Flash-Drive-from-Factory-240x300.jpg 240w, https:\/\/www.yousanusb.com\/wp-content\/uploads\/2025\/06\/Metallic-Whistle-Style-USB-Flash-Drive-from-Factory-768x960.jpg 768w, https:\/\/www.yousanusb.com\/wp-content\/uploads\/2025\/06\/Metallic-Whistle-Style-USB-Flash-Drive-from-Factory-10x12.jpg 10w, https:\/\/www.yousanusb.com\/wp-content\/uploads\/2025\/06\/Metallic-Whistle-Style-USB-Flash-Drive-from-Factory-600x750.jpg 600w\" sizes=\"(max-width: 800px) 100vw, 800px\" \/><\/figure><\/div><\/div>\n\n\n\n<div class=\"wp-block-column is-vertically-aligned-center is-layout-flow wp-block-column-is-layout-flow\">\n<p>R: La protezione \u00e8 di gran lunga superiore a quella delle normali chiavette USB!<\/p>\n\n\n\n<p>&nbsp;Impermeabile: Raggiunge il livello IPX4 (a prova di spruzzi) - pu\u00f2 affrontare tranquillamente scene come gli spruzzi di pioggia e gli schizzi di caff\u00e8 (ma non inzupparsi!);<\/p>\n\n\n\n<p>Antiurto: La struttura metallica integrata \u00e8 in grado di resistere alle cadute quotidiane (entro 1,2 metri) e agli urti, oltre a proteggere i dati anche in ambienti esterni accidentati;<\/p>\n\n\n\n<p>Ulteriori vantaggi: Ha anche le caratteristiche di resistenza alla temperatura di -20\u2103~60\u2103, anti-magnetico e anti-raggi X, e pu\u00f2 funzionare stabilmente in scene estreme (come altopiani, sale computer).<\/p>\n<\/div>\n<\/div>\n\n\n\n<div style=\"height:30px\" aria-hidden=\"true\" class=\"wp-block-spacer\"><\/div>\n\n\n\n<h3 class=\"wp-block-heading\">D2: La chiavetta USB in metallo con fischietto pu\u00f2 essere appesa a un portachiavi? <\/h3>\n\n\n\n<p>R: Il design del foro dell'anello della chiavetta USB in metallo a fischietto \u00e8 adatto a 99% di portachiavi\/cordoncini; il bordo del foro \u00e8 smussato, in modo da non tagliare le mani quando viene appeso, e il design della scanalatura rende l'anello portachiavi \"stabile e non tremante\", dicendo completamente addio all'imbarazzo di \"la chiavetta USB \u00e8 persa nell'angolo e raccoglie polvere\".<\/p>\n\n\n\n<h3 class=\"wp-block-heading\">D3: Il guscio metallico condurr\u00e0 l'elettricit\u00e0 e avr\u00e0 perdite di elettricit\u00e0? \u00c8 sicuro? <\/h3>\n\n\n\n<p>R: Sicura! Il circuito interno della chiavetta USB \u00e8 isolato dal guscio metallico e trasmette dati\/alimentazione solo attraverso l'interfaccia USB (a bassa tensione di 5 V, molto al di sotto della soglia di sicurezza); il guscio metallico nasconde anche un \"design di rilascio dell'elettricit\u00e0 statica\": l'elettricit\u00e0 statica umana pu\u00f2 essere condotta via attraverso il guscio, proteggendo la vita del chip, ed \u00e8 in realt\u00e0 pi\u00f9 \"antistatico\" delle chiavette USB in plastica.<\/p>\n\n\n\n<p><\/p>","protected":false},"excerpt":{"rendered":"<ul>\n<li>Design del foro dell'anello<\/li>\n<li>Materiale metallico<\/li>\n<li>Impermeabile e resistente<\/li>\n<li>Velocit\u00e0 pi\u00f9 elevata e alta qualit\u00e0<\/li>\n<li>Affidabile e sicuro<\/li>\n<li>Ottimo per tutti gli usi<\/li>\n<\/ul>","protected":false},"featured_media":17196,"comment_status":"open","ping_status":"closed","template":"","meta":{"_seopress_robots_primary_cat":"none","_seopress_titles_title":"Whistle Metal USB Flash Drive","_seopress_titles_desc":"Whistle Metal USB Flash Drive","_seopress_robots_index":""},"class_list":["post-17186","product","type-product","status-publish","has-post-thumbnail","hentry","product_cat-usb30-flash-drive","product_cat-metal-usb-flash-drive","product_tag-custom-metal-keychain-usb-flash-drive","product_tag-buy-metal-leather-usb-flash-drive"],"_links":{"self":[{"href":"https:\/\/www.yousanusb.com\/it\/wp-json\/wp\/v2\/product\/17186"}],"collection":[{"href":"https:\/\/www.yousanusb.com\/it\/wp-json\/wp\/v2\/product"}],"about":[{"href":"https:\/\/www.yousanusb.com\/it\/wp-json\/wp\/v2\/types\/product"}],"replies":[{"embeddable":true,"href":"https:\/\/www.yousanusb.com\/it\/wp-json\/wp\/v2\/comments?post=17186"}],"wp:featuredmedia":[{"embeddable":true,"href":"https:\/\/www.yousanusb.com\/it\/wp-json\/wp\/v2\/media\/17196"}],"wp:attachment":[{"href":"https:\/\/www.yousanusb.com\/it\/wp-json\/wp\/v2\/media?parent=17186"}],"curies":[{"name":"wp","href":"https:\/\/api.w.org\/{rel}","templated":true}]}}