{"id":17245,"date":"2025-06-16T09:13:54","date_gmt":"2025-06-16T09:13:54","guid":{"rendered":"https:\/\/yousanusb.com\/?post_type=product&#038;p=17245"},"modified":"2025-10-06T00:24:06","modified_gmt":"2025-10-06T00:24:06","slug":"metal-carabiner-usb-flash-drive","status":"publish","type":"product","link":"https:\/\/www.yousanusb.com\/it\/prodotto\/metal-carabiner-usb-flash-drive\/","title":{"rendered":"Unit\u00e0 flash USB con moschettone in metallo"},"content":{"rendered":"<h2 class=\"wp-block-heading\">Che cos'\u00e8 un'unit\u00e0 flash USB con moschettone in metallo? <\/h2>\n\n\n\n<div class=\"wp-block-columns is-layout-flex wp-container-core-columns-is-layout-1 wp-block-columns-is-layout-flex\">\n<div class=\"wp-block-column is-layout-flow wp-block-column-is-layout-flow\"><div class=\"wp-block-image\">\n<figure class=\"aligncenter size-full is-resized\"><img fetchpriority=\"high\" decoding=\"async\" width=\"660\" height=\"660\" src=\"https:\/\/yousanusb.com\/wp-content\/uploads\/2025\/06\/Carabiner-Style-Metal-USB-Drive.jpg\" alt=\"Unit\u00e0 USB in metallo con stile moschettone\" class=\"wp-image-17257\" style=\"width:450px\" srcset=\"https:\/\/www.yousanusb.com\/wp-content\/uploads\/2025\/06\/Carabiner-Style-Metal-USB-Drive.jpg 660w, https:\/\/www.yousanusb.com\/wp-content\/uploads\/2025\/06\/Carabiner-Style-Metal-USB-Drive-300x300.jpg 300w, https:\/\/www.yousanusb.com\/wp-content\/uploads\/2025\/06\/Carabiner-Style-Metal-USB-Drive-150x150.jpg 150w, https:\/\/www.yousanusb.com\/wp-content\/uploads\/2025\/06\/Carabiner-Style-Metal-USB-Drive-12x12.jpg 12w, https:\/\/www.yousanusb.com\/wp-content\/uploads\/2025\/06\/Carabiner-Style-Metal-USB-Drive-600x600.jpg 600w, https:\/\/www.yousanusb.com\/wp-content\/uploads\/2025\/06\/Carabiner-Style-Metal-USB-Drive-100x100.jpg 100w\" sizes=\"(max-width: 660px) 100vw, 660px\" \/><\/figure><\/div><\/div>\n\n\n\n<div class=\"wp-block-column is-vertically-aligned-center is-layout-flow wp-block-column-is-layout-flow\">\n<p>La chiavetta USB con moschettone in metallo \u00e8 formata integralmente da lega di alluminio di grado aeronautico\/acciaio inossidabile, lucidata con processi di intaglio di precisione CNC e ossidazione anodica. La sua superficie \u00e8 liscia come uno specchio, resistente ai graffi e all'abrasione.<\/p>\n\n\n\n<p>Un'estremit\u00e0 \u00e8 integrata con una struttura metallica a moschettone. La fibbia si apre e si chiude senza problemi (si preme con il pollice per aprire, si blocca automaticamente quando si rilascia), consentendo un facile aggancio a portachiavi, cinghie dello zaino o persino anelli della valigetta aziendale.<\/p>\n<\/div>\n<\/div>\n\n\n\n<h2 class=\"wp-block-heading\">Stile di design dell'unit\u00e0 flash USB con moschettone in metallo <\/h2>\n\n\n\n<div class=\"wp-block-columns is-layout-flex wp-container-core-columns-is-layout-2 wp-block-columns-is-layout-flex\">\n<div class=\"wp-block-column is-vertically-aligned-center is-layout-flow wp-block-column-is-layout-flow\">\n<p>Il materiale metallico emana una texture fredda ed elegante, che trasmette un senso di \"autorit\u00e0 professionale\", in linea con l'affidabilit\u00e0 richiesta negli scenari lavorativi. Con un peso di 15 g, evita la sensazione di inconsistenza pur rimanendo leggero.<\/p>\n\n\n\n<p>La combinazione geometrica di corpo rettangolare e fibbia ovale, dalle linee minimaliste, incorpora considerazioni ergonomiche: i bordi smussati assicurano una presa confortevole. Le sue dimensioni sottili si adattano senza problemi agli astucci delle matite o alle chiavi senza ingombro.&nbsp;<\/p>\n<\/div>\n\n\n\n<div class=\"wp-block-column is-layout-flow wp-block-column-is-layout-flow\"><div class=\"wp-block-image\">\n<figure class=\"aligncenter size-full is-resized\"><img decoding=\"async\" width=\"1000\" height=\"1000\" src=\"https:\/\/yousanusb.com\/wp-content\/uploads\/2025\/06\/Silver-Metallic-Carabiner-USB-Flash-Drive.jpg\" alt=\"Unit\u00e0 flash USB con moschettone in argento metallizzato\" class=\"wp-image-17265\" style=\"width:450px\" srcset=\"https:\/\/www.yousanusb.com\/wp-content\/uploads\/2025\/06\/Silver-Metallic-Carabiner-USB-Flash-Drive.jpg 1000w, https:\/\/www.yousanusb.com\/wp-content\/uploads\/2025\/06\/Silver-Metallic-Carabiner-USB-Flash-Drive-300x300.jpg 300w, https:\/\/www.yousanusb.com\/wp-content\/uploads\/2025\/06\/Silver-Metallic-Carabiner-USB-Flash-Drive-150x150.jpg 150w, https:\/\/www.yousanusb.com\/wp-content\/uploads\/2025\/06\/Silver-Metallic-Carabiner-USB-Flash-Drive-768x768.jpg 768w, https:\/\/www.yousanusb.com\/wp-content\/uploads\/2025\/06\/Silver-Metallic-Carabiner-USB-Flash-Drive-12x12.jpg 12w, https:\/\/www.yousanusb.com\/wp-content\/uploads\/2025\/06\/Silver-Metallic-Carabiner-USB-Flash-Drive-600x600.jpg 600w, https:\/\/www.yousanusb.com\/wp-content\/uploads\/2025\/06\/Silver-Metallic-Carabiner-USB-Flash-Drive-100x100.jpg 100w\" sizes=\"(max-width: 1000px) 100vw, 1000px\" \/><\/figure><\/div><\/div>\n<\/div>\n\n\n\n<h2 class=\"wp-block-heading\">Interfaccia e parametri dell'unit\u00e0 flash USB con moschettone in metallo <\/h2>\n\n\n\n<figure class=\"wp-block-table\"><table class=\"has-fixed-layout\"><tbody><tr><td>Articolo<\/td><td>USB2.0<\/td><td>USB3.0<\/td><\/tr><tr><td>Interfaccia standard<\/td><td>Interfaccia USB 2.0 ad alta velocit\u00e0<\/td><td>Interfaccia USB 3.0 ad alta velocit\u00e0<\/td><\/tr><tr><td>Capacit\u00e0 disponibili<\/td><td>8G\/16G\/32G\/64G\/128G<\/td><td>8G\/16G\/32G\/64G\/128G<\/td><\/tr><tr><td>Dimensioni<\/td><td>47,7\u00d712,27\u00d74,6 mm<\/td><td>47,7\u00d712,27\u00d74,6 mm<\/td><\/tr><tr><td>Peso<\/td><td>15g<\/td><td>15g<\/td><\/tr><tr><td>Velocit\u00e0 di lettura<\/td><td>Circa 15~25MB\/s (massimo 25MB\/s)<\/td><td>Circa 80~150MB\/s (massimo 150MB\/s)<\/td><\/tr><tr><td>Velocit\u00e0 di scrittura<\/td><td>Circa 8~15MB\/s (massimo 15MB\/s)<\/td><td>Circa 20~60MB\/s (massimo 60MB\/s)<\/td><\/tr><\/tbody><\/table><\/figure>\n\n\n\n<div style=\"height:50px\" aria-hidden=\"true\" class=\"wp-block-spacer\"><\/div>\n\n\n\n<h2 class=\"wp-block-heading\">Di che colore \u00e8 l'unit\u00e0 flash USB con moschettone in metallo?<\/h2>\n\n\n\n<div class=\"wp-block-columns is-layout-flex wp-container-core-columns-is-layout-3 wp-block-columns-is-layout-flex\">\n<div class=\"wp-block-column is-layout-flow wp-block-column-is-layout-flow\">\n<figure class=\"wp-block-image size-full is-resized\"><img decoding=\"async\" width=\"800\" height=\"800\" src=\"https:\/\/yousanusb.com\/wp-content\/uploads\/2025\/06\/Carabiner-Style-Metal-USB-Drive-from-Factory.png\" alt=\"Unit\u00e0 USB in metallo con stile moschettone dalla fabbrica\" class=\"wp-image-17256\" style=\"width:450px\" srcset=\"https:\/\/www.yousanusb.com\/wp-content\/uploads\/2025\/06\/Carabiner-Style-Metal-USB-Drive-from-Factory.png 800w, https:\/\/www.yousanusb.com\/wp-content\/uploads\/2025\/06\/Carabiner-Style-Metal-USB-Drive-from-Factory-300x300.png 300w, https:\/\/www.yousanusb.com\/wp-content\/uploads\/2025\/06\/Carabiner-Style-Metal-USB-Drive-from-Factory-150x150.png 150w, https:\/\/www.yousanusb.com\/wp-content\/uploads\/2025\/06\/Carabiner-Style-Metal-USB-Drive-from-Factory-768x768.png 768w, https:\/\/www.yousanusb.com\/wp-content\/uploads\/2025\/06\/Carabiner-Style-Metal-USB-Drive-from-Factory-12x12.png 12w, https:\/\/www.yousanusb.com\/wp-content\/uploads\/2025\/06\/Carabiner-Style-Metal-USB-Drive-from-Factory-600x600.png 600w, https:\/\/www.yousanusb.com\/wp-content\/uploads\/2025\/06\/Carabiner-Style-Metal-USB-Drive-from-Factory-100x100.png 100w\" sizes=\"(max-width: 800px) 100vw, 800px\" \/><\/figure>\n<\/div>\n\n\n\n<div class=\"wp-block-column is-vertically-aligned-center is-layout-flow wp-block-column-is-layout-flow\">\n<p>La chiavetta USB con moschettone in metallo presenta un design interamente in argento, con strati di artigianato tecnologico dietro questo \"argento\":<\/p>\n\n\n\n<p>La lega di alluminio per aviazione offre una lucentezza metallica che conferisce un tono \"tecnologico\".<\/p>\n\n\n\n<p>Grazie al processo di ossidazione anodica, l'argento presenta una \"finitura a specchio fredda\": riflette la luce come uno specchio d'argento, evitando per\u00f2 la lucentezza della plastica a buon mercato grazie alla sua texture metallica.<\/p>\n\n\n\n<p>La speciale tecnologia di rivestimento garantisce l'assenza di ossidazione o sbiadimento del colore dopo 3-5 anni di utilizzo quotidiano.<\/p>\n<\/div>\n<\/div>\n\n\n\n<h2 class=\"wp-block-heading\">La chiavetta USB con moschettone in metallo pu\u00f2 essere personalizzata con un logo?<strong> <\/strong><\/h2>\n\n\n\n<p>La chiavetta USB con moschettone in metallo supporta la personalizzazione del logo end-to-end sia per la chiavetta che per la confezione, rendendola una \"carta vincente\" per i regali aziendali e la promozione del marchio. Il fronte e il retro della chiavetta USB possono essere personalizzati con loghi tramite incisione laser, serigrafia o stampa a colori:<\/p>\n\n\n\n<div class=\"wp-block-columns is-layout-flex wp-container-core-columns-is-layout-4 wp-block-columns-is-layout-flex\">\n<div class=\"wp-block-column is-vertically-aligned-center is-layout-flow wp-block-column-is-layout-flow\">\n<p>Incisione laser: Adatta a loghi\/testi minimalisti, con elevata precisione e durata permanente (crea tacche sulla superficie metallica, ideale per i loghi aziendali).<\/p>\n\n\n\n<p>Stampa serigrafica: Adatta a motivi colorati, con copertura uniforme dell'inchiostro e alta precisione del colore (nota: pu\u00f2 consumarsi con l'attrito a lungo termine, adatta a campagne di breve durata).<\/p>\n\n\n\n<p>Stampa a colori: Supporta gradienti e disegni complessi, con una forte resa dei dettagli (simile alla stampa di custodie per telefoni, richiede un rivestimento protettivo per la resistenza ai graffi, ideale per i marchi creativi).<\/p>\n<\/div>\n\n\n\n<div class=\"wp-block-column is-layout-flow wp-block-column-is-layout-flow\">\n<figure class=\"wp-block-image size-full is-resized\"><img loading=\"lazy\" decoding=\"async\" width=\"800\" height=\"800\" src=\"https:\/\/yousanusb.com\/wp-content\/uploads\/2025\/06\/Metallic-Carabiner-USB-Flash-Drive-with-Logo.png\" alt=\"Chiavetta USB con moschettone metallico e logo\" class=\"wp-image-17262\" style=\"width:450px\" srcset=\"https:\/\/www.yousanusb.com\/wp-content\/uploads\/2025\/06\/Metallic-Carabiner-USB-Flash-Drive-with-Logo.png 800w, https:\/\/www.yousanusb.com\/wp-content\/uploads\/2025\/06\/Metallic-Carabiner-USB-Flash-Drive-with-Logo-300x300.png 300w, https:\/\/www.yousanusb.com\/wp-content\/uploads\/2025\/06\/Metallic-Carabiner-USB-Flash-Drive-with-Logo-150x150.png 150w, https:\/\/www.yousanusb.com\/wp-content\/uploads\/2025\/06\/Metallic-Carabiner-USB-Flash-Drive-with-Logo-768x768.png 768w, https:\/\/www.yousanusb.com\/wp-content\/uploads\/2025\/06\/Metallic-Carabiner-USB-Flash-Drive-with-Logo-12x12.png 12w, https:\/\/www.yousanusb.com\/wp-content\/uploads\/2025\/06\/Metallic-Carabiner-USB-Flash-Drive-with-Logo-600x600.png 600w, https:\/\/www.yousanusb.com\/wp-content\/uploads\/2025\/06\/Metallic-Carabiner-USB-Flash-Drive-with-Logo-100x100.png 100w\" sizes=\"(max-width: 800px) 100vw, 800px\" \/><\/figure>\n<\/div>\n<\/div>\n\n\n\n<h2 class=\"wp-block-heading\">Che tipo di confezione pu\u00f2 avere l'unit\u00e0 flash USB?<\/h2>\n\n\n\n<p>La confezione della chiavetta USB comprende sacchetti in PP, scatole di ferro o di carta, tutti personalizzabili con il logo:<\/p>\n\n\n\n<div class=\"wp-block-columns is-layout-flex wp-container-core-columns-is-layout-5 wp-block-columns-is-layout-flex\">\n<div class=\"wp-block-column is-layout-flow wp-block-column-is-layout-flow\">\n<figure class=\"wp-block-image size-full is-resized\"><img loading=\"lazy\" decoding=\"async\" width=\"717\" height=\"717\" src=\"https:\/\/yousanusb.com\/wp-content\/uploads\/2025\/06\/Carabiner-Clasp-Metal-USB-Flash-Drive-Package-Box.png\" alt=\"Moschettone - Chiusura in metallo Unit\u00e0 flash USB Scatola di imballaggio\" class=\"wp-image-17254\" style=\"width:450px\" srcset=\"https:\/\/www.yousanusb.com\/wp-content\/uploads\/2025\/06\/Carabiner-Clasp-Metal-USB-Flash-Drive-Package-Box.png 717w, https:\/\/www.yousanusb.com\/wp-content\/uploads\/2025\/06\/Carabiner-Clasp-Metal-USB-Flash-Drive-Package-Box-300x300.png 300w, https:\/\/www.yousanusb.com\/wp-content\/uploads\/2025\/06\/Carabiner-Clasp-Metal-USB-Flash-Drive-Package-Box-150x150.png 150w, https:\/\/www.yousanusb.com\/wp-content\/uploads\/2025\/06\/Carabiner-Clasp-Metal-USB-Flash-Drive-Package-Box-12x12.png 12w, https:\/\/www.yousanusb.com\/wp-content\/uploads\/2025\/06\/Carabiner-Clasp-Metal-USB-Flash-Drive-Package-Box-600x600.png 600w, https:\/\/www.yousanusb.com\/wp-content\/uploads\/2025\/06\/Carabiner-Clasp-Metal-USB-Flash-Drive-Package-Box-100x100.png 100w\" sizes=\"(max-width: 717px) 100vw, 717px\" \/><\/figure>\n<\/div>\n\n\n\n<div class=\"wp-block-column is-vertically-aligned-center is-layout-flow wp-block-column-is-layout-flow\">\n<p>Borsa trasparente in PP: Leggero ed economico (adatto per uso personale\/piccoli lotti).<\/p>\n\n\n\n<p>Scatola di ferro: Si abbina alla texture metallica della chiavetta USB e trasmette eleganza (ideale per i regali aziendali VIP o per i set di regali premium).<\/p>\n\n\n\n<p>Scatola di carta: Permette un design raffinato, con un costo moderato (adatto per i regali delle mostre o per i souvenir delle riunioni annuali, pi\u00f9 conveniente in grandi quantit\u00e0).<\/p>\n<\/div>\n<\/div>\n\n\n\n<div style=\"height:40px\" aria-hidden=\"true\" class=\"wp-block-spacer\"><\/div>\n\n\n\n<h3 class=\"wp-block-heading\">Q1: L'involucro della chiavetta USB con moschettone in metallo \u00e8 impermeabile e resistente agli urti? <\/h3>\n\n\n\n<p>R: L'involucro metallico \u00e8 un \"guerriero esagonale protettivo\":<\/p>\n\n\n\n<p>Impermeabile: Soddisfa il livello di impermeabilit\u00e0 giornaliera IPX4 (resiste a spruzzi e gocce di pioggia, ma non va immerso in acqua per evitare danni).<\/p>\n\n\n\n<p>Resistente agli urti: Supera il test di caduta libera da 1,5 m (simula cadute da scrivania o da tasca, con la struttura metallica che attutisce efficacemente gli impatti).<\/p>\n\n\n\n<p>Resistente alle temperature: Funziona stabilmente da -20\u2103 (inverno all'aperto) a 60\u2103 (veicoli ad alta temperatura), garantendo l'integrit\u00e0 dei dati.<\/p>\n\n\n\n<p>A prova di interferenze: L'involucro metallico \u00e8 naturalmente resistente ai magneti e ai raggi X (sicuro per i controlli di sicurezza aeroportuali o in prossimit\u00e0 di magneti).In breve: resiste ai \"piccoli incidenti\" quotidiani, ma l'immersione intenzionale in acqua causer\u00e0 comunque danni!<\/p>\n\n\n\n<div class=\"wp-block-columns is-layout-flex wp-container-core-columns-is-layout-6 wp-block-columns-is-layout-flex\">\n<div class=\"wp-block-column is-layout-flow wp-block-column-is-layout-flow\">\n<figure class=\"wp-block-image size-full is-resized\"><img loading=\"lazy\" decoding=\"async\" width=\"800\" height=\"800\" src=\"https:\/\/yousanusb.com\/wp-content\/uploads\/2025\/06\/O1CN01scS8DC1sM0ny3zxeS_2682275751-0-cib.jpg_.webp.jpg\" alt=\"Mini chiavetta USB con moschettone metallico\" class=\"wp-image-17264\" style=\"width:450px\" srcset=\"https:\/\/www.yousanusb.com\/wp-content\/uploads\/2025\/06\/O1CN01scS8DC1sM0ny3zxeS_2682275751-0-cib.jpg_.webp.jpg 800w, https:\/\/www.yousanusb.com\/wp-content\/uploads\/2025\/06\/O1CN01scS8DC1sM0ny3zxeS_2682275751-0-cib.jpg_.webp-300x300.jpg 300w, https:\/\/www.yousanusb.com\/wp-content\/uploads\/2025\/06\/O1CN01scS8DC1sM0ny3zxeS_2682275751-0-cib.jpg_.webp-150x150.jpg 150w, https:\/\/www.yousanusb.com\/wp-content\/uploads\/2025\/06\/O1CN01scS8DC1sM0ny3zxeS_2682275751-0-cib.jpg_.webp-768x768.jpg 768w, https:\/\/www.yousanusb.com\/wp-content\/uploads\/2025\/06\/O1CN01scS8DC1sM0ny3zxeS_2682275751-0-cib.jpg_.webp-12x12.jpg 12w, https:\/\/www.yousanusb.com\/wp-content\/uploads\/2025\/06\/O1CN01scS8DC1sM0ny3zxeS_2682275751-0-cib.jpg_.webp-600x600.jpg 600w, https:\/\/www.yousanusb.com\/wp-content\/uploads\/2025\/06\/O1CN01scS8DC1sM0ny3zxeS_2682275751-0-cib.jpg_.webp-100x100.jpg 100w\" sizes=\"(max-width: 800px) 100vw, 800px\" \/><\/figure>\n<\/div>\n\n\n\n<div class=\"wp-block-column is-layout-flow wp-block-column-is-layout-flow\"><div class=\"wp-block-image\">\n<figure class=\"aligncenter size-full is-resized\"><img loading=\"lazy\" decoding=\"async\" width=\"790\" height=\"825\" src=\"https:\/\/yousanusb.com\/wp-content\/uploads\/2025\/06\/Carabiner-Clasp-Metal-USB-Flash-Drive.png\" alt=\"Moschettone - Chiusura in metallo Unit\u00e0 flash USB\" class=\"wp-image-17255\" style=\"width:400px\" srcset=\"https:\/\/www.yousanusb.com\/wp-content\/uploads\/2025\/06\/Carabiner-Clasp-Metal-USB-Flash-Drive.png 790w, https:\/\/www.yousanusb.com\/wp-content\/uploads\/2025\/06\/Carabiner-Clasp-Metal-USB-Flash-Drive-287x300.png 287w, https:\/\/www.yousanusb.com\/wp-content\/uploads\/2025\/06\/Carabiner-Clasp-Metal-USB-Flash-Drive-768x802.png 768w, https:\/\/www.yousanusb.com\/wp-content\/uploads\/2025\/06\/Carabiner-Clasp-Metal-USB-Flash-Drive-11x12.png 11w, https:\/\/www.yousanusb.com\/wp-content\/uploads\/2025\/06\/Carabiner-Clasp-Metal-USB-Flash-Drive-600x627.png 600w\" sizes=\"(max-width: 790px) 100vw, 790px\" \/><\/figure><\/div><\/div>\n<\/div>\n\n\n\n<div style=\"height:40px\" aria-hidden=\"true\" class=\"wp-block-spacer\"><\/div>\n\n\n\n<h3 class=\"wp-block-heading\">D2: La chiavetta USB con moschettone in metallo pu\u00f2 essere appesa a un portachiavi? <\/h3>\n\n\n\n<p>R: Certamente! Il design del moschettone incorpora tre caratteristiche intelligenti:<\/p>\n\n\n\n<p>Portante per carichi pesanti: La fibbia pu\u00f2 sopportare stabilmente circa 500 g, adatta ai portachiavi quotidiani e ai piccoli ciondoli.<\/p>\n\n\n\n<p>Funzionamento fluido: Adotta una struttura con fibbia a molla che consente l'apertura\/chiusura con una sola mano, garantendo un facile aggancio e prevenendo il distacco accidentale.<\/p>\n\n\n\n<p>Logica anti-smarrimento: Legare l'unit\u00e0 USB alle chiavi significa che la perdita delle chiavi verr\u00e0 notata immediatamente, mantenendo l'unit\u00e0 USB al sicuro: dite addio alla tragedia di perdere l'unit\u00e0 USB da sola!<\/p>\n\n\n\n<div class=\"wp-block-columns is-layout-flex wp-container-core-columns-is-layout-7 wp-block-columns-is-layout-flex\">\n<div class=\"wp-block-column is-layout-flow wp-block-column-is-layout-flow\"><\/div>\n<\/div>\n\n\n\n<p><\/p>","protected":false},"excerpt":{"rendered":"<ul>\n<li>Struttura del moschettone Design<\/li>\n<li>Materiale metallico<\/li>\n<li>Impermeabile e resistente<\/li>\n<li>Velocit\u00e0 pi\u00f9 elevata e alta qualit\u00e0<\/li>\n<li>Affidabile e sicuro<\/li>\n<li>Ottimo per tutti gli usi<\/li>\n<\/ul>","protected":false},"featured_media":17263,"comment_status":"open","ping_status":"closed","template":"","meta":{"_seopress_robots_primary_cat":"","_seopress_titles_title":"Metal Carabiner USB Flash Drive","_seopress_titles_desc":"","_seopress_robots_index":""},"class_list":["post-17245","product","type-product","status-publish","has-post-thumbnail","hentry","product_cat-usb30-flash-drive","product_cat-metal-usb-flash-drive","product_tag-metal-carabiner-usb-flash-drive","product_tag-custom-metal-keychain-usb-flash-drive","product_tag-buy-metal-leather-usb-flash-drive"],"_links":{"self":[{"href":"https:\/\/www.yousanusb.com\/it\/wp-json\/wp\/v2\/product\/17245"}],"collection":[{"href":"https:\/\/www.yousanusb.com\/it\/wp-json\/wp\/v2\/product"}],"about":[{"href":"https:\/\/www.yousanusb.com\/it\/wp-json\/wp\/v2\/types\/product"}],"replies":[{"embeddable":true,"href":"https:\/\/www.yousanusb.com\/it\/wp-json\/wp\/v2\/comments?post=17245"}],"wp:featuredmedia":[{"embeddable":true,"href":"https:\/\/www.yousanusb.com\/it\/wp-json\/wp\/v2\/media\/17263"}],"wp:attachment":[{"href":"https:\/\/www.yousanusb.com\/it\/wp-json\/wp\/v2\/media?parent=17245"}],"curies":[{"name":"wp","href":"https:\/\/api.w.org\/{rel}","templated":true}]}}