{"id":17281,"date":"2025-06-17T05:12:07","date_gmt":"2025-06-17T05:12:07","guid":{"rendered":"https:\/\/yousanusb.com\/?post_type=product&#038;p=17281"},"modified":"2025-10-06T00:23:57","modified_gmt":"2025-10-06T00:23:57","slug":"metal-buckle-usb-flash-drive","status":"publish","type":"product","link":"https:\/\/www.yousanusb.com\/it\/prodotto\/metal-buckle-usb-flash-drive\/","title":{"rendered":"Chiavetta USB con fibbia in metallo"},"content":{"rendered":"<h3 class=\"wp-block-heading\">Che cos'\u00e8 una chiavetta USB con fibbia in metallo? <\/h3>\n\n\n\n<div class=\"wp-block-columns is-layout-flex wp-container-core-columns-is-layout-1 wp-block-columns-is-layout-flex\">\n<div class=\"wp-block-column is-layout-flow wp-block-column-is-layout-flow\"><div class=\"wp-block-image\">\n<figure class=\"aligncenter size-full is-resized\"><img fetchpriority=\"high\" decoding=\"async\" width=\"800\" height=\"800\" src=\"https:\/\/yousanusb.com\/wp-content\/uploads\/2025\/06\/O1CN01W882au1X1lEerjPde_962122864-0-cib.jpg\" alt=\"Unit\u00e0 flash USB con gancio in metallo in grandi quantit\u00e0\" class=\"wp-image-17291\" style=\"width:450px\" srcset=\"https:\/\/www.yousanusb.com\/wp-content\/uploads\/2025\/06\/O1CN01W882au1X1lEerjPde_962122864-0-cib.jpg 800w, https:\/\/www.yousanusb.com\/wp-content\/uploads\/2025\/06\/O1CN01W882au1X1lEerjPde_962122864-0-cib-300x300.jpg 300w, https:\/\/www.yousanusb.com\/wp-content\/uploads\/2025\/06\/O1CN01W882au1X1lEerjPde_962122864-0-cib-150x150.jpg 150w, https:\/\/www.yousanusb.com\/wp-content\/uploads\/2025\/06\/O1CN01W882au1X1lEerjPde_962122864-0-cib-768x768.jpg 768w, https:\/\/www.yousanusb.com\/wp-content\/uploads\/2025\/06\/O1CN01W882au1X1lEerjPde_962122864-0-cib-12x12.jpg 12w, https:\/\/www.yousanusb.com\/wp-content\/uploads\/2025\/06\/O1CN01W882au1X1lEerjPde_962122864-0-cib-600x600.jpg 600w, https:\/\/www.yousanusb.com\/wp-content\/uploads\/2025\/06\/O1CN01W882au1X1lEerjPde_962122864-0-cib-100x100.jpg 100w\" sizes=\"(max-width: 800px) 100vw, 800px\" \/><\/figure><\/div><\/div>\n\n\n\n<div class=\"wp-block-column is-vertically-aligned-center is-layout-flow wp-block-column-is-layout-flow\">\n<p>L'unit\u00e0 flash USB Metal Buckle supera il tradizionale fattore di forma USB integrando una fibbia metallica mobile simile a un moschettone a un'estremit\u00e0.<\/p>\n\n\n\n<p>La fibbia \u00e8 collegata con rivetti di precisione, per facilitare l'apertura e la chiusura, e pu\u00f2 essere attaccata direttamente a portachiavi, passanti dello zaino, badge identificativi o persino all'attrezzatura da esterno.<\/p>\n\n\n\n<p>L'intero corpo \u00e8 forgiato da materiale metallico integrato, lavorato attraverso la lucidatura, l'ossidazione anodica e altre tecniche, per ottenere una superficie liscia come uno specchio, un tocco freddo e una durata resistente ai graffi.<\/p>\n<\/div>\n<\/div>\n\n\n\n<h3 class=\"wp-block-heading\">Qual \u00e8 lo stile di design della chiavetta USB con fibbia in metallo? <\/h3>\n\n\n\n<div class=\"wp-block-columns is-layout-flex wp-container-core-columns-is-layout-2 wp-block-columns-is-layout-flex\">\n<div class=\"wp-block-column is-vertically-aligned-center is-layout-flow wp-block-column-is-layout-flow\">\n<p>L'involucro metallico stesso \u00e8 il cuore del design: la fredda tonalit\u00e0 grigio-argento e la superficie rifinita a specchio emanano intrinsecamente il temperamento duro dell'era industriale; la forma geometrica cuboide tagliata con precisione CNC elimina tutte le curve e i motivi, interpretando la filosofia minimalista del \"meno \u00e8 meglio\" con i contorni pi\u00f9 semplici.<\/p>\n\n\n\n<p>L'\"interfaccia esposta + fibbia mobile\" forma un forte simbolo industriale: l'interfaccia USB \u00e8 direttamente esposta, praticando la logica progettuale della \"funzione come decorazione\"; la giunzione a rivetti della fibbia superiore funge sia da estensione pratica della struttura meccanica sia da punto focale visivo.<\/p>\n<\/div>\n\n\n\n<div class=\"wp-block-column is-layout-flow wp-block-column-is-layout-flow\"><div class=\"wp-block-image\">\n<figure class=\"aligncenter size-full is-resized\"><img decoding=\"async\" width=\"800\" height=\"800\" src=\"https:\/\/yousanusb.com\/wp-content\/uploads\/2025\/06\/Metal-Hook-USB-Flash-Drive-1.jpg\" alt=\"Unit\u00e0 flash USB con gancio in metallo\" class=\"wp-image-17290\" style=\"width:450px\" srcset=\"https:\/\/www.yousanusb.com\/wp-content\/uploads\/2025\/06\/Metal-Hook-USB-Flash-Drive-1.jpg 800w, https:\/\/www.yousanusb.com\/wp-content\/uploads\/2025\/06\/Metal-Hook-USB-Flash-Drive-1-300x300.jpg 300w, https:\/\/www.yousanusb.com\/wp-content\/uploads\/2025\/06\/Metal-Hook-USB-Flash-Drive-1-150x150.jpg 150w, https:\/\/www.yousanusb.com\/wp-content\/uploads\/2025\/06\/Metal-Hook-USB-Flash-Drive-1-768x768.jpg 768w, https:\/\/www.yousanusb.com\/wp-content\/uploads\/2025\/06\/Metal-Hook-USB-Flash-Drive-1-12x12.jpg 12w, https:\/\/www.yousanusb.com\/wp-content\/uploads\/2025\/06\/Metal-Hook-USB-Flash-Drive-1-600x600.jpg 600w, https:\/\/www.yousanusb.com\/wp-content\/uploads\/2025\/06\/Metal-Hook-USB-Flash-Drive-1-100x100.jpg 100w\" sizes=\"(max-width: 800px) 100vw, 800px\" \/><\/figure><\/div><\/div>\n<\/div>\n\n\n\n<h3 class=\"wp-block-heading\">Interfacce e parametri dell'unit\u00e0 flash USB con fibbia metallica <\/h3>\n\n\n\n<figure class=\"wp-block-table\"><table class=\"has-fixed-layout\"><tbody><tr><td>Parametro<\/td><td>USB2.0<\/td><td>USB3.0<\/td><\/tr><tr><td>Capacit\u00e0<\/td><td>8G\/16G\/32G\/64G<\/td><td>16G\/32G\/64G\/128G\/256G\/512G\/1T\/2T<\/td><\/tr><tr><td>Dimensioni<\/td><td>57\u00d716\u00d75 mm <\/td><td>57\u00d716\u00d75 mm <\/td><\/tr><tr><td>Velocit\u00e0 di lettura\/scrittura<\/td><td>Lettura: 6-15MB\/s, scrittura: 3-8MB\/s<\/td><td>Lettura: 30-100MB\/s, scrittura: 10-30MB\/s<\/td><\/tr><tr><td>Utenti target<\/td><td>Studenti, nuovi professionisti (trasferimento frequente di piccoli file)<\/td><td>Progettisti, professionisti del settore (archiviazione di file di grandi dimensioni)<\/td><\/tr><tr><td>Scenari applicabili<\/td><td>Trasferimento di documenti, foto, audio per auto<\/td><td>Trasferimento di video, bozze di progetto, file di presentazione<\/td><\/tr><tr><td>Peso<\/td><td>15g<\/td><td>15g<\/td><\/tr><\/tbody><\/table><\/figure>\n\n\n\n<div style=\"height:50px\" aria-hidden=\"true\" class=\"wp-block-spacer\"><\/div>\n\n\n\n<h3 class=\"wp-block-heading\">Di che colore \u00e8 la chiavetta USB con fibbia in metallo? <\/h3>\n\n\n\n<div class=\"wp-block-columns is-layout-flex wp-container-core-columns-is-layout-3 wp-block-columns-is-layout-flex\">\n<div class=\"wp-block-column is-layout-flow wp-block-column-is-layout-flow\">\n<figure class=\"wp-block-image size-full is-resized\"><img decoding=\"async\" width=\"800\" height=\"800\" src=\"https:\/\/yousanusb.com\/wp-content\/uploads\/2025\/06\/Metal-Hook-Lock-USB-Flash-Drive.jpg\" alt=\"Gancio in metallo - Blocco dell&#039;unit\u00e0 flash USB\" class=\"wp-image-17288\" style=\"width:450px\" srcset=\"https:\/\/www.yousanusb.com\/wp-content\/uploads\/2025\/06\/Metal-Hook-Lock-USB-Flash-Drive.jpg 800w, https:\/\/www.yousanusb.com\/wp-content\/uploads\/2025\/06\/Metal-Hook-Lock-USB-Flash-Drive-300x300.jpg 300w, https:\/\/www.yousanusb.com\/wp-content\/uploads\/2025\/06\/Metal-Hook-Lock-USB-Flash-Drive-150x150.jpg 150w, https:\/\/www.yousanusb.com\/wp-content\/uploads\/2025\/06\/Metal-Hook-Lock-USB-Flash-Drive-768x768.jpg 768w, https:\/\/www.yousanusb.com\/wp-content\/uploads\/2025\/06\/Metal-Hook-Lock-USB-Flash-Drive-12x12.jpg 12w, https:\/\/www.yousanusb.com\/wp-content\/uploads\/2025\/06\/Metal-Hook-Lock-USB-Flash-Drive-600x600.jpg 600w, https:\/\/www.yousanusb.com\/wp-content\/uploads\/2025\/06\/Metal-Hook-Lock-USB-Flash-Drive-100x100.jpg 100w\" sizes=\"(max-width: 800px) 100vw, 800px\" \/><\/figure>\n<\/div>\n\n\n\n<div class=\"wp-block-column is-vertically-aligned-center is-layout-flow wp-block-column-is-layout-flow\">\n<p>La chiavetta USB Metal Buckle \u00e8 caratterizzata da un colore principale \"argento classico\". La superficie metallica \u00e8 trattata con \"ossidazione anodica + lucidatura fine\":<\/p>\n\n\n\n<p>L'ossidazione anodica assicura un colore uniforme dell'argento e la resistenza alla corrosione; la tecnologia di lucidatura conferisce alla superficie una lucentezza a specchio, riflettendo la luce delicata per una sensazione di qualit\u00e0 superiore.<\/p>\n\n\n\n<p>L'argento \u00e8 un \"colore texture versatile\". Si abbina a completi e valigette in contesti lavorativi, trasmettendo una professionalit\u00e0 di basso profilo; nell'uso quotidiano, si abbina a borse casual o portachiavi, distinguendosi per la lucentezza metallica.<\/p>\n<\/div>\n<\/div>\n\n\n\n<h3 class=\"wp-block-heading\">La chiavetta USB con fibbia in metallo pu\u00f2 essere personalizzata con un logo? <\/h3>\n\n\n\n<p>S\u00ec! La chiavetta USB Metal Buckle supporta la personalizzazione a doppia area (fronte e retro) con tre processi: incisione laser, serigrafia e stampa a colori, per soddisfare le esigenze aziendali e personali. L'incisione laser \u00e8 il processo pi\u00f9 comunemente utilizzato.<\/p>\n\n\n\n<div class=\"wp-block-columns is-layout-flex wp-container-core-columns-is-layout-4 wp-block-columns-is-layout-flex\">\n<div class=\"wp-block-column is-vertically-aligned-center is-layout-flow wp-block-column-is-layout-flow\">\n<p>Offerte di incisione laser:<\/p>\n\n\n\n<p>Permanenza: Le incisioni penetrano nello strato metallico, non si sbiadiscono e non si staccano, rimanendo chiare anche dopo una lunga frizione;<\/p>\n\n\n\n<p>Texture: Le aree incise presentano una \"texture opaca\", che forma un contrasto chiaro-scuro con il metallo a specchio per una maggiore visibilit\u00e0;<\/p>\n\n\n\n<p>Precisione: Il laser riproduce con precisione anche lettere delicate o loghi complessi, supportando persino l'\"incisione a gradi\" per un effetto tridimensionale.<\/p>\n<\/div>\n\n\n\n<div class=\"wp-block-column is-layout-flow wp-block-column-is-layout-flow\">\n<figure class=\"wp-block-image size-full is-resized\"><img loading=\"lazy\" decoding=\"async\" width=\"800\" height=\"800\" src=\"https:\/\/yousanusb.com\/wp-content\/uploads\/2025\/06\/Metal-Buckle-USB-Flash-Drive-with-Logo.jpg\" alt=\"Chiavetta USB con fibbia in metallo e logo\" class=\"wp-image-17284\" style=\"width:450px;height:auto\" srcset=\"https:\/\/www.yousanusb.com\/wp-content\/uploads\/2025\/06\/Metal-Buckle-USB-Flash-Drive-with-Logo.jpg 800w, https:\/\/www.yousanusb.com\/wp-content\/uploads\/2025\/06\/Metal-Buckle-USB-Flash-Drive-with-Logo-300x300.jpg 300w, https:\/\/www.yousanusb.com\/wp-content\/uploads\/2025\/06\/Metal-Buckle-USB-Flash-Drive-with-Logo-150x150.jpg 150w, https:\/\/www.yousanusb.com\/wp-content\/uploads\/2025\/06\/Metal-Buckle-USB-Flash-Drive-with-Logo-768x768.jpg 768w, https:\/\/www.yousanusb.com\/wp-content\/uploads\/2025\/06\/Metal-Buckle-USB-Flash-Drive-with-Logo-12x12.jpg 12w, https:\/\/www.yousanusb.com\/wp-content\/uploads\/2025\/06\/Metal-Buckle-USB-Flash-Drive-with-Logo-600x600.jpg 600w, https:\/\/www.yousanusb.com\/wp-content\/uploads\/2025\/06\/Metal-Buckle-USB-Flash-Drive-with-Logo-100x100.jpg 100w\" sizes=\"(max-width: 800px) 100vw, 800px\" \/><\/figure>\n<\/div>\n<\/div>\n\n\n\n<h4 class=\"wp-block-heading\">Q1: La custodia della chiavetta USB con fibbia in metallo \u00e8 impermeabile e resistente agli urti? <\/h4>\n\n\n\n<p>R: L'involucro metallico \u00e8 \"impermeabile agli schizzi e resistente alle cadute\", ma fate attenzione ai dettagli!<\/p>\n\n\n\n<div class=\"wp-block-columns is-layout-flex wp-container-core-columns-is-layout-5 wp-block-columns-is-layout-flex\">\n<div class=\"wp-block-column is-layout-flow wp-block-column-is-layout-flow\">\n<figure class=\"wp-block-image size-full is-resized\"><img loading=\"lazy\" decoding=\"async\" width=\"800\" height=\"800\" src=\"https:\/\/yousanusb.com\/wp-content\/uploads\/2025\/06\/Metal-Clip-on-USB-Flash-Drive.png\" alt=\"Clip in metallo - su unit\u00e0 flash USB\" class=\"wp-image-17286\" style=\"width:450px\" srcset=\"https:\/\/www.yousanusb.com\/wp-content\/uploads\/2025\/06\/Metal-Clip-on-USB-Flash-Drive.png 800w, https:\/\/www.yousanusb.com\/wp-content\/uploads\/2025\/06\/Metal-Clip-on-USB-Flash-Drive-300x300.png 300w, https:\/\/www.yousanusb.com\/wp-content\/uploads\/2025\/06\/Metal-Clip-on-USB-Flash-Drive-150x150.png 150w, https:\/\/www.yousanusb.com\/wp-content\/uploads\/2025\/06\/Metal-Clip-on-USB-Flash-Drive-768x768.png 768w, https:\/\/www.yousanusb.com\/wp-content\/uploads\/2025\/06\/Metal-Clip-on-USB-Flash-Drive-12x12.png 12w, https:\/\/www.yousanusb.com\/wp-content\/uploads\/2025\/06\/Metal-Clip-on-USB-Flash-Drive-600x600.png 600w, https:\/\/www.yousanusb.com\/wp-content\/uploads\/2025\/06\/Metal-Clip-on-USB-Flash-Drive-100x100.png 100w\" sizes=\"(max-width: 800px) 100vw, 800px\" \/><\/figure>\n<\/div>\n\n\n\n<div class=\"wp-block-column is-vertically-aligned-center is-layout-flow wp-block-column-is-layout-flow\">\n<p>Impermeabilit\u00e0: La modanatura metallica integrata migliora la tenuta, proteggendo dalla pioggia quotidiana e dagli spruzzi d'acqua; tuttavia, l'interfaccia USB \u00e8 un contatto elettronico: non immergerla in acqua (ad esempio, piscine, bacini) per evitare cortocircuiti.<\/p>\n\n\n\n<p>Resistenza agli urti: Il metallo ad alta durezza \u00e8 in grado di tamponare i chip interni in caso di caduta da 1,5 metri; supporta inoltre la resistenza a temperature estreme (-20\u2103~60\u2103), l'antimagnetismo e l'anti raggi X, garantendo la sicurezza per i viaggi all'aperto e di lavoro.<\/p>\n<\/div>\n<\/div>\n\n\n\n<div style=\"height:50px\" aria-hidden=\"true\" class=\"wp-block-spacer\"><\/div>\n\n\n\n<h4 class=\"wp-block-heading\">D2: Quale vale la pena acquistare, la chiavetta USB con fibbia in metallo o una normale chiavetta USB in plastica? <\/h4>\n\n\n\n<p>R: Confrontando \"durata, aspetto ed esperienza\", l'unit\u00e0 flash USB con fibbia in metallo presenta vantaggi schiaccianti:<\/p>\n\n\n\n<p>Durata: Il metallo \u00e8 resistente alle cadute, ai graffi e all'ossidazione e rimane nuovo dopo 3 anni; le unit\u00e0 USB in plastica sono soggette a graffi e persino a rotture.<\/p>\n\n\n\n<p>Estetica e struttura: La lucentezza fredda e la forma robusta del metallo superano di gran lunga la \"sensazione economica\" della plastica, dando un aspetto pi\u00f9 professionale negli ambienti di lavoro.<\/p>\n\n\n\n<p>Esperienza di portabilit\u00e0: Il design della fibbia risolve direttamente il problema della \"facilit\u00e0 di perdita\", mentre le unit\u00e0 USB in plastica richiedono cordicelle aggiuntive, causando ulteriori problemi. Se il budget lo consente e si persegue l'obiettivo \"uso a lungo termine + aspetto attraente\", la chiavetta USB con fibbia in metallo \u00e8 sicuramente la scelta migliore.<\/p>\n\n\n\n<div class=\"wp-block-columns is-layout-flex wp-container-core-columns-is-layout-6 wp-block-columns-is-layout-flex\">\n<div class=\"wp-block-column is-layout-flow wp-block-column-is-layout-flow\"><div class=\"wp-block-image\">\n<figure class=\"aligncenter size-full is-resized\"><img loading=\"lazy\" decoding=\"async\" width=\"800\" height=\"800\" src=\"https:\/\/yousanusb.com\/wp-content\/uploads\/2025\/06\/Metal-Clip-USB-Flash-Drive.png\" alt=\"Unit\u00e0 flash USB con clip in metallo\" class=\"wp-image-17287\" style=\"width:450px\" srcset=\"https:\/\/www.yousanusb.com\/wp-content\/uploads\/2025\/06\/Metal-Clip-USB-Flash-Drive.png 800w, https:\/\/www.yousanusb.com\/wp-content\/uploads\/2025\/06\/Metal-Clip-USB-Flash-Drive-300x300.png 300w, https:\/\/www.yousanusb.com\/wp-content\/uploads\/2025\/06\/Metal-Clip-USB-Flash-Drive-150x150.png 150w, https:\/\/www.yousanusb.com\/wp-content\/uploads\/2025\/06\/Metal-Clip-USB-Flash-Drive-768x768.png 768w, https:\/\/www.yousanusb.com\/wp-content\/uploads\/2025\/06\/Metal-Clip-USB-Flash-Drive-12x12.png 12w, https:\/\/www.yousanusb.com\/wp-content\/uploads\/2025\/06\/Metal-Clip-USB-Flash-Drive-600x600.png 600w, https:\/\/www.yousanusb.com\/wp-content\/uploads\/2025\/06\/Metal-Clip-USB-Flash-Drive-100x100.png 100w\" sizes=\"(max-width: 800px) 100vw, 800px\" \/><\/figure><\/div><\/div>\n\n\n\n<div class=\"wp-block-column is-layout-flow wp-block-column-is-layout-flow\"><div class=\"wp-block-image\">\n<figure class=\"aligncenter size-full is-resized\"><img loading=\"lazy\" decoding=\"async\" width=\"800\" height=\"800\" src=\"https:\/\/yousanusb.com\/wp-content\/uploads\/2025\/06\/Metal-Hook-USB-Flash-Drive-from-Factory.jpg\" alt=\"Unit\u00e0 flash USB con gancio in metallo dalla fabbrica\" class=\"wp-image-17289\" style=\"width:450px\" srcset=\"https:\/\/www.yousanusb.com\/wp-content\/uploads\/2025\/06\/Metal-Hook-USB-Flash-Drive-from-Factory.jpg 800w, https:\/\/www.yousanusb.com\/wp-content\/uploads\/2025\/06\/Metal-Hook-USB-Flash-Drive-from-Factory-300x300.jpg 300w, https:\/\/www.yousanusb.com\/wp-content\/uploads\/2025\/06\/Metal-Hook-USB-Flash-Drive-from-Factory-150x150.jpg 150w, https:\/\/www.yousanusb.com\/wp-content\/uploads\/2025\/06\/Metal-Hook-USB-Flash-Drive-from-Factory-768x768.jpg 768w, https:\/\/www.yousanusb.com\/wp-content\/uploads\/2025\/06\/Metal-Hook-USB-Flash-Drive-from-Factory-12x12.jpg 12w, https:\/\/www.yousanusb.com\/wp-content\/uploads\/2025\/06\/Metal-Hook-USB-Flash-Drive-from-Factory-600x600.jpg 600w, https:\/\/www.yousanusb.com\/wp-content\/uploads\/2025\/06\/Metal-Hook-USB-Flash-Drive-from-Factory-100x100.jpg 100w\" sizes=\"(max-width: 800px) 100vw, 800px\" \/><\/figure><\/div><\/div>\n<\/div>\n\n\n\n<p><\/p>","protected":false},"excerpt":{"rendered":"<ul>\n<li>Design con foro ad anello e fibbia<\/li>\n<li>Materiale metallico<\/li>\n<li>Impermeabile e resistente<\/li>\n<li>Velocit\u00e0 pi\u00f9 elevata e alta qualit\u00e0<\/li>\n<li>Affidabile e sicuro<\/li>\n<li>Ottimo per tutti gli usi<\/li>\n<\/ul>","protected":false},"featured_media":17284,"comment_status":"open","ping_status":"closed","template":"","meta":{"_seopress_robots_primary_cat":"none","_seopress_titles_title":"Metal Buckle USB Flash Drive","_seopress_titles_desc":"Metal Buckle USB Flash Drive","_seopress_robots_index":""},"class_list":["post-17281","product","type-product","status-publish","has-post-thumbnail","hentry","product_cat-usb30-flash-drive","product_cat-metal-usb-flash-drive","product_tag-metal-buckle-usb-flash-drive","product_tag-custom-metal-keychain-usb-flash-drive","product_tag-buy-metal-leather-usb-flash-drive"],"_links":{"self":[{"href":"https:\/\/www.yousanusb.com\/it\/wp-json\/wp\/v2\/product\/17281"}],"collection":[{"href":"https:\/\/www.yousanusb.com\/it\/wp-json\/wp\/v2\/product"}],"about":[{"href":"https:\/\/www.yousanusb.com\/it\/wp-json\/wp\/v2\/types\/product"}],"replies":[{"embeddable":true,"href":"https:\/\/www.yousanusb.com\/it\/wp-json\/wp\/v2\/comments?post=17281"}],"wp:featuredmedia":[{"embeddable":true,"href":"https:\/\/www.yousanusb.com\/it\/wp-json\/wp\/v2\/media\/17284"}],"wp:attachment":[{"href":"https:\/\/www.yousanusb.com\/it\/wp-json\/wp\/v2\/media?parent=17281"}],"curies":[{"name":"wp","href":"https:\/\/api.w.org\/{rel}","templated":true}]}}