{"id":17293,"date":"2025-06-17T07:10:30","date_gmt":"2025-06-17T07:10:30","guid":{"rendered":"https:\/\/yousanusb.com\/?post_type=product&#038;p=17293"},"modified":"2025-10-06T00:23:50","modified_gmt":"2025-10-06T00:23:50","slug":"cute-metal-cat-claw-usb-flash-drive-multi-color-gift-usb-2-0-3-0","status":"publish","type":"product","link":"https:\/\/www.yousanusb.com\/it\/prodotto\/cute-metal-cat-claw-usb-flash-drive-multi-color-gift-usb-2-0-3-0\/","title":{"rendered":"Unit\u00e0 flash USB con artiglio di gatto in metallo - Regalo multicolore USB 2.0\/3.0"},"content":{"rendered":"<div class=\"wp-block-columns is-layout-flex wp-container-core-columns-is-layout-1 wp-block-columns-is-layout-flex\">\n<div class=\"wp-block-column is-layout-flow wp-block-column-is-layout-flow\">\n<figure class=\"wp-block-image size-full\"><img fetchpriority=\"high\" decoding=\"async\" width=\"800\" height=\"800\" src=\"https:\/\/yousanusb.com\/wp-content\/uploads\/2025\/06\/Various-Colors-Showcase-1.jpg\" alt=\"Vetrina colori vari\" class=\"wp-image-17304\" srcset=\"https:\/\/www.yousanusb.com\/wp-content\/uploads\/2025\/06\/Various-Colors-Showcase-1.jpg 800w, https:\/\/www.yousanusb.com\/wp-content\/uploads\/2025\/06\/Various-Colors-Showcase-1-300x300.jpg 300w, https:\/\/www.yousanusb.com\/wp-content\/uploads\/2025\/06\/Various-Colors-Showcase-1-150x150.jpg 150w, https:\/\/www.yousanusb.com\/wp-content\/uploads\/2025\/06\/Various-Colors-Showcase-1-768x768.jpg 768w, https:\/\/www.yousanusb.com\/wp-content\/uploads\/2025\/06\/Various-Colors-Showcase-1-12x12.jpg 12w, https:\/\/www.yousanusb.com\/wp-content\/uploads\/2025\/06\/Various-Colors-Showcase-1-600x600.jpg 600w, https:\/\/www.yousanusb.com\/wp-content\/uploads\/2025\/06\/Various-Colors-Showcase-1-100x100.jpg 100w\" sizes=\"(max-width: 800px) 100vw, 800px\" \/><\/figure>\n<\/div>\n\n\n\n<div class=\"wp-block-column is-vertically-aligned-center is-layout-flow wp-block-column-is-layout-flow\">\n<p>Cercate una chiavetta USB pratica e accattivante? La chiavetta USB con artiglio di gatto in metallo \u00e8 sicuramente la scelta migliore!<\/p>\n\n\n\n<p> Ispirato al simpatico e cartoonesco disegno dell'artiglio del gatto, combinato con il materiale interamente metallico, integra perfettamente la carineria e la consistenza, diventando il pi\u00f9 popolare stile di drive USB da regalo al momento. Sia per uso personale che come regalo, pu\u00f2 facilmente catturare i cuori delle persone!<\/p>\n<\/div>\n<\/div>\n\n\n\n<h2 class=\"wp-block-heading\"> Stile di design<\/h2>\n\n\n\n<p>L'unit\u00e0 USB con artiglio di gatto in metallo adotta uno stile carino e cartoonesco, prendendo come prototipo di design l'artiglio di un gatto. La sua forma piccola e squisita, con bordi arrotondati, \u00e8 molto carina. Il materiale interamente metallico non solo conferisce all'unit\u00e0 USB un aspetto pieno di consistenza, ma ne migliora notevolmente la durata, combinando bellezza e qualit\u00e0.<\/p>\n\n\n\n<h2 class=\"wp-block-heading\"> Comodo da usare<\/h2>\n\n\n\n<p>Questa unit\u00e0 USB adotta un design integrato, dotato di un adattatore per telefoni cellulari, che consente un doppio utilizzo per telefoni cellulari e computer e un vero e proprio plug-and-play. Ha un'ampia compatibilit\u00e0 e pu\u00f2 essere facilmente adattata a dispositivi come sistemi Windows, Mac, telefoni cellulari Android e tablet. <\/p>\n\n\n\n<div class=\"wp-block-columns is-layout-flex wp-container-core-columns-is-layout-2 wp-block-columns-is-layout-flex\">\n<div class=\"wp-block-column is-layout-flow wp-block-column-is-layout-flow\">\n<figure class=\"wp-block-image size-full\"><img decoding=\"async\" width=\"800\" height=\"800\" src=\"https:\/\/yousanusb.com\/wp-content\/uploads\/2025\/06\/O1CN017JznPo2C2aLgKnUnL_2218751688416-0-cib.jpg_.webp.jpg\" alt=\"Chiavetta USB a forma di zampa di gatto in metallo\" class=\"wp-image-17308\" srcset=\"https:\/\/www.yousanusb.com\/wp-content\/uploads\/2025\/06\/O1CN017JznPo2C2aLgKnUnL_2218751688416-0-cib.jpg_.webp.jpg 800w, https:\/\/www.yousanusb.com\/wp-content\/uploads\/2025\/06\/O1CN017JznPo2C2aLgKnUnL_2218751688416-0-cib.jpg_.webp-300x300.jpg 300w, https:\/\/www.yousanusb.com\/wp-content\/uploads\/2025\/06\/O1CN017JznPo2C2aLgKnUnL_2218751688416-0-cib.jpg_.webp-150x150.jpg 150w, https:\/\/www.yousanusb.com\/wp-content\/uploads\/2025\/06\/O1CN017JznPo2C2aLgKnUnL_2218751688416-0-cib.jpg_.webp-768x768.jpg 768w, https:\/\/www.yousanusb.com\/wp-content\/uploads\/2025\/06\/O1CN017JznPo2C2aLgKnUnL_2218751688416-0-cib.jpg_.webp-12x12.jpg 12w, https:\/\/www.yousanusb.com\/wp-content\/uploads\/2025\/06\/O1CN017JznPo2C2aLgKnUnL_2218751688416-0-cib.jpg_.webp-600x600.jpg 600w, https:\/\/www.yousanusb.com\/wp-content\/uploads\/2025\/06\/O1CN017JznPo2C2aLgKnUnL_2218751688416-0-cib.jpg_.webp-100x100.jpg 100w\" sizes=\"(max-width: 800px) 100vw, 800px\" \/><\/figure>\n<\/div>\n\n\n\n<div class=\"wp-block-column is-layout-flow wp-block-column-is-layout-flow\">\n<figure class=\"wp-block-image size-full\"><img decoding=\"async\" width=\"800\" height=\"800\" src=\"https:\/\/yousanusb.com\/wp-content\/uploads\/2025\/06\/Waterproof-and-shockproof-display-diagram.jpg\" alt=\"Diagramma del display impermeabile e antiurto\" class=\"wp-image-17311\" srcset=\"https:\/\/www.yousanusb.com\/wp-content\/uploads\/2025\/06\/Waterproof-and-shockproof-display-diagram.jpg 800w, https:\/\/www.yousanusb.com\/wp-content\/uploads\/2025\/06\/Waterproof-and-shockproof-display-diagram-300x300.jpg 300w, https:\/\/www.yousanusb.com\/wp-content\/uploads\/2025\/06\/Waterproof-and-shockproof-display-diagram-150x150.jpg 150w, https:\/\/www.yousanusb.com\/wp-content\/uploads\/2025\/06\/Waterproof-and-shockproof-display-diagram-768x768.jpg 768w, https:\/\/www.yousanusb.com\/wp-content\/uploads\/2025\/06\/Waterproof-and-shockproof-display-diagram-12x12.jpg 12w, https:\/\/www.yousanusb.com\/wp-content\/uploads\/2025\/06\/Waterproof-and-shockproof-display-diagram-600x600.jpg 600w, https:\/\/www.yousanusb.com\/wp-content\/uploads\/2025\/06\/Waterproof-and-shockproof-display-diagram-100x100.jpg 100w\" sizes=\"(max-width: 800px) 100vw, 800px\" \/><\/figure>\n<\/div>\n<\/div>\n\n\n\n<p> Grazie al chip di alta qualit\u00e0 A+ integrato, la trasmissione dei dati \u00e8 stabile e veloce. Allo stesso tempo, ha anche funzioni di impermeabilit\u00e0, antiurto e a prova di caduta. Anche se dovesse accidentalmente cadere in acqua o a terra, non c'\u00e8 bisogno di preoccuparsi della perdita di dati, salvaguardando i materiali importanti.<\/p>\n\n\n\n<div class=\"wp-block-columns is-layout-flex wp-container-core-columns-is-layout-3 wp-block-columns-is-layout-flex\">\n<div class=\"wp-block-column is-vertically-aligned-center is-layout-flow wp-block-column-is-layout-flow\">\n<h2 class=\"wp-block-heading\">Interfacce e parametri<\/h2>\n\n\n\n<p>L'unit\u00e0 USB con artiglio di gatto in metallo offre due possibilit\u00e0 di scelta tra l'interfaccia ordinaria USB 2.0 e l'interfaccia ad alta velocit\u00e0 USB 3.0, per soddisfare le esigenze di velocit\u00e0 di trasmissione dei diversi utenti. I parametri specifici sono i seguenti:<\/p>\n<\/div>\n\n\n\n<div class=\"wp-block-column is-vertically-aligned-center is-layout-flow wp-block-column-is-layout-flow\">\n<figure class=\"wp-block-image size-full\"><img loading=\"lazy\" decoding=\"async\" width=\"800\" height=\"800\" src=\"https:\/\/yousanusb.com\/wp-content\/uploads\/2025\/06\/Parameter-display-diagram-1.jpg\" alt=\"Diagramma di visualizzazione dei parametri\" class=\"wp-image-17320\" srcset=\"https:\/\/www.yousanusb.com\/wp-content\/uploads\/2025\/06\/Parameter-display-diagram-1.jpg 800w, https:\/\/www.yousanusb.com\/wp-content\/uploads\/2025\/06\/Parameter-display-diagram-1-300x300.jpg 300w, https:\/\/www.yousanusb.com\/wp-content\/uploads\/2025\/06\/Parameter-display-diagram-1-150x150.jpg 150w, https:\/\/www.yousanusb.com\/wp-content\/uploads\/2025\/06\/Parameter-display-diagram-1-768x768.jpg 768w, https:\/\/www.yousanusb.com\/wp-content\/uploads\/2025\/06\/Parameter-display-diagram-1-12x12.jpg 12w, https:\/\/www.yousanusb.com\/wp-content\/uploads\/2025\/06\/Parameter-display-diagram-1-600x600.jpg 600w, https:\/\/www.yousanusb.com\/wp-content\/uploads\/2025\/06\/Parameter-display-diagram-1-100x100.jpg 100w\" sizes=\"(max-width: 800px) 100vw, 800px\" \/><\/figure>\n<\/div>\n<\/div>\n\n\n\n<figure class=\"wp-block-table\"><table class=\"has-fixed-layout\"><thead><tr><th>Categoria di parametri<\/th><th>Specifiche dettagliate<\/th><\/tr><\/thead><tbody><tr><td>USB 2.0<\/td><td>60MB\/s<\/td><\/tr><tr><td>USB 3.0<\/td><td>640MB\/s<\/td><\/tr><tr><td>Peso<\/td><td>20g<\/td><\/tr><tr><td>Dimensioni<\/td><td>42<em>12<\/em>4 mm<\/td><\/tr><tr><td>Capacit\u00e0<\/td><td>16GB \/ 32GB \/ 64GB \/ 128GB<\/td><\/tr><tr><td>Colore<\/td><td>Oro, argento, oro rosa, nero<\/td><\/tr><\/tbody><\/table><\/figure>\n\n\n\n<h2 class=\"wp-block-heading\"> Colori e capacit\u00e0<\/h2>\n\n\n\n<p>L'unit\u00e0 USB con artiglio di gatto in metallo \u00e8 disponibile in quattro combinazioni di colori alla moda: oro, argento, oro rosa e nero. Tra questi, l'argento \u00e8 il pi\u00f9 popolare, con 80% di utenti che lo scelgono. Il modello in argento ha un aspetto semplice ed elegante, versatile e adatto a qualsiasi occasione. <\/p>\n\n\n\n<div class=\"wp-block-columns is-layout-flex wp-container-core-columns-is-layout-4 wp-block-columns-is-layout-flex\">\n<div class=\"wp-block-column is-layout-flow wp-block-column-is-layout-flow\"><div class=\"wp-block-image\">\n<figure class=\"aligncenter size-full\"><img loading=\"lazy\" decoding=\"async\" width=\"800\" height=\"800\" src=\"https:\/\/yousanusb.com\/wp-content\/uploads\/2025\/06\/Gold-1.jpg\" alt=\"\" class=\"wp-image-17315\" srcset=\"https:\/\/www.yousanusb.com\/wp-content\/uploads\/2025\/06\/Gold-1.jpg 800w, https:\/\/www.yousanusb.com\/wp-content\/uploads\/2025\/06\/Gold-1-300x300.jpg 300w, https:\/\/www.yousanusb.com\/wp-content\/uploads\/2025\/06\/Gold-1-150x150.jpg 150w, https:\/\/www.yousanusb.com\/wp-content\/uploads\/2025\/06\/Gold-1-768x768.jpg 768w, https:\/\/www.yousanusb.com\/wp-content\/uploads\/2025\/06\/Gold-1-12x12.jpg 12w, https:\/\/www.yousanusb.com\/wp-content\/uploads\/2025\/06\/Gold-1-600x600.jpg 600w, https:\/\/www.yousanusb.com\/wp-content\/uploads\/2025\/06\/Gold-1-100x100.jpg 100w\" sizes=\"(max-width: 800px) 100vw, 800px\" \/><figcaption class=\"wp-element-caption\">Oro<\/figcaption><\/figure><\/div><\/div>\n\n\n\n<div class=\"wp-block-column is-layout-flow wp-block-column-is-layout-flow\"><div class=\"wp-block-image\">\n<figure class=\"aligncenter size-full\"><img loading=\"lazy\" decoding=\"async\" width=\"800\" height=\"800\" src=\"https:\/\/yousanusb.com\/wp-content\/uploads\/2025\/06\/Silver-1.jpg\" alt=\"\" class=\"wp-image-17316\" srcset=\"https:\/\/www.yousanusb.com\/wp-content\/uploads\/2025\/06\/Silver-1.jpg 800w, https:\/\/www.yousanusb.com\/wp-content\/uploads\/2025\/06\/Silver-1-300x300.jpg 300w, https:\/\/www.yousanusb.com\/wp-content\/uploads\/2025\/06\/Silver-1-150x150.jpg 150w, https:\/\/www.yousanusb.com\/wp-content\/uploads\/2025\/06\/Silver-1-768x768.jpg 768w, https:\/\/www.yousanusb.com\/wp-content\/uploads\/2025\/06\/Silver-1-12x12.jpg 12w, https:\/\/www.yousanusb.com\/wp-content\/uploads\/2025\/06\/Silver-1-600x600.jpg 600w, https:\/\/www.yousanusb.com\/wp-content\/uploads\/2025\/06\/Silver-1-100x100.jpg 100w\" sizes=\"(max-width: 800px) 100vw, 800px\" \/><figcaption class=\"wp-element-caption\">Argento<\/figcaption><\/figure><\/div><\/div>\n\n\n\n<div class=\"wp-block-column is-layout-flow wp-block-column-is-layout-flow\"><div class=\"wp-block-image\">\n<figure class=\"aligncenter size-full\"><img loading=\"lazy\" decoding=\"async\" width=\"800\" height=\"800\" src=\"https:\/\/yousanusb.com\/wp-content\/uploads\/2025\/06\/Rose-Gold-1.jpg\" alt=\"\" class=\"wp-image-17317\" srcset=\"https:\/\/www.yousanusb.com\/wp-content\/uploads\/2025\/06\/Rose-Gold-1.jpg 800w, https:\/\/www.yousanusb.com\/wp-content\/uploads\/2025\/06\/Rose-Gold-1-300x300.jpg 300w, https:\/\/www.yousanusb.com\/wp-content\/uploads\/2025\/06\/Rose-Gold-1-150x150.jpg 150w, https:\/\/www.yousanusb.com\/wp-content\/uploads\/2025\/06\/Rose-Gold-1-768x768.jpg 768w, https:\/\/www.yousanusb.com\/wp-content\/uploads\/2025\/06\/Rose-Gold-1-12x12.jpg 12w, https:\/\/www.yousanusb.com\/wp-content\/uploads\/2025\/06\/Rose-Gold-1-600x600.jpg 600w, https:\/\/www.yousanusb.com\/wp-content\/uploads\/2025\/06\/Rose-Gold-1-100x100.jpg 100w\" sizes=\"(max-width: 800px) 100vw, 800px\" \/><figcaption class=\"wp-element-caption\">Oro rosa<\/figcaption><\/figure><\/div><\/div>\n\n\n\n<div class=\"wp-block-column is-layout-flow wp-block-column-is-layout-flow\"><div class=\"wp-block-image\">\n<figure class=\"aligncenter size-full\"><img loading=\"lazy\" decoding=\"async\" width=\"800\" height=\"800\" src=\"https:\/\/yousanusb.com\/wp-content\/uploads\/2025\/06\/Black-1.jpg\" alt=\"\" class=\"wp-image-17318\" srcset=\"https:\/\/www.yousanusb.com\/wp-content\/uploads\/2025\/06\/Black-1.jpg 800w, https:\/\/www.yousanusb.com\/wp-content\/uploads\/2025\/06\/Black-1-300x300.jpg 300w, https:\/\/www.yousanusb.com\/wp-content\/uploads\/2025\/06\/Black-1-150x150.jpg 150w, https:\/\/www.yousanusb.com\/wp-content\/uploads\/2025\/06\/Black-1-768x768.jpg 768w, https:\/\/www.yousanusb.com\/wp-content\/uploads\/2025\/06\/Black-1-12x12.jpg 12w, https:\/\/www.yousanusb.com\/wp-content\/uploads\/2025\/06\/Black-1-600x600.jpg 600w, https:\/\/www.yousanusb.com\/wp-content\/uploads\/2025\/06\/Black-1-100x100.jpg 100w\" sizes=\"(max-width: 800px) 100vw, 800px\" \/><figcaption class=\"wp-element-caption\">Nero<\/figcaption><\/figure><\/div><\/div>\n<\/div>\n\n\n\n<p>La lucentezza metallica risplende al sole, mostrando un senso di alta qualit\u00e0 in modo sobrio. Sia per l'ufficio che per l'uso quotidiano, si adatta perfettamente. Le capacit\u00e0 delle unit\u00e0 USB sono disponibili in diverse opzioni: 16GB, 32GB, 64GB e 128GB, per soddisfare le esigenze di archiviazione di diversi utenti.<\/p>\n\n\n\n<h2 class=\"wp-block-heading\"> Servizi di personalizzazione<\/h2>\n\n\n\n<div class=\"wp-block-columns are-vertically-aligned-center is-layout-flex wp-container-core-columns-is-layout-5 wp-block-columns-is-layout-flex\">\n<div class=\"wp-block-column is-vertically-aligned-center is-layout-flow wp-block-column-is-layout-flow\">\n<figure class=\"wp-block-image size-full\"><img loading=\"lazy\" decoding=\"async\" width=\"800\" height=\"800\" src=\"https:\/\/yousanusb.com\/wp-content\/uploads\/2025\/06\/O1CN010RBl8V2C2aLZ9I4sJ_2218751688416-0-cib.jpg_.webp.jpg\" alt=\"Serigrafia, logo laser\" class=\"wp-image-17307\" srcset=\"https:\/\/www.yousanusb.com\/wp-content\/uploads\/2025\/06\/O1CN010RBl8V2C2aLZ9I4sJ_2218751688416-0-cib.jpg_.webp.jpg 800w, https:\/\/www.yousanusb.com\/wp-content\/uploads\/2025\/06\/O1CN010RBl8V2C2aLZ9I4sJ_2218751688416-0-cib.jpg_.webp-300x300.jpg 300w, https:\/\/www.yousanusb.com\/wp-content\/uploads\/2025\/06\/O1CN010RBl8V2C2aLZ9I4sJ_2218751688416-0-cib.jpg_.webp-150x150.jpg 150w, https:\/\/www.yousanusb.com\/wp-content\/uploads\/2025\/06\/O1CN010RBl8V2C2aLZ9I4sJ_2218751688416-0-cib.jpg_.webp-768x768.jpg 768w, https:\/\/www.yousanusb.com\/wp-content\/uploads\/2025\/06\/O1CN010RBl8V2C2aLZ9I4sJ_2218751688416-0-cib.jpg_.webp-12x12.jpg 12w, https:\/\/www.yousanusb.com\/wp-content\/uploads\/2025\/06\/O1CN010RBl8V2C2aLZ9I4sJ_2218751688416-0-cib.jpg_.webp-600x600.jpg 600w, https:\/\/www.yousanusb.com\/wp-content\/uploads\/2025\/06\/O1CN010RBl8V2C2aLZ9I4sJ_2218751688416-0-cib.jpg_.webp-100x100.jpg 100w\" sizes=\"(max-width: 800px) 100vw, 800px\" \/><\/figure>\n<\/div>\n\n\n\n<div class=\"wp-block-column is-vertically-aligned-center is-layout-flow wp-block-column-is-layout-flow\">\n<p>Se volete rendere questa chiavetta USB ancora pi\u00f9 esclusiva, la chiavetta USB con artiglio di gatto in metallo supporta la personalizzazione! Sia la parte anteriore che quella posteriore della chiavetta USB possono essere personalizzate con loghi, grazie a due metodi: incisione laser e serigrafia. <\/p>\n\n\n\n<p>Il logo inciso al laser ha linee chiare ed \u00e8 durevole e resistente all'usura; il logo serigrafato \u00e8 ricco di colori e ha una forte espressivit\u00e0. Oltre alla chiavetta USB, anche la confezione pu\u00f2 essere personalizzata con i loghi.<\/p>\n\n\n\n<p>La configurazione standard \u00e8 generalmente costituita da sacchetti in PP o imballaggi in scatole di ferro. Che si tratti di promozione aziendale o di commemorazione personale, \u00e8 possibile creare un'unit\u00e0 USB unica ed esclusiva.<\/p>\n<\/div>\n<\/div>\n\n\n\n<h2 class=\"wp-block-heading\"> Domande comuni<\/h2>\n\n\n\n<p>D: L'unit\u00e0 USB con artiglio di gatto in metallo deve scaricare un software aggiuntivo quando viene utilizzata su un telefono cellulare?<\/p>\n\n\n\n<p>A: No. L'unit\u00e0 USB con artiglio di gatto in metallo adotta un design plug-and-play. \u00c8 sufficiente collegare l'adattatore del telefono cellulare e inserirlo nel telefono cellulare per utilizzarlo direttamente senza scaricare alcun software aggiuntivo, il che \u00e8 molto comodo da usare.<\/p>\n\n\n\n<p>D: Quanto tempo occorre per personalizzare il logo?<\/p>\n\n\n\n<p>R: In circostanze normali, il ciclo di produzione dei loghi incisi al laser \u00e8 di 3-5 giorni lavorativi, mentre il ciclo di produzione dei loghi serigrafati \u00e8 di 5-7 giorni lavorativi a causa del processo relativamente complesso. Il tempo specifico sar\u00e0 regolato in base alla quantit\u00e0 dell'ordine.<\/p>\n\n\n\n<p>Quanto sopra ha introdotto l'unit\u00e0 USB con artiglio di gatto in metallo da pi\u00f9 dimensioni. Se avete ancora domande sui dettagli del prodotto, sui processi di personalizzazione, ecc. o se avete nuove esigenze, potete comunicarmele in qualsiasi momento.<\/p>\n\n\n\n<p><\/p>","protected":false},"excerpt":{"rendered":"<ul>\n<li>Unit\u00e0 USB ad artiglio di gatto in metallo con interfacce 2.0\/3.0<\/li>\n<li>Doppia compatibilit\u00e0 per telefoni cellulari e computer, viene fornito con un adattatore per telefoni cellulari<\/li>\n<li>Impermeabile, antiurto e resistente alle cadute<\/li>\n<li>Disponibile in 4 colori: Oro, argento, oro rosa e nero<\/li>\n<\/ul>","protected":false},"featured_media":17304,"comment_status":"open","ping_status":"closed","template":"","meta":{"_seopress_robots_primary_cat":"","_seopress_titles_title":"","_seopress_titles_desc":"","_seopress_robots_index":""},"class_list":["post-17293","product","type-product","status-publish","has-post-thumbnail","hentry","product_cat-usb30-flash-drive","product_tag-rose-gold-usb-flash-drive","product_tag-custom-metal-keychain-usb-flash-drive","product_tag-buy-metal-leather-usb-flash-drive"],"_links":{"self":[{"href":"https:\/\/www.yousanusb.com\/it\/wp-json\/wp\/v2\/product\/17293"}],"collection":[{"href":"https:\/\/www.yousanusb.com\/it\/wp-json\/wp\/v2\/product"}],"about":[{"href":"https:\/\/www.yousanusb.com\/it\/wp-json\/wp\/v2\/types\/product"}],"replies":[{"embeddable":true,"href":"https:\/\/www.yousanusb.com\/it\/wp-json\/wp\/v2\/comments?post=17293"}],"wp:featuredmedia":[{"embeddable":true,"href":"https:\/\/www.yousanusb.com\/it\/wp-json\/wp\/v2\/media\/17304"}],"wp:attachment":[{"href":"https:\/\/www.yousanusb.com\/it\/wp-json\/wp\/v2\/media?parent=17293"}],"curies":[{"name":"wp","href":"https:\/\/api.w.org\/{rel}","templated":true}]}}