{"id":17343,"date":"2025-06-18T03:08:58","date_gmt":"2025-06-18T03:08:58","guid":{"rendered":"https:\/\/yousanusb.com\/?post_type=product&#038;p=17343"},"modified":"2025-10-06T00:23:43","modified_gmt":"2025-10-06T00:23:43","slug":"kingston-metal-usb-drive","status":"publish","type":"product","link":"https:\/\/www.yousanusb.com\/it\/prodotto\/kingston-metal-usb-drive\/","title":{"rendered":"Unit\u00e0 USB Kingston Metal"},"content":{"rendered":"<h2 class=\"wp-block-heading\">Che cos'\u00e8 il drive USB Kingston Metal? <\/h2>\n\n\n\n<div class=\"wp-block-columns is-layout-flex wp-container-core-columns-is-layout-1 wp-block-columns-is-layout-flex\">\n<div class=\"wp-block-column is-layout-flow wp-block-column-is-layout-flow\">\n<figure class=\"wp-block-image size-full is-resized\"><img fetchpriority=\"high\" decoding=\"async\" width=\"800\" height=\"800\" src=\"https:\/\/yousanusb.com\/wp-content\/uploads\/2025\/06\/Kingston-Metal-USB-Flash-Drive-from-Factory.png\" alt=\"Chiavetta USB Kingston Metal dalla fabbrica\" class=\"wp-image-17348\" style=\"width:450px\" srcset=\"https:\/\/www.yousanusb.com\/wp-content\/uploads\/2025\/06\/Kingston-Metal-USB-Flash-Drive-from-Factory.png 800w, https:\/\/www.yousanusb.com\/wp-content\/uploads\/2025\/06\/Kingston-Metal-USB-Flash-Drive-from-Factory-300x300.png 300w, https:\/\/www.yousanusb.com\/wp-content\/uploads\/2025\/06\/Kingston-Metal-USB-Flash-Drive-from-Factory-150x150.png 150w, https:\/\/www.yousanusb.com\/wp-content\/uploads\/2025\/06\/Kingston-Metal-USB-Flash-Drive-from-Factory-768x768.png 768w, https:\/\/www.yousanusb.com\/wp-content\/uploads\/2025\/06\/Kingston-Metal-USB-Flash-Drive-from-Factory-12x12.png 12w, https:\/\/www.yousanusb.com\/wp-content\/uploads\/2025\/06\/Kingston-Metal-USB-Flash-Drive-from-Factory-600x600.png 600w, https:\/\/www.yousanusb.com\/wp-content\/uploads\/2025\/06\/Kingston-Metal-USB-Flash-Drive-from-Factory-100x100.png 100w\" sizes=\"(max-width: 800px) 100vw, 800px\" \/><\/figure>\n<\/div>\n\n\n\n<div class=\"wp-block-column is-vertically-aligned-center is-layout-flow wp-block-column-is-layout-flow\">\n<p>Il corpo principale del drive USB Kingston Metal presenta un design a strisce di metallo argentato, trattato con una finitura spazzolata per presentare una delicata texture metallica.&nbsp;<\/p>\n\n\n\n<p>La parte superiore incorpora un occhiello aperto a forma di U in plastica nera, che consente di infilare facilmente portachiavi o cordini senza bisogno di attrezzi.<\/p>\n\n\n\n<p>Questo risolve il problema della facilit\u00e0 di perdita delle unit\u00e0 USB tradizionali, mentre il contrasto cromatico \"argento metallico + nero ossidiana\" incarna la filosofia di design del \"pragmatismo aziendale\".<\/p>\n<\/div>\n<\/div>\n\n\n\n<div style=\"height:50px\" aria-hidden=\"true\" class=\"wp-block-spacer\"><\/div>\n\n\n\n<h2 class=\"wp-block-heading\">Configurazione dell'interfaccia e parametri del drive USB Kingston Metal<\/h2>\n\n\n\n<figure class=\"wp-block-table\"><table class=\"has-fixed-layout\"><tbody><tr><td>Categoria<\/td><td>USB 2.0<\/td><td>USB 3.0<\/td><\/tr><tr><td>Tipo di interfaccia<\/td><td>USB 2.0 (trasmissione standard)<\/td><td>USB 3.0 (miglioramento della velocit\u00e0 di 5x+)<\/td><\/tr><tr><td>Capacit\u00e0<\/td><td>8GB\/16GB\/32GB<\/td><td>32GB\/64GB\/128GB<\/td><\/tr><tr><td>Velocit\u00e0 di lettura\/scrittura<\/td><td>Lettura \u224815-25MB\/sScrittura \u22488-15MB\/s<\/td><td>Lettura \u224880-150MB\/sScrittura \u224820-40MB\/s<\/td><\/tr><tr><td>Specifiche fisiche<\/td><td>39\u00d712,6\u00d74,9 mm<\/td><td>39\u00d712,6\u00d74,9 mm<\/td><\/tr><tr><td>Peso<\/td><td>15g<\/td><td>15g<\/td><\/tr><tr><td>Materiale della scocca<\/td><td>Lega di alluminio + struttura in tecnopolimero ABS<\/td><td>Lega di alluminio + struttura in tecnopolimero ABS<\/td><\/tr><tr><td>Sistemi compatibili<\/td><td>Windows\/macOS\/Linux\/Android<\/td><td>Windows\/macOS\/Linux\/Android<\/td><\/tr><tr><td>Scenari tipici<\/td><td>Archiviazione giornaliera di documenti\/allegati e-mail<\/td><td>Trasmissione video HD\/ backup dei file di progettazione<\/td><\/tr><\/tbody><\/table><\/figure>\n\n\n\n<div style=\"height:50px\" aria-hidden=\"true\" class=\"wp-block-spacer\"><\/div>\n\n\n\n<h2 class=\"wp-block-heading\">Colori del drive USB Kingston Metal <\/h2>\n\n\n\n<div class=\"wp-block-columns is-layout-flex wp-container-core-columns-is-layout-2 wp-block-columns-is-layout-flex\">\n<div class=\"wp-block-column is-vertically-aligned-center is-layout-flow wp-block-column-is-layout-flow\">\n<p>Adottando lo stesso processo di anodizzazione spazzolata dei gusci dei laptop, la superficie forma texture micro-convesse di 0,01 mm, evitando residui di impronte digitali sulla superficie a specchio e presentando una lucentezza fluida \"simile al metallo liquido\" sotto la rifrazione della luce.&nbsp;<\/p>\n\n\n\n<p>Il tono freddo dell'argento \u00e8 intrinsecamente legato al mondo degli affari e si adatta a scenari seri come conferenze finanziarie e documenti di studi legali.<\/p>\n\n\n\n<p>Se abbinato a valigette o laptop, la texture metallica richiama visivamente i dispositivi; lo strato di ossido metallico ha uno spessore di 5\u03bcm e supera 1.000 test di attrito senza sbiadire, mantenendo la qualit\u00e0 \"out-of-the-box\" anche dopo un uso prolungato.<\/p>\n<\/div>\n\n\n\n<div class=\"wp-block-column is-layout-flow wp-block-column-is-layout-flow\"><div class=\"wp-block-image\">\n<figure class=\"aligncenter size-full is-resized\"><img decoding=\"async\" width=\"800\" height=\"800\" src=\"https:\/\/yousanusb.com\/wp-content\/uploads\/2025\/06\/Kingston-Silver-Metal-USB-Flash-Drive.png\" alt=\"Chiavetta USB Kingston Silver Metal\" class=\"wp-image-17354\" style=\"width:450px\" srcset=\"https:\/\/www.yousanusb.com\/wp-content\/uploads\/2025\/06\/Kingston-Silver-Metal-USB-Flash-Drive.png 800w, https:\/\/www.yousanusb.com\/wp-content\/uploads\/2025\/06\/Kingston-Silver-Metal-USB-Flash-Drive-300x300.png 300w, https:\/\/www.yousanusb.com\/wp-content\/uploads\/2025\/06\/Kingston-Silver-Metal-USB-Flash-Drive-150x150.png 150w, https:\/\/www.yousanusb.com\/wp-content\/uploads\/2025\/06\/Kingston-Silver-Metal-USB-Flash-Drive-768x768.png 768w, https:\/\/www.yousanusb.com\/wp-content\/uploads\/2025\/06\/Kingston-Silver-Metal-USB-Flash-Drive-12x12.png 12w, https:\/\/www.yousanusb.com\/wp-content\/uploads\/2025\/06\/Kingston-Silver-Metal-USB-Flash-Drive-600x600.png 600w, https:\/\/www.yousanusb.com\/wp-content\/uploads\/2025\/06\/Kingston-Silver-Metal-USB-Flash-Drive-100x100.png 100w\" sizes=\"(max-width: 800px) 100vw, 800px\" \/><\/figure><\/div><\/div>\n<\/div>\n\n\n\n<div style=\"height:50px\" aria-hidden=\"true\" class=\"wp-block-spacer\"><\/div>\n\n\n\n<h2 class=\"wp-block-heading\">Il guscio del drive USB Kingston Metal pu\u00f2 essere personalizzato con un logo? <\/h2>\n\n\n\n<div class=\"wp-block-columns is-layout-flex wp-container-core-columns-is-layout-3 wp-block-columns-is-layout-flex\">\n<div class=\"wp-block-column is-layout-flow wp-block-column-is-layout-flow\"><div class=\"wp-block-image\">\n<figure class=\"aligncenter size-full is-resized\"><img decoding=\"async\" width=\"800\" height=\"800\" src=\"https:\/\/yousanusb.com\/wp-content\/uploads\/2025\/06\/Kingston-Metal-USB-Memory-Stick-with-Custom-Logo.png\" alt=\"Chiavetta USB Kingston in metallo con logo personalizzato\" class=\"wp-image-17350\" style=\"width:450px\" srcset=\"https:\/\/www.yousanusb.com\/wp-content\/uploads\/2025\/06\/Kingston-Metal-USB-Memory-Stick-with-Custom-Logo.png 800w, https:\/\/www.yousanusb.com\/wp-content\/uploads\/2025\/06\/Kingston-Metal-USB-Memory-Stick-with-Custom-Logo-300x300.png 300w, https:\/\/www.yousanusb.com\/wp-content\/uploads\/2025\/06\/Kingston-Metal-USB-Memory-Stick-with-Custom-Logo-150x150.png 150w, https:\/\/www.yousanusb.com\/wp-content\/uploads\/2025\/06\/Kingston-Metal-USB-Memory-Stick-with-Custom-Logo-768x768.png 768w, https:\/\/www.yousanusb.com\/wp-content\/uploads\/2025\/06\/Kingston-Metal-USB-Memory-Stick-with-Custom-Logo-12x12.png 12w, https:\/\/www.yousanusb.com\/wp-content\/uploads\/2025\/06\/Kingston-Metal-USB-Memory-Stick-with-Custom-Logo-600x600.png 600w, https:\/\/www.yousanusb.com\/wp-content\/uploads\/2025\/06\/Kingston-Metal-USB-Memory-Stick-with-Custom-Logo-100x100.png 100w\" sizes=\"(max-width: 800px) 100vw, 800px\" \/><\/figure><\/div><\/div>\n\n\n\n<div class=\"wp-block-column is-vertically-aligned-center is-layout-flow wp-block-column-is-layout-flow\">\n<p>Grazie all'incisione laser in fibra da 30W, si formano scanalature a livello nanometrico profonde 0,1 mm sulla superficie del metallo, con bordi del logo privi di bave che creano un contrasto naturale con il colore originale del metallo;<\/p>\n\n\n\n<p>Le aziende possono incidere i loghi dei marchi, i motivi tematici degli eventi, mentre i privati possono incidere abbreviazioni di nomi o date commemorative, conservate in modo permanente senza sbiadire;<\/p>\n<\/div>\n<\/div>\n\n\n\n<p><\/p>\n\n\n\n<h2 class=\"wp-block-heading\">La confezione del drive USB Kingston Metal pu\u00f2 essere personalizzata con un logo? <\/h2>\n\n\n\n<div class=\"wp-block-columns is-layout-flex wp-container-core-columns-is-layout-4 wp-block-columns-is-layout-flex\">\n<div class=\"wp-block-column is-vertically-aligned-center is-layout-flow wp-block-column-is-layout-flow\">\n<p>Imballaggio standard: Borsa trasparente in PP, adatta agli scenari di vendita al dettaglio del commercio elettronico;<\/p>\n\n\n\n<p>Imballaggio aggiornato 1: scatola di plastica rigida con spugna antiurto incorporata, che consente la personalizzazione in oro dei loghi aziendali sulla superficie della scatola.<\/p>\n\n\n\n<p>Imballaggio aggiornato 2: confezione regalo in banda stagnata, che supporta la stampa in quadricromia degli slogan del marchio, adatta a scenari di alto livello come gli anniversari e l'apprezzamento dei partner.<\/p>\n<\/div>\n\n\n\n<div class=\"wp-block-column is-layout-flow wp-block-column-is-layout-flow\"><div class=\"wp-block-image\">\n<figure class=\"aligncenter size-full is-resized\"><img loading=\"lazy\" decoding=\"async\" width=\"800\" height=\"800\" src=\"https:\/\/yousanusb.com\/wp-content\/uploads\/2025\/06\/Kingston-Metallic-USB-Drive-package-box.png\" alt=\"Scatola della confezione del drive USB Kingston Metallic\" class=\"wp-image-17352\" style=\"width:450px\" srcset=\"https:\/\/www.yousanusb.com\/wp-content\/uploads\/2025\/06\/Kingston-Metallic-USB-Drive-package-box.png 800w, https:\/\/www.yousanusb.com\/wp-content\/uploads\/2025\/06\/Kingston-Metallic-USB-Drive-package-box-300x300.png 300w, https:\/\/www.yousanusb.com\/wp-content\/uploads\/2025\/06\/Kingston-Metallic-USB-Drive-package-box-150x150.png 150w, https:\/\/www.yousanusb.com\/wp-content\/uploads\/2025\/06\/Kingston-Metallic-USB-Drive-package-box-768x768.png 768w, https:\/\/www.yousanusb.com\/wp-content\/uploads\/2025\/06\/Kingston-Metallic-USB-Drive-package-box-12x12.png 12w, https:\/\/www.yousanusb.com\/wp-content\/uploads\/2025\/06\/Kingston-Metallic-USB-Drive-package-box-600x600.png 600w, https:\/\/www.yousanusb.com\/wp-content\/uploads\/2025\/06\/Kingston-Metallic-USB-Drive-package-box-100x100.png 100w\" sizes=\"(max-width: 800px) 100vw, 800px\" \/><\/figure><\/div><\/div>\n<\/div>\n\n\n\n<p><\/p>\n\n\n\n<div style=\"height:50px\" aria-hidden=\"true\" class=\"wp-block-spacer\"><\/div>\n\n\n\n<h3 class=\"wp-block-heading\">Q1: Il guscio metallico \u00e8 davvero impermeabile e resistente agli urti? <\/h3>\n\n\n\n<p>A1: S\u00ec! La scocca utilizza una struttura composita in lega di alluminio 6061 + ABS, che supera il grado di impermeabilit\u00e0 IPX4 (resistente agli spruzzi\/all'immersione di breve durata), con il circuito interno coperto da un rivestimento nano impermeabile.<\/p>\n\n\n\n<p>Inoltre, supera il test di caduta da 1,5 m, resiste a temperature da -25\u2103 a 85\u2103, \u00e8 antimagnetico e anti raggi X, per garantire la sicurezza dei dati durante i viaggi di lavoro.<\/p>\n\n\n\n<h3 class=\"wp-block-heading\">D2: Il passante superiore pu\u00f2 contenere un portachiavi? Si romper\u00e0? <\/h3>\n\n\n\n<p>A2: Specificamente progettato per i portachiavi! L'anello a forma di U utilizza plastica ABS rinforzata, sottoposta a 5.000 test di carico senza deformazioni, per gestire facilmente 3-5 chiavi nell'uso quotidiano.<\/p>\n\n\n\n<p>Il design della scanalatura a forma di U aumenta l'attrito, impedendo ai cordini di scivolare, e nei test si \u00e8 dimostrato 3 volte pi\u00f9 resistente dei normali fori di sospensione per unit\u00e0 USB.<\/p>\n\n\n\n<div class=\"wp-block-columns is-layout-flex wp-container-core-columns-is-layout-5 wp-block-columns-is-layout-flex\">\n<div class=\"wp-block-column is-layout-flow wp-block-column-is-layout-flow\"><div class=\"wp-block-image\">\n<figure class=\"aligncenter size-full is-resized\"><img loading=\"lazy\" decoding=\"async\" width=\"800\" height=\"800\" src=\"https:\/\/yousanusb.com\/wp-content\/uploads\/2025\/06\/Kingston-Metallic-USB-Drive-in-Bulk.png\" alt=\"Unit\u00e0 USB metallica Kingston in blocco\" class=\"wp-image-17351\" style=\"width:450px\" srcset=\"https:\/\/www.yousanusb.com\/wp-content\/uploads\/2025\/06\/Kingston-Metallic-USB-Drive-in-Bulk.png 800w, https:\/\/www.yousanusb.com\/wp-content\/uploads\/2025\/06\/Kingston-Metallic-USB-Drive-in-Bulk-300x300.png 300w, https:\/\/www.yousanusb.com\/wp-content\/uploads\/2025\/06\/Kingston-Metallic-USB-Drive-in-Bulk-150x150.png 150w, https:\/\/www.yousanusb.com\/wp-content\/uploads\/2025\/06\/Kingston-Metallic-USB-Drive-in-Bulk-768x768.png 768w, https:\/\/www.yousanusb.com\/wp-content\/uploads\/2025\/06\/Kingston-Metallic-USB-Drive-in-Bulk-12x12.png 12w, https:\/\/www.yousanusb.com\/wp-content\/uploads\/2025\/06\/Kingston-Metallic-USB-Drive-in-Bulk-600x600.png 600w, https:\/\/www.yousanusb.com\/wp-content\/uploads\/2025\/06\/Kingston-Metallic-USB-Drive-in-Bulk-100x100.png 100w\" sizes=\"(max-width: 800px) 100vw, 800px\" \/><\/figure><\/div><\/div>\n\n\n\n<div class=\"wp-block-column is-layout-flow wp-block-column-is-layout-flow\"><div class=\"wp-block-image\">\n<figure class=\"aligncenter size-full is-resized\"><img loading=\"lazy\" decoding=\"async\" width=\"800\" height=\"800\" src=\"https:\/\/yousanusb.com\/wp-content\/uploads\/2025\/06\/Kingston-All-Metal-USB-Stick.png\" alt=\"Chiavetta USB Kingston All-Metal\" class=\"wp-image-17346\" style=\"width:450px\" srcset=\"https:\/\/www.yousanusb.com\/wp-content\/uploads\/2025\/06\/Kingston-All-Metal-USB-Stick.png 800w, https:\/\/www.yousanusb.com\/wp-content\/uploads\/2025\/06\/Kingston-All-Metal-USB-Stick-300x300.png 300w, https:\/\/www.yousanusb.com\/wp-content\/uploads\/2025\/06\/Kingston-All-Metal-USB-Stick-150x150.png 150w, https:\/\/www.yousanusb.com\/wp-content\/uploads\/2025\/06\/Kingston-All-Metal-USB-Stick-768x768.png 768w, https:\/\/www.yousanusb.com\/wp-content\/uploads\/2025\/06\/Kingston-All-Metal-USB-Stick-12x12.png 12w, https:\/\/www.yousanusb.com\/wp-content\/uploads\/2025\/06\/Kingston-All-Metal-USB-Stick-600x600.png 600w, https:\/\/www.yousanusb.com\/wp-content\/uploads\/2025\/06\/Kingston-All-Metal-USB-Stick-100x100.png 100w\" sizes=\"(max-width: 800px) 100vw, 800px\" \/><\/figure><\/div><\/div>\n<\/div>\n\n\n\n<p><\/p>","protected":false},"excerpt":{"rendered":"<ul>\n<li>Design aperto a U<\/li>\n<li>Materiale metallico<\/li>\n<li>Impermeabile e resistente<\/li>\n<li>Velocit\u00e0 pi\u00f9 elevata e alta qualit\u00e0<\/li>\n<li>Affidabile e sicuro<\/li>\n<li>Ottimo per tutti gli usi<\/li>\n<\/ul>","protected":false},"featured_media":17349,"comment_status":"open","ping_status":"closed","template":"","meta":{"_seopress_robots_primary_cat":"","_seopress_titles_title":"Kingston Metal USB Drive","_seopress_titles_desc":"Kingston Metal USB Drive","_seopress_robots_index":""},"class_list":["post-17343","product","type-product","status-publish","has-post-thumbnail","hentry","product_cat-usb30-flash-drive","product_cat-metal-usb-flash-drive","product_tag-aluminum-flash-drive","product_tag-kingston-metal-usb-drive","product_tag-custom-metal-keychain-usb-flash-drive"],"_links":{"self":[{"href":"https:\/\/www.yousanusb.com\/it\/wp-json\/wp\/v2\/product\/17343"}],"collection":[{"href":"https:\/\/www.yousanusb.com\/it\/wp-json\/wp\/v2\/product"}],"about":[{"href":"https:\/\/www.yousanusb.com\/it\/wp-json\/wp\/v2\/types\/product"}],"replies":[{"embeddable":true,"href":"https:\/\/www.yousanusb.com\/it\/wp-json\/wp\/v2\/comments?post=17343"}],"wp:featuredmedia":[{"embeddable":true,"href":"https:\/\/www.yousanusb.com\/it\/wp-json\/wp\/v2\/media\/17349"}],"wp:attachment":[{"href":"https:\/\/www.yousanusb.com\/it\/wp-json\/wp\/v2\/media?parent=17343"}],"curies":[{"name":"wp","href":"https:\/\/api.w.org\/{rel}","templated":true}]}}