{"id":17409,"date":"2025-09-19T08:03:23","date_gmt":"2025-09-19T08:03:23","guid":{"rendered":"https:\/\/yousanusb.com\/?post_type=product&#038;p=17409"},"modified":"2025-09-27T14:38:52","modified_gmt":"2025-09-27T14:38:52","slug":"bottle-opener-card-usb-flash-drive","status":"publish","type":"product","link":"https:\/\/www.yousanusb.com\/it\/prodotto\/bottle-opener-card-usb-flash-drive\/","title":{"rendered":"Scheda apribottiglie Unit\u00e0 flash USB"},"content":{"rendered":"<div class=\"wp-block-columns is-layout-flex wp-container-core-columns-is-layout-1 wp-block-columns-is-layout-flex\">\n<div class=\"wp-block-column is-layout-flow wp-block-column-is-layout-flow\">\n<figure class=\"wp-block-image size-full\"><img fetchpriority=\"high\" decoding=\"async\" width=\"800\" height=\"800\" src=\"https:\/\/yousanusb.com\/wp-content\/uploads\/2025\/09\/Usb-Bottle-Opener-Flash-Drive.jpg\" alt=\"\" class=\"wp-image-17417\" srcset=\"https:\/\/www.yousanusb.com\/wp-content\/uploads\/2025\/09\/Usb-Bottle-Opener-Flash-Drive.jpg 800w, https:\/\/www.yousanusb.com\/wp-content\/uploads\/2025\/09\/Usb-Bottle-Opener-Flash-Drive-300x300.jpg 300w, https:\/\/www.yousanusb.com\/wp-content\/uploads\/2025\/09\/Usb-Bottle-Opener-Flash-Drive-150x150.jpg 150w, https:\/\/www.yousanusb.com\/wp-content\/uploads\/2025\/09\/Usb-Bottle-Opener-Flash-Drive-768x768.jpg 768w, https:\/\/www.yousanusb.com\/wp-content\/uploads\/2025\/09\/Usb-Bottle-Opener-Flash-Drive-12x12.jpg 12w, https:\/\/www.yousanusb.com\/wp-content\/uploads\/2025\/09\/Usb-Bottle-Opener-Flash-Drive-600x600.jpg 600w, https:\/\/www.yousanusb.com\/wp-content\/uploads\/2025\/09\/Usb-Bottle-Opener-Flash-Drive-100x100.jpg 100w\" sizes=\"(max-width: 800px) 100vw, 800px\" \/><\/figure>\n<\/div>\n\n\n\n<div class=\"wp-block-column is-vertically-aligned-center is-layout-flow wp-block-column-is-layout-flow\">\n<p>Il&nbsp;<strong>Scheda apribottiglie Unit\u00e0 flash USB<\/strong>&nbsp;\u00e8 costituito principalmente da materiali di alta qualit\u00e0&nbsp;<strong>Materiale PVC<\/strong>che \u00e8 resistente, leggero e facile da stampare. Il materiale in PVC garantisce che la chiavetta USB non si danneggi facilmente durante l'uso quotidiano. Le dimensioni e la forma sono identiche a quelle di una normale carta bancaria, per cui \u00e8 facile da trasportare in un portafoglio, in una tasca o in una borsa.<\/p>\n\n\n\n<p>Dettagli:<br>1.Modulo apribottiglie: Acciaio inossidabile 304 incorporato nella parte inferiore della scheda, che consente l'apertura sicura dei tappi di bottiglia.<br>2. Connettore USB: Un connettore metallico retrattile che si nasconde completamente quando viene ritratto, mantenendo l'integrit\u00e0 della scheda.<\/p>\n<\/div>\n<\/div>\n\n\n\n<h2 class=\"wp-block-heading\">Specifiche dell'unit\u00e0 USB<\/h2>\n\n\n\n<figure class=\"wp-block-table\"><table class=\"has-fixed-layout\"><thead><tr><th>Categoria di specifiche<\/th><th>Dettagli<\/th><\/tr><\/thead><tbody><tr><td>Capacit\u00e0<\/td><td>8GB, 16GB, 32GB, 64GB, 128GB<\/td><\/tr><tr><td>Dimensioni (L\u00d7L\u00d7H)<\/td><td>Circa 86 mm \u00d7 54 mm \u00d7 2 mm<\/td><\/tr><tr><td>Peso<\/td><td>Circa 28 g<\/td><\/tr><tr><td>Tipo di interfaccia<\/td><td>USB 2.0 \/ USB 3.0<\/td><\/tr><tr><td>Materiale dell'apribottiglie<\/td><td>Integrato con il corpo principale, utilizza PVC ad alta resistenza combinato con inserti metallici per garantire capacit\u00e0 di carico e durata durante l'apertura della bottiglia<\/td><\/tr><\/tbody><\/table><\/figure>\n\n\n\n<h2 class=\"wp-block-heading\">Elementi personalizzabili<\/h2>\n\n\n\n<div class=\"wp-block-columns is-layout-flex wp-container-core-columns-is-layout-2 wp-block-columns-is-layout-flex\">\n<div class=\"wp-block-column is-vertically-aligned-center is-layout-flow wp-block-column-is-layout-flow\">\n<p>Il <strong>scheda Unit\u00e0 flash USB<\/strong> con apribottiglie supporta la personalizzazione di modelli altamente personalizzati. Le tecniche di stampa pi\u00f9 comuni includono:<br><strong>Stampa UV<\/strong>: In grado di creare effetti di stampa pi\u00f9 tridimensionali e strutturati. L'inchiostro si polimerizza istantaneamente alla luce ultravioletta, dando vita a stampe resistenti all'usura e di lunga durata. Consente inoltre di ottenere texture speciali come finiture opache e lucide.<br><strong>Stampa serigrafica<\/strong>: Un metodo di stampa economico e ampiamente utilizzato, adatto a motivi semplici, loghi e testi. L'inchiostro viene spremuto attraverso una rete sulla superficie del PVC, creando stampe durevoli e vivaci.<br><strong>Stampa digitale<\/strong>: Ideale per progetti complessi e ad alta risoluzione. \u00c8 in grado di riprodurre con precisione immagini dettagliate, colori sfumati e tonalit\u00e0 ricche, creando unit\u00e0 USB promozionali a colori e di pregio.<\/p>\n<\/div>\n\n\n\n<div class=\"wp-block-column is-vertically-aligned-center is-layout-flow wp-block-column-is-layout-flow\">\n<figure class=\"wp-block-image size-full is-resized\"><img decoding=\"async\" width=\"800\" height=\"800\" src=\"https:\/\/yousanusb.com\/wp-content\/uploads\/2025\/09\/Card-Shape-Bottle-Opener-Flash-Drive.jpg\" alt=\"\" class=\"wp-image-17415\" style=\"width:432px;height:auto\" srcset=\"https:\/\/www.yousanusb.com\/wp-content\/uploads\/2025\/09\/Card-Shape-Bottle-Opener-Flash-Drive.jpg 800w, https:\/\/www.yousanusb.com\/wp-content\/uploads\/2025\/09\/Card-Shape-Bottle-Opener-Flash-Drive-300x300.jpg 300w, https:\/\/www.yousanusb.com\/wp-content\/uploads\/2025\/09\/Card-Shape-Bottle-Opener-Flash-Drive-150x150.jpg 150w, https:\/\/www.yousanusb.com\/wp-content\/uploads\/2025\/09\/Card-Shape-Bottle-Opener-Flash-Drive-768x768.jpg 768w, https:\/\/www.yousanusb.com\/wp-content\/uploads\/2025\/09\/Card-Shape-Bottle-Opener-Flash-Drive-12x12.jpg 12w, https:\/\/www.yousanusb.com\/wp-content\/uploads\/2025\/09\/Card-Shape-Bottle-Opener-Flash-Drive-600x600.jpg 600w, https:\/\/www.yousanusb.com\/wp-content\/uploads\/2025\/09\/Card-Shape-Bottle-Opener-Flash-Drive-100x100.jpg 100w\" sizes=\"(max-width: 800px) 100vw, 800px\" \/><\/figure>\n<\/div>\n<\/div>\n\n\n\n<h2 class=\"wp-block-heading\">Aziende e scenari adatti<\/h2>\n\n\n\n<div class=\"wp-block-columns is-layout-flex wp-container-core-columns-is-layout-3 wp-block-columns-is-layout-flex\">\n<div class=\"wp-block-column is-vertically-aligned-center is-layout-flow wp-block-column-is-layout-flow\">\n<h3 class=\"wp-block-heading\">Aziende adatte<\/h3>\n\n\n\n<ul class=\"wp-block-list\">\n<li><strong>Aziende produttrici di bevande<\/strong>: Ad esempio, le aziende produttrici di birra possono personalizzare le chiavette USB con l'identit\u00e0 del loro marchio come regali promozionali. <\/li>\n\n\n\n<li><strong>Societ\u00e0 di pianificazione eventi<\/strong>: Durante eventi come festival musicali, feste aziendali e lanci di prodotti, le chiavette USB personalizzate con i temi dell'evento possono essere utilizzate come souvenir unici, rafforzando il ricordo dell'evento da parte dei partecipanti.<\/li>\n\n\n\n<li><strong>Fornitori di regali aziendali<\/strong>: Queste unit\u00e0 USB possono essere confezionate come regali aziendali di alto livello. Dopo aver personalizzato i loghi, le aziende possono regalarle a partner, dipendenti o clienti.<\/li>\n<\/ul>\n<\/div>\n\n\n\n<div class=\"wp-block-column is-vertically-aligned-center is-layout-flow wp-block-column-is-layout-flow\">\n<figure class=\"wp-block-image size-full\"><img decoding=\"async\" width=\"800\" height=\"800\" src=\"https:\/\/yousanusb.com\/wp-content\/uploads\/2025\/09\/AR619_ACC1_10_5.jpg\" alt=\"\" class=\"wp-image-18202\" srcset=\"https:\/\/www.yousanusb.com\/wp-content\/uploads\/2025\/09\/AR619_ACC1_10_5.jpg 800w, https:\/\/www.yousanusb.com\/wp-content\/uploads\/2025\/09\/AR619_ACC1_10_5-300x300.jpg 300w, https:\/\/www.yousanusb.com\/wp-content\/uploads\/2025\/09\/AR619_ACC1_10_5-150x150.jpg 150w, https:\/\/www.yousanusb.com\/wp-content\/uploads\/2025\/09\/AR619_ACC1_10_5-768x768.jpg 768w, https:\/\/www.yousanusb.com\/wp-content\/uploads\/2025\/09\/AR619_ACC1_10_5-12x12.jpg 12w, https:\/\/www.yousanusb.com\/wp-content\/uploads\/2025\/09\/AR619_ACC1_10_5-600x600.jpg 600w, https:\/\/www.yousanusb.com\/wp-content\/uploads\/2025\/09\/AR619_ACC1_10_5-100x100.jpg 100w\" sizes=\"(max-width: 800px) 100vw, 800px\" \/><\/figure>\n<\/div>\n<\/div>\n\n\n\n<div class=\"wp-block-columns is-layout-flex wp-container-core-columns-is-layout-4 wp-block-columns-is-layout-flex\">\n<div class=\"wp-block-column is-vertically-aligned-center is-layout-flow wp-block-column-is-layout-flow\">\n<h3 class=\"wp-block-heading\">Scenari adatti<\/h3>\n\n\n\n<ul class=\"wp-block-list\">\n<li><strong>Incontri sociali<\/strong>: In occasione di feste, barbecue, picnic e altre occasioni, l'apribottiglie pu\u00f2 essere utilizzato per aprire le bevande in qualsiasi momento, mentre la funzione USB consente di condividere foto, video o musica dell'evento.<\/li>\n\n\n\n<li><strong>Viaggi d'affari<\/strong>: I professionisti del business possono facilmente portarlo in un portafoglio o in un portabiglietti da visita per conservare importanti documenti aziendali e diapositive di presentazione. La funzione di apribottiglie \u00e8 utile anche durante le cene di lavoro o gli eventi sociali post-lavorativi.<\/li>\n\n\n\n<li><strong>Attivit\u00e0 promozionali<\/strong>: Nelle promozioni in negozio, nelle mostre o nelle estrazioni a sorte online, le chiavette USB personalizzate possono attirare l'attenzione dei clienti. <\/li>\n<\/ul>\n<\/div>\n\n\n\n<div class=\"wp-block-column is-layout-flow wp-block-column-is-layout-flow\">\n<figure class=\"wp-block-image size-full\"><img loading=\"lazy\" decoding=\"async\" width=\"800\" height=\"800\" src=\"https:\/\/yousanusb.com\/wp-content\/uploads\/2025\/09\/AR619_4CP1_10_5.jpg\" alt=\"\" class=\"wp-image-18204\" srcset=\"https:\/\/www.yousanusb.com\/wp-content\/uploads\/2025\/09\/AR619_4CP1_10_5.jpg 800w, https:\/\/www.yousanusb.com\/wp-content\/uploads\/2025\/09\/AR619_4CP1_10_5-300x300.jpg 300w, https:\/\/www.yousanusb.com\/wp-content\/uploads\/2025\/09\/AR619_4CP1_10_5-150x150.jpg 150w, https:\/\/www.yousanusb.com\/wp-content\/uploads\/2025\/09\/AR619_4CP1_10_5-768x768.jpg 768w, https:\/\/www.yousanusb.com\/wp-content\/uploads\/2025\/09\/AR619_4CP1_10_5-12x12.jpg 12w, https:\/\/www.yousanusb.com\/wp-content\/uploads\/2025\/09\/AR619_4CP1_10_5-600x600.jpg 600w, https:\/\/www.yousanusb.com\/wp-content\/uploads\/2025\/09\/AR619_4CP1_10_5-100x100.jpg 100w\" sizes=\"(max-width: 800px) 100vw, 800px\" \/><\/figure>\n<\/div>\n<\/div>\n\n\n\n<div class=\"wp-block-columns is-layout-flex wp-container-core-columns-is-layout-5 wp-block-columns-is-layout-flex\">\n<div class=\"wp-block-column is-layout-flow wp-block-column-is-layout-flow\">\n<figure class=\"wp-block-image size-full\"><img loading=\"lazy\" decoding=\"async\" width=\"800\" height=\"800\" src=\"https:\/\/yousanusb.com\/wp-content\/uploads\/2025\/09\/AR619_GROUP_10_5.jpg\" alt=\"\" class=\"wp-image-18201\" srcset=\"https:\/\/www.yousanusb.com\/wp-content\/uploads\/2025\/09\/AR619_GROUP_10_5.jpg 800w, https:\/\/www.yousanusb.com\/wp-content\/uploads\/2025\/09\/AR619_GROUP_10_5-300x300.jpg 300w, https:\/\/www.yousanusb.com\/wp-content\/uploads\/2025\/09\/AR619_GROUP_10_5-150x150.jpg 150w, https:\/\/www.yousanusb.com\/wp-content\/uploads\/2025\/09\/AR619_GROUP_10_5-768x768.jpg 768w, https:\/\/www.yousanusb.com\/wp-content\/uploads\/2025\/09\/AR619_GROUP_10_5-12x12.jpg 12w, https:\/\/www.yousanusb.com\/wp-content\/uploads\/2025\/09\/AR619_GROUP_10_5-600x600.jpg 600w, https:\/\/www.yousanusb.com\/wp-content\/uploads\/2025\/09\/AR619_GROUP_10_5-100x100.jpg 100w\" sizes=\"(max-width: 800px) 100vw, 800px\" \/><\/figure>\n<\/div>\n\n\n\n<div class=\"wp-block-column is-vertically-aligned-center is-layout-flow wp-block-column-is-layout-flow\">\n<p>Il <strong>scheda Unit\u00e0 USB con apribottiglie<\/strong> \u00e8 un prodotto davvero innovativo e multifunzionale. Il suo design unico, che combina un apribottiglie con una chiavetta USB a forma di carta, lo fa risaltare sul mercato. Le sue ricche opzioni di personalizzazione lo rendono uno strumento promozionale ideale per le aziende, mentre le sue varie capacit\u00e0 e la sua portabilit\u00e0 soddisfano le esigenze di diversi utenti. Svolge un ruolo importante nei contesti sociali, nei viaggi di lavoro e nelle attivit\u00e0 promozionali.<\/p>\n<\/div>\n<\/div>","protected":false},"excerpt":{"rendered":"<ul>\n<li>MOQ: 100pcs<\/li>\n<li>Materiali: PVC<\/li>\n<li>Unit\u00e0 flash USB di tipo card<\/li>\n<li>Unit\u00e0 USB apribottiglie<\/li>\n<li>Personalizzazione dei modelli<\/li>\n<\/ul>","protected":false},"featured_media":17414,"comment_status":"open","ping_status":"closed","template":"","meta":{"_seopress_robots_primary_cat":"none","_seopress_titles_title":"","_seopress_titles_desc":"","_seopress_robots_index":""},"class_list":["post-17409","product","type-product","status-publish","has-post-thumbnail","hentry","product_cat-card-usb-flash-drive"],"_links":{"self":[{"href":"https:\/\/www.yousanusb.com\/it\/wp-json\/wp\/v2\/product\/17409"}],"collection":[{"href":"https:\/\/www.yousanusb.com\/it\/wp-json\/wp\/v2\/product"}],"about":[{"href":"https:\/\/www.yousanusb.com\/it\/wp-json\/wp\/v2\/types\/product"}],"replies":[{"embeddable":true,"href":"https:\/\/www.yousanusb.com\/it\/wp-json\/wp\/v2\/comments?post=17409"}],"wp:featuredmedia":[{"embeddable":true,"href":"https:\/\/www.yousanusb.com\/it\/wp-json\/wp\/v2\/media\/17414"}],"wp:attachment":[{"href":"https:\/\/www.yousanusb.com\/it\/wp-json\/wp\/v2\/media?parent=17409"}],"curies":[{"name":"wp","href":"https:\/\/api.w.org\/{rel}","templated":true}]}}