{"id":18189,"date":"2025-09-24T07:41:57","date_gmt":"2025-09-24T07:41:57","guid":{"rendered":"https:\/\/yousanusb.com\/?post_type=product&#038;p=18189"},"modified":"2025-09-27T14:39:59","modified_gmt":"2025-09-27T14:39:59","slug":"environmental-protection-paper-card-usb-flash-drive","status":"publish","type":"product","link":"https:\/\/www.yousanusb.com\/it\/prodotto\/environmental-protection-paper-card-usb-flash-drive\/","title":{"rendered":"Carta di protezione ambientale Unit\u00e0 flash USB"},"content":{"rendered":"<div class=\"wp-block-columns is-layout-flex wp-container-core-columns-is-layout-1 wp-block-columns-is-layout-flex\">\n<div class=\"wp-block-column is-layout-flow wp-block-column-is-layout-flow\">\n<figure class=\"wp-block-image size-full\"><img fetchpriority=\"high\" decoding=\"async\" width=\"800\" height=\"800\" src=\"https:\/\/yousanusb.com\/wp-content\/uploads\/2025\/09\/paper-thin-usb-memory-card.png\" alt=\"\" class=\"wp-image-18194\" srcset=\"https:\/\/www.yousanusb.com\/wp-content\/uploads\/2025\/09\/paper-thin-usb-memory-card.png 800w, https:\/\/www.yousanusb.com\/wp-content\/uploads\/2025\/09\/paper-thin-usb-memory-card-300x300.png 300w, https:\/\/www.yousanusb.com\/wp-content\/uploads\/2025\/09\/paper-thin-usb-memory-card-150x150.png 150w, https:\/\/www.yousanusb.com\/wp-content\/uploads\/2025\/09\/paper-thin-usb-memory-card-768x768.png 768w, https:\/\/www.yousanusb.com\/wp-content\/uploads\/2025\/09\/paper-thin-usb-memory-card-12x12.png 12w, https:\/\/www.yousanusb.com\/wp-content\/uploads\/2025\/09\/paper-thin-usb-memory-card-600x600.png 600w, https:\/\/www.yousanusb.com\/wp-content\/uploads\/2025\/09\/paper-thin-usb-memory-card-100x100.png 100w\" sizes=\"(max-width: 800px) 100vw, 800px\" \/><\/figure>\n<\/div>\n\n\n\n<div class=\"wp-block-column is-vertically-aligned-center is-layout-flow wp-block-column-is-layout-flow\">\n<p>Questo <strong>Chiavetta USB di carta personalizzata<\/strong> ha un design a carta di credito. \u00c8 piccolo e leggero. Pu\u00f2 stare nel portafoglio o in una custodia per biglietti da visita. Si pu\u00f2 facilmente mettere in tasca. Non occupa molto spazio. L'unit\u00e0 flash USB pu\u00f2 essere collegata rapidamente ai dispositivi. Il guscio della chiavetta USB \u00e8 realizzato in carta ecologica. Ha una consistenza diversa dalle tradizionali chiavette USB in plastica.<\/p>\n<\/div>\n<\/div>\n\n\n\n<h2 class=\"wp-block-heading\">Attributi chiave<\/h2>\n\n\n\n<figure class=\"wp-block-table\"><table class=\"has-fixed-layout\"><thead><tr><th>Categoria di parametri<\/th><th>Parametri specifici<\/th><\/tr><\/thead><tbody><tr><td>Nome del marchio <\/td><td>OEM\/ODM<\/td><\/tr><tr><td>Logo<\/td><td>Stampa a colori, stampa su seta, incisione laser<\/td><\/tr><tr><td>Materiale<\/td><td>Carta (corpo principale) + metallo (porta)<\/td><\/tr><tr><td>Certificato<\/td><td>CE FCC ROHS<\/td><\/tr><\/tbody><\/table><\/figure>\n\n\n\n<h2 class=\"wp-block-heading\">Stampa del logo personalizzato<\/h2>\n\n\n\n<p>Offriamo servizi di personalizzazione completa per le vostre schede USB. <br><strong>Logo<\/strong>serigrafia del logo\/stampa a colori.<br>\u00c8 possibile aggiungere il logo aziendale, la grafica o il messaggio tramite stampa o incisione di alta qualit\u00e0. Questo prodotto \u00e8 ideale per:<\/p>\n\n\n\n<ul class=\"wp-block-list\">\n<li>Omaggi aziendali<\/li>\n\n\n\n<li>Fiere ed eventi<\/li>\n\n\n\n<li>Promozioni scolastiche o universitarie<\/li>\n\n\n\n<li>Campagne aziendali eco-compatibili<\/li>\n<\/ul>\n\n\n\n<div class=\"wp-block-columns is-layout-flex wp-container-core-columns-is-layout-2 wp-block-columns-is-layout-flex\">\n<div class=\"wp-block-column is-layout-flow wp-block-column-is-layout-flow\">\n<figure class=\"wp-block-image size-full\"><img decoding=\"async\" width=\"800\" height=\"800\" src=\"https:\/\/yousanusb.com\/wp-content\/uploads\/2025\/09\/paper-usb-flash-drive-card.png\" alt=\"\" class=\"wp-image-18196\" srcset=\"https:\/\/www.yousanusb.com\/wp-content\/uploads\/2025\/09\/paper-usb-flash-drive-card.png 800w, https:\/\/www.yousanusb.com\/wp-content\/uploads\/2025\/09\/paper-usb-flash-drive-card-300x300.png 300w, https:\/\/www.yousanusb.com\/wp-content\/uploads\/2025\/09\/paper-usb-flash-drive-card-150x150.png 150w, https:\/\/www.yousanusb.com\/wp-content\/uploads\/2025\/09\/paper-usb-flash-drive-card-768x768.png 768w, https:\/\/www.yousanusb.com\/wp-content\/uploads\/2025\/09\/paper-usb-flash-drive-card-12x12.png 12w, https:\/\/www.yousanusb.com\/wp-content\/uploads\/2025\/09\/paper-usb-flash-drive-card-600x600.png 600w, https:\/\/www.yousanusb.com\/wp-content\/uploads\/2025\/09\/paper-usb-flash-drive-card-100x100.png 100w\" sizes=\"(max-width: 800px) 100vw, 800px\" \/><\/figure>\n<\/div>\n\n\n\n<div class=\"wp-block-column is-layout-flow wp-block-column-is-layout-flow\">\n<figure class=\"wp-block-image size-full\"><img decoding=\"async\" width=\"800\" height=\"800\" src=\"https:\/\/yousanusb.com\/wp-content\/uploads\/2025\/09\/paper-card.png\" alt=\"\" class=\"wp-image-18193\" srcset=\"https:\/\/www.yousanusb.com\/wp-content\/uploads\/2025\/09\/paper-card.png 800w, https:\/\/www.yousanusb.com\/wp-content\/uploads\/2025\/09\/paper-card-300x300.png 300w, https:\/\/www.yousanusb.com\/wp-content\/uploads\/2025\/09\/paper-card-150x150.png 150w, https:\/\/www.yousanusb.com\/wp-content\/uploads\/2025\/09\/paper-card-768x768.png 768w, https:\/\/www.yousanusb.com\/wp-content\/uploads\/2025\/09\/paper-card-12x12.png 12w, https:\/\/www.yousanusb.com\/wp-content\/uploads\/2025\/09\/paper-card-600x600.png 600w, https:\/\/www.yousanusb.com\/wp-content\/uploads\/2025\/09\/paper-card-100x100.png 100w\" sizes=\"(max-width: 800px) 100vw, 800px\" \/><\/figure>\n<\/div>\n<\/div>\n\n\n\n<div class=\"wp-block-columns is-layout-flex wp-container-core-columns-is-layout-3 wp-block-columns-is-layout-flex\">\n<div class=\"wp-block-column is-layout-flow wp-block-column-is-layout-flow\">\n<figure class=\"wp-block-image size-full\"><img loading=\"lazy\" decoding=\"async\" width=\"800\" height=\"800\" src=\"https:\/\/yousanusb.com\/wp-content\/uploads\/2025\/09\/paper-usb-business-card.png\" alt=\"\" class=\"wp-image-18195\" srcset=\"https:\/\/www.yousanusb.com\/wp-content\/uploads\/2025\/09\/paper-usb-business-card.png 800w, https:\/\/www.yousanusb.com\/wp-content\/uploads\/2025\/09\/paper-usb-business-card-300x300.png 300w, https:\/\/www.yousanusb.com\/wp-content\/uploads\/2025\/09\/paper-usb-business-card-150x150.png 150w, https:\/\/www.yousanusb.com\/wp-content\/uploads\/2025\/09\/paper-usb-business-card-768x768.png 768w, https:\/\/www.yousanusb.com\/wp-content\/uploads\/2025\/09\/paper-usb-business-card-12x12.png 12w, https:\/\/www.yousanusb.com\/wp-content\/uploads\/2025\/09\/paper-usb-business-card-600x600.png 600w, https:\/\/www.yousanusb.com\/wp-content\/uploads\/2025\/09\/paper-usb-business-card-100x100.png 100w\" sizes=\"(max-width: 800px) 100vw, 800px\" \/><\/figure>\n<\/div>\n\n\n\n<div class=\"wp-block-column is-layout-flow wp-block-column-is-layout-flow\">\n<figure class=\"wp-block-image size-full\"><img loading=\"lazy\" decoding=\"async\" width=\"800\" height=\"800\" src=\"https:\/\/yousanusb.com\/wp-content\/uploads\/2025\/09\/paper-card-usb-drive.png\" alt=\"\" class=\"wp-image-18192\" srcset=\"https:\/\/www.yousanusb.com\/wp-content\/uploads\/2025\/09\/paper-card-usb-drive.png 800w, https:\/\/www.yousanusb.com\/wp-content\/uploads\/2025\/09\/paper-card-usb-drive-300x300.png 300w, https:\/\/www.yousanusb.com\/wp-content\/uploads\/2025\/09\/paper-card-usb-drive-150x150.png 150w, https:\/\/www.yousanusb.com\/wp-content\/uploads\/2025\/09\/paper-card-usb-drive-768x768.png 768w, https:\/\/www.yousanusb.com\/wp-content\/uploads\/2025\/09\/paper-card-usb-drive-12x12.png 12w, https:\/\/www.yousanusb.com\/wp-content\/uploads\/2025\/09\/paper-card-usb-drive-600x600.png 600w, https:\/\/www.yousanusb.com\/wp-content\/uploads\/2025\/09\/paper-card-usb-drive-100x100.png 100w\" sizes=\"(max-width: 800px) 100vw, 800px\" \/><\/figure>\n<\/div>\n<\/div>","protected":false},"excerpt":{"rendered":"<ul>\n<li>Carta ecologica<\/li>\n<li>Smaple gratuito<\/li>\n<li>Prezzo di fabbrica<\/li>\n<li>Capacit\u00e0 OEM\/ODM<\/li>\n<li>MOQ: 100pcs<\/li>\n<\/ul>","protected":false},"featured_media":18194,"comment_status":"open","ping_status":"closed","template":"","meta":{"_seopress_robots_primary_cat":"none","_seopress_titles_title":"","_seopress_titles_desc":"","_seopress_robots_index":""},"class_list":["post-18189","product","type-product","status-publish","has-post-thumbnail","hentry","product_cat-card-usb-flash-drive"],"_links":{"self":[{"href":"https:\/\/www.yousanusb.com\/it\/wp-json\/wp\/v2\/product\/18189"}],"collection":[{"href":"https:\/\/www.yousanusb.com\/it\/wp-json\/wp\/v2\/product"}],"about":[{"href":"https:\/\/www.yousanusb.com\/it\/wp-json\/wp\/v2\/types\/product"}],"replies":[{"embeddable":true,"href":"https:\/\/www.yousanusb.com\/it\/wp-json\/wp\/v2\/comments?post=18189"}],"wp:featuredmedia":[{"embeddable":true,"href":"https:\/\/www.yousanusb.com\/it\/wp-json\/wp\/v2\/media\/18194"}],"wp:attachment":[{"href":"https:\/\/www.yousanusb.com\/it\/wp-json\/wp\/v2\/media?parent=18189"}],"curies":[{"name":"wp","href":"https:\/\/api.w.org\/{rel}","templated":true}]}}