{"id":18205,"date":"2025-09-24T10:16:48","date_gmt":"2025-09-24T10:16:48","guid":{"rendered":"https:\/\/yousanusb.com\/?post_type=product&#038;p=18205"},"modified":"2025-12-13T13:25:16","modified_gmt":"2025-12-13T13:25:16","slug":"credit-card-type-c-usb-flash-drive","status":"publish","type":"product","link":"https:\/\/www.yousanusb.com\/it\/prodotto\/credit-card-type-c-usb-flash-drive\/","title":{"rendered":"Unit\u00e0 flash USB tipo-c con carta di credito"},"content":{"rendered":"<div class=\"wp-block-columns is-layout-flex wp-container-core-columns-is-layout-1 wp-block-columns-is-layout-flex\">\n<div class=\"wp-block-column is-layout-flow wp-block-column-is-layout-flow\">\n<figure class=\"wp-block-image size-full\"><img fetchpriority=\"high\" decoding=\"async\" width=\"800\" height=\"800\" src=\"https:\/\/yousanusb.com\/wp-content\/uploads\/2025\/09\/Credit-Card-Type-c-Flash-Drive.jpg\" alt=\"\" class=\"wp-image-18210\" srcset=\"https:\/\/www.yousanusb.com\/wp-content\/uploads\/2025\/09\/Credit-Card-Type-c-Flash-Drive.jpg 800w, https:\/\/www.yousanusb.com\/wp-content\/uploads\/2025\/09\/Credit-Card-Type-c-Flash-Drive-300x300.jpg 300w, https:\/\/www.yousanusb.com\/wp-content\/uploads\/2025\/09\/Credit-Card-Type-c-Flash-Drive-150x150.jpg 150w, https:\/\/www.yousanusb.com\/wp-content\/uploads\/2025\/09\/Credit-Card-Type-c-Flash-Drive-768x768.jpg 768w, https:\/\/www.yousanusb.com\/wp-content\/uploads\/2025\/09\/Credit-Card-Type-c-Flash-Drive-12x12.jpg 12w, https:\/\/www.yousanusb.com\/wp-content\/uploads\/2025\/09\/Credit-Card-Type-c-Flash-Drive-600x600.jpg 600w, https:\/\/www.yousanusb.com\/wp-content\/uploads\/2025\/09\/Credit-Card-Type-c-Flash-Drive-100x100.jpg 100w\" sizes=\"(max-width: 800px) 100vw, 800px\" \/><\/figure>\n<\/div>\n\n\n\n<div class=\"wp-block-column is-vertically-aligned-center is-layout-flow wp-block-column-is-layout-flow\">\n<p>Questo <strong>scheda Unit\u00e0 flash USB<\/strong> presenta un <strong>Tipo-C<\/strong> (alcuni modelli sono compatibili con le interfacce USB tradizionali) e un design retrattile. Quando \u00e8 in uso, l'interfaccia pu\u00f2 essere estesa dal corpo della scheda con un semplice movimento di spinta e trazione per collegarsi rapidamente a smartphone, computer e altri dispositivi. Quando non viene utilizzata, l'interfaccia pu\u00f2 essere ritirata nel corpo della scheda per proteggerla dall'usura e mantenere pulita l'unit\u00e0 flash.<\/p>\n\n\n\n<p><br>Questo <strong>Scheda Unit\u00e0 flash USB Type-C<\/strong> assomiglia a una carta di credito standard per dimensioni e aspetto, consentendo di riporla facilmente in un portafoglio o in un portabiglietti da visita. Supporta anche la personalizzazione di motivi e testo.<\/p>\n<\/div>\n<\/div>\n\n\n\n<h2 class=\"wp-block-heading\">Specifiche dell'unit\u00e0 flash USB<\/h2>\n\n\n\n<figure class=\"wp-block-table\"><table class=\"has-fixed-layout\"><thead><tr><th>Categoria di parametri<\/th><th>Parametri specifici<\/th><\/tr><\/thead><tbody><tr><td>Tipo di interfaccia<\/td><td>Tipo-C (alcuni modelli supportano la compatibilit\u00e0 USB)<\/td><\/tr><tr><td>Materiale principale<\/td><td>Plastica (corpo della scheda) + metallo (componenti di interfaccia)<\/td><\/tr><tr><td>Velocit\u00e0 di trasferimento dati tipica<\/td><td>Lettura: Circa 15-30MB\/s; <br>Scrittura: Circa 8-15MB\/s (varia a seconda del dispositivo e della capacit\u00e0)<\/td><\/tr><tr><td>Compatibilit\u00e0 del sistema<\/td><td>Windows, Mac OS, Android (compatibile con i dispositivi Type-C)<\/td><\/tr><\/tbody><\/table><\/figure>\n\n\n\n<h2 class=\"wp-block-heading\">Cosa si pu\u00f2 personalizzare?<\/h2>\n\n\n\n<div class=\"wp-block-columns is-layout-flex wp-container-core-columns-is-layout-2 wp-block-columns-is-layout-flex\">\n<div class=\"wp-block-column is-vertically-aligned-center is-layout-flow wp-block-column-is-layout-flow\">\n<ul class=\"wp-block-list\">\n<li><strong>Per le imprese<\/strong>: I loghi dei marchi, i nomi delle aziende e gli slogan promozionali possono essere personalizzati, rendendoli adatti a scenari come i regali aziendali e la promozione del marchio.<\/li>\n\n\n\n<li><strong>Per gli individui<\/strong>: I motivi personalizzati (ad esempio, illustrazioni, grafica creativa), il testo esclusivo (ad esempio, firme, messaggi di benedizione) e persino il colore complessivo del corpo del biglietto possono essere modificati per creare uno stile unico.<\/li>\n<\/ul>\n\n\n\n<p>Tecniche di personalizzazione: Stampa a colori ad alta definizione \/ Incisione laser \/ Serigrafia<\/p>\n<\/div>\n<\/div>\n\n\n\n<div class=\"wp-block-columns is-layout-flex wp-container-core-columns-is-layout-3 wp-block-columns-is-layout-flex\">\n<div class=\"wp-block-column is-layout-flow wp-block-column-is-layout-flow\">\n<figure class=\"wp-block-image size-full\"><img decoding=\"async\" width=\"800\" height=\"800\" src=\"https:\/\/yousanusb.com\/wp-content\/uploads\/2025\/09\/flash-drive-type-c.jpg\" alt=\"\" class=\"wp-image-18212\" srcset=\"https:\/\/www.yousanusb.com\/wp-content\/uploads\/2025\/09\/flash-drive-type-c.jpg 800w, https:\/\/www.yousanusb.com\/wp-content\/uploads\/2025\/09\/flash-drive-type-c-300x300.jpg 300w, https:\/\/www.yousanusb.com\/wp-content\/uploads\/2025\/09\/flash-drive-type-c-150x150.jpg 150w, https:\/\/www.yousanusb.com\/wp-content\/uploads\/2025\/09\/flash-drive-type-c-768x768.jpg 768w, https:\/\/www.yousanusb.com\/wp-content\/uploads\/2025\/09\/flash-drive-type-c-12x12.jpg 12w, https:\/\/www.yousanusb.com\/wp-content\/uploads\/2025\/09\/flash-drive-type-c-600x600.jpg 600w, https:\/\/www.yousanusb.com\/wp-content\/uploads\/2025\/09\/flash-drive-type-c-100x100.jpg 100w\" sizes=\"(max-width: 800px) 100vw, 800px\" \/><\/figure>\n<\/div>\n\n\n\n<div class=\"wp-block-column is-layout-flow wp-block-column-is-layout-flow\">\n<figure class=\"wp-block-image size-full\"><img decoding=\"async\" width=\"800\" height=\"800\" src=\"https:\/\/yousanusb.com\/wp-content\/uploads\/2025\/09\/credit-card-flash-drive.jpg\" alt=\"\" class=\"wp-image-18209\" srcset=\"https:\/\/www.yousanusb.com\/wp-content\/uploads\/2025\/09\/credit-card-flash-drive.jpg 800w, https:\/\/www.yousanusb.com\/wp-content\/uploads\/2025\/09\/credit-card-flash-drive-300x300.jpg 300w, https:\/\/www.yousanusb.com\/wp-content\/uploads\/2025\/09\/credit-card-flash-drive-150x150.jpg 150w, https:\/\/www.yousanusb.com\/wp-content\/uploads\/2025\/09\/credit-card-flash-drive-768x768.jpg 768w, https:\/\/www.yousanusb.com\/wp-content\/uploads\/2025\/09\/credit-card-flash-drive-12x12.jpg 12w, https:\/\/www.yousanusb.com\/wp-content\/uploads\/2025\/09\/credit-card-flash-drive-600x600.jpg 600w, https:\/\/www.yousanusb.com\/wp-content\/uploads\/2025\/09\/credit-card-flash-drive-100x100.jpg 100w\" sizes=\"(max-width: 800px) 100vw, 800px\" \/><\/figure>\n<\/div>\n\n\n\n<div class=\"wp-block-column is-layout-flow wp-block-column-is-layout-flow\">\n<figure class=\"wp-block-image size-full\"><img loading=\"lazy\" decoding=\"async\" width=\"800\" height=\"800\" src=\"https:\/\/yousanusb.com\/wp-content\/uploads\/2025\/09\/card-type-flash-drives.jpg\" alt=\"\" class=\"wp-image-18208\" srcset=\"https:\/\/www.yousanusb.com\/wp-content\/uploads\/2025\/09\/card-type-flash-drives.jpg 800w, https:\/\/www.yousanusb.com\/wp-content\/uploads\/2025\/09\/card-type-flash-drives-300x300.jpg 300w, https:\/\/www.yousanusb.com\/wp-content\/uploads\/2025\/09\/card-type-flash-drives-150x150.jpg 150w, https:\/\/www.yousanusb.com\/wp-content\/uploads\/2025\/09\/card-type-flash-drives-768x768.jpg 768w, https:\/\/www.yousanusb.com\/wp-content\/uploads\/2025\/09\/card-type-flash-drives-12x12.jpg 12w, https:\/\/www.yousanusb.com\/wp-content\/uploads\/2025\/09\/card-type-flash-drives-600x600.jpg 600w, https:\/\/www.yousanusb.com\/wp-content\/uploads\/2025\/09\/card-type-flash-drives-100x100.jpg 100w\" sizes=\"(max-width: 800px) 100vw, 800px\" \/><\/figure>\n<\/div>\n<\/div>\n\n\n\n<h2 class=\"wp-block-heading\">Quali sono i vantaggi di una chiavetta USB Type-C?<\/h2>\n\n\n\n<div class=\"wp-block-columns is-layout-flex wp-container-core-columns-is-layout-4 wp-block-columns-is-layout-flex\">\n<div class=\"wp-block-column is-vertically-aligned-center is-layout-flow wp-block-column-is-layout-flow\">\n<figure class=\"wp-block-image size-full\"><img loading=\"lazy\" decoding=\"async\" width=\"800\" height=\"800\" src=\"https:\/\/yousanusb.com\/wp-content\/uploads\/2025\/09\/credit-card-usb-c.jpg\" alt=\"\" class=\"wp-image-18211\" srcset=\"https:\/\/www.yousanusb.com\/wp-content\/uploads\/2025\/09\/credit-card-usb-c.jpg 800w, https:\/\/www.yousanusb.com\/wp-content\/uploads\/2025\/09\/credit-card-usb-c-300x300.jpg 300w, https:\/\/www.yousanusb.com\/wp-content\/uploads\/2025\/09\/credit-card-usb-c-150x150.jpg 150w, https:\/\/www.yousanusb.com\/wp-content\/uploads\/2025\/09\/credit-card-usb-c-768x768.jpg 768w, https:\/\/www.yousanusb.com\/wp-content\/uploads\/2025\/09\/credit-card-usb-c-12x12.jpg 12w, https:\/\/www.yousanusb.com\/wp-content\/uploads\/2025\/09\/credit-card-usb-c-600x600.jpg 600w, https:\/\/www.yousanusb.com\/wp-content\/uploads\/2025\/09\/credit-card-usb-c-100x100.jpg 100w\" sizes=\"(max-width: 800px) 100vw, 800px\" \/><\/figure>\n<\/div>\n\n\n\n<div class=\"wp-block-column is-layout-flow wp-block-column-is-layout-flow\">\n<p><strong>1.Comodamente collegabile in entrambi i sensi<\/strong><br>L'interfaccia Type-C ha un design simmetrico, quindi non \u00e8 necessario distinguere tra la parte anteriore e quella posteriore. Anche in condizioni di scarsa illuminazione o di funzionamento al buio, \u00e8 possibile collegarlo facilmente.<br><strong>2. Ampia compatibilit\u00e0 e trasmissione cross-device senza soluzione di continuit\u00e0<\/strong><br>La maggior parte delle unit\u00e0 flash Type-C ha un design a doppia interfaccia \"Type-C + USB-A\", compatibile con smartphone, tablet, notebook ultrasottili e altri dispositivi Type-C. Possono anche essere collegate direttamente a computer desktop tradizionali, televisori e console di gioco con porte USB-A.<br><strong>3. Forte portabilit\u00e0 per viaggiare senza preoccupazioni<\/strong><br>L'interfaccia Type-C \u00e8 di per s\u00e9 di dimensioni ridotte e consente di progettare i dischi U in modo da renderli pi\u00f9 sottili e leggeri e quindi facili da inserire nelle tasche o negli zaini. Inoltre, il design a doppia interfaccia elimina la necessit\u00e0 di portare con s\u00e9 adattatori aggiuntivi, consentendo il \"plug-and-play\" durante i viaggi di lavoro o gli spostamenti e riducendo il peso dei cavi.<br><strong>4. Elevata durabilit\u00e0 e lunga durata di vita<\/strong><br>La durata meccanica dell'interfaccia Type-C \u00e8 di oltre 10.000 volte superiore a quella delle interfacce tradizionali. Ci\u00f2 riduce efficacemente l'usura dell'interfaccia causata dai frequenti collegamenti e scollegamenti, rendendo l'unit\u00e0 flash pi\u00f9 stabile e duratura.<\/p>\n<\/div>\n<\/div>","protected":false},"excerpt":{"rendered":"<ul>\n<li>Materiale plastico<\/li>\n<li>Stampa serigrafica o a colori<\/li>\n<li>Unit\u00e0 flash USB Type-C<\/li>\n<li>CE\/FCC\/RoHS<\/li>\n<li>MOQ: 100pcs<\/li>\n<\/ul>","protected":false},"featured_media":18210,"comment_status":"open","ping_status":"closed","template":"","meta":{"_seopress_robots_primary_cat":"none","_seopress_titles_title":"","_seopress_titles_desc":"","_seopress_robots_index":""},"class_list":["post-18205","product","type-product","status-publish","has-post-thumbnail","hentry","product_cat-card-usb-flash-drive","product_tag-plastic-card-usb-flash-drive"],"_links":{"self":[{"href":"https:\/\/www.yousanusb.com\/it\/wp-json\/wp\/v2\/product\/18205"}],"collection":[{"href":"https:\/\/www.yousanusb.com\/it\/wp-json\/wp\/v2\/product"}],"about":[{"href":"https:\/\/www.yousanusb.com\/it\/wp-json\/wp\/v2\/types\/product"}],"replies":[{"embeddable":true,"href":"https:\/\/www.yousanusb.com\/it\/wp-json\/wp\/v2\/comments?post=18205"}],"wp:featuredmedia":[{"embeddable":true,"href":"https:\/\/www.yousanusb.com\/it\/wp-json\/wp\/v2\/media\/18210"}],"wp:attachment":[{"href":"https:\/\/www.yousanusb.com\/it\/wp-json\/wp\/v2\/media?parent=18205"}],"curies":[{"name":"wp","href":"https:\/\/api.w.org\/{rel}","templated":true}]}}