{"id":18231,"date":"2025-09-25T05:46:12","date_gmt":"2025-09-25T05:46:12","guid":{"rendered":"https:\/\/yousanusb.com\/?post_type=product&#038;p=18231"},"modified":"2025-11-12T04:25:51","modified_gmt":"2025-11-12T04:25:51","slug":"custom-cassette-usb-flash-drives","status":"publish","type":"product","link":"https:\/\/www.yousanusb.com\/it\/prodotto\/custom-cassette-usb-flash-drives\/","title":{"rendered":"Chiavette USB a cassetta personalizzate"},"content":{"rendered":"<p>Questo <strong>Cassetta Unit\u00e0 flash USB<\/strong> \u00e8 stato progettato per chi ama gli stili e la musica retr\u00f2. Pu\u00f2 essere utilizzato per promuovere la musica e organizzare eventi a tema retr\u00f2. Pu\u00f2 anche essere regalato agli appassionati di musica e utilizzato per conservare la musica preferita. Inoltre, \u00e8 possibile stampare il logo del proprio marchio su questo <strong>cassetta Unit\u00e0 flash USB<\/strong> per rendere pi\u00f9 accattivanti le vostre attivit\u00e0 promozionali.<\/p>\n\n\n\n<div class=\"wp-block-columns is-layout-flex wp-container-core-columns-is-layout-1 wp-block-columns-is-layout-flex\">\n<div class=\"wp-block-column is-layout-flow wp-block-column-is-layout-flow\">\n<figure class=\"wp-block-image size-full\"><img fetchpriority=\"high\" decoding=\"async\" width=\"800\" height=\"800\" src=\"https:\/\/yousanusb.com\/wp-content\/uploads\/2025\/09\/a5e0e469793ab84c8b979677758049e5.png\" alt=\"\" class=\"wp-image-18234\" srcset=\"https:\/\/www.yousanusb.com\/wp-content\/uploads\/2025\/09\/a5e0e469793ab84c8b979677758049e5.png 800w, https:\/\/www.yousanusb.com\/wp-content\/uploads\/2025\/09\/a5e0e469793ab84c8b979677758049e5-300x300.png 300w, https:\/\/www.yousanusb.com\/wp-content\/uploads\/2025\/09\/a5e0e469793ab84c8b979677758049e5-150x150.png 150w, https:\/\/www.yousanusb.com\/wp-content\/uploads\/2025\/09\/a5e0e469793ab84c8b979677758049e5-768x768.png 768w, https:\/\/www.yousanusb.com\/wp-content\/uploads\/2025\/09\/a5e0e469793ab84c8b979677758049e5-12x12.png 12w, https:\/\/www.yousanusb.com\/wp-content\/uploads\/2025\/09\/a5e0e469793ab84c8b979677758049e5-600x600.png 600w, https:\/\/www.yousanusb.com\/wp-content\/uploads\/2025\/09\/a5e0e469793ab84c8b979677758049e5-100x100.png 100w\" sizes=\"(max-width: 800px) 100vw, 800px\" \/><\/figure>\n<\/div>\n\n\n\n<div class=\"wp-block-column is-layout-flow wp-block-column-is-layout-flow\">\n<figure class=\"wp-block-image size-full\"><img decoding=\"async\" width=\"800\" height=\"800\" src=\"https:\/\/yousanusb.com\/wp-content\/uploads\/2025\/09\/usb-cassette-tape-drive.png\" alt=\"\" class=\"wp-image-18246\" srcset=\"https:\/\/www.yousanusb.com\/wp-content\/uploads\/2025\/09\/usb-cassette-tape-drive.png 800w, https:\/\/www.yousanusb.com\/wp-content\/uploads\/2025\/09\/usb-cassette-tape-drive-300x300.png 300w, https:\/\/www.yousanusb.com\/wp-content\/uploads\/2025\/09\/usb-cassette-tape-drive-150x150.png 150w, https:\/\/www.yousanusb.com\/wp-content\/uploads\/2025\/09\/usb-cassette-tape-drive-768x768.png 768w, https:\/\/www.yousanusb.com\/wp-content\/uploads\/2025\/09\/usb-cassette-tape-drive-12x12.png 12w, https:\/\/www.yousanusb.com\/wp-content\/uploads\/2025\/09\/usb-cassette-tape-drive-600x600.png 600w, https:\/\/www.yousanusb.com\/wp-content\/uploads\/2025\/09\/usb-cassette-tape-drive-100x100.png 100w\" sizes=\"(max-width: 800px) 100vw, 800px\" \/><\/figure>\n<\/div>\n<\/div>\n\n\n\n<h2 class=\"wp-block-heading\"><strong>Creativit\u00e0 e colori<\/strong><\/h2>\n\n\n\n<div class=\"wp-block-columns is-layout-flex wp-container-core-columns-is-layout-2 wp-block-columns-is-layout-flex\">\n<div class=\"wp-block-column is-vertically-aligned-center is-layout-flow wp-block-column-is-layout-flow\">\n<p>Questo <strong>Cassetta Unit\u00e0 flash USB<\/strong> \u00e8 dotato di una porta USB a scomparsa che non richiede un tappo aggiuntivo e pu\u00f2 essere esposta spingendo e tirando. Il suo guscio \u00e8 realizzato in plastica ABS leggera e resistente, che protegge il chip interno di memoria flash ad alta velocit\u00e0. Garantisce una memorizzazione stabile dei dati e una velocit\u00e0 di lettura e scrittura rapida ed \u00e8 compatibile con diversi sistemi. Nonostante l'aspetto retr\u00f2, offre un'esperienza tecnologica moderna.<\/p>\n\n\n\n<p>Questo <strong>Nastro a cassetta Unit\u00e0 USB<\/strong> \u00e8 disponibile in una variet\u00e0 di colori, i cinque pi\u00f9 venduti sono: rosso, verde, nero, bianco e arancione.<\/p>\n<\/div>\n\n\n\n<div class=\"wp-block-column is-layout-flow wp-block-column-is-layout-flow\">\n<figure class=\"wp-block-image size-large\"><img decoding=\"async\" width=\"1024\" height=\"1003\" src=\"https:\/\/yousanusb.com\/wp-content\/uploads\/2025\/09\/cassette-tape-usb-flash-drive-1024x1003.jpg\" alt=\"\" class=\"wp-image-18239\" srcset=\"https:\/\/www.yousanusb.com\/wp-content\/uploads\/2025\/09\/cassette-tape-usb-flash-drive-1024x1003.jpg 1024w, https:\/\/www.yousanusb.com\/wp-content\/uploads\/2025\/09\/cassette-tape-usb-flash-drive-300x294.jpg 300w, https:\/\/www.yousanusb.com\/wp-content\/uploads\/2025\/09\/cassette-tape-usb-flash-drive-768x752.jpg 768w, https:\/\/www.yousanusb.com\/wp-content\/uploads\/2025\/09\/cassette-tape-usb-flash-drive-12x12.jpg 12w, https:\/\/www.yousanusb.com\/wp-content\/uploads\/2025\/09\/cassette-tape-usb-flash-drive-600x588.jpg 600w, https:\/\/www.yousanusb.com\/wp-content\/uploads\/2025\/09\/cassette-tape-usb-flash-drive.jpg 1367w\" sizes=\"(max-width: 1024px) 100vw, 1024px\" \/><\/figure>\n<\/div>\n<\/div>\n\n\n\n<h2 class=\"wp-block-heading\">Casi d'uso e applicazioni<\/h2>\n\n\n\n<div class=\"wp-block-columns is-layout-flex wp-container-core-columns-is-layout-3 wp-block-columns-is-layout-flex\">\n<div class=\"wp-block-column is-layout-flow wp-block-column-is-layout-flow\">\n<figure class=\"wp-block-image size-full\"><img loading=\"lazy\" decoding=\"async\" width=\"800\" height=\"800\" src=\"https:\/\/yousanusb.com\/wp-content\/uploads\/2025\/09\/cassette-usb-drive.png\" alt=\"\" class=\"wp-image-18241\" srcset=\"https:\/\/www.yousanusb.com\/wp-content\/uploads\/2025\/09\/cassette-usb-drive.png 800w, https:\/\/www.yousanusb.com\/wp-content\/uploads\/2025\/09\/cassette-usb-drive-300x300.png 300w, https:\/\/www.yousanusb.com\/wp-content\/uploads\/2025\/09\/cassette-usb-drive-150x150.png 150w, https:\/\/www.yousanusb.com\/wp-content\/uploads\/2025\/09\/cassette-usb-drive-768x768.png 768w, https:\/\/www.yousanusb.com\/wp-content\/uploads\/2025\/09\/cassette-usb-drive-12x12.png 12w, https:\/\/www.yousanusb.com\/wp-content\/uploads\/2025\/09\/cassette-usb-drive-600x600.png 600w, https:\/\/www.yousanusb.com\/wp-content\/uploads\/2025\/09\/cassette-usb-drive-100x100.png 100w\" sizes=\"(max-width: 800px) 100vw, 800px\" \/><\/figure>\n<\/div>\n\n\n\n<div class=\"wp-block-column is-vertically-aligned-center is-layout-flow wp-block-column-is-layout-flow\">\n<p><strong>Distribuzione musicale<\/strong>: I musicisti indipendenti o le piccole band possono utilizzare le USB a cassetta per pubblicare il proprio lavoro, ad esempio per archiviare audio di alta qualit\u00e0, contenuti dietro le quinte e altro ancora. Possono anche essere trasformate in prodotti di serie che includono il merchandising.<br><strong>Regali aziendali<\/strong>: Le aziende possono personalizzare le confezioni con il logo e lo slogan del proprio marchio e utilizzarle come omaggi per le fiere o come regali di ringraziamento per i clienti.<br><strong>Memorizzazione delle emozioni<\/strong>: In momenti importanti come matrimoni e lauree, pu\u00f2 essere utilizzato per conservare video, foto e auguri di amici e parenti, diventando un contenitore di emozioni.<br><strong>Prodotti culturali e creativi<\/strong>: Nei mercatini vintage e nelle mostre nostalgiche, pu\u00f2 essere venduto insieme a modelli di registratori a cassetta e poster d'epoca, attirando giovani e turisti.<\/p>\n<\/div>\n<\/div>\n\n\n\n<h2 class=\"wp-block-heading\">Imballaggio e accessori<\/h2>\n\n\n\n<div class=\"wp-block-columns is-layout-flex wp-container-core-columns-is-layout-4 wp-block-columns-is-layout-flex\">\n<div class=\"wp-block-column is-vertically-aligned-center is-layout-flow wp-block-column-is-layout-flow\">\n<p>La confezione utilizza una scatola di plastica trasparente che mostra chiaramente il design a cassetta dell'unit\u00e0 USB e presenta un'estetica industriale semplice. La scatola pu\u00f2 essere abbinata a un biglietto pieghevole. La versione album musicale pu\u00f2 essere stampata con un elenco di canzoni e le note dell'artista. La versione con personalizzazione aziendale pu\u00f2 essere stampata con la storia del marchio o con un riassunto del catalogo prodotti. La versione ricordo personale pu\u00f2 essere utilizzata per inserire biglietti di auguri scritti a mano e adesivi commemorativi, rendendo speciale l'esperienza dell'unboxing.<\/p>\n<\/div>\n\n\n\n<div class=\"wp-block-column is-layout-flow wp-block-column-is-layout-flow\">\n<figure class=\"wp-block-image size-full\"><img loading=\"lazy\" decoding=\"async\" width=\"800\" height=\"800\" src=\"https:\/\/yousanusb.com\/wp-content\/uploads\/2025\/09\/cassette-tape-usb-drive-bulk.png\" alt=\"\" class=\"wp-image-18237\" srcset=\"https:\/\/www.yousanusb.com\/wp-content\/uploads\/2025\/09\/cassette-tape-usb-drive-bulk.png 800w, https:\/\/www.yousanusb.com\/wp-content\/uploads\/2025\/09\/cassette-tape-usb-drive-bulk-300x300.png 300w, https:\/\/www.yousanusb.com\/wp-content\/uploads\/2025\/09\/cassette-tape-usb-drive-bulk-150x150.png 150w, https:\/\/www.yousanusb.com\/wp-content\/uploads\/2025\/09\/cassette-tape-usb-drive-bulk-768x768.png 768w, https:\/\/www.yousanusb.com\/wp-content\/uploads\/2025\/09\/cassette-tape-usb-drive-bulk-12x12.png 12w, https:\/\/www.yousanusb.com\/wp-content\/uploads\/2025\/09\/cassette-tape-usb-drive-bulk-600x600.png 600w, https:\/\/www.yousanusb.com\/wp-content\/uploads\/2025\/09\/cassette-tape-usb-drive-bulk-100x100.png 100w\" sizes=\"(max-width: 800px) 100vw, 800px\" \/><\/figure>\n<\/div>\n<\/div>\n\n\n\n<h2 class=\"wp-block-heading\">Stampa dei modelli<\/h2>\n\n\n\n<p>Offriamo servizi di creazione di modelli personalizzati, utilizzando principalmente la stampa serigrafica e la stampa a trasferimento termico. Potete inviare le vostre richieste o i vostri disegni al nostro staff in anticipo. I nostri designer comunicheranno con voi per confermare il modello prima dell'inizio della produzione.<\/p>\n\n\n\n<div class=\"wp-block-columns is-layout-flex wp-container-core-columns-is-layout-5 wp-block-columns-is-layout-flex\">\n<div class=\"wp-block-column is-layout-flow wp-block-column-is-layout-flow\">\n<figure class=\"wp-block-image size-full\"><img loading=\"lazy\" decoding=\"async\" width=\"800\" height=\"800\" src=\"https:\/\/yousanusb.com\/wp-content\/uploads\/2025\/09\/fea9f364edab75104c365653a4863a87.png\" alt=\"\" class=\"wp-image-18245\" srcset=\"https:\/\/www.yousanusb.com\/wp-content\/uploads\/2025\/09\/fea9f364edab75104c365653a4863a87.png 800w, https:\/\/www.yousanusb.com\/wp-content\/uploads\/2025\/09\/fea9f364edab75104c365653a4863a87-300x300.png 300w, https:\/\/www.yousanusb.com\/wp-content\/uploads\/2025\/09\/fea9f364edab75104c365653a4863a87-150x150.png 150w, https:\/\/www.yousanusb.com\/wp-content\/uploads\/2025\/09\/fea9f364edab75104c365653a4863a87-768x768.png 768w, https:\/\/www.yousanusb.com\/wp-content\/uploads\/2025\/09\/fea9f364edab75104c365653a4863a87-12x12.png 12w, https:\/\/www.yousanusb.com\/wp-content\/uploads\/2025\/09\/fea9f364edab75104c365653a4863a87-600x600.png 600w, https:\/\/www.yousanusb.com\/wp-content\/uploads\/2025\/09\/fea9f364edab75104c365653a4863a87-100x100.png 100w\" sizes=\"(max-width: 800px) 100vw, 800px\" \/><\/figure>\n<\/div>\n\n\n\n<div class=\"wp-block-column is-layout-flow wp-block-column-is-layout-flow\">\n<figure class=\"wp-block-image size-full\"><img loading=\"lazy\" decoding=\"async\" width=\"800\" height=\"800\" src=\"https:\/\/yousanusb.com\/wp-content\/uploads\/2025\/09\/cassette-shaped-usb-drive-packaging.png\" alt=\"\" class=\"wp-image-18236\" srcset=\"https:\/\/www.yousanusb.com\/wp-content\/uploads\/2025\/09\/cassette-shaped-usb-drive-packaging.png 800w, https:\/\/www.yousanusb.com\/wp-content\/uploads\/2025\/09\/cassette-shaped-usb-drive-packaging-300x300.png 300w, https:\/\/www.yousanusb.com\/wp-content\/uploads\/2025\/09\/cassette-shaped-usb-drive-packaging-150x150.png 150w, https:\/\/www.yousanusb.com\/wp-content\/uploads\/2025\/09\/cassette-shaped-usb-drive-packaging-768x768.png 768w, https:\/\/www.yousanusb.com\/wp-content\/uploads\/2025\/09\/cassette-shaped-usb-drive-packaging-12x12.png 12w, https:\/\/www.yousanusb.com\/wp-content\/uploads\/2025\/09\/cassette-shaped-usb-drive-packaging-600x600.png 600w, https:\/\/www.yousanusb.com\/wp-content\/uploads\/2025\/09\/cassette-shaped-usb-drive-packaging-100x100.png 100w\" sizes=\"(max-width: 800px) 100vw, 800px\" \/><\/figure>\n<\/div>\n\n\n\n<div class=\"wp-block-column is-layout-flow wp-block-column-is-layout-flow\">\n<figure class=\"wp-block-image size-full\"><img loading=\"lazy\" decoding=\"async\" width=\"800\" height=\"800\" src=\"https:\/\/yousanusb.com\/wp-content\/uploads\/2025\/09\/audio-cassette-usb-drive.png\" alt=\"\" class=\"wp-image-18235\" srcset=\"https:\/\/www.yousanusb.com\/wp-content\/uploads\/2025\/09\/audio-cassette-usb-drive.png 800w, https:\/\/www.yousanusb.com\/wp-content\/uploads\/2025\/09\/audio-cassette-usb-drive-300x300.png 300w, https:\/\/www.yousanusb.com\/wp-content\/uploads\/2025\/09\/audio-cassette-usb-drive-150x150.png 150w, https:\/\/www.yousanusb.com\/wp-content\/uploads\/2025\/09\/audio-cassette-usb-drive-768x768.png 768w, https:\/\/www.yousanusb.com\/wp-content\/uploads\/2025\/09\/audio-cassette-usb-drive-12x12.png 12w, https:\/\/www.yousanusb.com\/wp-content\/uploads\/2025\/09\/audio-cassette-usb-drive-600x600.png 600w, https:\/\/www.yousanusb.com\/wp-content\/uploads\/2025\/09\/audio-cassette-usb-drive-100x100.png 100w\" sizes=\"(max-width: 800px) 100vw, 800px\" \/><\/figure>\n<\/div>\n<\/div>","protected":false},"excerpt":{"rendered":"<ul>\n<li>Unit\u00e0 flash USB con nastro a cassetta personalizzato<\/li>\n<li>Materiali plastici ABS<\/li>\n<li>Stampa a colori fronte e retro<\/li>\n<li>Gusci di cassetta trasparenti<\/li>\n<li>MOQ: 100pcs<\/li>\n<\/ul>","protected":false},"featured_media":18243,"comment_status":"open","ping_status":"closed","template":"","meta":{"_seopress_robots_primary_cat":"none","_seopress_titles_title":"","_seopress_titles_desc":"","_seopress_robots_index":""},"class_list":["post-18231","product","type-product","status-publish","has-post-thumbnail","hentry","product_cat-usb-flash-drive","product_tag-usb-music-cards"],"_links":{"self":[{"href":"https:\/\/www.yousanusb.com\/it\/wp-json\/wp\/v2\/product\/18231"}],"collection":[{"href":"https:\/\/www.yousanusb.com\/it\/wp-json\/wp\/v2\/product"}],"about":[{"href":"https:\/\/www.yousanusb.com\/it\/wp-json\/wp\/v2\/types\/product"}],"replies":[{"embeddable":true,"href":"https:\/\/www.yousanusb.com\/it\/wp-json\/wp\/v2\/comments?post=18231"}],"wp:featuredmedia":[{"embeddable":true,"href":"https:\/\/www.yousanusb.com\/it\/wp-json\/wp\/v2\/media\/18243"}],"wp:attachment":[{"href":"https:\/\/www.yousanusb.com\/it\/wp-json\/wp\/v2\/media?parent=18231"}],"curies":[{"name":"wp","href":"https:\/\/api.w.org\/{rel}","templated":true}]}}