{"id":18309,"date":"2025-09-25T09:14:34","date_gmt":"2025-09-25T09:14:34","guid":{"rendered":"https:\/\/yousanusb.com\/?post_type=product&#038;p=18309"},"modified":"2025-10-16T01:42:56","modified_gmt":"2025-10-16T01:42:56","slug":"custom-round-card-flip-usb-flash-drive","status":"publish","type":"product","link":"https:\/\/www.yousanusb.com\/it\/prodotto\/custom-round-card-flip-usb-flash-drive\/","title":{"rendered":"Unit\u00e0 flash USB con scheda rotonda in metallo"},"content":{"rendered":"<p>Questo <strong>Scheda rotonda Unit\u00e0 flash USB<\/strong> cattura il vostro sguardo? Con la sua texture liscia, il design arrotondato e l'esclusiva finitura in metallo spazzolato, \u00e8 diventato uno dei \"preferiti dalla moda\" nel mondo dell'archiviazione mobile.<\/p>\n\n\n\n<div class=\"wp-block-columns is-layout-flex wp-container-core-columns-is-layout-1 wp-block-columns-is-layout-flex\">\n<div class=\"wp-block-column is-layout-flow wp-block-column-is-layout-flow\">\n<figure class=\"wp-block-image size-full\"><img fetchpriority=\"high\" decoding=\"async\" width=\"800\" height=\"800\" src=\"https:\/\/yousanusb.com\/wp-content\/uploads\/2025\/09\/odm-round-card-usb-flash-drive-china-customized\u200b.jpg\" alt=\"\" class=\"wp-image-18319\" srcset=\"https:\/\/www.yousanusb.com\/wp-content\/uploads\/2025\/09\/odm-round-card-usb-flash-drive-china-customized\u200b.jpg 800w, https:\/\/www.yousanusb.com\/wp-content\/uploads\/2025\/09\/odm-round-card-usb-flash-drive-china-customized\u200b-300x300.jpg 300w, https:\/\/www.yousanusb.com\/wp-content\/uploads\/2025\/09\/odm-round-card-usb-flash-drive-china-customized\u200b-150x150.jpg 150w, https:\/\/www.yousanusb.com\/wp-content\/uploads\/2025\/09\/odm-round-card-usb-flash-drive-china-customized\u200b-768x768.jpg 768w, https:\/\/www.yousanusb.com\/wp-content\/uploads\/2025\/09\/odm-round-card-usb-flash-drive-china-customized\u200b-12x12.jpg 12w, https:\/\/www.yousanusb.com\/wp-content\/uploads\/2025\/09\/odm-round-card-usb-flash-drive-china-customized\u200b-600x600.jpg 600w, https:\/\/www.yousanusb.com\/wp-content\/uploads\/2025\/09\/odm-round-card-usb-flash-drive-china-customized\u200b-100x100.jpg 100w\" sizes=\"(max-width: 800px) 100vw, 800px\" \/><\/figure>\n<\/div>\n\n\n\n<div class=\"wp-block-column is-layout-flow wp-block-column-is-layout-flow\">\n<figure class=\"wp-block-image size-full\"><img decoding=\"async\" width=\"800\" height=\"800\" src=\"https:\/\/yousanusb.com\/wp-content\/uploads\/2025\/09\/low-price-round-card-usb-flash-drive.jpg\" alt=\"\" class=\"wp-image-18318\" srcset=\"https:\/\/www.yousanusb.com\/wp-content\/uploads\/2025\/09\/low-price-round-card-usb-flash-drive.jpg 800w, https:\/\/www.yousanusb.com\/wp-content\/uploads\/2025\/09\/low-price-round-card-usb-flash-drive-300x300.jpg 300w, https:\/\/www.yousanusb.com\/wp-content\/uploads\/2025\/09\/low-price-round-card-usb-flash-drive-150x150.jpg 150w, https:\/\/www.yousanusb.com\/wp-content\/uploads\/2025\/09\/low-price-round-card-usb-flash-drive-768x768.jpg 768w, https:\/\/www.yousanusb.com\/wp-content\/uploads\/2025\/09\/low-price-round-card-usb-flash-drive-12x12.jpg 12w, https:\/\/www.yousanusb.com\/wp-content\/uploads\/2025\/09\/low-price-round-card-usb-flash-drive-600x600.jpg 600w, https:\/\/www.yousanusb.com\/wp-content\/uploads\/2025\/09\/low-price-round-card-usb-flash-drive-100x100.jpg 100w\" sizes=\"(max-width: 800px) 100vw, 800px\" \/><\/figure>\n<\/div>\n<\/div>\n\n\n\n<h2 class=\"wp-block-heading\">Dettagli del prodotto<\/h2>\n\n\n\n<div class=\"wp-block-columns is-layout-flex wp-container-core-columns-is-layout-2 wp-block-columns-is-layout-flex\">\n<div class=\"wp-block-column is-layout-flow wp-block-column-is-layout-flow\">\n<figure class=\"wp-block-image size-full\"><img decoding=\"async\" width=\"800\" height=\"529\" src=\"https:\/\/yousanusb.com\/wp-content\/uploads\/2025\/09\/china-round-card-usb-flash-drive-factory.jpg\" alt=\"\" class=\"wp-image-18313\" srcset=\"https:\/\/www.yousanusb.com\/wp-content\/uploads\/2025\/09\/china-round-card-usb-flash-drive-factory.jpg 800w, https:\/\/www.yousanusb.com\/wp-content\/uploads\/2025\/09\/china-round-card-usb-flash-drive-factory-300x198.jpg 300w, https:\/\/www.yousanusb.com\/wp-content\/uploads\/2025\/09\/china-round-card-usb-flash-drive-factory-768x508.jpg 768w, https:\/\/www.yousanusb.com\/wp-content\/uploads\/2025\/09\/china-round-card-usb-flash-drive-factory-18x12.jpg 18w, https:\/\/www.yousanusb.com\/wp-content\/uploads\/2025\/09\/china-round-card-usb-flash-drive-factory-600x397.jpg 600w\" sizes=\"(max-width: 800px) 100vw, 800px\" \/><\/figure>\n<\/div>\n\n\n\n<div class=\"wp-block-column is-vertically-aligned-center is-layout-flow wp-block-column-is-layout-flow\">\n<p>Questo <strong>Unit\u00e0 flash USB<\/strong> presenta un <strong>lega di alluminio<\/strong> Anche se lo si butta insieme alle chiavi, alle monete e ad altri oggetti, avr\u00e0 sempre un bell'aspetto e durer\u00e0 a lungo. Inoltre, con un diametro di soli 42 mm e uno spessore di circa 2,5 mm, \u00e8 super sottile e si adatta perfettamente al palmo della mano. Quando lo si mette in tasca o in borsa, non aggiunge alcun ingombro.<\/p>\n<\/div>\n<\/div>\n\n\n\n<div class=\"wp-block-columns is-layout-flex wp-container-core-columns-is-layout-3 wp-block-columns-is-layout-flex\">\n<div class=\"wp-block-column is-vertically-aligned-center is-layout-flow wp-block-column-is-layout-flow\">\n<p>Viene inoltre fornito con un <strong>portachiavi<\/strong> che pu\u00f2 essere agganciato a un portachiavi. In questo modo \u00e8 facile da portare con s\u00e9 e si riduce il rischio di perderlo, in modo da potervi accedere ogni volta che se ne ha bisogno.<\/p>\n\n\n\n<p>Il chip di memoria dell'USB \u00e8 progettato con una struttura push-pull, che elimina la necessit\u00e0 di un cappuccio aggiuntivo. Questo design impedisce la perdita del cappuccio e protegge efficacemente l'interfaccia da polvere e graffi, garantendo che l'aspetto dell'USB rimanga pulito e intatto.<\/p>\n<\/div>\n\n\n\n<div class=\"wp-block-column is-layout-flow wp-block-column-is-layout-flow\">\n<figure class=\"wp-block-image size-full\"><img loading=\"lazy\" decoding=\"async\" width=\"800\" height=\"529\" src=\"https:\/\/yousanusb.com\/wp-content\/uploads\/2025\/09\/bulk-round-card-usb-flash-drive.jpg\" alt=\"\" class=\"wp-image-18312\" srcset=\"https:\/\/www.yousanusb.com\/wp-content\/uploads\/2025\/09\/bulk-round-card-usb-flash-drive.jpg 800w, https:\/\/www.yousanusb.com\/wp-content\/uploads\/2025\/09\/bulk-round-card-usb-flash-drive-300x198.jpg 300w, https:\/\/www.yousanusb.com\/wp-content\/uploads\/2025\/09\/bulk-round-card-usb-flash-drive-768x508.jpg 768w, https:\/\/www.yousanusb.com\/wp-content\/uploads\/2025\/09\/bulk-round-card-usb-flash-drive-18x12.jpg 18w, https:\/\/www.yousanusb.com\/wp-content\/uploads\/2025\/09\/bulk-round-card-usb-flash-drive-600x397.jpg 600w\" sizes=\"(max-width: 800px) 100vw, 800px\" \/><\/figure>\n<\/div>\n<\/div>\n\n\n\n<h2 class=\"wp-block-heading\">Personalizzazione e imballaggio<\/h2>\n\n\n\n<div class=\"wp-block-columns is-layout-flex wp-container-core-columns-is-layout-4 wp-block-columns-is-layout-flex\">\n<div class=\"wp-block-column is-layout-flow wp-block-column-is-layout-flow\">\n<figure class=\"wp-block-image size-full\"><img loading=\"lazy\" decoding=\"async\" width=\"800\" height=\"800\" src=\"https:\/\/yousanusb.com\/wp-content\/uploads\/2025\/09\/china-round-card-usb-flash-drive-manufacturer.jpg\" alt=\"\" class=\"wp-image-18314\" srcset=\"https:\/\/www.yousanusb.com\/wp-content\/uploads\/2025\/09\/china-round-card-usb-flash-drive-manufacturer.jpg 800w, https:\/\/www.yousanusb.com\/wp-content\/uploads\/2025\/09\/china-round-card-usb-flash-drive-manufacturer-300x300.jpg 300w, https:\/\/www.yousanusb.com\/wp-content\/uploads\/2025\/09\/china-round-card-usb-flash-drive-manufacturer-150x150.jpg 150w, https:\/\/www.yousanusb.com\/wp-content\/uploads\/2025\/09\/china-round-card-usb-flash-drive-manufacturer-768x768.jpg 768w, https:\/\/www.yousanusb.com\/wp-content\/uploads\/2025\/09\/china-round-card-usb-flash-drive-manufacturer-12x12.jpg 12w, https:\/\/www.yousanusb.com\/wp-content\/uploads\/2025\/09\/china-round-card-usb-flash-drive-manufacturer-600x600.jpg 600w, https:\/\/www.yousanusb.com\/wp-content\/uploads\/2025\/09\/china-round-card-usb-flash-drive-manufacturer-100x100.jpg 100w\" sizes=\"(max-width: 800px) 100vw, 800px\" \/><\/figure>\n<\/div>\n\n\n\n<div class=\"wp-block-column is-layout-flow wp-block-column-is-layout-flow\">\n<p>Questo <strong>Scheda rotonda Unit\u00e0 USB<\/strong> supporta la personalizzazione <strong>Logo<\/strong> servizi. <\/p>\n\n\n\n<p>La confezione della chiavetta USB circolare \u00e8 impressionante. \u00c8 un'elegante scatola nera rigida, dall'aspetto elegante e di alto livello. All'interno, una morbida fodera nera floccata trattiene saldamente la chiavetta USB e la protegge dai graffi. Come regalo (per clienti o amici), questa elegante scatola la fa sentire speciale e di qualit\u00e0, aggiungendo un senso di cerimonia.<\/p>\n\n\n\n<p>YOUSAN \u00e8 un professionista <strong>fabbrica dell'unit\u00e0 flash del usb della carta rotonda della porcellana<\/strong> con oltre 14 anni di esperienza nella produzione. L'azienda fornisce servizi di progettazione e campionatura gratuiti e vende direttamente dalla fabbrica, offrendo notevoli vantaggi in termini di prezzo. Per ulteriori informazioni o per visualizzare altri modelli, contattateci.<\/p>\n<\/div>\n<\/div>","protected":false},"excerpt":{"rendered":"<ul>\n<li>Unit\u00e0 flash USB a scheda rotonda sfusa<\/li>\n<li>Materiale in lega di alluminio<\/li>\n<li>Con portachiavi<\/li>\n<li>ODM\/OEM, LOGO personalizzato<\/li>\n<li>MOQ: 100pcs<\/li>\n<\/ul>","protected":false},"featured_media":18318,"comment_status":"open","ping_status":"closed","template":"","meta":{"_seopress_robots_primary_cat":"none","_seopress_titles_title":"","_seopress_titles_desc":"","_seopress_robots_index":""},"class_list":["post-18309","product","type-product","status-publish","has-post-thumbnail","hentry","product_cat-card-usb-flash-drive","product_tag-aluminium-card-usb-flash-drive","product_tag-aluminum-flash-drive","product_tag-metal-card-usb-drive","product_tag-round-card-usb-flash-drive","product_tag-custom-metal-keychain-usb-flash-drive"],"_links":{"self":[{"href":"https:\/\/www.yousanusb.com\/it\/wp-json\/wp\/v2\/product\/18309"}],"collection":[{"href":"https:\/\/www.yousanusb.com\/it\/wp-json\/wp\/v2\/product"}],"about":[{"href":"https:\/\/www.yousanusb.com\/it\/wp-json\/wp\/v2\/types\/product"}],"replies":[{"embeddable":true,"href":"https:\/\/www.yousanusb.com\/it\/wp-json\/wp\/v2\/comments?post=18309"}],"wp:featuredmedia":[{"embeddable":true,"href":"https:\/\/www.yousanusb.com\/it\/wp-json\/wp\/v2\/media\/18318"}],"wp:attachment":[{"href":"https:\/\/www.yousanusb.com\/it\/wp-json\/wp\/v2\/media?parent=18309"}],"curies":[{"name":"wp","href":"https:\/\/api.w.org\/{rel}","templated":true}]}}