{"id":18466,"date":"2025-09-27T15:11:04","date_gmt":"2025-09-27T15:11:04","guid":{"rendered":"https:\/\/www.yousanusb.com\/?post_type=product&#038;p=18466"},"modified":"2025-10-06T13:30:02","modified_gmt":"2025-10-06T13:30:02","slug":"eco-usb-card-flash-drive-for-juice-promotional-gifts","status":"publish","type":"product","link":"https:\/\/www.yousanusb.com\/it\/prodotto\/eco-usb-card-flash-drive-for-juice-promotional-gifts\/","title":{"rendered":"Eco USB Card Flash Drive per i regali promozionali di Juice"},"content":{"rendered":"<p>Promozione della chiavetta USB con carta ecologica personalizzata Tropicana<\/p>\n\n\n\n<p>Per incrementare le vendite dei suoi prodotti a base di succhi di frutta e rafforzare l'immagine di marchio ecologico e completamente naturale, Tropicana ha personalizzato questa chiavetta USB con scheda ecologica come regalo promozionale.<\/p>\n\n\n\n<p>Questa chiavetta USB \u00e8 realizzata in paglia di grano, un materiale degradabile ed ecologico. Dalla selezione delle materie prime al processo di produzione, vengono seguiti rigorosamente standard a basse emissioni di carbonio, in linea con il posizionamento \"sano e naturale\" del marchio. Caratterizzata da un design ultrasottile, con uno spessore di soli 3 mm, pu\u00f2 essere facilmente inserita in un portafoglio o in un portacarte. La superficie \u00e8 stampata con l'iconico colore arancione di Tropicana e il logo del marchio, che ne aumenta la riconoscibilit\u00e0 visiva.<\/p>\n\n\n\n<div class=\"wp-block-columns is-layout-flex wp-container-core-columns-is-layout-1 wp-block-columns-is-layout-flex\">\n<div class=\"wp-block-column is-layout-flow wp-block-column-is-layout-flow\">\n<figure class=\"wp-block-image size-full\"><img fetchpriority=\"high\" decoding=\"async\" width=\"800\" height=\"800\" src=\"https:\/\/www.yousanusb.com\/wp-content\/uploads\/2025\/09\/Eco-USB-Card-Flash-Drive-For-Juice-Promotional-Gifts.jpg\" alt=\"Eco USB Card Flash Drive per i regali promozionali di Juice\" class=\"wp-image-18469\" srcset=\"https:\/\/www.yousanusb.com\/wp-content\/uploads\/2025\/09\/Eco-USB-Card-Flash-Drive-For-Juice-Promotional-Gifts.jpg 800w, https:\/\/www.yousanusb.com\/wp-content\/uploads\/2025\/09\/Eco-USB-Card-Flash-Drive-For-Juice-Promotional-Gifts-300x300.jpg 300w, https:\/\/www.yousanusb.com\/wp-content\/uploads\/2025\/09\/Eco-USB-Card-Flash-Drive-For-Juice-Promotional-Gifts-150x150.jpg 150w, https:\/\/www.yousanusb.com\/wp-content\/uploads\/2025\/09\/Eco-USB-Card-Flash-Drive-For-Juice-Promotional-Gifts-768x768.jpg 768w, https:\/\/www.yousanusb.com\/wp-content\/uploads\/2025\/09\/Eco-USB-Card-Flash-Drive-For-Juice-Promotional-Gifts-12x12.jpg 12w, https:\/\/www.yousanusb.com\/wp-content\/uploads\/2025\/09\/Eco-USB-Card-Flash-Drive-For-Juice-Promotional-Gifts-600x600.jpg 600w, https:\/\/www.yousanusb.com\/wp-content\/uploads\/2025\/09\/Eco-USB-Card-Flash-Drive-For-Juice-Promotional-Gifts-100x100.jpg 100w\" sizes=\"(max-width: 800px) 100vw, 800px\" \/><\/figure>\n<\/div>\n\n\n\n<div class=\"wp-block-column is-layout-flow wp-block-column-is-layout-flow\">\n<figure class=\"wp-block-image size-full\"><img decoding=\"async\" width=\"800\" height=\"800\" src=\"https:\/\/www.yousanusb.com\/wp-content\/uploads\/2025\/09\/Eco-USB-Card-Flash-Drive.jpg\" alt=\"\" class=\"wp-image-18470\" srcset=\"https:\/\/www.yousanusb.com\/wp-content\/uploads\/2025\/09\/Eco-USB-Card-Flash-Drive.jpg 800w, https:\/\/www.yousanusb.com\/wp-content\/uploads\/2025\/09\/Eco-USB-Card-Flash-Drive-300x300.jpg 300w, https:\/\/www.yousanusb.com\/wp-content\/uploads\/2025\/09\/Eco-USB-Card-Flash-Drive-150x150.jpg 150w, https:\/\/www.yousanusb.com\/wp-content\/uploads\/2025\/09\/Eco-USB-Card-Flash-Drive-768x768.jpg 768w, https:\/\/www.yousanusb.com\/wp-content\/uploads\/2025\/09\/Eco-USB-Card-Flash-Drive-12x12.jpg 12w, https:\/\/www.yousanusb.com\/wp-content\/uploads\/2025\/09\/Eco-USB-Card-Flash-Drive-600x600.jpg 600w, https:\/\/www.yousanusb.com\/wp-content\/uploads\/2025\/09\/Eco-USB-Card-Flash-Drive-100x100.jpg 100w\" sizes=\"(max-width: 800px) 100vw, 800px\" \/><\/figure>\n<\/div>\n<\/div>\n\n\n\n<p>I consumatori che acquistano due o pi\u00f9 confezioni di succo di frutta Tropicana nelle specifiche indicate riceveranno in omaggio questa chiavetta USB ecologica. La praticit\u00e0 della chiavetta USB \u00e8 il suo punto di forza: con una capacit\u00e0 di memoria di 8 GB, soddisfa le esigenze di archiviazione quotidiana dei file e di backup dei dati.<\/p>\n\n\n\n<div class=\"wp-block-columns is-layout-flex wp-container-core-columns-is-layout-2 wp-block-columns-is-layout-flex\">\n<div class=\"wp-block-column is-layout-flow wp-block-column-is-layout-flow\">\n<figure class=\"wp-block-image size-full\"><img decoding=\"async\" width=\"800\" height=\"800\" src=\"https:\/\/www.yousanusb.com\/wp-content\/uploads\/2025\/09\/topicana-orange-juice-gift-eco-usb-card-drive.jpg\" alt=\"topicana succo d&#039;arancia regalo eco usb card drive\" class=\"wp-image-18473\" srcset=\"https:\/\/www.yousanusb.com\/wp-content\/uploads\/2025\/09\/topicana-orange-juice-gift-eco-usb-card-drive.jpg 800w, https:\/\/www.yousanusb.com\/wp-content\/uploads\/2025\/09\/topicana-orange-juice-gift-eco-usb-card-drive-300x300.jpg 300w, https:\/\/www.yousanusb.com\/wp-content\/uploads\/2025\/09\/topicana-orange-juice-gift-eco-usb-card-drive-150x150.jpg 150w, https:\/\/www.yousanusb.com\/wp-content\/uploads\/2025\/09\/topicana-orange-juice-gift-eco-usb-card-drive-768x768.jpg 768w, https:\/\/www.yousanusb.com\/wp-content\/uploads\/2025\/09\/topicana-orange-juice-gift-eco-usb-card-drive-12x12.jpg 12w, https:\/\/www.yousanusb.com\/wp-content\/uploads\/2025\/09\/topicana-orange-juice-gift-eco-usb-card-drive-600x600.jpg 600w, https:\/\/www.yousanusb.com\/wp-content\/uploads\/2025\/09\/topicana-orange-juice-gift-eco-usb-card-drive-100x100.jpg 100w\" sizes=\"(max-width: 800px) 100vw, 800px\" \/><\/figure>\n<\/div>\n\n\n\n<div class=\"wp-block-column is-layout-flow wp-block-column-is-layout-flow\">\n<figure class=\"wp-block-image size-full\"><img loading=\"lazy\" decoding=\"async\" width=\"800\" height=\"800\" src=\"https:\/\/www.yousanusb.com\/wp-content\/uploads\/2025\/09\/orange-juice-gift-eco-usb-card-drive-custom.jpg\" alt=\"succo d&#039;arancia regalo eco usb card drive personalizzato\" class=\"wp-image-18471\" srcset=\"https:\/\/www.yousanusb.com\/wp-content\/uploads\/2025\/09\/orange-juice-gift-eco-usb-card-drive-custom.jpg 800w, https:\/\/www.yousanusb.com\/wp-content\/uploads\/2025\/09\/orange-juice-gift-eco-usb-card-drive-custom-300x300.jpg 300w, https:\/\/www.yousanusb.com\/wp-content\/uploads\/2025\/09\/orange-juice-gift-eco-usb-card-drive-custom-150x150.jpg 150w, https:\/\/www.yousanusb.com\/wp-content\/uploads\/2025\/09\/orange-juice-gift-eco-usb-card-drive-custom-768x768.jpg 768w, https:\/\/www.yousanusb.com\/wp-content\/uploads\/2025\/09\/orange-juice-gift-eco-usb-card-drive-custom-12x12.jpg 12w, https:\/\/www.yousanusb.com\/wp-content\/uploads\/2025\/09\/orange-juice-gift-eco-usb-card-drive-custom-600x600.jpg 600w, https:\/\/www.yousanusb.com\/wp-content\/uploads\/2025\/09\/orange-juice-gift-eco-usb-card-drive-custom-100x100.jpg 100w\" sizes=\"(max-width: 800px) 100vw, 800px\" \/><\/figure>\n<\/div>\n<\/div>\n\n\n\n<p>\u00c8 utile sia per gli studenti che organizzano il materiale di studio sia per gli impiegati che fanno il backup dei documenti di lavoro, incoraggiando efficacemente i consumatori ad aumentare il volume di acquisto o la frequenza di riacquisto. Durante il periodo della promozione, le vendite dei prodotti a base di succo designati hanno registrato un aumento di 23% mese su mese.<\/p>\n\n\n\n<h2 class=\"wp-block-heading\">Casi di personalizzazione e opzioni di interfaccia USB<\/h2>\n\n\n\n<p>YOUSAN Company \u00e8 un produttore professionale specializzato in prodotti personalizzati.<strong> Unit\u00e0 flash USB<\/strong>. Con oltre 14 anni di esperienza di produzione, forniamo un servizio one - stop dalla progettazione all'esportazione. Possiamo offrire campioni gratuiti e la quantit\u00e0 minima di ordine \u00e8 di 100 pezzi (questo \u00e8 anche il prezzo all'ingrosso). Sono disponibili migliaia di stili di chiavette USB. Se avete bisogno di <strong>Eco card - chiavette USB sagomate<\/strong>\u00e8 possibile scegliere tra questi stili.<\/p>","protected":false},"excerpt":{"rendered":"<ul>\n<li>Materiale ecologico<\/li>\n<li>Design a forma di carta<\/li>\n<li>Come regalo promozionale<\/li>\n<li>Capacit\u00e0 di 64 GB<\/li>\n<li>Logo pringting a colori<\/li>\n<\/ul>","protected":false},"featured_media":18471,"comment_status":"open","ping_status":"closed","template":"","meta":{"_seopress_robots_primary_cat":"none","_seopress_titles_title":"","_seopress_titles_desc":"","_seopress_robots_index":""},"class_list":["post-18466","product","type-product","status-publish","has-post-thumbnail","hentry","product_cat-usb-flash-drive-customer","product_cat-wooden-usb-flash-drive"],"_links":{"self":[{"href":"https:\/\/www.yousanusb.com\/it\/wp-json\/wp\/v2\/product\/18466"}],"collection":[{"href":"https:\/\/www.yousanusb.com\/it\/wp-json\/wp\/v2\/product"}],"about":[{"href":"https:\/\/www.yousanusb.com\/it\/wp-json\/wp\/v2\/types\/product"}],"replies":[{"embeddable":true,"href":"https:\/\/www.yousanusb.com\/it\/wp-json\/wp\/v2\/comments?post=18466"}],"wp:featuredmedia":[{"embeddable":true,"href":"https:\/\/www.yousanusb.com\/it\/wp-json\/wp\/v2\/media\/18471"}],"wp:attachment":[{"href":"https:\/\/www.yousanusb.com\/it\/wp-json\/wp\/v2\/media?parent=18466"}],"curies":[{"name":"wp","href":"https:\/\/api.w.org\/{rel}","templated":true}]}}