{"id":18999,"date":"2025-10-03T13:47:32","date_gmt":"2025-10-03T13:47:32","guid":{"rendered":"https:\/\/www.yousanusb.com\/?post_type=product&#038;p=18999"},"modified":"2025-10-06T13:27:37","modified_gmt":"2025-10-06T13:27:37","slug":"wooden-rotating-usb-flash-drive","status":"publish","type":"product","link":"https:\/\/www.yousanusb.com\/it\/prodotto\/wooden-rotating-usb-flash-drive\/","title":{"rendered":"Unit\u00e0 flash USB rotante in legno"},"content":{"rendered":"<div class=\"wp-block-columns is-layout-flex wp-container-core-columns-is-layout-1 wp-block-columns-is-layout-flex\">\n<div class=\"wp-block-column is-layout-flow wp-block-column-is-layout-flow\">\n<figure class=\"wp-block-image size-full\"><img fetchpriority=\"high\" decoding=\"async\" width=\"800\" height=\"800\" src=\"https:\/\/www.yousanusb.com\/wp-content\/uploads\/2025\/10\/wooden-Rotating-USB-Drives.jpg\" alt=\"\" class=\"wp-image-19005\" srcset=\"https:\/\/www.yousanusb.com\/wp-content\/uploads\/2025\/10\/wooden-Rotating-USB-Drives.jpg 800w, https:\/\/www.yousanusb.com\/wp-content\/uploads\/2025\/10\/wooden-Rotating-USB-Drives-300x300.jpg 300w, https:\/\/www.yousanusb.com\/wp-content\/uploads\/2025\/10\/wooden-Rotating-USB-Drives-150x150.jpg 150w, https:\/\/www.yousanusb.com\/wp-content\/uploads\/2025\/10\/wooden-Rotating-USB-Drives-768x768.jpg 768w, https:\/\/www.yousanusb.com\/wp-content\/uploads\/2025\/10\/wooden-Rotating-USB-Drives-12x12.jpg 12w, https:\/\/www.yousanusb.com\/wp-content\/uploads\/2025\/10\/wooden-Rotating-USB-Drives-600x600.jpg 600w, https:\/\/www.yousanusb.com\/wp-content\/uploads\/2025\/10\/wooden-Rotating-USB-Drives-100x100.jpg 100w\" sizes=\"(max-width: 800px) 100vw, 800px\" \/><\/figure>\n<\/div>\n\n\n\n<div class=\"wp-block-column is-vertically-aligned-center is-layout-flow wp-block-column-is-layout-flow\">\n<p>Questa chiavetta USB rotante a doppia interfaccia in legno si distacca dalle chiavette USB tradizionali. \u00c8 progettata con il legno naturale come elemento centrale. I colori chiari e profondi del legno (come il noce marrone intenso e l'acero chiaro e caldo) e la struttura delle venature naturali del legno rendono ogni unit\u00e0 unica.<\/p>\n\n\n\n<p>Questa unit\u00e0 flash USB presenta un design \"rotante\" che elimina la necessit\u00e0 di un cappuccio aggiuntivo. \u00c8 sufficiente ruotare l'esterno in legno per passare dalle porte USB-A a quelle di tipo-C. Questo design non solo risolve il problema di perdere facilmente il tappo, ma nasconde anche le porte all'interno del guscio di legno quando non vengono utilizzate, evitando efficacemente polvere e graffi.<\/p>\n<\/div>\n<\/div>\n\n\n\n<p>Compatibilit\u00e0 a doppia porta: Pu\u00f2 essere utilizzato con le tradizionali porte USB-A di computer e laptop e con le porte Type-C di telefoni e tablet, consentendo di archiviare e trasferire facilmente i file tra i dispositivi.<br>La superficie di questa unit\u00e0 USB in legno pu\u00f2 essere solitamente personalizzata con un logo. Il materiale in legno \u00e8 ideale per la presentazione di testi o motivi personalizzati attraverso l'incisione laser o il branding, mantenendo la texture naturale del legno e incorporando un identificativo unico. Per questo motivo, viene spesso utilizzata per la personalizzazione di regali aziendali e per la promozione del marchio.<\/p>\n\n\n\n<div class=\"wp-block-columns is-layout-flex wp-container-core-columns-is-layout-2 wp-block-columns-is-layout-flex\">\n<div class=\"wp-block-column is-layout-flow wp-block-column-is-layout-flow\">\n<figure class=\"wp-block-image size-full\"><img decoding=\"async\" width=\"800\" height=\"800\" src=\"https:\/\/www.yousanusb.com\/wp-content\/uploads\/2025\/10\/Rotating-USB-Drives.jpg\" alt=\"\" class=\"wp-image-19003\" srcset=\"https:\/\/www.yousanusb.com\/wp-content\/uploads\/2025\/10\/Rotating-USB-Drives.jpg 800w, https:\/\/www.yousanusb.com\/wp-content\/uploads\/2025\/10\/Rotating-USB-Drives-300x300.jpg 300w, https:\/\/www.yousanusb.com\/wp-content\/uploads\/2025\/10\/Rotating-USB-Drives-150x150.jpg 150w, https:\/\/www.yousanusb.com\/wp-content\/uploads\/2025\/10\/Rotating-USB-Drives-768x768.jpg 768w, https:\/\/www.yousanusb.com\/wp-content\/uploads\/2025\/10\/Rotating-USB-Drives-12x12.jpg 12w, https:\/\/www.yousanusb.com\/wp-content\/uploads\/2025\/10\/Rotating-USB-Drives-600x600.jpg 600w, https:\/\/www.yousanusb.com\/wp-content\/uploads\/2025\/10\/Rotating-USB-Drives-100x100.jpg 100w\" sizes=\"(max-width: 800px) 100vw, 800px\" \/><\/figure>\n<\/div>\n\n\n\n<div class=\"wp-block-column is-layout-flow wp-block-column-is-layout-flow\">\n<figure class=\"wp-block-image size-full\"><img decoding=\"async\" width=\"800\" height=\"800\" src=\"https:\/\/www.yousanusb.com\/wp-content\/uploads\/2025\/10\/rotating-flash-drive.jpg\" alt=\"\" class=\"wp-image-19002\" srcset=\"https:\/\/www.yousanusb.com\/wp-content\/uploads\/2025\/10\/rotating-flash-drive.jpg 800w, https:\/\/www.yousanusb.com\/wp-content\/uploads\/2025\/10\/rotating-flash-drive-300x300.jpg 300w, https:\/\/www.yousanusb.com\/wp-content\/uploads\/2025\/10\/rotating-flash-drive-150x150.jpg 150w, https:\/\/www.yousanusb.com\/wp-content\/uploads\/2025\/10\/rotating-flash-drive-768x768.jpg 768w, https:\/\/www.yousanusb.com\/wp-content\/uploads\/2025\/10\/rotating-flash-drive-12x12.jpg 12w, https:\/\/www.yousanusb.com\/wp-content\/uploads\/2025\/10\/rotating-flash-drive-600x600.jpg 600w, https:\/\/www.yousanusb.com\/wp-content\/uploads\/2025\/10\/rotating-flash-drive-100x100.jpg 100w\" sizes=\"(max-width: 800px) 100vw, 800px\" \/><\/figure>\n<\/div>\n<\/div>\n\n\n\n<p><\/p>","protected":false},"excerpt":{"rendered":"<ul>\n<li>Materiale in legno<\/li>\n<li>Design rotante<\/li>\n<li>Design gratuito, campione gratuito<\/li>\n<li>Unit\u00e0 flash USB ecologica<\/li>\n<li>MOQ: 100pcs<\/li>\n<\/ul>","protected":false},"featured_media":19004,"comment_status":"open","ping_status":"closed","template":"","meta":{"_seopress_robots_primary_cat":"","_seopress_titles_title":"","_seopress_titles_desc":"","_seopress_robots_index":""},"class_list":["post-18999","product","type-product","status-publish","has-post-thumbnail","hentry","product_cat-otg-usb-flash-drive","product_cat-wooden-usb-flash-drive","product_tag-otg-usb-flash-drive"],"_links":{"self":[{"href":"https:\/\/www.yousanusb.com\/it\/wp-json\/wp\/v2\/product\/18999"}],"collection":[{"href":"https:\/\/www.yousanusb.com\/it\/wp-json\/wp\/v2\/product"}],"about":[{"href":"https:\/\/www.yousanusb.com\/it\/wp-json\/wp\/v2\/types\/product"}],"replies":[{"embeddable":true,"href":"https:\/\/www.yousanusb.com\/it\/wp-json\/wp\/v2\/comments?post=18999"}],"wp:featuredmedia":[{"embeddable":true,"href":"https:\/\/www.yousanusb.com\/it\/wp-json\/wp\/v2\/media\/19004"}],"wp:attachment":[{"href":"https:\/\/www.yousanusb.com\/it\/wp-json\/wp\/v2\/media?parent=18999"}],"curies":[{"name":"wp","href":"https:\/\/api.w.org\/{rel}","templated":true}]}}