{"id":20346,"date":"2025-10-11T03:29:00","date_gmt":"2025-10-11T03:29:00","guid":{"rendered":"https:\/\/www.yousanusb.com\/?post_type=product&#038;p=20346"},"modified":"2025-10-12T04:18:21","modified_gmt":"2025-10-12T04:18:21","slug":"bracelet-usb-flash-drive-with-led-light","status":"publish","type":"product","link":"https:\/\/www.yousanusb.com\/it\/prodotto\/bracelet-usb-flash-drive-with-led-light\/","title":{"rendered":"Chiavetta USB a braccialetto con luce LED"},"content":{"rendered":"<p>Polsino + logo illuminato:<\/p>\n\n\n\n<p>Il nuovo braccialetto USB personalizzato \u00e8 stato aggiornato rispetto ai braccialetti tradizionali e presenta un logo illuminato. Realizzato in silicone morbido e delicato sulla pelle, offre una vestibilit\u00e0 confortevole senza costrizioni. Tenetelo al polso durante gli allenamenti o gli spostamenti: non dovrete pi\u00f9 preoccuparvi di perdere la vostra chiavetta USB in un angolo dello zaino o su un tavolo da conferenza. Quando viene inserita in un dispositivo, il logo sulla parte anteriore del braccialetto si illumina automaticamente con una luce tenue. In questo modo, la chiavetta USB \u00e8 facilmente individuabile in ambienti poco illuminati e attira immediatamente l'attenzione sull'identit\u00e0 del vostro marchio, unendo praticit\u00e0 e alta visibilit\u00e0.<\/p>\n\n\n\n<div class=\"wp-block-columns is-layout-flex wp-container-core-columns-is-layout-1 wp-block-columns-is-layout-flex\">\n<div class=\"wp-block-column is-layout-flow wp-block-column-is-layout-flow\">\n<figure class=\"wp-block-image size-full\"><img fetchpriority=\"high\" decoding=\"async\" width=\"800\" height=\"800\" src=\"https:\/\/www.yousanusb.com\/wp-content\/uploads\/2025\/10\/Wrist-Strap-USB-Flash-Drive-with-LED-Logo.webp\" alt=\"\" class=\"wp-image-20353\" srcset=\"https:\/\/www.yousanusb.com\/wp-content\/uploads\/2025\/10\/Wrist-Strap-USB-Flash-Drive-with-LED-Logo.webp 800w, https:\/\/www.yousanusb.com\/wp-content\/uploads\/2025\/10\/Wrist-Strap-USB-Flash-Drive-with-LED-Logo-300x300.webp 300w, https:\/\/www.yousanusb.com\/wp-content\/uploads\/2025\/10\/Wrist-Strap-USB-Flash-Drive-with-LED-Logo-150x150.webp 150w, https:\/\/www.yousanusb.com\/wp-content\/uploads\/2025\/10\/Wrist-Strap-USB-Flash-Drive-with-LED-Logo-768x768.webp 768w, https:\/\/www.yousanusb.com\/wp-content\/uploads\/2025\/10\/Wrist-Strap-USB-Flash-Drive-with-LED-Logo-12x12.webp 12w, https:\/\/www.yousanusb.com\/wp-content\/uploads\/2025\/10\/Wrist-Strap-USB-Flash-Drive-with-LED-Logo-600x600.webp 600w, https:\/\/www.yousanusb.com\/wp-content\/uploads\/2025\/10\/Wrist-Strap-USB-Flash-Drive-with-LED-Logo-100x100.webp 100w\" sizes=\"(max-width: 800px) 100vw, 800px\" \/><\/figure>\n<\/div>\n\n\n\n<div class=\"wp-block-column is-layout-flow wp-block-column-is-layout-flow\">\n<figure class=\"wp-block-image size-full\"><img decoding=\"async\" width=\"800\" height=\"800\" src=\"https:\/\/www.yousanusb.com\/wp-content\/uploads\/2025\/10\/green-Wrist-Strap-USB-Flash-Drive-with-LED-Logo.webp\" alt=\"\" class=\"wp-image-20350\" srcset=\"https:\/\/www.yousanusb.com\/wp-content\/uploads\/2025\/10\/green-Wrist-Strap-USB-Flash-Drive-with-LED-Logo.webp 800w, https:\/\/www.yousanusb.com\/wp-content\/uploads\/2025\/10\/green-Wrist-Strap-USB-Flash-Drive-with-LED-Logo-300x300.webp 300w, https:\/\/www.yousanusb.com\/wp-content\/uploads\/2025\/10\/green-Wrist-Strap-USB-Flash-Drive-with-LED-Logo-150x150.webp 150w, https:\/\/www.yousanusb.com\/wp-content\/uploads\/2025\/10\/green-Wrist-Strap-USB-Flash-Drive-with-LED-Logo-768x768.webp 768w, https:\/\/www.yousanusb.com\/wp-content\/uploads\/2025\/10\/green-Wrist-Strap-USB-Flash-Drive-with-LED-Logo-12x12.webp 12w, https:\/\/www.yousanusb.com\/wp-content\/uploads\/2025\/10\/green-Wrist-Strap-USB-Flash-Drive-with-LED-Logo-600x600.webp 600w, https:\/\/www.yousanusb.com\/wp-content\/uploads\/2025\/10\/green-Wrist-Strap-USB-Flash-Drive-with-LED-Logo-100x100.webp 100w\" sizes=\"(max-width: 800px) 100vw, 800px\" \/><\/figure>\n<\/div>\n<\/div>\n\n\n\n<p>Archiviazione ad alta velocit\u00e0<\/p>\n\n\n\n<p>Dotato di un chip UDP ad alta velocit\u00e0 e del supporto della doppia interfaccia USB 3.0\/Type-C opzionale, trasferisce video HD e documenti di grandi dimensioni in pochi secondi. Perfetto per il backup dei file in ufficio, l'archiviazione dei dati degli studenti e l'esportazione di contenuti multimediali all'aperto. La sezione del braccialetto ha superato i test di impermeabilit\u00e0 e di resistenza alle cadute, per cui gli schizzi quotidiani e i piccoli urti non causano danni. Il modulo di emissione della luce utilizza un design a basso consumo, alimentato direttamente quando viene inserito in un dispositivo. Non sono necessarie batterie supplementari, per cui l'utilizzo a lungo termine non comporta alcun problema.<\/p>\n\n\n\n<div class=\"wp-block-columns is-layout-flex wp-container-core-columns-is-layout-2 wp-block-columns-is-layout-flex\">\n<div class=\"wp-block-column is-layout-flow wp-block-column-is-layout-flow\">\n<figure class=\"wp-block-image size-full\"><img decoding=\"async\" width=\"800\" height=\"800\" src=\"https:\/\/www.yousanusb.com\/wp-content\/uploads\/2025\/10\/red-Wrist-Strap-USB-Flash-Drive-with-LED-Logo.webp\" alt=\"\" class=\"wp-image-20351\" srcset=\"https:\/\/www.yousanusb.com\/wp-content\/uploads\/2025\/10\/red-Wrist-Strap-USB-Flash-Drive-with-LED-Logo.webp 800w, https:\/\/www.yousanusb.com\/wp-content\/uploads\/2025\/10\/red-Wrist-Strap-USB-Flash-Drive-with-LED-Logo-300x300.webp 300w, https:\/\/www.yousanusb.com\/wp-content\/uploads\/2025\/10\/red-Wrist-Strap-USB-Flash-Drive-with-LED-Logo-150x150.webp 150w, https:\/\/www.yousanusb.com\/wp-content\/uploads\/2025\/10\/red-Wrist-Strap-USB-Flash-Drive-with-LED-Logo-768x768.webp 768w, https:\/\/www.yousanusb.com\/wp-content\/uploads\/2025\/10\/red-Wrist-Strap-USB-Flash-Drive-with-LED-Logo-12x12.webp 12w, https:\/\/www.yousanusb.com\/wp-content\/uploads\/2025\/10\/red-Wrist-Strap-USB-Flash-Drive-with-LED-Logo-600x600.webp 600w, https:\/\/www.yousanusb.com\/wp-content\/uploads\/2025\/10\/red-Wrist-Strap-USB-Flash-Drive-with-LED-Logo-100x100.webp 100w\" sizes=\"(max-width: 800px) 100vw, 800px\" \/><\/figure>\n<\/div>\n\n\n\n<div class=\"wp-block-column is-layout-flow wp-block-column-is-layout-flow\">\n<figure class=\"wp-block-image size-full\"><img loading=\"lazy\" decoding=\"async\" width=\"800\" height=\"800\" src=\"https:\/\/www.yousanusb.com\/wp-content\/uploads\/2025\/10\/black-Wrist-Strap-USB-Flash-Drive-with-LED-Logo.webp\" alt=\"\" class=\"wp-image-20349\" srcset=\"https:\/\/www.yousanusb.com\/wp-content\/uploads\/2025\/10\/black-Wrist-Strap-USB-Flash-Drive-with-LED-Logo.webp 800w, https:\/\/www.yousanusb.com\/wp-content\/uploads\/2025\/10\/black-Wrist-Strap-USB-Flash-Drive-with-LED-Logo-300x300.webp 300w, https:\/\/www.yousanusb.com\/wp-content\/uploads\/2025\/10\/black-Wrist-Strap-USB-Flash-Drive-with-LED-Logo-150x150.webp 150w, https:\/\/www.yousanusb.com\/wp-content\/uploads\/2025\/10\/black-Wrist-Strap-USB-Flash-Drive-with-LED-Logo-768x768.webp 768w, https:\/\/www.yousanusb.com\/wp-content\/uploads\/2025\/10\/black-Wrist-Strap-USB-Flash-Drive-with-LED-Logo-12x12.webp 12w, https:\/\/www.yousanusb.com\/wp-content\/uploads\/2025\/10\/black-Wrist-Strap-USB-Flash-Drive-with-LED-Logo-600x600.webp 600w, https:\/\/www.yousanusb.com\/wp-content\/uploads\/2025\/10\/black-Wrist-Strap-USB-Flash-Drive-with-LED-Logo-100x100.webp 100w\" sizes=\"(max-width: 800px) 100vw, 800px\" \/><\/figure>\n<\/div>\n<\/div>\n\n\n\n<p>Personalizzazione flessibile<\/p>\n\n\n\n<p>Personalizzate il colore del braccialetto (sono disponibili pi\u00f9 opzioni: nero, bianco, blu, rosa, ecc.), il colore della luce del logo (colore unico \/ effetto sfumato) e la capacit\u00e0 di memoria dell'unit\u00e0 USB (8GB-256GB) in base alle vostre esigenze.<\/p>\n\n\n\n<div class=\"wp-block-columns is-layout-flex wp-container-core-columns-is-layout-3 wp-block-columns-is-layout-flex\">\n<div class=\"wp-block-column is-layout-flow wp-block-column-is-layout-flow\">\n<figure class=\"wp-block-image size-full\"><img loading=\"lazy\" decoding=\"async\" width=\"800\" height=\"800\" src=\"https:\/\/www.yousanusb.com\/wp-content\/uploads\/2025\/10\/Wearable-USB-Drive-with-LED-Light.webp\" alt=\"\" class=\"wp-image-20352\" srcset=\"https:\/\/www.yousanusb.com\/wp-content\/uploads\/2025\/10\/Wearable-USB-Drive-with-LED-Light.webp 800w, https:\/\/www.yousanusb.com\/wp-content\/uploads\/2025\/10\/Wearable-USB-Drive-with-LED-Light-300x300.webp 300w, https:\/\/www.yousanusb.com\/wp-content\/uploads\/2025\/10\/Wearable-USB-Drive-with-LED-Light-150x150.webp 150w, https:\/\/www.yousanusb.com\/wp-content\/uploads\/2025\/10\/Wearable-USB-Drive-with-LED-Light-768x768.webp 768w, https:\/\/www.yousanusb.com\/wp-content\/uploads\/2025\/10\/Wearable-USB-Drive-with-LED-Light-12x12.webp 12w, https:\/\/www.yousanusb.com\/wp-content\/uploads\/2025\/10\/Wearable-USB-Drive-with-LED-Light-600x600.webp 600w, https:\/\/www.yousanusb.com\/wp-content\/uploads\/2025\/10\/Wearable-USB-Drive-with-LED-Light-100x100.webp 100w\" sizes=\"(max-width: 800px) 100vw, 800px\" \/><\/figure>\n<\/div>\n\n\n\n<div class=\"wp-block-column is-layout-flow wp-block-column-is-layout-flow\">\n<figure class=\"wp-block-image size-full\"><img loading=\"lazy\" decoding=\"async\" width=\"800\" height=\"800\" src=\"https:\/\/www.yousanusb.com\/wp-content\/uploads\/2025\/10\/Wrist-Strap-USB-Flash-Drive-with-no-LED-Logo.webp\" alt=\"\" class=\"wp-image-20354\" srcset=\"https:\/\/www.yousanusb.com\/wp-content\/uploads\/2025\/10\/Wrist-Strap-USB-Flash-Drive-with-no-LED-Logo.webp 800w, https:\/\/www.yousanusb.com\/wp-content\/uploads\/2025\/10\/Wrist-Strap-USB-Flash-Drive-with-no-LED-Logo-300x300.webp 300w, https:\/\/www.yousanusb.com\/wp-content\/uploads\/2025\/10\/Wrist-Strap-USB-Flash-Drive-with-no-LED-Logo-150x150.webp 150w, https:\/\/www.yousanusb.com\/wp-content\/uploads\/2025\/10\/Wrist-Strap-USB-Flash-Drive-with-no-LED-Logo-768x768.webp 768w, https:\/\/www.yousanusb.com\/wp-content\/uploads\/2025\/10\/Wrist-Strap-USB-Flash-Drive-with-no-LED-Logo-12x12.webp 12w, https:\/\/www.yousanusb.com\/wp-content\/uploads\/2025\/10\/Wrist-Strap-USB-Flash-Drive-with-no-LED-Logo-600x600.webp 600w, https:\/\/www.yousanusb.com\/wp-content\/uploads\/2025\/10\/Wrist-Strap-USB-Flash-Drive-with-no-LED-Logo-100x100.webp 100w\" sizes=\"(max-width: 800px) 100vw, 800px\" \/><\/figure>\n<\/div>\n<\/div>","protected":false},"excerpt":{"rendered":"<ul>\n<li>Bracciale Unit\u00e0 flash USB<\/li>\n<li>con luce LED<\/li>\n<li>Rosso, verde, viola, bianco, nero<\/li>\n<li>Logo e colore personalizzati<\/li>\n<li>USB2.0 e USB3.0<\/li>\n<\/ul>","protected":false},"featured_media":20350,"comment_status":"open","ping_status":"closed","template":"","meta":{"_seopress_robots_primary_cat":"","_seopress_titles_title":"","_seopress_titles_desc":"","_seopress_robots_index":""},"class_list":["post-20346","product","type-product","status-publish","has-post-thumbnail","hentry","product_cat-bracelet-pen-drive","product_tag-silicone-bracelet-usb"],"_links":{"self":[{"href":"https:\/\/www.yousanusb.com\/it\/wp-json\/wp\/v2\/product\/20346"}],"collection":[{"href":"https:\/\/www.yousanusb.com\/it\/wp-json\/wp\/v2\/product"}],"about":[{"href":"https:\/\/www.yousanusb.com\/it\/wp-json\/wp\/v2\/types\/product"}],"replies":[{"embeddable":true,"href":"https:\/\/www.yousanusb.com\/it\/wp-json\/wp\/v2\/comments?post=20346"}],"wp:featuredmedia":[{"embeddable":true,"href":"https:\/\/www.yousanusb.com\/it\/wp-json\/wp\/v2\/media\/20350"}],"wp:attachment":[{"href":"https:\/\/www.yousanusb.com\/it\/wp-json\/wp\/v2\/media?parent=20346"}],"curies":[{"name":"wp","href":"https:\/\/api.w.org\/{rel}","templated":true}]}}