{"id":20456,"date":"2025-10-12T11:19:39","date_gmt":"2025-10-12T11:19:39","guid":{"rendered":"https:\/\/www.yousanusb.com\/?post_type=product&#038;p=20456"},"modified":"2025-10-14T05:48:26","modified_gmt":"2025-10-14T05:48:26","slug":"golden-metal-key-usb-drive","status":"publish","type":"product","link":"https:\/\/www.yousanusb.com\/it\/prodotto\/golden-metal-key-usb-drive\/","title":{"rendered":"Chiave USB in metallo dorato"},"content":{"rendered":"<p><\/p>\n\n\n\n<div class=\"wp-block-columns is-layout-flex wp-container-core-columns-is-layout-1 wp-block-columns-is-layout-flex\">\n<div class=\"wp-block-column is-layout-flow wp-block-column-is-layout-flow\">\n<figure class=\"wp-block-image size-full\"><img fetchpriority=\"high\" decoding=\"async\" width=\"800\" height=\"800\" src=\"https:\/\/www.yousanusb.com\/wp-content\/uploads\/2025\/10\/HeavyDutyKey-USB-flash-Drive.webp\" alt=\"Unit\u00e0 flash USB con chiave per impieghi gravosi\" class=\"wp-image-20459\" srcset=\"https:\/\/www.yousanusb.com\/wp-content\/uploads\/2025\/10\/HeavyDutyKey-USB-flash-Drive.webp 800w, https:\/\/www.yousanusb.com\/wp-content\/uploads\/2025\/10\/HeavyDutyKey-USB-flash-Drive-300x300.webp 300w, https:\/\/www.yousanusb.com\/wp-content\/uploads\/2025\/10\/HeavyDutyKey-USB-flash-Drive-150x150.webp 150w, https:\/\/www.yousanusb.com\/wp-content\/uploads\/2025\/10\/HeavyDutyKey-USB-flash-Drive-768x768.webp 768w, https:\/\/www.yousanusb.com\/wp-content\/uploads\/2025\/10\/HeavyDutyKey-USB-flash-Drive-12x12.webp 12w, https:\/\/www.yousanusb.com\/wp-content\/uploads\/2025\/10\/HeavyDutyKey-USB-flash-Drive-600x600.webp 600w, https:\/\/www.yousanusb.com\/wp-content\/uploads\/2025\/10\/HeavyDutyKey-USB-flash-Drive-100x100.webp 100w\" sizes=\"(max-width: 800px) 100vw, 800px\" \/><\/figure>\n<\/div>\n\n\n\n<div class=\"wp-block-column is-vertically-aligned-center is-layout-flow wp-block-column-is-layout-flow\">\n<p>L'unit\u00e0 USB Golden Metal Key \u00e8 un classico design USB a forma di chiave. Tra le chiavette USB ultrasottili, presenta un profilo leggermente pi\u00f9 spesso. A differenza delle tradizionali unit\u00e0 USB quadrate, adotta il fattore di forma standard a forma di chiave.<\/p>\n\n\n\n<p>Ricavato da un unico pezzo di lega di alluminio, viene sottoposto a galvanotecnica sottovuoto multistrato per ottenere la sua tonalit\u00e0 dorata. La struttura del metallo \u00e8 liscia e lucente e resiste allo sbiadimento del colore tipico delle placcature dorate a basso costo, mantenendo una finitura vibrante nel tempo. I bordi arrotondati assicurano una presa confortevole e impediscono di graffiare altri oggetti quando sono attaccati a un portachiavi.<\/p>\n<\/div>\n<\/div>\n\n\n\n<p>Dotato di un'interfaccia USB 3.0 ad alta velocit\u00e0, raggiunge velocit\u00e0 di lettura fino a 80 MB\/s. Il trasferimento di un documento di lavoro di 500 MB richiede solo 6 secondi. La capacit\u00e0 varia da 16 GB a 256 GB, sufficiente per archiviare le foto di tutti i giorni, i fogli di calcolo dell'ufficio o i video ad alta definizione. \u00c8 compatibile con i sistemi pi\u00f9 diffusi, tra cui Windows, Mac e Linux, e non richiede driver aggiuntivi: basta collegarlo al computer e utilizzarlo.<\/p>\n\n\n\n<div class=\"wp-block-columns is-layout-flex wp-container-core-columns-is-layout-2 wp-block-columns-is-layout-flex\">\n<div class=\"wp-block-column is-layout-flow wp-block-column-is-layout-flow\">\n<figure class=\"wp-block-image size-full\"><img decoding=\"async\" width=\"800\" height=\"800\" src=\"https:\/\/www.yousanusb.com\/wp-content\/uploads\/2025\/10\/ThickKey-USB-Flash-drive.webp\" alt=\"Chiave spessa - unit\u00e0 flash USB\" class=\"wp-image-20460\" srcset=\"https:\/\/www.yousanusb.com\/wp-content\/uploads\/2025\/10\/ThickKey-USB-Flash-drive.webp 800w, https:\/\/www.yousanusb.com\/wp-content\/uploads\/2025\/10\/ThickKey-USB-Flash-drive-300x300.webp 300w, https:\/\/www.yousanusb.com\/wp-content\/uploads\/2025\/10\/ThickKey-USB-Flash-drive-150x150.webp 150w, https:\/\/www.yousanusb.com\/wp-content\/uploads\/2025\/10\/ThickKey-USB-Flash-drive-768x768.webp 768w, https:\/\/www.yousanusb.com\/wp-content\/uploads\/2025\/10\/ThickKey-USB-Flash-drive-12x12.webp 12w, https:\/\/www.yousanusb.com\/wp-content\/uploads\/2025\/10\/ThickKey-USB-Flash-drive-600x600.webp 600w, https:\/\/www.yousanusb.com\/wp-content\/uploads\/2025\/10\/ThickKey-USB-Flash-drive-100x100.webp 100w\" sizes=\"(max-width: 800px) 100vw, 800px\" \/><\/figure>\n<\/div>\n\n\n\n<div class=\"wp-block-column is-layout-flow wp-block-column-is-layout-flow\">\n<figure class=\"wp-block-image size-full\"><img decoding=\"async\" width=\"800\" height=\"800\" src=\"https:\/\/www.yousanusb.com\/wp-content\/uploads\/2025\/10\/ThickMetalKey-USB-flash-drive.webp\" alt=\"\" class=\"wp-image-20461\" srcset=\"https:\/\/www.yousanusb.com\/wp-content\/uploads\/2025\/10\/ThickMetalKey-USB-flash-drive.webp 800w, https:\/\/www.yousanusb.com\/wp-content\/uploads\/2025\/10\/ThickMetalKey-USB-flash-drive-300x300.webp 300w, https:\/\/www.yousanusb.com\/wp-content\/uploads\/2025\/10\/ThickMetalKey-USB-flash-drive-150x150.webp 150w, https:\/\/www.yousanusb.com\/wp-content\/uploads\/2025\/10\/ThickMetalKey-USB-flash-drive-768x768.webp 768w, https:\/\/www.yousanusb.com\/wp-content\/uploads\/2025\/10\/ThickMetalKey-USB-flash-drive-12x12.webp 12w, https:\/\/www.yousanusb.com\/wp-content\/uploads\/2025\/10\/ThickMetalKey-USB-flash-drive-600x600.webp 600w, https:\/\/www.yousanusb.com\/wp-content\/uploads\/2025\/10\/ThickMetalKey-USB-flash-drive-100x100.webp 100w\" sizes=\"(max-width: 800px) 100vw, 800px\" \/><\/figure>\n<\/div>\n<\/div>","protected":false},"excerpt":{"rendered":"<ul>\n<li>Colore oro e argento<\/li>\n<li>Unit\u00e0 flash USB in metallo<\/li>\n<li>Chiave usb a forma di chiave<\/li>\n<li>LOGO personalizzato<\/li>\n<li>MOQ: 100pcs<\/li>\n<\/ul>","protected":false},"featured_media":20459,"comment_status":"open","ping_status":"closed","template":"","meta":{"_seopress_robots_primary_cat":"","_seopress_titles_title":"Gold Metal Key USB Flash Drive Manufacturer in China - custom golden key usb","_seopress_titles_desc":"The Golden Metal Key USB Drive is a classic key-shaped USB design. Among ultra-thin key USBs, it features a slightly thicker profile. Unlike conventional square USB drives, it adopts the standard key-shaped form factor.","_seopress_robots_index":""},"class_list":["post-20456","product","type-product","status-publish","has-post-thumbnail","hentry","product_cat-retractable-usb-flash-drive","product_tag-key-usb-flash-drive"],"_links":{"self":[{"href":"https:\/\/www.yousanusb.com\/it\/wp-json\/wp\/v2\/product\/20456"}],"collection":[{"href":"https:\/\/www.yousanusb.com\/it\/wp-json\/wp\/v2\/product"}],"about":[{"href":"https:\/\/www.yousanusb.com\/it\/wp-json\/wp\/v2\/types\/product"}],"replies":[{"embeddable":true,"href":"https:\/\/www.yousanusb.com\/it\/wp-json\/wp\/v2\/comments?post=20456"}],"wp:featuredmedia":[{"embeddable":true,"href":"https:\/\/www.yousanusb.com\/it\/wp-json\/wp\/v2\/media\/20459"}],"wp:attachment":[{"href":"https:\/\/www.yousanusb.com\/it\/wp-json\/wp\/v2\/media?parent=20456"}],"curies":[{"name":"wp","href":"https:\/\/api.w.org\/{rel}","templated":true}]}}