{"id":20462,"date":"2025-10-12T11:48:07","date_gmt":"2025-10-12T11:48:07","guid":{"rendered":"https:\/\/www.yousanusb.com\/?post_type=product&#038;p=20462"},"modified":"2025-10-14T05:48:04","modified_gmt":"2025-10-14T05:48:04","slug":"usb-3-0-retro-heart-key-metal-flash-drive","status":"publish","type":"product","link":"https:\/\/www.yousanusb.com\/it\/prodotto\/usb-3-0-retro-heart-key-metal-flash-drive\/","title":{"rendered":"Unit\u00e0 flash USB 3.0 Retro Heart Key in metallo"},"content":{"rendered":"<p>Lo stile retr\u00f2 \u00e8 sempre stato amato dalle persone. Questa chiavetta USB in metallo abbraccia il design vintage, combinando elementi a forma di cuore con un'estetica retr\u00f2 per creare questa chiavetta USB a forma di cuore. La chiavetta USB retr\u00f2 presenta una finitura in bronzo con trattamento di patina vintage. Sulla sua base in oro bronzo o argento opaco, si possono percepire sottili texture metalliche. Evita la lucentezza appariscente, sviluppando invece una sensazione calda e pastosa con l'uso: anche l'attrito prolungato con monete o chiavi non lascer\u00e0 facilmente graffi.<\/p>\n\n\n\n<div class=\"wp-block-columns is-layout-flex wp-container-core-columns-is-layout-1 wp-block-columns-is-layout-flex\">\n<div class=\"wp-block-column is-layout-flow wp-block-column-is-layout-flow\">\n<figure class=\"wp-block-image size-full\"><img fetchpriority=\"high\" decoding=\"async\" width=\"800\" height=\"800\" src=\"https:\/\/www.yousanusb.com\/wp-content\/uploads\/2025\/10\/bulk-key-shape-metal-usb-flash-drive.webp\" alt=\"unit\u00e0 flash usb in metallo a forma di scimmia\" class=\"wp-image-20465\" srcset=\"https:\/\/www.yousanusb.com\/wp-content\/uploads\/2025\/10\/bulk-key-shape-metal-usb-flash-drive.webp 800w, https:\/\/www.yousanusb.com\/wp-content\/uploads\/2025\/10\/bulk-key-shape-metal-usb-flash-drive-300x300.webp 300w, https:\/\/www.yousanusb.com\/wp-content\/uploads\/2025\/10\/bulk-key-shape-metal-usb-flash-drive-150x150.webp 150w, https:\/\/www.yousanusb.com\/wp-content\/uploads\/2025\/10\/bulk-key-shape-metal-usb-flash-drive-768x768.webp 768w, https:\/\/www.yousanusb.com\/wp-content\/uploads\/2025\/10\/bulk-key-shape-metal-usb-flash-drive-12x12.webp 12w, https:\/\/www.yousanusb.com\/wp-content\/uploads\/2025\/10\/bulk-key-shape-metal-usb-flash-drive-600x600.webp 600w, https:\/\/www.yousanusb.com\/wp-content\/uploads\/2025\/10\/bulk-key-shape-metal-usb-flash-drive-100x100.webp 100w\" sizes=\"(max-width: 800px) 100vw, 800px\" \/><\/figure>\n<\/div>\n\n\n\n<div class=\"wp-block-column is-layout-flow wp-block-column-is-layout-flow\">\n<figure class=\"wp-block-image size-full\"><img decoding=\"async\" width=\"800\" height=\"800\" src=\"https:\/\/www.yousanusb.com\/wp-content\/uploads\/2025\/10\/key-shape-metal-usb-flash-drive.webp\" alt=\"\" class=\"wp-image-20467\" srcset=\"https:\/\/www.yousanusb.com\/wp-content\/uploads\/2025\/10\/key-shape-metal-usb-flash-drive.webp 800w, https:\/\/www.yousanusb.com\/wp-content\/uploads\/2025\/10\/key-shape-metal-usb-flash-drive-300x300.webp 300w, https:\/\/www.yousanusb.com\/wp-content\/uploads\/2025\/10\/key-shape-metal-usb-flash-drive-150x150.webp 150w, https:\/\/www.yousanusb.com\/wp-content\/uploads\/2025\/10\/key-shape-metal-usb-flash-drive-768x768.webp 768w, https:\/\/www.yousanusb.com\/wp-content\/uploads\/2025\/10\/key-shape-metal-usb-flash-drive-12x12.webp 12w, https:\/\/www.yousanusb.com\/wp-content\/uploads\/2025\/10\/key-shape-metal-usb-flash-drive-600x600.webp 600w, https:\/\/www.yousanusb.com\/wp-content\/uploads\/2025\/10\/key-shape-metal-usb-flash-drive-100x100.webp 100w\" sizes=\"(max-width: 800px) 100vw, 800px\" \/><\/figure>\n<\/div>\n<\/div>\n\n\n\n<p>Realizzato in un unico pezzo, il contorno a forma di cuore \u00e8 dolcemente arrotondato piuttosto che spigoloso, come un accessorio vintage delicatamente usurato dal tempo. L'interfaccia \u00e8 dotata di un bordino metallico in tinta per un inserimento e una rimozione fluidi e privi di oscillazioni. Un piccolo foro per il portachiavi si estende sotto il cuore, perfettamente dimensionato per il vostro portachiavi. Non \u00e8 necessario un cordino aggiuntivo: portare le chiavi significa portare con s\u00e9 la chiavetta USB. Non dovrete pi\u00f9 cercare freneticamente nella vostra borsa.<\/p>\n\n\n\n<div class=\"wp-block-columns is-layout-flex wp-container-core-columns-is-layout-2 wp-block-columns-is-layout-flex\">\n<div class=\"wp-block-column is-layout-flow wp-block-column-is-layout-flow\">\n<figure class=\"wp-block-image size-full\"><img decoding=\"async\" width=\"800\" height=\"800\" src=\"https:\/\/www.yousanusb.com\/wp-content\/uploads\/2025\/10\/Retro-Key-Metal-USB-Drive.webp\" alt=\"\" class=\"wp-image-20468\" srcset=\"https:\/\/www.yousanusb.com\/wp-content\/uploads\/2025\/10\/Retro-Key-Metal-USB-Drive.webp 800w, https:\/\/www.yousanusb.com\/wp-content\/uploads\/2025\/10\/Retro-Key-Metal-USB-Drive-300x300.webp 300w, https:\/\/www.yousanusb.com\/wp-content\/uploads\/2025\/10\/Retro-Key-Metal-USB-Drive-150x150.webp 150w, https:\/\/www.yousanusb.com\/wp-content\/uploads\/2025\/10\/Retro-Key-Metal-USB-Drive-768x768.webp 768w, https:\/\/www.yousanusb.com\/wp-content\/uploads\/2025\/10\/Retro-Key-Metal-USB-Drive-12x12.webp 12w, https:\/\/www.yousanusb.com\/wp-content\/uploads\/2025\/10\/Retro-Key-Metal-USB-Drive-600x600.webp 600w, https:\/\/www.yousanusb.com\/wp-content\/uploads\/2025\/10\/Retro-Key-Metal-USB-Drive-100x100.webp 100w\" sizes=\"(max-width: 800px) 100vw, 800px\" \/><\/figure>\n<\/div>\n\n\n\n<div class=\"wp-block-column is-layout-flow wp-block-column-is-layout-flow\">\n<figure class=\"wp-block-image size-full\"><img loading=\"lazy\" decoding=\"async\" width=\"800\" height=\"800\" src=\"https:\/\/www.yousanusb.com\/wp-content\/uploads\/2025\/10\/China-key-shape-metal-usb-flash-drive-supplier.webp\" alt=\"\" class=\"wp-image-20466\" srcset=\"https:\/\/www.yousanusb.com\/wp-content\/uploads\/2025\/10\/China-key-shape-metal-usb-flash-drive-supplier.webp 800w, https:\/\/www.yousanusb.com\/wp-content\/uploads\/2025\/10\/China-key-shape-metal-usb-flash-drive-supplier-300x300.webp 300w, https:\/\/www.yousanusb.com\/wp-content\/uploads\/2025\/10\/China-key-shape-metal-usb-flash-drive-supplier-150x150.webp 150w, https:\/\/www.yousanusb.com\/wp-content\/uploads\/2025\/10\/China-key-shape-metal-usb-flash-drive-supplier-768x768.webp 768w, https:\/\/www.yousanusb.com\/wp-content\/uploads\/2025\/10\/China-key-shape-metal-usb-flash-drive-supplier-12x12.webp 12w, https:\/\/www.yousanusb.com\/wp-content\/uploads\/2025\/10\/China-key-shape-metal-usb-flash-drive-supplier-600x600.webp 600w, https:\/\/www.yousanusb.com\/wp-content\/uploads\/2025\/10\/China-key-shape-metal-usb-flash-drive-supplier-100x100.webp 100w\" sizes=\"(max-width: 800px) 100vw, 800px\" \/><\/figure>\n<\/div>\n<\/div>\n\n\n\n<p><\/p>","protected":false},"excerpt":{"rendered":"<ul>\n<li>Cuore retr\u00f2 USB 3.0<\/li>\n<li>Stile retr\u00f2<\/li>\n<li>Elementi a forma di cuore<\/li>\n<li>Forma della chiave in metallo<\/li>\n<li>Colore bronzo<\/li>\n<\/ul>","protected":false},"featured_media":20465,"comment_status":"open","ping_status":"closed","template":"","meta":{"_seopress_robots_primary_cat":"","_seopress_titles_title":"USB 3.0 Retro Heart Key Metal Flash Drive manufacturer -custom","_seopress_titles_desc":"Retro styles have always been beloved by people. This metal key USB drive embraces vintage design, combining heart-shaped elements with retro aesthetics to create this heart-shaped key USB drive.","_seopress_robots_index":""},"class_list":["post-20462","product","type-product","status-publish","has-post-thumbnail","hentry","product_cat-retractable-usb-flash-drive","product_tag-key-usb-flash-drive"],"_links":{"self":[{"href":"https:\/\/www.yousanusb.com\/it\/wp-json\/wp\/v2\/product\/20462"}],"collection":[{"href":"https:\/\/www.yousanusb.com\/it\/wp-json\/wp\/v2\/product"}],"about":[{"href":"https:\/\/www.yousanusb.com\/it\/wp-json\/wp\/v2\/types\/product"}],"replies":[{"embeddable":true,"href":"https:\/\/www.yousanusb.com\/it\/wp-json\/wp\/v2\/comments?post=20462"}],"wp:featuredmedia":[{"embeddable":true,"href":"https:\/\/www.yousanusb.com\/it\/wp-json\/wp\/v2\/media\/20465"}],"wp:attachment":[{"href":"https:\/\/www.yousanusb.com\/it\/wp-json\/wp\/v2\/media?parent=20462"}],"curies":[{"name":"wp","href":"https:\/\/api.w.org\/{rel}","templated":true}]}}