{"id":20472,"date":"2025-10-12T12:38:41","date_gmt":"2025-10-12T12:38:41","guid":{"rendered":"https:\/\/www.yousanusb.com\/?post_type=product&#038;p=20472"},"modified":"2025-10-12T12:44:25","modified_gmt":"2025-10-12T12:44:25","slug":"new-sportswristband-usb-flash-drive","status":"publish","type":"product","link":"https:\/\/www.yousanusb.com\/it\/prodotto\/new-sportswristband-usb-flash-drive\/","title":{"rendered":"Nuovo braccialetto sportivo Unit\u00e0 flash USB"},"content":{"rendered":"<p>Nell'era digitale, le unit\u00e0 USB sono strumenti essenziali per il trasferimento e l'archiviazione dei dati. Tuttavia, le unit\u00e0 USB tradizionali sono state a lungo criticate perch\u00e9 \"piccole e facili da smarrire\" e \"bloccate in un design obsoleto\". Ora, la comparsa di unit\u00e0 USB in stile fitness tracker ha completamente sconvolto la percezione convenzionale dell'archiviazione USB. Questi dispositivi innovativi fondono perfettamente la tecnologia con gli accessori alla moda, rendendo la portabilit\u00e0 dei dati pi\u00f9 elegante che mai.<\/p>\n\n\n\n<div class=\"wp-block-columns is-layout-flex wp-container-core-columns-is-layout-1 wp-block-columns-is-layout-flex\">\n<div class=\"wp-block-column is-layout-flow wp-block-column-is-layout-flow\">\n<figure class=\"wp-block-image size-full\"><img fetchpriority=\"high\" decoding=\"async\" width=\"800\" height=\"800\" src=\"https:\/\/www.yousanusb.com\/wp-content\/uploads\/2025\/10\/wristband-usb-flash-drive.jpg\" alt=\"\" class=\"wp-image-20482\" srcset=\"https:\/\/www.yousanusb.com\/wp-content\/uploads\/2025\/10\/wristband-usb-flash-drive.jpg 800w, https:\/\/www.yousanusb.com\/wp-content\/uploads\/2025\/10\/wristband-usb-flash-drive-300x300.jpg 300w, https:\/\/www.yousanusb.com\/wp-content\/uploads\/2025\/10\/wristband-usb-flash-drive-150x150.jpg 150w, https:\/\/www.yousanusb.com\/wp-content\/uploads\/2025\/10\/wristband-usb-flash-drive-768x768.jpg 768w, https:\/\/www.yousanusb.com\/wp-content\/uploads\/2025\/10\/wristband-usb-flash-drive-12x12.jpg 12w, https:\/\/www.yousanusb.com\/wp-content\/uploads\/2025\/10\/wristband-usb-flash-drive-600x600.jpg 600w, https:\/\/www.yousanusb.com\/wp-content\/uploads\/2025\/10\/wristband-usb-flash-drive-100x100.jpg 100w\" sizes=\"(max-width: 800px) 100vw, 800px\" \/><\/figure>\n<\/div>\n\n\n\n<div class=\"wp-block-column is-vertically-aligned-center is-layout-flow wp-block-column-is-layout-flow\">\n<p>L'unit\u00e0 flash USB da polso sportiva presenta un design integrato che combina un braccialetto in silicone con il corpo dell'unit\u00e0 USB. Il morbido materiale siliconico si adatta comodamente al polso, offrendo un comfort simile a quello di un fitness tracker. Il materiale in silicone offre propriet\u00e0 di resistenza all'acqua e agli urti, proteggendo efficacemente il chip di archiviazione interno da schizzi o cadute accidentali durante l'uso quotidiano. <\/p>\n\n\n\n<p>Inoltre, il design chiuso del braccialetto riduce al minimo l'attrito diretto tra l'interfaccia e le superfici esterne, prolungando ulteriormente la durata dell'unit\u00e0 USB e garantendo un'archiviazione dei dati pi\u00f9 affidabile.<\/p>\n<\/div>\n<\/div>\n\n\n\n<div class=\"wp-block-columns is-layout-flex wp-container-core-columns-is-layout-3 wp-block-columns-is-layout-flex\">\n<div class=\"wp-block-column is-vertically-aligned-center is-layout-flow wp-block-column-is-layout-flow\">\n<div class=\"wp-block-columns is-layout-flex wp-container-core-columns-is-layout-2 wp-block-columns-is-layout-flex\">\n<div class=\"wp-block-column is-vertically-aligned-center is-layout-flow wp-block-column-is-layout-flow\">\n<p>Disponibile con capacit\u00e0 da 4 GB a 128 GB, offre agli studenti un ampio spazio di archiviazione per salvare materiale didattico e documenti, mentre i professionisti possono trasferire senza problemi progetti ad alta definizione, file video ed eseguire il backup di foto e musica.<\/p>\n\n\n\n<p>Lettura\/scrittura ad alta velocit\u00e0: Dotato di un'interfaccia compatibile con USB 2.0\/3.0, garantisce velocit\u00e0 di lettura\/scrittura stabili ed efficienti. Il trasferimento di file di grandi dimensioni non richiede pi\u00f9 lunghe attese, aumentando in modo significativo la produttivit\u00e0 del lavoro e dello studio quotidiano.<\/p>\n<\/div>\n\n\n\n<div class=\"wp-block-column is-vertically-aligned-center is-layout-flow wp-block-column-is-layout-flow\">\n<figure class=\"wp-block-image size-full\"><img decoding=\"async\" width=\"800\" height=\"800\" src=\"https:\/\/www.yousanusb.com\/wp-content\/uploads\/2025\/10\/Wristband-USB-Drive-PVC-bracelet-style-USB-flash-drive.webp\" alt=\"\" class=\"wp-image-20479\" srcset=\"https:\/\/www.yousanusb.com\/wp-content\/uploads\/2025\/10\/Wristband-USB-Drive-PVC-bracelet-style-USB-flash-drive.webp 800w, https:\/\/www.yousanusb.com\/wp-content\/uploads\/2025\/10\/Wristband-USB-Drive-PVC-bracelet-style-USB-flash-drive-300x300.webp 300w, https:\/\/www.yousanusb.com\/wp-content\/uploads\/2025\/10\/Wristband-USB-Drive-PVC-bracelet-style-USB-flash-drive-150x150.webp 150w, https:\/\/www.yousanusb.com\/wp-content\/uploads\/2025\/10\/Wristband-USB-Drive-PVC-bracelet-style-USB-flash-drive-768x768.webp 768w, https:\/\/www.yousanusb.com\/wp-content\/uploads\/2025\/10\/Wristband-USB-Drive-PVC-bracelet-style-USB-flash-drive-12x12.webp 12w, https:\/\/www.yousanusb.com\/wp-content\/uploads\/2025\/10\/Wristband-USB-Drive-PVC-bracelet-style-USB-flash-drive-600x600.webp 600w, https:\/\/www.yousanusb.com\/wp-content\/uploads\/2025\/10\/Wristband-USB-Drive-PVC-bracelet-style-USB-flash-drive-100x100.webp 100w\" sizes=\"(max-width: 800px) 100vw, 800px\" \/><\/figure>\n<\/div>\n<\/div>\n<\/div>\n<\/div>\n\n\n\n<p>Due combinazioni di colori classici, blu e nero, rosso e nero, offrono contrasti vivaci che si rivolgono alla sensibilit\u00e0 giovanile della moda, pur mantenendo un aspetto professionale per gli ambienti di lavoro. Grazie a un design ingegnoso, la chiavetta USB si integra perfettamente con il braccialetto: una leggera pressione rivela la porta USB per l'uso, e la chiavetta si richiude nel braccialetto quando non viene utilizzata.<\/p>\n\n\n\n<div class=\"wp-block-columns is-layout-flex wp-container-core-columns-is-layout-4 wp-block-columns-is-layout-flex\">\n<div class=\"wp-block-column is-layout-flow wp-block-column-is-layout-flow\">\n<figure class=\"wp-block-image size-full\"><img decoding=\"async\" width=\"800\" height=\"800\" src=\"https:\/\/www.yousanusb.com\/wp-content\/uploads\/2025\/10\/Custom-Usb-Slap-Wrap-Wristbands.webp\" alt=\"\" class=\"wp-image-20476\" srcset=\"https:\/\/www.yousanusb.com\/wp-content\/uploads\/2025\/10\/Custom-Usb-Slap-Wrap-Wristbands.webp 800w, https:\/\/www.yousanusb.com\/wp-content\/uploads\/2025\/10\/Custom-Usb-Slap-Wrap-Wristbands-300x300.webp 300w, https:\/\/www.yousanusb.com\/wp-content\/uploads\/2025\/10\/Custom-Usb-Slap-Wrap-Wristbands-150x150.webp 150w, https:\/\/www.yousanusb.com\/wp-content\/uploads\/2025\/10\/Custom-Usb-Slap-Wrap-Wristbands-768x768.webp 768w, https:\/\/www.yousanusb.com\/wp-content\/uploads\/2025\/10\/Custom-Usb-Slap-Wrap-Wristbands-12x12.webp 12w, https:\/\/www.yousanusb.com\/wp-content\/uploads\/2025\/10\/Custom-Usb-Slap-Wrap-Wristbands-600x600.webp 600w, https:\/\/www.yousanusb.com\/wp-content\/uploads\/2025\/10\/Custom-Usb-Slap-Wrap-Wristbands-100x100.webp 100w\" sizes=\"(max-width: 800px) 100vw, 800px\" \/><\/figure>\n<\/div>\n\n\n\n<div class=\"wp-block-column is-layout-flow wp-block-column-is-layout-flow\">\n<figure class=\"wp-block-image size-full\"><img loading=\"lazy\" decoding=\"async\" width=\"800\" height=\"800\" src=\"https:\/\/www.yousanusb.com\/wp-content\/uploads\/2025\/10\/Silicone-USB-Flash-Drive-Wristband-Bracelet.webp\" alt=\"\" class=\"wp-image-20477\" srcset=\"https:\/\/www.yousanusb.com\/wp-content\/uploads\/2025\/10\/Silicone-USB-Flash-Drive-Wristband-Bracelet.webp 800w, https:\/\/www.yousanusb.com\/wp-content\/uploads\/2025\/10\/Silicone-USB-Flash-Drive-Wristband-Bracelet-300x300.webp 300w, https:\/\/www.yousanusb.com\/wp-content\/uploads\/2025\/10\/Silicone-USB-Flash-Drive-Wristband-Bracelet-150x150.webp 150w, https:\/\/www.yousanusb.com\/wp-content\/uploads\/2025\/10\/Silicone-USB-Flash-Drive-Wristband-Bracelet-768x768.webp 768w, https:\/\/www.yousanusb.com\/wp-content\/uploads\/2025\/10\/Silicone-USB-Flash-Drive-Wristband-Bracelet-12x12.webp 12w, https:\/\/www.yousanusb.com\/wp-content\/uploads\/2025\/10\/Silicone-USB-Flash-Drive-Wristband-Bracelet-600x600.webp 600w, https:\/\/www.yousanusb.com\/wp-content\/uploads\/2025\/10\/Silicone-USB-Flash-Drive-Wristband-Bracelet-100x100.webp 100w\" sizes=\"(max-width: 800px) 100vw, 800px\" \/><\/figure>\n<\/div>\n<\/div>\n\n\n\n<div class=\"wp-block-columns is-layout-flex wp-container-core-columns-is-layout-5 wp-block-columns-is-layout-flex\">\n<div class=\"wp-block-column is-layout-flow wp-block-column-is-layout-flow\">\n<figure class=\"wp-block-image size-full\"><img loading=\"lazy\" decoding=\"async\" width=\"880\" height=\"800\" src=\"https:\/\/www.yousanusb.com\/wp-content\/uploads\/2025\/10\/custom-usb-flash-drive.jpg\" alt=\"\" class=\"wp-image-20475\" srcset=\"https:\/\/www.yousanusb.com\/wp-content\/uploads\/2025\/10\/custom-usb-flash-drive.jpg 880w, https:\/\/www.yousanusb.com\/wp-content\/uploads\/2025\/10\/custom-usb-flash-drive-300x273.jpg 300w, https:\/\/www.yousanusb.com\/wp-content\/uploads\/2025\/10\/custom-usb-flash-drive-768x698.jpg 768w, https:\/\/www.yousanusb.com\/wp-content\/uploads\/2025\/10\/custom-usb-flash-drive-13x12.jpg 13w, https:\/\/www.yousanusb.com\/wp-content\/uploads\/2025\/10\/custom-usb-flash-drive-600x545.jpg 600w\" sizes=\"(max-width: 880px) 100vw, 880px\" \/><\/figure>\n<\/div>\n\n\n\n<div class=\"wp-block-column is-vertically-aligned-center is-layout-flow wp-block-column-is-layout-flow\">\n<p>Il valore delle unit\u00e0 USB da polso risiede nelle loro applicazioni versatili:<\/p>\n\n\n\n<p>Uso quotidiano: Indossatela al polso per un accesso immediato durante gli spostamenti, le lezioni o i viaggi di lavoro: non dovrete pi\u00f9 rovistare nelle borse per trovare la vostra unit\u00e0. Il leggero braccialetto in silicone la rende molto meno ingombrante delle tradizionali unit\u00e0 USB portachiavi.<\/p>\n\n\n\n<p>Regali aziendali: Le aziende possono personalizzare il logo del proprio marchio sul corpo della chiavetta USB, utilizzandola come omaggio aziendale o come premio per un evento. Rispetto ai normali regali, \u00e8 pratico e migliora l'esposizione del marchio grazie al \"branding indossabile\".<\/p>\n\n\n\n<p>Siamo fabbrica, non societ\u00e0 commerciale, quindi possiamo offrire un prezzo molto competitivo<\/p>\n<\/div>\n<\/div>","protected":false},"excerpt":{"rendered":"<ul>\n<li>Bracciale da polso 2 in 1<\/li>\n<li>Adatta a tutti i telefoni intelligenti\/tablet pc e prodotti digitali<\/li>\n<li>Per la ricarica USB, il trasferimento dati e il regalo promozionale<\/li>\n<li>Supporto dell'OEM, consegna veloce e alta qualit\u00e0<\/li>\n<li>MOQ: 100pcs<\/li>\n<\/ul>","protected":false},"featured_media":20476,"comment_status":"open","ping_status":"closed","template":"","meta":{"_seopress_robots_primary_cat":"","_seopress_titles_title":"","_seopress_titles_desc":"","_seopress_robots_index":""},"class_list":["post-20472","product","type-product","status-publish","has-post-thumbnail","hentry","product_cat-bracelet-pen-drive"],"_links":{"self":[{"href":"https:\/\/www.yousanusb.com\/it\/wp-json\/wp\/v2\/product\/20472"}],"collection":[{"href":"https:\/\/www.yousanusb.com\/it\/wp-json\/wp\/v2\/product"}],"about":[{"href":"https:\/\/www.yousanusb.com\/it\/wp-json\/wp\/v2\/types\/product"}],"replies":[{"embeddable":true,"href":"https:\/\/www.yousanusb.com\/it\/wp-json\/wp\/v2\/comments?post=20472"}],"wp:featuredmedia":[{"embeddable":true,"href":"https:\/\/www.yousanusb.com\/it\/wp-json\/wp\/v2\/media\/20476"}],"wp:attachment":[{"href":"https:\/\/www.yousanusb.com\/it\/wp-json\/wp\/v2\/media?parent=20472"}],"curies":[{"name":"wp","href":"https:\/\/api.w.org\/{rel}","templated":true}]}}