{"id":20632,"date":"2025-10-13T06:19:36","date_gmt":"2025-10-13T06:19:36","guid":{"rendered":"https:\/\/www.yousanusb.com\/?post_type=product&#038;p=20632"},"modified":"2025-11-13T13:01:23","modified_gmt":"2025-11-13T13:01:23","slug":"the-smallest-usb-flash-drive","status":"publish","type":"product","link":"https:\/\/www.yousanusb.com\/it\/prodotto\/the-smallest-usb-flash-drive\/","title":{"rendered":"la pi\u00f9 piccola unit\u00e0 flash usb"},"content":{"rendered":"<div class=\"wp-block-columns is-layout-flex wp-container-core-columns-is-layout-1 wp-block-columns-is-layout-flex\">\n<div class=\"wp-block-column is-layout-flow wp-block-column-is-layout-flow\">\n<figure class=\"wp-block-image size-full\"><img fetchpriority=\"high\" decoding=\"async\" width=\"1024\" height=\"1024\" src=\"https:\/\/www.yousanusb.com\/wp-content\/uploads\/2025\/10\/the-smallest-usb-flash-drive.jpg\" alt=\"la pi\u00f9 piccola unit\u00e0 flash usb\" class=\"wp-image-20637\" srcset=\"https:\/\/www.yousanusb.com\/wp-content\/uploads\/2025\/10\/the-smallest-usb-flash-drive.jpg 1024w, https:\/\/www.yousanusb.com\/wp-content\/uploads\/2025\/10\/the-smallest-usb-flash-drive-300x300.jpg 300w, https:\/\/www.yousanusb.com\/wp-content\/uploads\/2025\/10\/the-smallest-usb-flash-drive-150x150.jpg 150w, https:\/\/www.yousanusb.com\/wp-content\/uploads\/2025\/10\/the-smallest-usb-flash-drive-768x768.jpg 768w, https:\/\/www.yousanusb.com\/wp-content\/uploads\/2025\/10\/the-smallest-usb-flash-drive-12x12.jpg 12w, https:\/\/www.yousanusb.com\/wp-content\/uploads\/2025\/10\/the-smallest-usb-flash-drive-600x600.jpg 600w, https:\/\/www.yousanusb.com\/wp-content\/uploads\/2025\/10\/the-smallest-usb-flash-drive-100x100.jpg 100w\" sizes=\"(max-width: 1024px) 100vw, 1024px\" \/><\/figure>\n<\/div>\n\n\n\n<div class=\"wp-block-column is-vertically-aligned-center is-layout-flow wp-block-column-is-layout-flow\">\n<p>Questa unit\u00e0 USB nera, nota anche come \"Mosquito USB\", sostiene di essere l'unit\u00e0 flash USB-C pi\u00f9 piccola al mondo con i suoi soli 10,6\u00d720\u00d713,5 mm - pi\u00f9 o meno le dimensioni di due monete da 1 yuan impilate - e pesa solo 2,8 grammi. L'involucro in plastica \u00e8 disponibile in nero.<\/p>\n<\/div>\n<\/div>\n\n\n\n<p>Questa unit\u00e0 in miniatura \u00e8 dotata di un guscio integrato in metallo pressofuso con una finitura sabbiata opaca che resiste alle impronte digitali e ai graffi. Il meccanismo di scorrimento senza tappo (simile al design di Kioxia U365) elimina il fastidio di perdere i tappi. Alcuni modelli sono dotati di un foro nascosto per il portachiavi (come l'unit\u00e0 USB Vector Bid), che consente di agganciarla a un portachiavi con un ingombro minimo, eliminando la frustrazione di \"portarla ma dimenticarla\".<\/p>\n\n\n\n<div class=\"wp-block-columns is-layout-flex wp-container-core-columns-is-layout-2 wp-block-columns-is-layout-flex\">\n<div class=\"wp-block-column is-layout-flow wp-block-column-is-layout-flow\">\n<figure class=\"wp-block-image size-full\"><img decoding=\"async\" width=\"800\" height=\"800\" src=\"https:\/\/www.yousanusb.com\/wp-content\/uploads\/2025\/10\/the-black-smallest-usb-flash-drive.jpg\" alt=\"l&#039;unit\u00e0 flash usb pi\u00f9 piccola in nero\" class=\"wp-image-20636\" srcset=\"https:\/\/www.yousanusb.com\/wp-content\/uploads\/2025\/10\/the-black-smallest-usb-flash-drive.jpg 800w, https:\/\/www.yousanusb.com\/wp-content\/uploads\/2025\/10\/the-black-smallest-usb-flash-drive-300x300.jpg 300w, https:\/\/www.yousanusb.com\/wp-content\/uploads\/2025\/10\/the-black-smallest-usb-flash-drive-150x150.jpg 150w, https:\/\/www.yousanusb.com\/wp-content\/uploads\/2025\/10\/the-black-smallest-usb-flash-drive-768x768.jpg 768w, https:\/\/www.yousanusb.com\/wp-content\/uploads\/2025\/10\/the-black-smallest-usb-flash-drive-12x12.jpg 12w, https:\/\/www.yousanusb.com\/wp-content\/uploads\/2025\/10\/the-black-smallest-usb-flash-drive-600x600.jpg 600w, https:\/\/www.yousanusb.com\/wp-content\/uploads\/2025\/10\/the-black-smallest-usb-flash-drive-100x100.jpg 100w\" sizes=\"(max-width: 800px) 100vw, 800px\" \/><\/figure>\n<\/div>\n\n\n\n<div class=\"wp-block-column is-layout-flow wp-block-column-is-layout-flow\">\n<figure class=\"wp-block-image size-full\"><img decoding=\"async\" width=\"800\" height=\"800\" src=\"https:\/\/www.yousanusb.com\/wp-content\/uploads\/2025\/10\/mini-usb-flash-drive.jpg\" alt=\"unit\u00e0 flash mini-usb\" class=\"wp-image-20635\" srcset=\"https:\/\/www.yousanusb.com\/wp-content\/uploads\/2025\/10\/mini-usb-flash-drive.jpg 800w, https:\/\/www.yousanusb.com\/wp-content\/uploads\/2025\/10\/mini-usb-flash-drive-300x300.jpg 300w, https:\/\/www.yousanusb.com\/wp-content\/uploads\/2025\/10\/mini-usb-flash-drive-150x150.jpg 150w, https:\/\/www.yousanusb.com\/wp-content\/uploads\/2025\/10\/mini-usb-flash-drive-768x768.jpg 768w, https:\/\/www.yousanusb.com\/wp-content\/uploads\/2025\/10\/mini-usb-flash-drive-12x12.jpg 12w, https:\/\/www.yousanusb.com\/wp-content\/uploads\/2025\/10\/mini-usb-flash-drive-600x600.jpg 600w, https:\/\/www.yousanusb.com\/wp-content\/uploads\/2025\/10\/mini-usb-flash-drive-100x100.jpg 100w\" sizes=\"(max-width: 800px) 100vw, 800px\" \/><\/figure>\n<\/div>\n<\/div>\n\n\n\n<p>Le capacit\u00e0 vanno da 1 GB a 512 GB: - I modelli compatti da 1 a 8 GB sono ideali per archiviare documenti o file audio per auto. - I modelli ad alta capacit\u00e0 da 128 a 512 GB possono contenere migliaia di foto RAW o decine di ore di video HD.<\/p>","protected":false},"excerpt":{"rendered":"<ul>\n<li>stile mini<\/li>\n<li>la pi\u00f9 piccola unit\u00e0 flash usb<\/li>\n<li>nero e rosso<\/li>\n<li>logo cutom<\/li>\n<li>per unit\u00e0 usb musci auto<\/li>\n<\/ul>","protected":false},"featured_media":20637,"comment_status":"open","ping_status":"closed","template":"","meta":{"_seopress_robots_primary_cat":"none","_seopress_titles_title":"the smallest usb flash drive manufacturer in China- custom mini usb","_seopress_titles_desc":"This black USB drive, also known as the \u201cMosquito USB,\u201d claims to be the world's smallest USB-C flash drive at just 10.6\u00d720\u00d713.5 mm\u2014roughly the size of two stacked 1-yuan coins\u2014and weighs only 2.8 grams. Its plastic casing typically comes in black.","_seopress_robots_index":""},"class_list":["post-20632","product","type-product","status-publish","has-post-thumbnail","hentry","product_cat-mini-usb-flash-drive"],"_links":{"self":[{"href":"https:\/\/www.yousanusb.com\/it\/wp-json\/wp\/v2\/product\/20632"}],"collection":[{"href":"https:\/\/www.yousanusb.com\/it\/wp-json\/wp\/v2\/product"}],"about":[{"href":"https:\/\/www.yousanusb.com\/it\/wp-json\/wp\/v2\/types\/product"}],"replies":[{"embeddable":true,"href":"https:\/\/www.yousanusb.com\/it\/wp-json\/wp\/v2\/comments?post=20632"}],"wp:featuredmedia":[{"embeddable":true,"href":"https:\/\/www.yousanusb.com\/it\/wp-json\/wp\/v2\/media\/20637"}],"wp:attachment":[{"href":"https:\/\/www.yousanusb.com\/it\/wp-json\/wp\/v2\/media?parent=20632"}],"curies":[{"name":"wp","href":"https:\/\/api.w.org\/{rel}","templated":true}]}}