{"id":20661,"date":"2025-10-13T11:42:45","date_gmt":"2025-10-13T11:42:45","guid":{"rendered":"https:\/\/www.yousanusb.com\/?post_type=product&#038;p=20661"},"modified":"2025-10-14T05:47:50","modified_gmt":"2025-10-14T05:47:50","slug":"round-metal-key-usb-drive","status":"publish","type":"product","link":"https:\/\/www.yousanusb.com\/it\/prodotto\/round-metal-key-usb-drive\/","title":{"rendered":"Chiave USB rotonda in metallo"},"content":{"rendered":"<p>Questa unit\u00e0 USB presenta un design personalizzato in metallo con un fattore di forma unico a forma di chiave, compatto ed elegante. La parte superiore \u00e8 dotata di un foro circolare per il portachiavi che consente di agganciarla facilmente a portachiavi o altri oggetti, rendendola facile da trasportare senza alcun peso. Disponibile in diversi colori, come il rosa e l'argento, il suo aspetto elegante e accattivante combina la praticit\u00e0 con l'estetica, aggiungendo un tocco di personalit\u00e0 ai vostri strumenti di archiviazione.<\/p>\n\n\n\n<div class=\"wp-block-columns is-layout-flex wp-container-core-columns-is-layout-1 wp-block-columns-is-layout-flex\">\n<div class=\"wp-block-column is-layout-flow wp-block-column-is-layout-flow\">\n<figure class=\"wp-block-image size-full\"><img fetchpriority=\"high\" decoding=\"async\" width=\"800\" height=\"800\" src=\"https:\/\/www.yousanusb.com\/wp-content\/uploads\/2025\/10\/pink-Round-Metal-Key-USB-Drive.jpg\" alt=\"Chiave USB rotonda in metallo rosa\" class=\"wp-image-20664\" srcset=\"https:\/\/www.yousanusb.com\/wp-content\/uploads\/2025\/10\/pink-Round-Metal-Key-USB-Drive.jpg 800w, https:\/\/www.yousanusb.com\/wp-content\/uploads\/2025\/10\/pink-Round-Metal-Key-USB-Drive-300x300.jpg 300w, https:\/\/www.yousanusb.com\/wp-content\/uploads\/2025\/10\/pink-Round-Metal-Key-USB-Drive-150x150.jpg 150w, https:\/\/www.yousanusb.com\/wp-content\/uploads\/2025\/10\/pink-Round-Metal-Key-USB-Drive-768x768.jpg 768w, https:\/\/www.yousanusb.com\/wp-content\/uploads\/2025\/10\/pink-Round-Metal-Key-USB-Drive-12x12.jpg 12w, https:\/\/www.yousanusb.com\/wp-content\/uploads\/2025\/10\/pink-Round-Metal-Key-USB-Drive-600x600.jpg 600w, https:\/\/www.yousanusb.com\/wp-content\/uploads\/2025\/10\/pink-Round-Metal-Key-USB-Drive-100x100.jpg 100w\" sizes=\"(max-width: 800px) 100vw, 800px\" \/><\/figure>\n<\/div>\n\n\n\n<div class=\"wp-block-column is-layout-flow wp-block-column-is-layout-flow\">\n<figure class=\"wp-block-image size-full\"><img decoding=\"async\" width=\"800\" height=\"800\" src=\"https:\/\/www.yousanusb.com\/wp-content\/uploads\/2025\/10\/red-Round-Metal-Key-USB-Drive.jpg\" alt=\"\" class=\"wp-image-20665\" srcset=\"https:\/\/www.yousanusb.com\/wp-content\/uploads\/2025\/10\/red-Round-Metal-Key-USB-Drive.jpg 800w, https:\/\/www.yousanusb.com\/wp-content\/uploads\/2025\/10\/red-Round-Metal-Key-USB-Drive-300x300.jpg 300w, https:\/\/www.yousanusb.com\/wp-content\/uploads\/2025\/10\/red-Round-Metal-Key-USB-Drive-150x150.jpg 150w, https:\/\/www.yousanusb.com\/wp-content\/uploads\/2025\/10\/red-Round-Metal-Key-USB-Drive-768x768.jpg 768w, https:\/\/www.yousanusb.com\/wp-content\/uploads\/2025\/10\/red-Round-Metal-Key-USB-Drive-12x12.jpg 12w, https:\/\/www.yousanusb.com\/wp-content\/uploads\/2025\/10\/red-Round-Metal-Key-USB-Drive-600x600.jpg 600w, https:\/\/www.yousanusb.com\/wp-content\/uploads\/2025\/10\/red-Round-Metal-Key-USB-Drive-100x100.jpg 100w\" sizes=\"(max-width: 800px) 100vw, 800px\" \/><\/figure>\n<\/div>\n<\/div>\n\n\n\n<p>L'elemento pi\u00f9 caratteristico \u00e8 il buco circolare della serratura nella parte superiore. Il suo design perfettamente dimensionato non solo consente di agganciarlo facilmente a portachiavi, zaini e altri oggetti per una portabilit\u00e0 ultra-conveniente, ma aggiunge anche un tocco di giocosit\u00e0 e ingegnosit\u00e0 al look complessivo.<\/p>\n\n\n\n<div class=\"wp-block-columns is-layout-flex wp-container-core-columns-is-layout-2 wp-block-columns-is-layout-flex\">\n<div class=\"wp-block-column is-layout-flow wp-block-column-is-layout-flow\">\n<figure class=\"wp-block-image size-full\"><img decoding=\"async\" width=\"800\" height=\"800\" src=\"https:\/\/www.yousanusb.com\/wp-content\/uploads\/2025\/10\/silver-Round-Metal-Key-USB-Drive.jpg\" alt=\"\" class=\"wp-image-20667\" srcset=\"https:\/\/www.yousanusb.com\/wp-content\/uploads\/2025\/10\/silver-Round-Metal-Key-USB-Drive.jpg 800w, https:\/\/www.yousanusb.com\/wp-content\/uploads\/2025\/10\/silver-Round-Metal-Key-USB-Drive-300x300.jpg 300w, https:\/\/www.yousanusb.com\/wp-content\/uploads\/2025\/10\/silver-Round-Metal-Key-USB-Drive-150x150.jpg 150w, https:\/\/www.yousanusb.com\/wp-content\/uploads\/2025\/10\/silver-Round-Metal-Key-USB-Drive-768x768.jpg 768w, https:\/\/www.yousanusb.com\/wp-content\/uploads\/2025\/10\/silver-Round-Metal-Key-USB-Drive-12x12.jpg 12w, https:\/\/www.yousanusb.com\/wp-content\/uploads\/2025\/10\/silver-Round-Metal-Key-USB-Drive-600x600.jpg 600w, https:\/\/www.yousanusb.com\/wp-content\/uploads\/2025\/10\/silver-Round-Metal-Key-USB-Drive-100x100.jpg 100w\" sizes=\"(max-width: 800px) 100vw, 800px\" \/><\/figure>\n<\/div>\n\n\n\n<div class=\"wp-block-column is-layout-flow wp-block-column-is-layout-flow\">\n<figure class=\"wp-block-image size-full\"><img loading=\"lazy\" decoding=\"async\" width=\"800\" height=\"800\" src=\"https:\/\/www.yousanusb.com\/wp-content\/uploads\/2025\/10\/Round-Metal-Key-USB-Drive-custom.jpg\" alt=\"\" class=\"wp-image-20666\" srcset=\"https:\/\/www.yousanusb.com\/wp-content\/uploads\/2025\/10\/Round-Metal-Key-USB-Drive-custom.jpg 800w, https:\/\/www.yousanusb.com\/wp-content\/uploads\/2025\/10\/Round-Metal-Key-USB-Drive-custom-300x300.jpg 300w, https:\/\/www.yousanusb.com\/wp-content\/uploads\/2025\/10\/Round-Metal-Key-USB-Drive-custom-150x150.jpg 150w, https:\/\/www.yousanusb.com\/wp-content\/uploads\/2025\/10\/Round-Metal-Key-USB-Drive-custom-768x768.jpg 768w, https:\/\/www.yousanusb.com\/wp-content\/uploads\/2025\/10\/Round-Metal-Key-USB-Drive-custom-12x12.jpg 12w, https:\/\/www.yousanusb.com\/wp-content\/uploads\/2025\/10\/Round-Metal-Key-USB-Drive-custom-600x600.jpg 600w, https:\/\/www.yousanusb.com\/wp-content\/uploads\/2025\/10\/Round-Metal-Key-USB-Drive-custom-100x100.jpg 100w\" sizes=\"(max-width: 800px) 100vw, 800px\" \/><\/figure>\n<\/div>\n<\/div>\n\n\n\n<p>Inoltre, la superficie della chiavetta USB presenta una finitura spazzolata con una texture delicata e una lucentezza brillante, che ne eleva la qualit\u00e0 complessiva e la raffinatezza. Quando \u00e8 illuminata, il motivo spazzolato crea un effetto visivo accattivante, rendendola uno strumento pratico e un accessorio di stile.<\/p>","protected":false},"excerpt":{"rendered":"<ul>\n<li>Stile rotondo<\/li>\n<li>Materiale metallico<\/li>\n<li>Unit\u00e0 USB a forma di chiave<\/li>\n<li>Logo personalizzato<\/li>\n<li>Molti colori<\/li>\n<\/ul>","protected":false},"featured_media":20664,"comment_status":"open","ping_status":"closed","template":"","meta":{"_seopress_robots_primary_cat":"","_seopress_titles_title":"small Round Metal Key USB Drive","_seopress_titles_desc":"This USB drive features a custom metal design with a uniquely crafted key-shaped form factor that's compact and elegant. Its top includes a circular keyring hole for easy attachment to keychains or other items","_seopress_robots_index":""},"class_list":["post-20661","product","type-product","status-publish","has-post-thumbnail","hentry","product_cat-retractable-usb-flash-drive","product_tag-key-usb-flash-drive"],"_links":{"self":[{"href":"https:\/\/www.yousanusb.com\/it\/wp-json\/wp\/v2\/product\/20661"}],"collection":[{"href":"https:\/\/www.yousanusb.com\/it\/wp-json\/wp\/v2\/product"}],"about":[{"href":"https:\/\/www.yousanusb.com\/it\/wp-json\/wp\/v2\/types\/product"}],"replies":[{"embeddable":true,"href":"https:\/\/www.yousanusb.com\/it\/wp-json\/wp\/v2\/comments?post=20661"}],"wp:featuredmedia":[{"embeddable":true,"href":"https:\/\/www.yousanusb.com\/it\/wp-json\/wp\/v2\/media\/20664"}],"wp:attachment":[{"href":"https:\/\/www.yousanusb.com\/it\/wp-json\/wp\/v2\/media?parent=20661"}],"curies":[{"name":"wp","href":"https:\/\/api.w.org\/{rel}","templated":true}]}}