{"id":20752,"date":"2025-10-14T07:52:47","date_gmt":"2025-10-14T07:52:47","guid":{"rendered":"https:\/\/www.yousanusb.com\/?post_type=product&#038;p=20752"},"modified":"2025-10-14T07:55:01","modified_gmt":"2025-10-14T07:55:01","slug":"wooden-key-shaped-usb-flash-drive","status":"publish","type":"product","link":"https:\/\/www.yousanusb.com\/it\/prodotto\/wooden-key-shaped-usb-flash-drive\/","title":{"rendered":"Chiave di legno a forma di chiavetta USB"},"content":{"rendered":"<p>Le chiavette USB con chiave in legno non sono le solite chiavette in metallo. Queste chiavette USB in stile bamb\u00f9 e legno sono caratterizzate da venature naturali del legno. Il legno pesa la met\u00e0 del metallo, quindi non appesantiscono le tasche quando sono attaccate al portachiavi e non fanno rumore quando cadono su un tavolo.<\/p>\n\n\n\n<div class=\"wp-block-columns is-layout-flex wp-container-core-columns-is-layout-1 wp-block-columns-is-layout-flex\">\n<div class=\"wp-block-column is-layout-flow wp-block-column-is-layout-flow\"><div class=\"wp-block-image\">\n<figure class=\"aligncenter size-full\"><img fetchpriority=\"high\" decoding=\"async\" width=\"800\" height=\"800\" src=\"https:\/\/www.yousanusb.com\/wp-content\/uploads\/2025\/10\/wood-key-shaped-usb-flash-drive.jpg\" alt=\"\" class=\"wp-image-20761\" srcset=\"https:\/\/www.yousanusb.com\/wp-content\/uploads\/2025\/10\/wood-key-shaped-usb-flash-drive.jpg 800w, https:\/\/www.yousanusb.com\/wp-content\/uploads\/2025\/10\/wood-key-shaped-usb-flash-drive-300x300.jpg 300w, https:\/\/www.yousanusb.com\/wp-content\/uploads\/2025\/10\/wood-key-shaped-usb-flash-drive-150x150.jpg 150w, https:\/\/www.yousanusb.com\/wp-content\/uploads\/2025\/10\/wood-key-shaped-usb-flash-drive-768x768.jpg 768w, https:\/\/www.yousanusb.com\/wp-content\/uploads\/2025\/10\/wood-key-shaped-usb-flash-drive-12x12.jpg 12w, https:\/\/www.yousanusb.com\/wp-content\/uploads\/2025\/10\/wood-key-shaped-usb-flash-drive-600x600.jpg 600w, https:\/\/www.yousanusb.com\/wp-content\/uploads\/2025\/10\/wood-key-shaped-usb-flash-drive-100x100.jpg 100w\" sizes=\"(max-width: 800px) 100vw, 800px\" \/><figcaption class=\"wp-element-caption\">Unit\u00e0 USB a forma di chiave in legno d'acero<\/figcaption><\/figure><\/div><\/div>\n\n\n\n<div class=\"wp-block-column is-layout-flow wp-block-column-is-layout-flow\"><div class=\"wp-block-image\">\n<figure class=\"aligncenter size-full\"><img decoding=\"async\" width=\"800\" height=\"800\" src=\"https:\/\/www.yousanusb.com\/wp-content\/uploads\/2025\/10\/baboo-key-shaped-usb-flash-drive.jpg\" alt=\"\" class=\"wp-image-20758\" srcset=\"https:\/\/www.yousanusb.com\/wp-content\/uploads\/2025\/10\/baboo-key-shaped-usb-flash-drive.jpg 800w, https:\/\/www.yousanusb.com\/wp-content\/uploads\/2025\/10\/baboo-key-shaped-usb-flash-drive-300x300.jpg 300w, https:\/\/www.yousanusb.com\/wp-content\/uploads\/2025\/10\/baboo-key-shaped-usb-flash-drive-150x150.jpg 150w, https:\/\/www.yousanusb.com\/wp-content\/uploads\/2025\/10\/baboo-key-shaped-usb-flash-drive-768x768.jpg 768w, https:\/\/www.yousanusb.com\/wp-content\/uploads\/2025\/10\/baboo-key-shaped-usb-flash-drive-12x12.jpg 12w, https:\/\/www.yousanusb.com\/wp-content\/uploads\/2025\/10\/baboo-key-shaped-usb-flash-drive-600x600.jpg 600w, https:\/\/www.yousanusb.com\/wp-content\/uploads\/2025\/10\/baboo-key-shaped-usb-flash-drive-100x100.jpg 100w\" sizes=\"(max-width: 800px) 100vw, 800px\" \/><figcaption class=\"wp-element-caption\">Unit\u00e0 USB a forma di chiave in legno Baboo<\/figcaption><\/figure><\/div><\/div>\n<\/div>\n\n\n\n<p>Stile Bamboo: Grana chiara e pulita con una sottile consistenza nodulare sotto le dita, con un leggero profumo di erbe.Walnut Edition: La venatura marrone intenso emana lusso! La sua consistenza si arricchisce di lucentezza con l'uso, completando perfettamente un abito da lavoro e un portachiavi.<\/p>\n\n\n\n<div class=\"wp-block-columns is-layout-flex wp-container-core-columns-is-layout-2 wp-block-columns-is-layout-flex\">\n<div class=\"wp-block-column is-layout-flow wp-block-column-is-layout-flow\">\n<figure class=\"wp-block-image size-full\"><img decoding=\"async\" width=\"800\" height=\"800\" src=\"https:\/\/www.yousanusb.com\/wp-content\/uploads\/2025\/10\/wooden-usb-drive-with-keychain.jpg\" alt=\"\" class=\"wp-image-20763\" srcset=\"https:\/\/www.yousanusb.com\/wp-content\/uploads\/2025\/10\/wooden-usb-drive-with-keychain.jpg 800w, https:\/\/www.yousanusb.com\/wp-content\/uploads\/2025\/10\/wooden-usb-drive-with-keychain-300x300.jpg 300w, https:\/\/www.yousanusb.com\/wp-content\/uploads\/2025\/10\/wooden-usb-drive-with-keychain-150x150.jpg 150w, https:\/\/www.yousanusb.com\/wp-content\/uploads\/2025\/10\/wooden-usb-drive-with-keychain-768x768.jpg 768w, https:\/\/www.yousanusb.com\/wp-content\/uploads\/2025\/10\/wooden-usb-drive-with-keychain-12x12.jpg 12w, https:\/\/www.yousanusb.com\/wp-content\/uploads\/2025\/10\/wooden-usb-drive-with-keychain-600x600.jpg 600w, https:\/\/www.yousanusb.com\/wp-content\/uploads\/2025\/10\/wooden-usb-drive-with-keychain-100x100.jpg 100w\" sizes=\"(max-width: 800px) 100vw, 800px\" \/><\/figure>\n<\/div>\n\n\n\n<div class=\"wp-block-column is-layout-flow wp-block-column-is-layout-flow\">\n<figure class=\"wp-block-image size-full\"><img loading=\"lazy\" decoding=\"async\" width=\"800\" height=\"800\" src=\"https:\/\/www.yousanusb.com\/wp-content\/uploads\/2025\/10\/wooden-usb-flash-drive-with-round-hole.jpg\" alt=\"\" class=\"wp-image-20764\" srcset=\"https:\/\/www.yousanusb.com\/wp-content\/uploads\/2025\/10\/wooden-usb-flash-drive-with-round-hole.jpg 800w, https:\/\/www.yousanusb.com\/wp-content\/uploads\/2025\/10\/wooden-usb-flash-drive-with-round-hole-300x300.jpg 300w, https:\/\/www.yousanusb.com\/wp-content\/uploads\/2025\/10\/wooden-usb-flash-drive-with-round-hole-150x150.jpg 150w, https:\/\/www.yousanusb.com\/wp-content\/uploads\/2025\/10\/wooden-usb-flash-drive-with-round-hole-768x768.jpg 768w, https:\/\/www.yousanusb.com\/wp-content\/uploads\/2025\/10\/wooden-usb-flash-drive-with-round-hole-12x12.jpg 12w, https:\/\/www.yousanusb.com\/wp-content\/uploads\/2025\/10\/wooden-usb-flash-drive-with-round-hole-600x600.jpg 600w, https:\/\/www.yousanusb.com\/wp-content\/uploads\/2025\/10\/wooden-usb-flash-drive-with-round-hole-100x100.jpg 100w\" sizes=\"(max-width: 800px) 100vw, 800px\" \/><\/figure>\n<\/div>\n<\/div>\n\n\n\n<p>Edizione Acero: Le calde venature del legno giallo, lisce come l'ambra lucida, si abbinano magnificamente ai portachiavi chiari.<\/p>\n\n\n\n<p>Il foro circolare superiore si adatta perfettamente a qualsiasi portachiavi, eliminando la necessit\u00e0 di cordini. Da infilare in tasca o da agganciare alla borsa, \u00e8 un accessorio elegante. Conserva facilmente il materiale didattico, i PPT e le foto di viaggio, mantenendo una discreta velocit\u00e0 di trasferimento. La sorpresa pi\u00f9 grande? Il guscio in bamb\u00f9\/legno resiste alle impronte digitali! A differenza delle custodie in metallo che si macchiano all'istante, questa custodia rimane immacolata anche dopo due settimane di utilizzo.<\/p>\n\n\n\n<div class=\"wp-block-columns is-layout-flex wp-container-core-columns-is-layout-3 wp-block-columns-is-layout-flex\">\n<div class=\"wp-block-column is-layout-flow wp-block-column-is-layout-flow\">\n<figure class=\"wp-block-image size-full\"><img loading=\"lazy\" decoding=\"async\" width=\"800\" height=\"800\" src=\"https:\/\/www.yousanusb.com\/wp-content\/uploads\/2025\/10\/baboo-key-shaped-usb-flash-drive-bulk-price.jpg\" alt=\"\" class=\"wp-image-20756\" srcset=\"https:\/\/www.yousanusb.com\/wp-content\/uploads\/2025\/10\/baboo-key-shaped-usb-flash-drive-bulk-price.jpg 800w, https:\/\/www.yousanusb.com\/wp-content\/uploads\/2025\/10\/baboo-key-shaped-usb-flash-drive-bulk-price-300x300.jpg 300w, https:\/\/www.yousanusb.com\/wp-content\/uploads\/2025\/10\/baboo-key-shaped-usb-flash-drive-bulk-price-150x150.jpg 150w, https:\/\/www.yousanusb.com\/wp-content\/uploads\/2025\/10\/baboo-key-shaped-usb-flash-drive-bulk-price-768x768.jpg 768w, https:\/\/www.yousanusb.com\/wp-content\/uploads\/2025\/10\/baboo-key-shaped-usb-flash-drive-bulk-price-12x12.jpg 12w, https:\/\/www.yousanusb.com\/wp-content\/uploads\/2025\/10\/baboo-key-shaped-usb-flash-drive-bulk-price-600x600.jpg 600w, https:\/\/www.yousanusb.com\/wp-content\/uploads\/2025\/10\/baboo-key-shaped-usb-flash-drive-bulk-price-100x100.jpg 100w\" sizes=\"(max-width: 800px) 100vw, 800px\" \/><\/figure>\n<\/div>\n\n\n\n<div class=\"wp-block-column is-layout-flow wp-block-column-is-layout-flow\">\n<figure class=\"wp-block-image size-full\"><img loading=\"lazy\" decoding=\"async\" width=\"800\" height=\"800\" src=\"https:\/\/www.yousanusb.com\/wp-content\/uploads\/2025\/10\/baboo-key-shaped-usb-flash-drive-with-logo.jpg\" alt=\"\" class=\"wp-image-20757\" srcset=\"https:\/\/www.yousanusb.com\/wp-content\/uploads\/2025\/10\/baboo-key-shaped-usb-flash-drive-with-logo.jpg 800w, https:\/\/www.yousanusb.com\/wp-content\/uploads\/2025\/10\/baboo-key-shaped-usb-flash-drive-with-logo-300x300.jpg 300w, https:\/\/www.yousanusb.com\/wp-content\/uploads\/2025\/10\/baboo-key-shaped-usb-flash-drive-with-logo-150x150.jpg 150w, https:\/\/www.yousanusb.com\/wp-content\/uploads\/2025\/10\/baboo-key-shaped-usb-flash-drive-with-logo-768x768.jpg 768w, https:\/\/www.yousanusb.com\/wp-content\/uploads\/2025\/10\/baboo-key-shaped-usb-flash-drive-with-logo-12x12.jpg 12w, https:\/\/www.yousanusb.com\/wp-content\/uploads\/2025\/10\/baboo-key-shaped-usb-flash-drive-with-logo-600x600.jpg 600w, https:\/\/www.yousanusb.com\/wp-content\/uploads\/2025\/10\/baboo-key-shaped-usb-flash-drive-with-logo-100x100.jpg 100w\" sizes=\"(max-width: 800px) 100vw, 800px\" \/><\/figure>\n<\/div>\n<\/div>","protected":false},"excerpt":{"rendered":"<ul>\n<li>Materiale in legno<\/li>\n<li>Unit\u00e0 flash USB a forma di chiave<\/li>\n<li>Lo stile di chiave in legno pi\u00f9 popolare<\/li>\n<li>Personalizzazione del logo<\/li>\n<li>MOQ: 100PCS<\/li>\n<\/ul>","protected":false},"featured_media":20755,"comment_status":"open","ping_status":"closed","template":"","meta":{"_seopress_robots_primary_cat":"","_seopress_titles_title":"Wooden Key Shaped USB Flash Drive","_seopress_titles_desc":"Wooden Key USB Drives aren't your run-of-the-mill metal flash drives. These bamboo and wood key-style USBs feature natural wood grain textures. Wood is half the weight of metal, so they won't weigh down your pockets when attached to your keychain, and they won't clatter loudly when dropped on a table.","_seopress_robots_index":""},"class_list":["post-20752","product","type-product","status-publish","has-post-thumbnail","hentry","product_cat-retractable-usb-flash-drive","product_cat-wooden-usb-flash-drive","product_tag-wood-key-usb-flash-drive"],"_links":{"self":[{"href":"https:\/\/www.yousanusb.com\/it\/wp-json\/wp\/v2\/product\/20752"}],"collection":[{"href":"https:\/\/www.yousanusb.com\/it\/wp-json\/wp\/v2\/product"}],"about":[{"href":"https:\/\/www.yousanusb.com\/it\/wp-json\/wp\/v2\/types\/product"}],"replies":[{"embeddable":true,"href":"https:\/\/www.yousanusb.com\/it\/wp-json\/wp\/v2\/comments?post=20752"}],"wp:featuredmedia":[{"embeddable":true,"href":"https:\/\/www.yousanusb.com\/it\/wp-json\/wp\/v2\/media\/20755"}],"wp:attachment":[{"href":"https:\/\/www.yousanusb.com\/it\/wp-json\/wp\/v2\/media?parent=20752"}],"curies":[{"name":"wp","href":"https:\/\/api.w.org\/{rel}","templated":true}]}}