{"id":20830,"date":"2025-10-15T00:18:17","date_gmt":"2025-10-15T00:18:17","guid":{"rendered":"https:\/\/www.yousanusb.com\/?post_type=product&#038;p=20830"},"modified":"2025-10-16T01:06:14","modified_gmt":"2025-10-16T01:06:14","slug":"custom-vintage-key-metal-usb-flash-drives","status":"publish","type":"product","link":"https:\/\/www.yousanusb.com\/it\/prodotto\/custom-vintage-key-metal-usb-flash-drives\/","title":{"rendered":"Chiave vintage personalizzata in metallo per chiavette USB"},"content":{"rendered":"<div class=\"wp-block-columns is-layout-flex wp-container-core-columns-is-layout-1 wp-block-columns-is-layout-flex\">\n<div class=\"wp-block-column is-vertically-aligned-center is-layout-flow wp-block-column-is-layout-flow\">\n<p>Questa chiavetta USB in metallo dallo stile retr\u00f2 \u00e8 fusa con precisione in lega di zinco ad alta resistenza e rifinita con galvanica sotto vuoto, disponibile in oro o argento. La lega di zinco offre un'eccezionale resistenza all'usura e alla corrosione, garantendo una lunga durata. La conducibilit\u00e0 termica del metallo migliora l'efficienza della dissipazione del calore, mentre lo spessore di 1,2 mm consente di ottenere un profilo ultra-sottile. Il design della chiave incorpora i tradizionali motivi cinesi ruyi, con la testa della chiave caratterizzata dal numero \"8\" in rilievo che simboleggia ricchezza e fortuna. Il design complessivo unisce il fascino nostalgico alla precisione della moderna artigianalit\u00e0 industriale.<\/p>\n<\/div>\n\n\n\n<div class=\"wp-block-column is-vertically-aligned-center is-layout-flow wp-block-column-is-layout-flow\">\n<figure class=\"wp-block-image size-full\"><img fetchpriority=\"high\" decoding=\"async\" width=\"800\" height=\"800\" src=\"https:\/\/www.yousanusb.com\/wp-content\/uploads\/2025\/10\/Retro-Key-USB-flash-drive.webp\" alt=\"\" class=\"wp-image-20835\" srcset=\"https:\/\/www.yousanusb.com\/wp-content\/uploads\/2025\/10\/Retro-Key-USB-flash-drive.webp 800w, https:\/\/www.yousanusb.com\/wp-content\/uploads\/2025\/10\/Retro-Key-USB-flash-drive-300x300.webp 300w, https:\/\/www.yousanusb.com\/wp-content\/uploads\/2025\/10\/Retro-Key-USB-flash-drive-150x150.webp 150w, https:\/\/www.yousanusb.com\/wp-content\/uploads\/2025\/10\/Retro-Key-USB-flash-drive-768x768.webp 768w, https:\/\/www.yousanusb.com\/wp-content\/uploads\/2025\/10\/Retro-Key-USB-flash-drive-12x12.webp 12w, https:\/\/www.yousanusb.com\/wp-content\/uploads\/2025\/10\/Retro-Key-USB-flash-drive-600x600.webp 600w, https:\/\/www.yousanusb.com\/wp-content\/uploads\/2025\/10\/Retro-Key-USB-flash-drive-100x100.webp 100w\" sizes=\"(max-width: 800px) 100vw, 800px\" \/><\/figure>\n<\/div>\n<\/div>\n\n\n\n<div class=\"wp-block-columns is-layout-flex wp-container-core-columns-is-layout-2 wp-block-columns-is-layout-flex\">\n<div class=\"wp-block-column is-layout-flow wp-block-column-is-layout-flow\">\n<figure class=\"wp-block-image size-full\"><img decoding=\"async\" width=\"800\" height=\"800\" src=\"https:\/\/www.yousanusb.com\/wp-content\/uploads\/2025\/10\/Vintage-Key-USB-flash-Drive.webp\" alt=\"\" class=\"wp-image-20836\" srcset=\"https:\/\/www.yousanusb.com\/wp-content\/uploads\/2025\/10\/Vintage-Key-USB-flash-Drive.webp 800w, https:\/\/www.yousanusb.com\/wp-content\/uploads\/2025\/10\/Vintage-Key-USB-flash-Drive-300x300.webp 300w, https:\/\/www.yousanusb.com\/wp-content\/uploads\/2025\/10\/Vintage-Key-USB-flash-Drive-150x150.webp 150w, https:\/\/www.yousanusb.com\/wp-content\/uploads\/2025\/10\/Vintage-Key-USB-flash-Drive-768x768.webp 768w, https:\/\/www.yousanusb.com\/wp-content\/uploads\/2025\/10\/Vintage-Key-USB-flash-Drive-12x12.webp 12w, https:\/\/www.yousanusb.com\/wp-content\/uploads\/2025\/10\/Vintage-Key-USB-flash-Drive-600x600.webp 600w, https:\/\/www.yousanusb.com\/wp-content\/uploads\/2025\/10\/Vintage-Key-USB-flash-Drive-100x100.webp 100w\" sizes=\"(max-width: 800px) 100vw, 800px\" \/><\/figure>\n<\/div>\n\n\n\n<div class=\"wp-block-column is-vertically-aligned-center is-layout-flow wp-block-column-is-layout-flow\">\n<p>Le chiavette USB personalizzate Vintage Key Metal sono particolarmente adatte all'incisione laser, in quanto offrono una finitura elegante e resistente. Inoltre, forniamo opzioni di stampa in quadricromia per ottenere design vivaci e dettagliati.<\/p>\n\n\n\n<p>Con un chip di grado A+, questa chiavetta USB garantisce un'archiviazione e un trasferimento dei dati affidabile e veloce. Plug and Work, non \u00e8 necessario alcun software, la chiavetta USB supporta Windows 11\/10\/8\/7\/Vista\/XP\/2000\/98\/ME\/NT Linux, Mac OS e Chrome, compatibile con USB 2.0 e inferiori.<\/p>\n<\/div>\n<\/div>\n\n\n\n<p><br>Il\u00a0<strong>forma della chiave<\/strong>\u00a0non influisce sulla velocit\u00e0 di lettura e scrittura. La velocit\u00e0 di trasmissione USB3.0 \u00e8 determinata dal protocollo di interfaccia e dallo schema del chip. Il guscio metallico serve solo come protezione e decorazione, senza interferire con la trasmissione dei dati. Le prestazioni effettive di lettura e scrittura sono in linea con quelle delle unit\u00e0 flash USB convenzionali.<\/p>\n\n\n\n<div class=\"wp-block-columns is-layout-flex wp-container-core-columns-is-layout-3 wp-block-columns-is-layout-flex\">\n<div class=\"wp-block-column is-layout-flow wp-block-column-is-layout-flow\">\n<figure class=\"wp-block-image size-full\"><img decoding=\"async\" width=\"800\" height=\"800\" src=\"https:\/\/www.yousanusb.com\/wp-content\/uploads\/2025\/10\/printed-key-usb-flash-drive.jpg\" alt=\"\" class=\"wp-image-20834\" srcset=\"https:\/\/www.yousanusb.com\/wp-content\/uploads\/2025\/10\/printed-key-usb-flash-drive.jpg 800w, https:\/\/www.yousanusb.com\/wp-content\/uploads\/2025\/10\/printed-key-usb-flash-drive-300x300.jpg 300w, https:\/\/www.yousanusb.com\/wp-content\/uploads\/2025\/10\/printed-key-usb-flash-drive-150x150.jpg 150w, https:\/\/www.yousanusb.com\/wp-content\/uploads\/2025\/10\/printed-key-usb-flash-drive-768x768.jpg 768w, https:\/\/www.yousanusb.com\/wp-content\/uploads\/2025\/10\/printed-key-usb-flash-drive-12x12.jpg 12w, https:\/\/www.yousanusb.com\/wp-content\/uploads\/2025\/10\/printed-key-usb-flash-drive-600x600.jpg 600w, https:\/\/www.yousanusb.com\/wp-content\/uploads\/2025\/10\/printed-key-usb-flash-drive-100x100.jpg 100w\" sizes=\"(max-width: 800px) 100vw, 800px\" \/><\/figure>\n<\/div>\n\n\n\n<div class=\"wp-block-column is-layout-flow wp-block-column-is-layout-flow\">\n<figure class=\"wp-block-image size-full\"><img loading=\"lazy\" decoding=\"async\" width=\"800\" height=\"800\" src=\"https:\/\/www.yousanusb.com\/wp-content\/uploads\/2025\/10\/Custom-Vintage-Key-Metal-USB-Flash-Drives.jpg\" alt=\"\" class=\"wp-image-20833\" srcset=\"https:\/\/www.yousanusb.com\/wp-content\/uploads\/2025\/10\/Custom-Vintage-Key-Metal-USB-Flash-Drives.jpg 800w, https:\/\/www.yousanusb.com\/wp-content\/uploads\/2025\/10\/Custom-Vintage-Key-Metal-USB-Flash-Drives-300x300.jpg 300w, https:\/\/www.yousanusb.com\/wp-content\/uploads\/2025\/10\/Custom-Vintage-Key-Metal-USB-Flash-Drives-150x150.jpg 150w, https:\/\/www.yousanusb.com\/wp-content\/uploads\/2025\/10\/Custom-Vintage-Key-Metal-USB-Flash-Drives-768x768.jpg 768w, https:\/\/www.yousanusb.com\/wp-content\/uploads\/2025\/10\/Custom-Vintage-Key-Metal-USB-Flash-Drives-12x12.jpg 12w, https:\/\/www.yousanusb.com\/wp-content\/uploads\/2025\/10\/Custom-Vintage-Key-Metal-USB-Flash-Drives-600x600.jpg 600w, https:\/\/www.yousanusb.com\/wp-content\/uploads\/2025\/10\/Custom-Vintage-Key-Metal-USB-Flash-Drives-100x100.jpg 100w\" sizes=\"(max-width: 800px) 100vw, 800px\" \/><\/figure>\n<\/div>\n<\/div>","protected":false},"excerpt":{"rendered":"<ul>\n<li>Matirali in metallo<\/li>\n<li>Stampa a colori \/ Incisione a laser<\/li>\n<li>USB 2.0 per impostazione predefinita<\/li>\n<li>Compatibile con Windows, Mac OS, Linux e altri sistemi.<\/li>\n<li>MOQ: 100pcs<\/li>\n<\/ul>","protected":false},"featured_media":20836,"comment_status":"open","ping_status":"closed","template":"","meta":{"_seopress_robots_primary_cat":"","_seopress_titles_title":"","_seopress_titles_desc":"","_seopress_robots_index":""},"class_list":["post-20830","product","type-product","status-publish","has-post-thumbnail","hentry","product_cat-retractable-usb-flash-drive","product_tag-key-usb-flash-drive"],"_links":{"self":[{"href":"https:\/\/www.yousanusb.com\/it\/wp-json\/wp\/v2\/product\/20830"}],"collection":[{"href":"https:\/\/www.yousanusb.com\/it\/wp-json\/wp\/v2\/product"}],"about":[{"href":"https:\/\/www.yousanusb.com\/it\/wp-json\/wp\/v2\/types\/product"}],"replies":[{"embeddable":true,"href":"https:\/\/www.yousanusb.com\/it\/wp-json\/wp\/v2\/comments?post=20830"}],"wp:featuredmedia":[{"embeddable":true,"href":"https:\/\/www.yousanusb.com\/it\/wp-json\/wp\/v2\/media\/20836"}],"wp:attachment":[{"href":"https:\/\/www.yousanusb.com\/it\/wp-json\/wp\/v2\/media?parent=20830"}],"curies":[{"name":"wp","href":"https:\/\/api.w.org\/{rel}","templated":true}]}}