{"id":20873,"date":"2025-10-15T23:40:45","date_gmt":"2025-10-15T23:40:45","guid":{"rendered":"https:\/\/www.yousanusb.com\/?post_type=product&#038;p=20873"},"modified":"2025-10-16T01:05:47","modified_gmt":"2025-10-16T01:05:47","slug":"petal-shaped-key-usb-flash-drive","status":"publish","type":"product","link":"https:\/\/www.yousanusb.com\/it\/prodotto\/petal-shaped-key-usb-flash-drive\/","title":{"rendered":"Chiavetta USB a forma di petalo"},"content":{"rendered":"<div class=\"wp-block-columns is-layout-flex wp-container-core-columns-is-layout-1 wp-block-columns-is-layout-flex\">\n<div class=\"wp-block-column is-vertically-aligned-center is-layout-flow wp-block-column-is-layout-flow\">\n<figure class=\"wp-block-image size-full\"><img fetchpriority=\"high\" decoding=\"async\" width=\"800\" height=\"800\" src=\"https:\/\/www.yousanusb.com\/wp-content\/uploads\/2025\/10\/key-usb-flash-drive.jpg\" alt=\"\" class=\"wp-image-20877\" srcset=\"https:\/\/www.yousanusb.com\/wp-content\/uploads\/2025\/10\/key-usb-flash-drive.jpg 800w, https:\/\/www.yousanusb.com\/wp-content\/uploads\/2025\/10\/key-usb-flash-drive-300x300.jpg 300w, https:\/\/www.yousanusb.com\/wp-content\/uploads\/2025\/10\/key-usb-flash-drive-150x150.jpg 150w, https:\/\/www.yousanusb.com\/wp-content\/uploads\/2025\/10\/key-usb-flash-drive-768x768.jpg 768w, https:\/\/www.yousanusb.com\/wp-content\/uploads\/2025\/10\/key-usb-flash-drive-12x12.jpg 12w, https:\/\/www.yousanusb.com\/wp-content\/uploads\/2025\/10\/key-usb-flash-drive-600x600.jpg 600w, https:\/\/www.yousanusb.com\/wp-content\/uploads\/2025\/10\/key-usb-flash-drive-100x100.jpg 100w\" sizes=\"(max-width: 800px) 100vw, 800px\" \/><\/figure>\n<\/div>\n\n\n\n<div class=\"wp-block-column is-vertically-aligned-center is-layout-flow wp-block-column-is-layout-flow\">\n<p>La chiavetta USB a forma di petalo si distacca dalla forma rigida delle chiavette USB tradizionali, fondendo in modo ingegnoso la delicata bellezza dei petali con il design pratico di una chiave. Realizzata interamente in metallo, la sua superficie argentata si illumina di una raffinata lucentezza, che emana raffinatezza e resiste all'usura quotidiana per mantenere nel tempo la sua sensazione di qualit\u00e0.<\/p>\n\n\n\n<p>Un'estremit\u00e0 dell'unit\u00e0 USB \u00e8 dotata di una porta USB standard, compatibile con diversi dispositivi per garantire un trasferimento dei dati senza problemi. L'altra estremit\u00e0 vanta un design ad anello che ricorda i petali in fiore, con linee eleganti e ritmiche che consentono di agganciarla facilmente a portachiavi o borse, trasformandola in un accessorio elegante da usare in viaggio.<\/p>\n\n\n\n<p>Come supporto dati, archivia in modo affidabile documenti, foto ad alta definizione, video e altri file. Al lavoro, \u00e8 un compagno affidabile per il trasferimento di proposte di progetto e il backup di materiali importanti. Nella vita quotidiana, conserva in modo sicuro ricordi preziosi come vlog di viaggio e foto di famiglia, garantendo un'archiviazione sicura ed efficiente dei dati.<\/p>\n<\/div>\n<\/div>\n\n\n\n<p>Questa unit\u00e0 USB offre tecniche di personalizzazione del logo flessibili e diversificate per soddisfare i requisiti visivi di diversi marchi:<br>Incisione laser: Ideale per caratteri intricati o grafiche minimaliste;<br>Stampa serigrafica: Adatta per loghi di marca con disegni a pi\u00f9 colori;<br>Galvanotecnica con riempimento di colore: In primo luogo, si incide il logo nelle cavit\u00e0 della superficie metallica, quindi si riempiono queste aree con strati galvanici colorati. Questo processo combina la lucentezza fredda e metallica con l'espressione calda del colore, ottenendo un aspetto altamente sofisticato.<br><\/p>\n\n\n\n<div class=\"wp-block-columns is-layout-flex wp-container-core-columns-is-layout-2 wp-block-columns-is-layout-flex\">\n<div class=\"wp-block-column is-layout-flow wp-block-column-is-layout-flow\">\n<figure class=\"wp-block-image size-full\"><img decoding=\"async\" width=\"800\" height=\"800\" src=\"https:\/\/www.yousanusb.com\/wp-content\/uploads\/2025\/10\/metal-key-usb-drive-2.jpg\" alt=\"\" class=\"wp-image-20878\" srcset=\"https:\/\/www.yousanusb.com\/wp-content\/uploads\/2025\/10\/metal-key-usb-drive-2.jpg 800w, https:\/\/www.yousanusb.com\/wp-content\/uploads\/2025\/10\/metal-key-usb-drive-2-300x300.jpg 300w, https:\/\/www.yousanusb.com\/wp-content\/uploads\/2025\/10\/metal-key-usb-drive-2-150x150.jpg 150w, https:\/\/www.yousanusb.com\/wp-content\/uploads\/2025\/10\/metal-key-usb-drive-2-768x768.jpg 768w, https:\/\/www.yousanusb.com\/wp-content\/uploads\/2025\/10\/metal-key-usb-drive-2-12x12.jpg 12w, https:\/\/www.yousanusb.com\/wp-content\/uploads\/2025\/10\/metal-key-usb-drive-2-600x600.jpg 600w, https:\/\/www.yousanusb.com\/wp-content\/uploads\/2025\/10\/metal-key-usb-drive-2-100x100.jpg 100w\" sizes=\"(max-width: 800px) 100vw, 800px\" \/><\/figure>\n<\/div>\n\n\n\n<div class=\"wp-block-column is-layout-flow wp-block-column-is-layout-flow\">\n<figure class=\"wp-block-image size-full\"><img decoding=\"async\" width=\"800\" height=\"800\" src=\"https:\/\/www.yousanusb.com\/wp-content\/uploads\/2025\/10\/key-usb-drive.jpg\" alt=\"\" class=\"wp-image-20876\" srcset=\"https:\/\/www.yousanusb.com\/wp-content\/uploads\/2025\/10\/key-usb-drive.jpg 800w, https:\/\/www.yousanusb.com\/wp-content\/uploads\/2025\/10\/key-usb-drive-300x300.jpg 300w, https:\/\/www.yousanusb.com\/wp-content\/uploads\/2025\/10\/key-usb-drive-150x150.jpg 150w, https:\/\/www.yousanusb.com\/wp-content\/uploads\/2025\/10\/key-usb-drive-768x768.jpg 768w, https:\/\/www.yousanusb.com\/wp-content\/uploads\/2025\/10\/key-usb-drive-12x12.jpg 12w, https:\/\/www.yousanusb.com\/wp-content\/uploads\/2025\/10\/key-usb-drive-600x600.jpg 600w, https:\/\/www.yousanusb.com\/wp-content\/uploads\/2025\/10\/key-usb-drive-100x100.jpg 100w\" sizes=\"(max-width: 800px) 100vw, 800px\" \/><\/figure>\n<\/div>\n<\/div>","protected":false},"excerpt":{"rendered":"<ul>\n<li>Materiale metallico<\/li>\n<li>Chiave del fiore<\/li>\n<li>Protezione dell'interfaccia<\/li>\n<li>Standby ultra-lungo<\/li>\n<li>MOQ: 100 pezzi<\/li>\n<\/ul>","protected":false},"featured_media":20878,"comment_status":"open","ping_status":"closed","template":"","meta":{"_seopress_robots_primary_cat":"","_seopress_titles_title":"","_seopress_titles_desc":"","_seopress_robots_index":""},"class_list":["post-20873","product","type-product","status-publish","has-post-thumbnail","hentry","product_cat-retractable-usb-flash-drive","product_tag-key-usb-flash-drive"],"_links":{"self":[{"href":"https:\/\/www.yousanusb.com\/it\/wp-json\/wp\/v2\/product\/20873"}],"collection":[{"href":"https:\/\/www.yousanusb.com\/it\/wp-json\/wp\/v2\/product"}],"about":[{"href":"https:\/\/www.yousanusb.com\/it\/wp-json\/wp\/v2\/types\/product"}],"replies":[{"embeddable":true,"href":"https:\/\/www.yousanusb.com\/it\/wp-json\/wp\/v2\/comments?post=20873"}],"wp:featuredmedia":[{"embeddable":true,"href":"https:\/\/www.yousanusb.com\/it\/wp-json\/wp\/v2\/media\/20878"}],"wp:attachment":[{"href":"https:\/\/www.yousanusb.com\/it\/wp-json\/wp\/v2\/media?parent=20873"}],"curies":[{"name":"wp","href":"https:\/\/api.w.org\/{rel}","templated":true}]}}