{"id":20916,"date":"2025-10-16T00:34:03","date_gmt":"2025-10-16T00:34:03","guid":{"rendered":"https:\/\/www.yousanusb.com\/?post_type=product&#038;p=20916"},"modified":"2025-10-16T01:05:29","modified_gmt":"2025-10-16T01:05:29","slug":"square-headed-key-usb-flash-drive-with-circular-hole","status":"publish","type":"product","link":"https:\/\/www.yousanusb.com\/it\/prodotto\/square-headed-key-usb-flash-drive-with-circular-hole\/","title":{"rendered":"Chiave quadrata intestata Chiavetta USB con foro circolare"},"content":{"rendered":"<div class=\"wp-block-columns is-layout-flex wp-container-core-columns-is-layout-1 wp-block-columns-is-layout-flex\">\n<div class=\"wp-block-column is-vertically-aligned-center is-layout-flow wp-block-column-is-layout-flow\">\n<p>Questa chiavetta USB a forma di chiave con testa quadrata e foro rotondo presenta una struttura metallica integrata. Realizzata in acciaio inossidabile ad alta resistenza, \u00e8 sottoposta a una lavorazione CNC di precisione e a una finitura spazzolata (o galvanica). Questo non solo garantisce propriet\u00e0 antigraffio e anticorrosione, ma mette anche in evidenza l'estetica minimalista del design industriale grazie al suo aspetto metallico opaco (o a specchio).<\/p>\n\n\n\n<p>La testa quadrata \u00e8 progettata ergonomicamente per una presa stabile durante l'inserimento e la rimozione. Il foro circolare per il portachiavi \u00e8 compatibile con le specifiche dei portachiavi standard e consente di portarlo con le chiavi. In questo modo si evita di perderlo e si soddisfa l'esigenza di portarlo sempre con s\u00e9.<\/p>\n<\/div>\n\n\n\n<div class=\"wp-block-column is-vertically-aligned-center is-layout-flow wp-block-column-is-layout-flow\">\n<figure class=\"wp-block-image size-full\"><img fetchpriority=\"high\" decoding=\"async\" width=\"800\" height=\"800\" src=\"https:\/\/www.yousanusb.com\/wp-content\/uploads\/2025\/10\/Square-headed-Key-USB-Flash-Drive-with-Circular-Hole.jpg\" alt=\"\" class=\"wp-image-20921\" srcset=\"https:\/\/www.yousanusb.com\/wp-content\/uploads\/2025\/10\/Square-headed-Key-USB-Flash-Drive-with-Circular-Hole.jpg 800w, https:\/\/www.yousanusb.com\/wp-content\/uploads\/2025\/10\/Square-headed-Key-USB-Flash-Drive-with-Circular-Hole-300x300.jpg 300w, https:\/\/www.yousanusb.com\/wp-content\/uploads\/2025\/10\/Square-headed-Key-USB-Flash-Drive-with-Circular-Hole-150x150.jpg 150w, https:\/\/www.yousanusb.com\/wp-content\/uploads\/2025\/10\/Square-headed-Key-USB-Flash-Drive-with-Circular-Hole-768x768.jpg 768w, https:\/\/www.yousanusb.com\/wp-content\/uploads\/2025\/10\/Square-headed-Key-USB-Flash-Drive-with-Circular-Hole-12x12.jpg 12w, https:\/\/www.yousanusb.com\/wp-content\/uploads\/2025\/10\/Square-headed-Key-USB-Flash-Drive-with-Circular-Hole-600x600.jpg 600w, https:\/\/www.yousanusb.com\/wp-content\/uploads\/2025\/10\/Square-headed-Key-USB-Flash-Drive-with-Circular-Hole-100x100.jpg 100w\" sizes=\"(max-width: 800px) 100vw, 800px\" \/><\/figure>\n<\/div>\n<\/div>\n\n\n\n<div class=\"wp-block-columns is-layout-flex wp-container-core-columns-is-layout-2 wp-block-columns-is-layout-flex\">\n<div class=\"wp-block-column is-vertically-aligned-center is-layout-flow wp-block-column-is-layout-flow\">\n<figure class=\"wp-block-image size-full\"><img decoding=\"async\" width=\"800\" height=\"800\" src=\"https:\/\/www.yousanusb.com\/wp-content\/uploads\/2025\/10\/metal-usb-flash-drive-2.jpg\" alt=\"\" class=\"wp-image-20920\" srcset=\"https:\/\/www.yousanusb.com\/wp-content\/uploads\/2025\/10\/metal-usb-flash-drive-2.jpg 800w, https:\/\/www.yousanusb.com\/wp-content\/uploads\/2025\/10\/metal-usb-flash-drive-2-300x300.jpg 300w, https:\/\/www.yousanusb.com\/wp-content\/uploads\/2025\/10\/metal-usb-flash-drive-2-150x150.jpg 150w, https:\/\/www.yousanusb.com\/wp-content\/uploads\/2025\/10\/metal-usb-flash-drive-2-768x768.jpg 768w, https:\/\/www.yousanusb.com\/wp-content\/uploads\/2025\/10\/metal-usb-flash-drive-2-12x12.jpg 12w, https:\/\/www.yousanusb.com\/wp-content\/uploads\/2025\/10\/metal-usb-flash-drive-2-600x600.jpg 600w, https:\/\/www.yousanusb.com\/wp-content\/uploads\/2025\/10\/metal-usb-flash-drive-2-100x100.jpg 100w\" sizes=\"(max-width: 800px) 100vw, 800px\" \/><\/figure>\n<\/div>\n\n\n\n<div class=\"wp-block-column is-vertically-aligned-center is-layout-flow wp-block-column-is-layout-flow\">\n<p>Questa unit\u00e0 flash USB \u00e8 dotata di chip di memoria flash NAND ad alta velocit\u00e0 e supporta diverse configurazioni di capacit\u00e0, da 8 GB a 128 GB, consentendo una selezione flessibile in base al volume di dati. I protocolli d'interfaccia sono compatibili con gli standard USB 2.0\/USB 3.0. La versione USB 3.0 raggiunge velocit\u00e0 di lettura sequenziale superiori a 100 MB\/s e velocit\u00e0 di scrittura sequenziale superiori a 30 MB\/s (le velocit\u00e0 effettive possono variare in base al dispositivo e all'ambiente), consentendo un trasferimento efficiente di file di grandi dimensioni come disegni di ingegneria, filmati e backup di database.<\/p>\n\n\n\n<p>Nei test di affidabilit\u00e0, questa unit\u00e0 USB ha superato prove ambientali rigorose, tra cui vibrazioni (10-2000Hz), cadute (caduta libera da 1,5 metri) e temperature estreme (da -20\u00b0C a +70\u00b0C). Soddisfa i requisiti di adattabilit\u00e0 ambientale dei dispositivi di memorizzazione di livello industriale e pu\u00f2 essere utilizzata in scenari complessi come le linee di produzione dell'automazione industriale, i rilievi all'aperto e la registrazione dei dati dei veicoli.<\/p>\n<\/div>\n<\/div>\n\n\n\n<div class=\"wp-block-columns is-layout-flex wp-container-core-columns-is-layout-3 wp-block-columns-is-layout-flex\">\n<div class=\"wp-block-column is-vertically-aligned-center is-layout-flow wp-block-column-is-layout-flow\">\n<p>Inoltre, il processo di incisione laser sulle superfici metalliche consente la produzione personalizzata di loghi aziendali, codici prodotto o partizioni crittografate. Questo non solo fornisce supporti di marca per gli scenari aziendali, ma crea anche soluzioni di archiviazione esclusive \"una chiave, una password\" per gli utenti del settore, offrendo un duplice valore sia in termini di sicurezza dei dati che di promozione del marchio.<\/p>\n<\/div>\n\n\n\n<div class=\"wp-block-column is-layout-flow wp-block-column-is-layout-flow\">\n<figure class=\"wp-block-image size-full\"><img decoding=\"async\" width=\"800\" height=\"800\" src=\"https:\/\/www.yousanusb.com\/wp-content\/uploads\/2025\/10\/metal-key-usb-drives.jpg\" alt=\"\" class=\"wp-image-20919\" srcset=\"https:\/\/www.yousanusb.com\/wp-content\/uploads\/2025\/10\/metal-key-usb-drives.jpg 800w, https:\/\/www.yousanusb.com\/wp-content\/uploads\/2025\/10\/metal-key-usb-drives-300x300.jpg 300w, https:\/\/www.yousanusb.com\/wp-content\/uploads\/2025\/10\/metal-key-usb-drives-150x150.jpg 150w, https:\/\/www.yousanusb.com\/wp-content\/uploads\/2025\/10\/metal-key-usb-drives-768x768.jpg 768w, https:\/\/www.yousanusb.com\/wp-content\/uploads\/2025\/10\/metal-key-usb-drives-12x12.jpg 12w, https:\/\/www.yousanusb.com\/wp-content\/uploads\/2025\/10\/metal-key-usb-drives-600x600.jpg 600w, https:\/\/www.yousanusb.com\/wp-content\/uploads\/2025\/10\/metal-key-usb-drives-100x100.jpg 100w\" sizes=\"(max-width: 800px) 100vw, 800px\" \/><\/figure>\n<\/div>\n<\/div>","protected":false},"excerpt":{"rendered":"<ul>\n<li>Design a fori circolari<\/li>\n<li>I pi\u00f9 popolari<\/li>\n<li>A forma di chiave<\/li>\n<li>Design ultrasottile<\/li>\n<li>MOQ: 100PCS<\/li>\n<\/ul>","protected":false},"featured_media":20921,"comment_status":"open","ping_status":"closed","template":"","meta":{"_seopress_robots_primary_cat":"","_seopress_titles_title":"","_seopress_titles_desc":"","_seopress_robots_index":""},"class_list":["post-20916","product","type-product","status-publish","has-post-thumbnail","hentry","product_cat-retractable-usb-flash-drive","product_tag-key-usb-flash-drive"],"_links":{"self":[{"href":"https:\/\/www.yousanusb.com\/it\/wp-json\/wp\/v2\/product\/20916"}],"collection":[{"href":"https:\/\/www.yousanusb.com\/it\/wp-json\/wp\/v2\/product"}],"about":[{"href":"https:\/\/www.yousanusb.com\/it\/wp-json\/wp\/v2\/types\/product"}],"replies":[{"embeddable":true,"href":"https:\/\/www.yousanusb.com\/it\/wp-json\/wp\/v2\/comments?post=20916"}],"wp:featuredmedia":[{"embeddable":true,"href":"https:\/\/www.yousanusb.com\/it\/wp-json\/wp\/v2\/media\/20921"}],"wp:attachment":[{"href":"https:\/\/www.yousanusb.com\/it\/wp-json\/wp\/v2\/media?parent=20916"}],"curies":[{"name":"wp","href":"https:\/\/api.w.org\/{rel}","templated":true}]}}