{"id":21091,"date":"2025-10-18T04:53:09","date_gmt":"2025-10-18T04:53:09","guid":{"rendered":"https:\/\/www.yousanusb.com\/?post_type=product&#038;p=21091"},"modified":"2025-11-13T14:01:24","modified_gmt":"2025-11-13T14:01:24","slug":"football-3d-usb-flash-drive","status":"publish","type":"product","link":"https:\/\/www.yousanusb.com\/it\/prodotto\/football-3d-usb-flash-drive\/","title":{"rendered":"Chiavetta USB 3D per il calcio"},"content":{"rendered":"<div class=\"wp-block-columns is-layout-flex wp-container-core-columns-is-layout-1 wp-block-columns-is-layout-flex\">\n<div class=\"wp-block-column is-layout-flow wp-block-column-is-layout-flow\">\n<figure class=\"wp-block-image size-full\"><img fetchpriority=\"high\" decoding=\"async\" width=\"800\" height=\"800\" src=\"https:\/\/www.yousanusb.com\/wp-content\/uploads\/2025\/10\/football-usb-flash-drive.jpg\" alt=\"\" class=\"wp-image-21097\" srcset=\"https:\/\/www.yousanusb.com\/wp-content\/uploads\/2025\/10\/football-usb-flash-drive.jpg 800w, https:\/\/www.yousanusb.com\/wp-content\/uploads\/2025\/10\/football-usb-flash-drive-300x300.jpg 300w, https:\/\/www.yousanusb.com\/wp-content\/uploads\/2025\/10\/football-usb-flash-drive-150x150.jpg 150w, https:\/\/www.yousanusb.com\/wp-content\/uploads\/2025\/10\/football-usb-flash-drive-768x768.jpg 768w, https:\/\/www.yousanusb.com\/wp-content\/uploads\/2025\/10\/football-usb-flash-drive-12x12.jpg 12w, https:\/\/www.yousanusb.com\/wp-content\/uploads\/2025\/10\/football-usb-flash-drive-600x600.jpg 600w, https:\/\/www.yousanusb.com\/wp-content\/uploads\/2025\/10\/football-usb-flash-drive-100x100.jpg 100w\" sizes=\"(max-width: 800px) 100vw, 800px\" \/><\/figure>\n<\/div>\n\n\n\n<div class=\"wp-block-column is-vertically-aligned-center is-layout-flow wp-block-column-is-layout-flow\">\n<p>Questa chiavetta USB in gomma morbida PVC, caratterizzata dal classico design di un pallone da calcio, utilizza come materiale di base la gomma morbida PVC ecologica. Grazie allo stampaggio a iniezione di precisione, ottiene un aspetto estremamente autentico del pallone da calcio. Disponibile in diverse combinazioni di colori, tra cui il classico bianco e nero, il vivace giallo e blu e il dinamico rosso e bianco.<\/p>\n\n\n\n<p>Nuovo design elegante con slot per il fissaggio delle corde. Non \u00e8 richiesta l'installazione di software. \u00c8 sufficiente collegarla alla porta USB del computer o di un altro dispositivo per utilizzarla! Compatibilit\u00e0 dell'unit\u00e0 pollice con PC, laptop, TV, auto, audio, ecc.<\/p>\n<\/div>\n<\/div>\n\n\n\n<h2 class=\"wp-block-heading\">Dettagli del prodotto<\/h2>\n\n\n\n<p>Sono disponibili tre colori: bianco e nero, giallo e blu, rosso e bianco.<\/p>\n\n\n\n<div class=\"wp-block-columns is-layout-flex wp-container-core-columns-is-layout-2 wp-block-columns-is-layout-flex\">\n<div class=\"wp-block-column is-layout-flow wp-block-column-is-layout-flow\">\n<figure class=\"wp-block-image size-full\"><img decoding=\"async\" width=\"800\" height=\"800\" src=\"https:\/\/www.yousanusb.com\/wp-content\/uploads\/2025\/10\/ball-usb-flash-drive.jpg\" alt=\"\" class=\"wp-image-21094\" srcset=\"https:\/\/www.yousanusb.com\/wp-content\/uploads\/2025\/10\/ball-usb-flash-drive.jpg 800w, https:\/\/www.yousanusb.com\/wp-content\/uploads\/2025\/10\/ball-usb-flash-drive-300x300.jpg 300w, https:\/\/www.yousanusb.com\/wp-content\/uploads\/2025\/10\/ball-usb-flash-drive-150x150.jpg 150w, https:\/\/www.yousanusb.com\/wp-content\/uploads\/2025\/10\/ball-usb-flash-drive-768x768.jpg 768w, https:\/\/www.yousanusb.com\/wp-content\/uploads\/2025\/10\/ball-usb-flash-drive-12x12.jpg 12w, https:\/\/www.yousanusb.com\/wp-content\/uploads\/2025\/10\/ball-usb-flash-drive-600x600.jpg 600w, https:\/\/www.yousanusb.com\/wp-content\/uploads\/2025\/10\/ball-usb-flash-drive-100x100.jpg 100w\" sizes=\"(max-width: 800px) 100vw, 800px\" \/><\/figure>\n<\/div>\n\n\n\n<div class=\"wp-block-column is-layout-flow wp-block-column-is-layout-flow\">\n<figure class=\"wp-block-image size-full\"><img decoding=\"async\" width=\"800\" height=\"800\" src=\"https:\/\/www.yousanusb.com\/wp-content\/uploads\/2025\/10\/custom-football-usb-dirve.jpg\" alt=\"\" class=\"wp-image-21095\" srcset=\"https:\/\/www.yousanusb.com\/wp-content\/uploads\/2025\/10\/custom-football-usb-dirve.jpg 800w, https:\/\/www.yousanusb.com\/wp-content\/uploads\/2025\/10\/custom-football-usb-dirve-300x300.jpg 300w, https:\/\/www.yousanusb.com\/wp-content\/uploads\/2025\/10\/custom-football-usb-dirve-150x150.jpg 150w, https:\/\/www.yousanusb.com\/wp-content\/uploads\/2025\/10\/custom-football-usb-dirve-768x768.jpg 768w, https:\/\/www.yousanusb.com\/wp-content\/uploads\/2025\/10\/custom-football-usb-dirve-12x12.jpg 12w, https:\/\/www.yousanusb.com\/wp-content\/uploads\/2025\/10\/custom-football-usb-dirve-600x600.jpg 600w, https:\/\/www.yousanusb.com\/wp-content\/uploads\/2025\/10\/custom-football-usb-dirve-100x100.jpg 100w\" sizes=\"(max-width: 800px) 100vw, 800px\" \/><\/figure>\n<\/div>\n\n\n\n<div class=\"wp-block-column is-layout-flow wp-block-column-is-layout-flow\">\n<figure class=\"wp-block-image size-full\"><img loading=\"lazy\" decoding=\"async\" width=\"800\" height=\"800\" src=\"https:\/\/www.yousanusb.com\/wp-content\/uploads\/2025\/10\/football-usb-flash-drive-with-custom-logo.jpg\" alt=\"\" class=\"wp-image-21096\" srcset=\"https:\/\/www.yousanusb.com\/wp-content\/uploads\/2025\/10\/football-usb-flash-drive-with-custom-logo.jpg 800w, https:\/\/www.yousanusb.com\/wp-content\/uploads\/2025\/10\/football-usb-flash-drive-with-custom-logo-300x300.jpg 300w, https:\/\/www.yousanusb.com\/wp-content\/uploads\/2025\/10\/football-usb-flash-drive-with-custom-logo-150x150.jpg 150w, https:\/\/www.yousanusb.com\/wp-content\/uploads\/2025\/10\/football-usb-flash-drive-with-custom-logo-768x768.jpg 768w, https:\/\/www.yousanusb.com\/wp-content\/uploads\/2025\/10\/football-usb-flash-drive-with-custom-logo-12x12.jpg 12w, https:\/\/www.yousanusb.com\/wp-content\/uploads\/2025\/10\/football-usb-flash-drive-with-custom-logo-600x600.jpg 600w, https:\/\/www.yousanusb.com\/wp-content\/uploads\/2025\/10\/football-usb-flash-drive-with-custom-logo-100x100.jpg 100w\" sizes=\"(max-width: 800px) 100vw, 800px\" \/><\/figure>\n<\/div>\n<\/div>\n\n\n\n<div class=\"wp-block-columns is-layout-flex wp-container-core-columns-is-layout-3 wp-block-columns-is-layout-flex\">\n<div class=\"wp-block-column is-vertically-aligned-center is-layout-flow wp-block-column-is-layout-flow\">\n<figure class=\"wp-block-image size-full\"><img loading=\"lazy\" decoding=\"async\" width=\"800\" height=\"800\" src=\"https:\/\/www.yousanusb.com\/wp-content\/uploads\/2025\/10\/Promotional-Football-Shaped-USB.jpg\" alt=\"\" class=\"wp-image-21099\" srcset=\"https:\/\/www.yousanusb.com\/wp-content\/uploads\/2025\/10\/Promotional-Football-Shaped-USB.jpg 800w, https:\/\/www.yousanusb.com\/wp-content\/uploads\/2025\/10\/Promotional-Football-Shaped-USB-300x300.jpg 300w, https:\/\/www.yousanusb.com\/wp-content\/uploads\/2025\/10\/Promotional-Football-Shaped-USB-150x150.jpg 150w, https:\/\/www.yousanusb.com\/wp-content\/uploads\/2025\/10\/Promotional-Football-Shaped-USB-768x768.jpg 768w, https:\/\/www.yousanusb.com\/wp-content\/uploads\/2025\/10\/Promotional-Football-Shaped-USB-12x12.jpg 12w, https:\/\/www.yousanusb.com\/wp-content\/uploads\/2025\/10\/Promotional-Football-Shaped-USB-600x600.jpg 600w, https:\/\/www.yousanusb.com\/wp-content\/uploads\/2025\/10\/Promotional-Football-Shaped-USB-100x100.jpg 100w\" sizes=\"(max-width: 800px) 100vw, 800px\" \/><\/figure>\n<\/div>\n\n\n\n<div class=\"wp-block-column is-layout-flow wp-block-column-is-layout-flow\">\n<p>Non \u00e8 necessaria alcuna configurazione per le unit\u00e0 USB. \u00c8 sufficiente collegarle al computer portatile o al desktop per accedere o archiviare i dati. Pu\u00f2 essere utilizzata per archiviare quasi tutti i dati: musica, foto, disegni, file, film, documenti, programmi portatili e altri dati. Facile da riporre e trasportare.<\/p>\n\n\n\n<p>Prestazioni durature: Le funzioni di resistenza all'acqua, alla polvere, alle alte temperature, alla resistenza magnetica e agli urti rendono la chiavetta piena di dati.<br>Siate certi che ogni pen drive \u00e8 stata sottoposta a test rigorosi prima della spedizione.<\/p>\n<\/div>\n\n\n\n<div class=\"wp-block-column is-vertically-aligned-center is-layout-flow wp-block-column-is-layout-flow\">\n<figure class=\"wp-block-image size-full\"><img loading=\"lazy\" decoding=\"async\" width=\"800\" height=\"800\" src=\"https:\/\/www.yousanusb.com\/wp-content\/uploads\/2025\/10\/football-usb-pen-drive.jpg\" alt=\"\" class=\"wp-image-21098\" srcset=\"https:\/\/www.yousanusb.com\/wp-content\/uploads\/2025\/10\/football-usb-pen-drive.jpg 800w, https:\/\/www.yousanusb.com\/wp-content\/uploads\/2025\/10\/football-usb-pen-drive-300x300.jpg 300w, https:\/\/www.yousanusb.com\/wp-content\/uploads\/2025\/10\/football-usb-pen-drive-150x150.jpg 150w, https:\/\/www.yousanusb.com\/wp-content\/uploads\/2025\/10\/football-usb-pen-drive-768x768.jpg 768w, https:\/\/www.yousanusb.com\/wp-content\/uploads\/2025\/10\/football-usb-pen-drive-12x12.jpg 12w, https:\/\/www.yousanusb.com\/wp-content\/uploads\/2025\/10\/football-usb-pen-drive-600x600.jpg 600w, https:\/\/www.yousanusb.com\/wp-content\/uploads\/2025\/10\/football-usb-pen-drive-100x100.jpg 100w\" sizes=\"(max-width: 800px) 100vw, 800px\" \/><\/figure>\n<\/div>\n<\/div>\n\n\n\n<p>Questa unit\u00e0 USB \u00e8 ideale per le competizioni calcistiche, l'educazione sportiva, le industrie culturali e creative e le applicazioni di marca. Ad esempio: Pu\u00f2 servire come merchandising personalizzato per i marchi sportivi (come l'incisione dei loghi delle squadre o delle insegne degli eventi), fungendo da biglietto da visita mobile per la promozione del marchio; pu\u00f2 anche funzionare come oggetto da collezione culturale per gli appassionati di sport.<\/p>","protected":false},"excerpt":{"rendered":"<ul>\n<li>Interfaccia USB 2.0<\/li>\n<li>Supporto della modalit\u00e0 PC<\/li>\n<li>Supporta Windows ME\/NT\/2000\/XP\/Vista\/7\/8\/8.1\/10, Linux, Mac 9.0 e superiori.<\/li>\n<li>Facile da leggere e da leggere ad alta velocit\u00e0.<\/li>\n<li>MOQ: 100pcs<\/li>\n<\/ul>","protected":false},"featured_media":21097,"comment_status":"open","ping_status":"closed","template":"","meta":{"_seopress_robots_primary_cat":"","_seopress_titles_title":"","_seopress_titles_desc":"","_seopress_robots_index":""},"class_list":["post-21091","product","type-product","status-publish","has-post-thumbnail","hentry","product_cat-custom-usb-drive","product_tag-ball-usb-flash-drive"],"_links":{"self":[{"href":"https:\/\/www.yousanusb.com\/it\/wp-json\/wp\/v2\/product\/21091"}],"collection":[{"href":"https:\/\/www.yousanusb.com\/it\/wp-json\/wp\/v2\/product"}],"about":[{"href":"https:\/\/www.yousanusb.com\/it\/wp-json\/wp\/v2\/types\/product"}],"replies":[{"embeddable":true,"href":"https:\/\/www.yousanusb.com\/it\/wp-json\/wp\/v2\/comments?post=21091"}],"wp:featuredmedia":[{"embeddable":true,"href":"https:\/\/www.yousanusb.com\/it\/wp-json\/wp\/v2\/media\/21097"}],"wp:attachment":[{"href":"https:\/\/www.yousanusb.com\/it\/wp-json\/wp\/v2\/media?parent=21091"}],"curies":[{"name":"wp","href":"https:\/\/api.w.org\/{rel}","templated":true}]}}