{"id":21249,"date":"2025-10-20T12:49:09","date_gmt":"2025-10-20T12:49:09","guid":{"rendered":"https:\/\/www.yousanusb.com\/?post_type=product&#038;p=21249"},"modified":"2025-12-16T13:22:59","modified_gmt":"2025-12-16T13:22:59","slug":"ice-cream-shape-2-0-usb-flash-drive","status":"publish","type":"product","link":"https:\/\/www.yousanusb.com\/it\/prodotto\/ice-cream-shape-2-0-usb-flash-drive\/","title":{"rendered":"Unit\u00e0 flash USB Forma Gelato 2.0"},"content":{"rendered":"<div class=\"wp-block-columns is-layout-flex wp-container-core-columns-is-layout-1 wp-block-columns-is-layout-flex\">\n<div class=\"wp-block-column is-vertically-aligned-center is-layout-flow wp-block-column-is-layout-flow\">\n<p>Questa chiavetta USB a forma di gelato si ispira al classico cono gelato. Disponibile in una giocosa combinazione di rosa e giallo e in un vivace giallo brillante (disponibile anche in set colorati come blu, verde, viola e arancione), evoca la delizia estratta da un negozio di dolci estivi, sollevando immediatamente il morale. Realizzato in morbida gomma PVC, offre una delicata imbottitura per proteggere il chip di archiviazione interno, resistendo agli urti e ai colpi quotidiani. Questo design bilancia perfettamente un'estetica adorabile con una pratica durata.<\/p>\n<\/div>\n\n\n\n<div class=\"wp-block-column is-layout-flow wp-block-column-is-layout-flow\">\n<figure class=\"wp-block-image size-full\"><img fetchpriority=\"high\" decoding=\"async\" width=\"800\" height=\"800\" src=\"https:\/\/www.yousanusb.com\/wp-content\/uploads\/2025\/10\/ice-cream-2.0-USB-flash-drive.jpg\" alt=\"\" class=\"wp-image-21253\" srcset=\"https:\/\/www.yousanusb.com\/wp-content\/uploads\/2025\/10\/ice-cream-2.0-USB-flash-drive.jpg 800w, https:\/\/www.yousanusb.com\/wp-content\/uploads\/2025\/10\/ice-cream-2.0-USB-flash-drive-300x300.jpg 300w, https:\/\/www.yousanusb.com\/wp-content\/uploads\/2025\/10\/ice-cream-2.0-USB-flash-drive-150x150.jpg 150w, https:\/\/www.yousanusb.com\/wp-content\/uploads\/2025\/10\/ice-cream-2.0-USB-flash-drive-768x768.jpg 768w, https:\/\/www.yousanusb.com\/wp-content\/uploads\/2025\/10\/ice-cream-2.0-USB-flash-drive-12x12.jpg 12w, https:\/\/www.yousanusb.com\/wp-content\/uploads\/2025\/10\/ice-cream-2.0-USB-flash-drive-600x600.jpg 600w, https:\/\/www.yousanusb.com\/wp-content\/uploads\/2025\/10\/ice-cream-2.0-USB-flash-drive-100x100.jpg 100w\" sizes=\"(max-width: 800px) 100vw, 800px\" \/><\/figure>\n<\/div>\n<\/div>\n\n\n\n<div class=\"wp-block-columns is-layout-flex wp-container-core-columns-is-layout-2 wp-block-columns-is-layout-flex\">\n<div class=\"wp-block-column is-layout-flow wp-block-column-is-layout-flow\">\n<figure class=\"wp-block-image size-full\"><img decoding=\"async\" width=\"800\" height=\"800\" src=\"https:\/\/www.yousanusb.com\/wp-content\/uploads\/2025\/10\/ice-cream-usb-drives.jpg\" alt=\"\" class=\"wp-image-21255\" srcset=\"https:\/\/www.yousanusb.com\/wp-content\/uploads\/2025\/10\/ice-cream-usb-drives.jpg 800w, https:\/\/www.yousanusb.com\/wp-content\/uploads\/2025\/10\/ice-cream-usb-drives-300x300.jpg 300w, https:\/\/www.yousanusb.com\/wp-content\/uploads\/2025\/10\/ice-cream-usb-drives-150x150.jpg 150w, https:\/\/www.yousanusb.com\/wp-content\/uploads\/2025\/10\/ice-cream-usb-drives-768x768.jpg 768w, https:\/\/www.yousanusb.com\/wp-content\/uploads\/2025\/10\/ice-cream-usb-drives-12x12.jpg 12w, https:\/\/www.yousanusb.com\/wp-content\/uploads\/2025\/10\/ice-cream-usb-drives-600x600.jpg 600w, https:\/\/www.yousanusb.com\/wp-content\/uploads\/2025\/10\/ice-cream-usb-drives-100x100.jpg 100w\" sizes=\"(max-width: 800px) 100vw, 800px\" \/><\/figure>\n<\/div>\n\n\n\n<div class=\"wp-block-column is-vertically-aligned-center is-layout-flow wp-block-column-is-layout-flow\">\n<p>Il design staccabile della paletta e del cono consente di rimuovere la paletta, rivelando la porta USB all'interno della sezione del cono. In questo modo \u00e8 possibile collegarsi senza problemi a computer, tablet e altri dispositivi per archiviare e trasferire rapidamente i file. Quando non viene utilizzata, la paletta copre comodamente la porta, impedendo l'intrusione di polvere e trasformando l'unit\u00e0 USB in un cono gelato completo: il massimo del divertimento e della praticit\u00e0.<br><\/p>\n<\/div>\n<\/div>\n\n\n\n<div class=\"wp-block-columns is-layout-flex wp-container-core-columns-is-layout-3 wp-block-columns-is-layout-flex\">\n<div class=\"wp-block-column is-vertically-aligned-center is-layout-flow wp-block-column-is-layout-flow\">\n<ul class=\"wp-block-list\">\n<li>Capacit\u00e0 disponibile: FAT32 \u00e8 un formato di unit\u00e0 di fabbrica compatibile in lettura\/scrittura con Windows e Mac OS; NTFS \u00e8 compatibile con Windows ma semi-compatibile con Mac OS. Compatibile con USB 2.0 Compatibile con USB 1.1 Supporta Windows 10\/8.1\/8\/7\/Vista\/XP\/2000\/ME\/NT, Linux e Mac OS.<\/li>\n\n\n\n<li>UN'IDEA REGALO UNICA E PREMUROSA: Il design accattivante sembra attraente e decorativo. Un dolce regalo per le vostre famiglie, gli amici e i clienti del matrimonio.<\/li>\n\n\n\n<li>Durevole: Impermeabile, antipolvere, alta temperatura, resistenza magnetica, anti-shock, rendono la memory stick perfetta per i dati.<\/li>\n\n\n\n<li>La memoria USB non richiede alcuna impostazione \u00c8 sufficiente collegarla al computer portatile o al desktop per accedere ai dati e memorizzarli. Memorizza tutti i tipi di oggetti come musica, foto, disegni, file, film, documenti, programmi portatili, ecc. I dati in vostro possesso sono facili da memorizzare e da trasportare.<\/li>\n<\/ul>\n<\/div>\n\n\n\n<div class=\"wp-block-column is-layout-flow wp-block-column-is-layout-flow\">\n<figure class=\"wp-block-image size-full\"><img decoding=\"async\" width=\"800\" height=\"800\" src=\"https:\/\/www.yousanusb.com\/wp-content\/uploads\/2025\/10\/Ice-Cream-Flash-Memory.png\" alt=\"\" class=\"wp-image-21258\" srcset=\"https:\/\/www.yousanusb.com\/wp-content\/uploads\/2025\/10\/Ice-Cream-Flash-Memory.png 800w, https:\/\/www.yousanusb.com\/wp-content\/uploads\/2025\/10\/Ice-Cream-Flash-Memory-300x300.png 300w, https:\/\/www.yousanusb.com\/wp-content\/uploads\/2025\/10\/Ice-Cream-Flash-Memory-150x150.png 150w, https:\/\/www.yousanusb.com\/wp-content\/uploads\/2025\/10\/Ice-Cream-Flash-Memory-768x768.png 768w, https:\/\/www.yousanusb.com\/wp-content\/uploads\/2025\/10\/Ice-Cream-Flash-Memory-12x12.png 12w, https:\/\/www.yousanusb.com\/wp-content\/uploads\/2025\/10\/Ice-Cream-Flash-Memory-600x600.png 600w, https:\/\/www.yousanusb.com\/wp-content\/uploads\/2025\/10\/Ice-Cream-Flash-Memory-100x100.png 100w\" sizes=\"(max-width: 800px) 100vw, 800px\" \/><\/figure>\n<\/div>\n<\/div>","protected":false},"excerpt":{"rendered":"<ul>\n<li>Logo personalizzato<\/li>\n<li>Imballaggio personalizzato<\/li>\n<li>Personalizzazione grafica<\/li>\n<li>Interfaccia USB 2.0<\/li>\n<li>MOQ: 100pcs<\/li>\n<\/ul>","protected":false},"featured_media":21255,"comment_status":"open","ping_status":"closed","template":"","meta":{"_seopress_robots_primary_cat":"","_seopress_titles_title":"","_seopress_titles_desc":"","_seopress_robots_index":""},"class_list":["post-21249","product","type-product","status-publish","has-post-thumbnail","hentry","product_cat-custom-usb-drive","product_tag-food-usb-flash-drive"],"_links":{"self":[{"href":"https:\/\/www.yousanusb.com\/it\/wp-json\/wp\/v2\/product\/21249"}],"collection":[{"href":"https:\/\/www.yousanusb.com\/it\/wp-json\/wp\/v2\/product"}],"about":[{"href":"https:\/\/www.yousanusb.com\/it\/wp-json\/wp\/v2\/types\/product"}],"replies":[{"embeddable":true,"href":"https:\/\/www.yousanusb.com\/it\/wp-json\/wp\/v2\/comments?post=21249"}],"wp:featuredmedia":[{"embeddable":true,"href":"https:\/\/www.yousanusb.com\/it\/wp-json\/wp\/v2\/media\/21255"}],"wp:attachment":[{"href":"https:\/\/www.yousanusb.com\/it\/wp-json\/wp\/v2\/media?parent=21249"}],"curies":[{"name":"wp","href":"https:\/\/api.w.org\/{rel}","templated":true}]}}