{"id":21259,"date":"2025-10-21T02:25:52","date_gmt":"2025-10-21T02:25:52","guid":{"rendered":"https:\/\/www.yousanusb.com\/?post_type=product&#038;p=21259"},"modified":"2025-10-21T02:40:37","modified_gmt":"2025-10-21T02:40:37","slug":"4-in-1-laser-stylus-usb-flash-drive","status":"publish","type":"product","link":"https:\/\/www.yousanusb.com\/it\/prodotto\/4-in-1-laser-stylus-usb-flash-drive\/","title":{"rendered":"Unit\u00e0 flash USB con stilo laser 4 in 1"},"content":{"rendered":"<p>La penna USB laser touch 4-in-1 \u00e8 una versione aggiornata della penna USB laser, dotata di quattro funzioni principali: touch + puntatore laser + unit\u00e0 USB + penna. Aggiunge la funzionalit\u00e0 di penna tattile alle capacit\u00e0 della penna USB laser.<\/p>\n\n\n\n<div class=\"wp-block-columns is-layout-flex wp-container-core-columns-is-layout-1 wp-block-columns-is-layout-flex\">\n<div class=\"wp-block-column is-layout-flow wp-block-column-is-layout-flow\">\n<figure class=\"wp-block-image size-full\"><img fetchpriority=\"high\" decoding=\"async\" width=\"800\" height=\"800\" src=\"https:\/\/www.yousanusb.com\/wp-content\/uploads\/2025\/10\/4-in-1-laser-touch-pen-USB-drive.webp\" alt=\"\" class=\"wp-image-21262\" srcset=\"https:\/\/www.yousanusb.com\/wp-content\/uploads\/2025\/10\/4-in-1-laser-touch-pen-USB-drive.webp 800w, https:\/\/www.yousanusb.com\/wp-content\/uploads\/2025\/10\/4-in-1-laser-touch-pen-USB-drive-300x300.webp 300w, https:\/\/www.yousanusb.com\/wp-content\/uploads\/2025\/10\/4-in-1-laser-touch-pen-USB-drive-150x150.webp 150w, https:\/\/www.yousanusb.com\/wp-content\/uploads\/2025\/10\/4-in-1-laser-touch-pen-USB-drive-768x768.webp 768w, https:\/\/www.yousanusb.com\/wp-content\/uploads\/2025\/10\/4-in-1-laser-touch-pen-USB-drive-12x12.webp 12w, https:\/\/www.yousanusb.com\/wp-content\/uploads\/2025\/10\/4-in-1-laser-touch-pen-USB-drive-600x600.webp 600w, https:\/\/www.yousanusb.com\/wp-content\/uploads\/2025\/10\/4-in-1-laser-touch-pen-USB-drive-100x100.webp 100w\" sizes=\"(max-width: 800px) 100vw, 800px\" \/><\/figure>\n<\/div>\n\n\n\n<div class=\"wp-block-column is-vertically-aligned-center is-layout-flow wp-block-column-is-layout-flow\">\n<p><strong>Penna tattile:<\/strong> Il cappuccio della penna incorpora una penna tattile compatibile con smartphone, tablet e computer. Il suo scopo principale \u00e8 quello di sostituire o integrare i gesti delle dita, consentendo un utilizzo pi\u00f9 preciso e comodo dei dispositivi mobili attraverso l'interazione con gli schermi tattili (principalmente capacitivi, occasionalmente elettromagnetici).<\/p>\n<\/div>\n<\/div>\n\n\n\n<p><\/p>\n\n\n\n<div class=\"wp-block-columns is-layout-flex wp-container-core-columns-is-layout-2 wp-block-columns-is-layout-flex\">\n<div class=\"wp-block-column is-layout-flow wp-block-column-is-layout-flow\">\n<figure class=\"wp-block-image size-full\"><img decoding=\"async\" width=\"800\" height=\"800\" src=\"https:\/\/www.yousanusb.com\/wp-content\/uploads\/2025\/10\/otg-pendrive-with-stylus-pen.webp\" alt=\"\" class=\"wp-image-21265\" srcset=\"https:\/\/www.yousanusb.com\/wp-content\/uploads\/2025\/10\/otg-pendrive-with-stylus-pen.webp 800w, https:\/\/www.yousanusb.com\/wp-content\/uploads\/2025\/10\/otg-pendrive-with-stylus-pen-300x300.webp 300w, https:\/\/www.yousanusb.com\/wp-content\/uploads\/2025\/10\/otg-pendrive-with-stylus-pen-150x150.webp 150w, https:\/\/www.yousanusb.com\/wp-content\/uploads\/2025\/10\/otg-pendrive-with-stylus-pen-768x768.webp 768w, https:\/\/www.yousanusb.com\/wp-content\/uploads\/2025\/10\/otg-pendrive-with-stylus-pen-12x12.webp 12w, https:\/\/www.yousanusb.com\/wp-content\/uploads\/2025\/10\/otg-pendrive-with-stylus-pen-600x600.webp 600w, https:\/\/www.yousanusb.com\/wp-content\/uploads\/2025\/10\/otg-pendrive-with-stylus-pen-100x100.webp 100w\" sizes=\"(max-width: 800px) 100vw, 800px\" \/><\/figure>\n<\/div>\n\n\n\n<div class=\"wp-block-column is-vertically-aligned-center is-layout-flow wp-block-column-is-layout-flow\">\n<p><strong>Unit\u00e0 USB: <\/strong>Dispone di un chip USB integrato per l'archiviazione dei dati e funziona come un'unit\u00e0 flash portatile.<\/p>\n\n\n\n<p><strong>Puntatore laser: <\/strong>Emette un raggio laser visibile per un puntamento preciso, ampiamente utilizzato nelle presentazioni, nell'insegnamento e negli scenari di osservazione. I modelli di maggiore potenza possono offrire applicazioni funzionali specializzate.<\/p>\n<\/div>\n<\/div>\n\n\n\n<p><strong>Penna Signature: <\/strong>Progettato per la scrittura quotidiana, questo strumento portatile \u00e8 ottimizzato per firmare e prendere appunti. Il suo meccanismo roller garantisce un flusso d'inchiostro fluido, consentendo una scrittura precisa su carta, documenti e superfici simili.<\/p>\n\n\n\n<div class=\"wp-block-columns is-layout-flex wp-container-core-columns-is-layout-3 wp-block-columns-is-layout-flex\">\n<div class=\"wp-block-column is-layout-flow wp-block-column-is-layout-flow\">\n<figure class=\"wp-block-image size-full\"><img decoding=\"async\" width=\"800\" height=\"800\" src=\"https:\/\/www.yousanusb.com\/wp-content\/uploads\/2025\/10\/6-in-1-Multifunctional-Capacitive-Pen-with-Floodlight-And-Laser-Light-Blue.webp\" alt=\"\" class=\"wp-image-21263\" srcset=\"https:\/\/www.yousanusb.com\/wp-content\/uploads\/2025\/10\/6-in-1-Multifunctional-Capacitive-Pen-with-Floodlight-And-Laser-Light-Blue.webp 800w, https:\/\/www.yousanusb.com\/wp-content\/uploads\/2025\/10\/6-in-1-Multifunctional-Capacitive-Pen-with-Floodlight-And-Laser-Light-Blue-300x300.webp 300w, https:\/\/www.yousanusb.com\/wp-content\/uploads\/2025\/10\/6-in-1-Multifunctional-Capacitive-Pen-with-Floodlight-And-Laser-Light-Blue-150x150.webp 150w, https:\/\/www.yousanusb.com\/wp-content\/uploads\/2025\/10\/6-in-1-Multifunctional-Capacitive-Pen-with-Floodlight-And-Laser-Light-Blue-768x768.webp 768w, https:\/\/www.yousanusb.com\/wp-content\/uploads\/2025\/10\/6-in-1-Multifunctional-Capacitive-Pen-with-Floodlight-And-Laser-Light-Blue-12x12.webp 12w, https:\/\/www.yousanusb.com\/wp-content\/uploads\/2025\/10\/6-in-1-Multifunctional-Capacitive-Pen-with-Floodlight-And-Laser-Light-Blue-600x600.webp 600w, https:\/\/www.yousanusb.com\/wp-content\/uploads\/2025\/10\/6-in-1-Multifunctional-Capacitive-Pen-with-Floodlight-And-Laser-Light-Blue-100x100.webp 100w\" sizes=\"(max-width: 800px) 100vw, 800px\" \/><\/figure>\n<\/div>\n\n\n\n<div class=\"wp-block-column is-layout-flow wp-block-column-is-layout-flow\">\n<figure class=\"wp-block-image size-full\"><img loading=\"lazy\" decoding=\"async\" width=\"800\" height=\"800\" src=\"https:\/\/www.yousanusb.com\/wp-content\/uploads\/2025\/10\/PPT-page-turning-pen-USB-drive.webp\" alt=\"\" class=\"wp-image-21266\" srcset=\"https:\/\/www.yousanusb.com\/wp-content\/uploads\/2025\/10\/PPT-page-turning-pen-USB-drive.webp 800w, https:\/\/www.yousanusb.com\/wp-content\/uploads\/2025\/10\/PPT-page-turning-pen-USB-drive-300x300.webp 300w, https:\/\/www.yousanusb.com\/wp-content\/uploads\/2025\/10\/PPT-page-turning-pen-USB-drive-150x150.webp 150w, https:\/\/www.yousanusb.com\/wp-content\/uploads\/2025\/10\/PPT-page-turning-pen-USB-drive-768x768.webp 768w, https:\/\/www.yousanusb.com\/wp-content\/uploads\/2025\/10\/PPT-page-turning-pen-USB-drive-12x12.webp 12w, https:\/\/www.yousanusb.com\/wp-content\/uploads\/2025\/10\/PPT-page-turning-pen-USB-drive-600x600.webp 600w, https:\/\/www.yousanusb.com\/wp-content\/uploads\/2025\/10\/PPT-page-turning-pen-USB-drive-100x100.webp 100w\" sizes=\"(max-width: 800px) 100vw, 800px\" \/><\/figure>\n<\/div>\n<\/div>","protected":false},"excerpt":{"rendered":"<ul>\n<li>L'unit\u00e0 usb 4 in 1<\/li>\n<li>Penna tattile<\/li>\n<li>Puntatore laser<\/li>\n<li>Penna Signature<\/li>\n<li>Stile della penna e LOGO personalizzato<\/li>\n<\/ul>","protected":false},"featured_media":21262,"comment_status":"open","ping_status":"closed","template":"","meta":{"_seopress_robots_primary_cat":"","_seopress_titles_title":"4-in-1 Laser Stylus USB Flash Drive","_seopress_titles_desc":"The 4-in-1 Laser Touch USB Pen is an upgraded version of the laser USB pen, featuring four core functions: touch + laser pointer + USB drive + pen. It adds touch pen functionality to the capabilities of the laser USB pen.","_seopress_robots_index":""},"class_list":["post-21259","product","type-product","status-publish","has-post-thumbnail","hentry","product_cat-usb-drive-pens","product_tag-stylus-touch-screen-pen-shape-usb-flash-drive"],"_links":{"self":[{"href":"https:\/\/www.yousanusb.com\/it\/wp-json\/wp\/v2\/product\/21259"}],"collection":[{"href":"https:\/\/www.yousanusb.com\/it\/wp-json\/wp\/v2\/product"}],"about":[{"href":"https:\/\/www.yousanusb.com\/it\/wp-json\/wp\/v2\/types\/product"}],"replies":[{"embeddable":true,"href":"https:\/\/www.yousanusb.com\/it\/wp-json\/wp\/v2\/comments?post=21259"}],"wp:featuredmedia":[{"embeddable":true,"href":"https:\/\/www.yousanusb.com\/it\/wp-json\/wp\/v2\/media\/21262"}],"wp:attachment":[{"href":"https:\/\/www.yousanusb.com\/it\/wp-json\/wp\/v2\/media?parent=21259"}],"curies":[{"name":"wp","href":"https:\/\/api.w.org\/{rel}","templated":true}]}}