{"id":21267,"date":"2025-10-21T02:37:12","date_gmt":"2025-10-21T02:37:12","guid":{"rendered":"https:\/\/www.yousanusb.com\/?post_type=product&#038;p=21267"},"modified":"2025-10-21T02:40:31","modified_gmt":"2025-10-21T02:40:31","slug":"crystal-touch-usb-flash-drive-pen","status":"publish","type":"product","link":"https:\/\/www.yousanusb.com\/it\/prodotto\/crystal-touch-usb-flash-drive-pen\/","title":{"rendered":"Penna con unit\u00e0 flash USB Crystal Touch"},"content":{"rendered":"<p>Crystal Touch USB Pen \u00e8 un accessorio digitale multifunzionale che integra funzionalit\u00e0 di stilo, memoria USB e design decorativo in cristallo, utilizzato principalmente per il funzionamento del touchscreen e l'archiviazione dei dati:<\/p>\n\n\n\n<p><\/p>\n\n\n\n<div class=\"wp-block-columns is-layout-flex wp-container-core-columns-is-layout-1 wp-block-columns-is-layout-flex\">\n<div class=\"wp-block-column is-layout-flow wp-block-column-is-layout-flow\">\n<figure class=\"wp-block-image size-full\"><img fetchpriority=\"high\" decoding=\"async\" width=\"800\" height=\"800\" src=\"https:\/\/www.yousanusb.com\/wp-content\/uploads\/2025\/10\/3-in-1-Stylish-Crystal-Ballpoint-Pen-USB-Flash-Drive-Touch-Screen-Stylus.webp\" alt=\"\" class=\"wp-image-21270\" srcset=\"https:\/\/www.yousanusb.com\/wp-content\/uploads\/2025\/10\/3-in-1-Stylish-Crystal-Ballpoint-Pen-USB-Flash-Drive-Touch-Screen-Stylus.webp 800w, https:\/\/www.yousanusb.com\/wp-content\/uploads\/2025\/10\/3-in-1-Stylish-Crystal-Ballpoint-Pen-USB-Flash-Drive-Touch-Screen-Stylus-300x300.webp 300w, https:\/\/www.yousanusb.com\/wp-content\/uploads\/2025\/10\/3-in-1-Stylish-Crystal-Ballpoint-Pen-USB-Flash-Drive-Touch-Screen-Stylus-150x150.webp 150w, https:\/\/www.yousanusb.com\/wp-content\/uploads\/2025\/10\/3-in-1-Stylish-Crystal-Ballpoint-Pen-USB-Flash-Drive-Touch-Screen-Stylus-768x768.webp 768w, https:\/\/www.yousanusb.com\/wp-content\/uploads\/2025\/10\/3-in-1-Stylish-Crystal-Ballpoint-Pen-USB-Flash-Drive-Touch-Screen-Stylus-12x12.webp 12w, https:\/\/www.yousanusb.com\/wp-content\/uploads\/2025\/10\/3-in-1-Stylish-Crystal-Ballpoint-Pen-USB-Flash-Drive-Touch-Screen-Stylus-600x600.webp 600w, https:\/\/www.yousanusb.com\/wp-content\/uploads\/2025\/10\/3-in-1-Stylish-Crystal-Ballpoint-Pen-USB-Flash-Drive-Touch-Screen-Stylus-100x100.webp 100w\" sizes=\"(max-width: 800px) 100vw, 800px\" \/><\/figure>\n<\/div>\n\n\n\n<div class=\"wp-block-column is-vertically-aligned-center is-layout-flow wp-block-column-is-layout-flow\">\n<p>Stilo: Tipicamente dotato di una punta capacitiva (ad esempio in silicone o materiale metallico), che consente di operare con precisione su dispositivi con schermo capacitivo come smartphone, tablet e tavolette grafiche, sostituendo le dita per scrivere, disegnare o fare clic. <\/p>\n\n\n\n<p>Alcuni modelli premium supportano la sensibilit\u00e0 alla pressione, consentendo di variare lo spessore del tratto per una maggiore espressione creativa.<\/p>\n<\/div>\n<\/div>\n\n\n\n<p>Unit\u00e0 USB: Il modulo di memoria flash USB integrato offre capacit\u00e0 da 4 GB a 256 GB. Supporta la funzionalit\u00e0 plug-and-play ed \u00e8 compatibile con i principali sistemi operativi, tra cui Windows, Mac e Linux. Alcuni prodotti utilizzano interfacce USB 3.0 e raggiungono velocit\u00e0 di trasferimento superiori a 80 MB\/s.<\/p>\n\n\n\n<div class=\"wp-block-columns is-layout-flex wp-container-core-columns-is-layout-2 wp-block-columns-is-layout-flex\">\n<div class=\"wp-block-column is-layout-flow wp-block-column-is-layout-flow\">\n<figure class=\"wp-block-image size-full\"><img decoding=\"async\" width=\"800\" height=\"800\" src=\"https:\/\/www.yousanusb.com\/wp-content\/uploads\/2025\/10\/Multi-Function-Pen-Shape-USB-Flash-Drive-with-Ballpoint-Pen-and-Touch-Point.webp\" alt=\"\" class=\"wp-image-21274\" srcset=\"https:\/\/www.yousanusb.com\/wp-content\/uploads\/2025\/10\/Multi-Function-Pen-Shape-USB-Flash-Drive-with-Ballpoint-Pen-and-Touch-Point.webp 800w, https:\/\/www.yousanusb.com\/wp-content\/uploads\/2025\/10\/Multi-Function-Pen-Shape-USB-Flash-Drive-with-Ballpoint-Pen-and-Touch-Point-300x300.webp 300w, https:\/\/www.yousanusb.com\/wp-content\/uploads\/2025\/10\/Multi-Function-Pen-Shape-USB-Flash-Drive-with-Ballpoint-Pen-and-Touch-Point-150x150.webp 150w, https:\/\/www.yousanusb.com\/wp-content\/uploads\/2025\/10\/Multi-Function-Pen-Shape-USB-Flash-Drive-with-Ballpoint-Pen-and-Touch-Point-768x768.webp 768w, https:\/\/www.yousanusb.com\/wp-content\/uploads\/2025\/10\/Multi-Function-Pen-Shape-USB-Flash-Drive-with-Ballpoint-Pen-and-Touch-Point-12x12.webp 12w, https:\/\/www.yousanusb.com\/wp-content\/uploads\/2025\/10\/Multi-Function-Pen-Shape-USB-Flash-Drive-with-Ballpoint-Pen-and-Touch-Point-600x600.webp 600w, https:\/\/www.yousanusb.com\/wp-content\/uploads\/2025\/10\/Multi-Function-Pen-Shape-USB-Flash-Drive-with-Ballpoint-Pen-and-Touch-Point-100x100.webp 100w\" sizes=\"(max-width: 800px) 100vw, 800px\" \/><\/figure>\n<\/div>\n\n\n\n<div class=\"wp-block-column is-layout-flow wp-block-column-is-layout-flow\">\n<figure class=\"wp-block-image size-full\"><img decoding=\"async\" width=\"800\" height=\"800\" src=\"https:\/\/www.yousanusb.com\/wp-content\/uploads\/2025\/10\/Multifunction-Crystal-Ballpoint-Pen-Drive.webp\" alt=\"\" class=\"wp-image-21273\" srcset=\"https:\/\/www.yousanusb.com\/wp-content\/uploads\/2025\/10\/Multifunction-Crystal-Ballpoint-Pen-Drive.webp 800w, https:\/\/www.yousanusb.com\/wp-content\/uploads\/2025\/10\/Multifunction-Crystal-Ballpoint-Pen-Drive-300x300.webp 300w, https:\/\/www.yousanusb.com\/wp-content\/uploads\/2025\/10\/Multifunction-Crystal-Ballpoint-Pen-Drive-150x150.webp 150w, https:\/\/www.yousanusb.com\/wp-content\/uploads\/2025\/10\/Multifunction-Crystal-Ballpoint-Pen-Drive-768x768.webp 768w, https:\/\/www.yousanusb.com\/wp-content\/uploads\/2025\/10\/Multifunction-Crystal-Ballpoint-Pen-Drive-12x12.webp 12w, https:\/\/www.yousanusb.com\/wp-content\/uploads\/2025\/10\/Multifunction-Crystal-Ballpoint-Pen-Drive-600x600.webp 600w, https:\/\/www.yousanusb.com\/wp-content\/uploads\/2025\/10\/Multifunction-Crystal-Ballpoint-Pen-Drive-100x100.webp 100w\" sizes=\"(max-width: 800px) 100vw, 800px\" \/><\/figure>\n<\/div>\n<\/div>\n\n\n\n<p>Cristallo: le penne con elementi di cristallo incorporano tipicamente decorazioni di cristallo o simili al cristallo. Le sezioni traslucide del fusto sono riempite di particelle di cristallo e abbinate a una base metallica, che unisce moda e funzionalit\u00e0. Accenti di cristallo: Alcuni prodotti sono dotati di cappucci o clip impreziositi da cristalli, che aumentano l'attrattiva visiva. Sono ideali per regali aziendali o per personalizzazioni.<\/p>\n\n\n\n<div class=\"wp-block-columns is-layout-flex wp-container-core-columns-is-layout-3 wp-block-columns-is-layout-flex\">\n<div class=\"wp-block-column is-layout-flow wp-block-column-is-layout-flow\">\n<figure class=\"wp-block-image size-full\"><img loading=\"lazy\" decoding=\"async\" width=\"800\" height=\"800\" src=\"https:\/\/www.yousanusb.com\/wp-content\/uploads\/2025\/10\/Crystal-Pen-Stylus-With-Pendrive.webp\" alt=\"\" class=\"wp-image-21271\" srcset=\"https:\/\/www.yousanusb.com\/wp-content\/uploads\/2025\/10\/Crystal-Pen-Stylus-With-Pendrive.webp 800w, https:\/\/www.yousanusb.com\/wp-content\/uploads\/2025\/10\/Crystal-Pen-Stylus-With-Pendrive-300x300.webp 300w, https:\/\/www.yousanusb.com\/wp-content\/uploads\/2025\/10\/Crystal-Pen-Stylus-With-Pendrive-150x150.webp 150w, https:\/\/www.yousanusb.com\/wp-content\/uploads\/2025\/10\/Crystal-Pen-Stylus-With-Pendrive-768x768.webp 768w, https:\/\/www.yousanusb.com\/wp-content\/uploads\/2025\/10\/Crystal-Pen-Stylus-With-Pendrive-12x12.webp 12w, https:\/\/www.yousanusb.com\/wp-content\/uploads\/2025\/10\/Crystal-Pen-Stylus-With-Pendrive-600x600.webp 600w, https:\/\/www.yousanusb.com\/wp-content\/uploads\/2025\/10\/Crystal-Pen-Stylus-With-Pendrive-100x100.webp 100w\" sizes=\"(max-width: 800px) 100vw, 800px\" \/><\/figure>\n<\/div>\n\n\n\n<div class=\"wp-block-column is-layout-flow wp-block-column-is-layout-flow\">\n<figure class=\"wp-block-image size-full is-resized\"><img loading=\"lazy\" decoding=\"async\" width=\"800\" height=\"800\" src=\"https:\/\/www.yousanusb.com\/wp-content\/uploads\/2025\/10\/ProductsForYou-3-in-1-Crystal-USB-Pen-with-Stylus.webp\" alt=\"\" class=\"wp-image-21275\" style=\"width:558px;height:auto\" srcset=\"https:\/\/www.yousanusb.com\/wp-content\/uploads\/2025\/10\/ProductsForYou-3-in-1-Crystal-USB-Pen-with-Stylus.webp 800w, https:\/\/www.yousanusb.com\/wp-content\/uploads\/2025\/10\/ProductsForYou-3-in-1-Crystal-USB-Pen-with-Stylus-300x300.webp 300w, https:\/\/www.yousanusb.com\/wp-content\/uploads\/2025\/10\/ProductsForYou-3-in-1-Crystal-USB-Pen-with-Stylus-150x150.webp 150w, https:\/\/www.yousanusb.com\/wp-content\/uploads\/2025\/10\/ProductsForYou-3-in-1-Crystal-USB-Pen-with-Stylus-768x768.webp 768w, https:\/\/www.yousanusb.com\/wp-content\/uploads\/2025\/10\/ProductsForYou-3-in-1-Crystal-USB-Pen-with-Stylus-12x12.webp 12w, https:\/\/www.yousanusb.com\/wp-content\/uploads\/2025\/10\/ProductsForYou-3-in-1-Crystal-USB-Pen-with-Stylus-600x600.webp 600w, https:\/\/www.yousanusb.com\/wp-content\/uploads\/2025\/10\/ProductsForYou-3-in-1-Crystal-USB-Pen-with-Stylus-100x100.webp 100w\" sizes=\"(max-width: 800px) 100vw, 800px\" \/><\/figure>\n<\/div>\n<\/div>\n\n\n\n<p><\/p>","protected":false},"excerpt":{"rendered":"<ul>\n<li>Design in cristallo<\/li>\n<li>Penna tattile<\/li>\n<li>Penna USB Flash Drive<\/li>\n<li>Molti colori<\/li>\n<li>Logo personalizzato<\/li>\n<\/ul>","protected":false},"featured_media":21272,"comment_status":"open","ping_status":"closed","template":"","meta":{"_seopress_robots_primary_cat":"","_seopress_titles_title":"Crystal Touch USB Flash Drive Pen","_seopress_titles_desc":"Crystal Touch USB Pen is a multifunctional digital accessory integrating stylus functionality, USB storage, and crystal decorative design, primarily used for touchscreen operation and data storage:","_seopress_robots_index":""},"class_list":["post-21267","product","type-product","status-publish","has-post-thumbnail","hentry","product_cat-usb-drive-pens","product_tag-stylus-touch-screen-pen-shape-usb-flash-drive"],"_links":{"self":[{"href":"https:\/\/www.yousanusb.com\/it\/wp-json\/wp\/v2\/product\/21267"}],"collection":[{"href":"https:\/\/www.yousanusb.com\/it\/wp-json\/wp\/v2\/product"}],"about":[{"href":"https:\/\/www.yousanusb.com\/it\/wp-json\/wp\/v2\/types\/product"}],"replies":[{"embeddable":true,"href":"https:\/\/www.yousanusb.com\/it\/wp-json\/wp\/v2\/comments?post=21267"}],"wp:featuredmedia":[{"embeddable":true,"href":"https:\/\/www.yousanusb.com\/it\/wp-json\/wp\/v2\/media\/21272"}],"wp:attachment":[{"href":"https:\/\/www.yousanusb.com\/it\/wp-json\/wp\/v2\/media?parent=21267"}],"curies":[{"name":"wp","href":"https:\/\/api.w.org\/{rel}","templated":true}]}}