{"id":21552,"date":"2025-10-21T10:08:14","date_gmt":"2025-10-21T10:08:14","guid":{"rendered":"https:\/\/www.yousanusb.com\/?post_type=product&#038;p=21552"},"modified":"2025-10-22T03:54:46","modified_gmt":"2025-10-22T03:54:46","slug":"yellow-duck-pvc-keychain","status":"publish","type":"product","link":"https:\/\/www.yousanusb.com\/it\/prodotto\/yellow-duck-pvc-keychain\/","title":{"rendered":"Portachiavi personalizzato per anatre gialle"},"content":{"rendered":"<p>Questo portachiavi a forma di paperella gialla \u00e8 caratterizzato da un corpo giallo vibrante e da una forma rotonda e adorabile. Il becco rosso arancio e le zampe palmate aggiungono un allegro tocco di colore, mentre gli occhi vivaci sembrano pieni di innocenza. Con le ali leggermente aperte, sembra salutare allegramente.<\/p>\n\n\n\n<p>Il materiale in gomma morbida PVC \u00e8 flessibile e facile da modellare, oltre a essere altamente resistente allo sbiadimento. Per la pulizia \u00e8 sufficiente passare un panno umido. L'hardware \u00e8 costituito da un anello portachiavi in lega di zinco ad alta durezza (con una clip staccabile per un facile utilizzo) e da una catena in acciaio inossidabile (di spessore moderato e con un'eccellente flessibilit\u00e0), che garantisce una conservazione sicura delle chiavi e una lunga durata.<\/p>\n\n\n\n<div class=\"wp-block-columns is-layout-flex wp-container-core-columns-is-layout-1 wp-block-columns-is-layout-flex\">\n<div class=\"wp-block-column is-layout-flow wp-block-column-is-layout-flow\">\n<figure class=\"wp-block-image size-full\"><img fetchpriority=\"high\" decoding=\"async\" width=\"800\" height=\"800\" src=\"https:\/\/www.yousanusb.com\/wp-content\/uploads\/2025\/10\/Duckling.jpg\" alt=\"\" class=\"wp-image-21556\" srcset=\"https:\/\/www.yousanusb.com\/wp-content\/uploads\/2025\/10\/Duckling.jpg 800w, https:\/\/www.yousanusb.com\/wp-content\/uploads\/2025\/10\/Duckling-300x300.jpg 300w, https:\/\/www.yousanusb.com\/wp-content\/uploads\/2025\/10\/Duckling-150x150.jpg 150w, https:\/\/www.yousanusb.com\/wp-content\/uploads\/2025\/10\/Duckling-768x768.jpg 768w, https:\/\/www.yousanusb.com\/wp-content\/uploads\/2025\/10\/Duckling-12x12.jpg 12w, https:\/\/www.yousanusb.com\/wp-content\/uploads\/2025\/10\/Duckling-600x600.jpg 600w, https:\/\/www.yousanusb.com\/wp-content\/uploads\/2025\/10\/Duckling-100x100.jpg 100w\" sizes=\"(max-width: 800px) 100vw, 800px\" \/><\/figure>\n<\/div>\n\n\n\n<div class=\"wp-block-column is-layout-flow wp-block-column-is-layout-flow\">\n<figure class=\"wp-block-image size-full\"><img decoding=\"async\" width=\"1920\" height=\"1920\" src=\"https:\/\/www.yousanusb.com\/wp-content\/uploads\/2025\/10\/duckling-keychain-1.jpg\" alt=\"\" class=\"wp-image-21587\" srcset=\"https:\/\/www.yousanusb.com\/wp-content\/uploads\/2025\/10\/duckling-keychain-1.jpg 1920w, https:\/\/www.yousanusb.com\/wp-content\/uploads\/2025\/10\/duckling-keychain-1-300x300.jpg 300w, https:\/\/www.yousanusb.com\/wp-content\/uploads\/2025\/10\/duckling-keychain-1-1024x1024.jpg 1024w, https:\/\/www.yousanusb.com\/wp-content\/uploads\/2025\/10\/duckling-keychain-1-150x150.jpg 150w, https:\/\/www.yousanusb.com\/wp-content\/uploads\/2025\/10\/duckling-keychain-1-768x768.jpg 768w, https:\/\/www.yousanusb.com\/wp-content\/uploads\/2025\/10\/duckling-keychain-1-1536x1536.jpg 1536w, https:\/\/www.yousanusb.com\/wp-content\/uploads\/2025\/10\/duckling-keychain-1-12x12.jpg 12w, https:\/\/www.yousanusb.com\/wp-content\/uploads\/2025\/10\/duckling-keychain-1-600x600.jpg 600w, https:\/\/www.yousanusb.com\/wp-content\/uploads\/2025\/10\/duckling-keychain-1-100x100.jpg 100w\" sizes=\"(max-width: 1920px) 100vw, 1920px\" \/><\/figure>\n<\/div>\n<\/div>\n\n\n\n<p><\/p>","protected":false},"excerpt":{"rendered":"<ul>\n<li>Portachiavi personalizzati in PVC di alta qualit\u00e0<\/li>\n<li>PVC morbido gommato<\/li>\n<li>Qualsiasi dimensione, su misura<\/li>\n<li>Imballaggio individuale in sacchetti OPP<\/li>\n<li>MOQ: 100pcs<\/li>\n<\/ul>","protected":false},"featured_media":21556,"comment_status":"open","ping_status":"closed","template":"","meta":{"_seopress_robots_primary_cat":"","_seopress_titles_title":"","_seopress_titles_desc":"","_seopress_robots_index":""},"class_list":["post-21552","product","type-product","status-publish","has-post-thumbnail","hentry","product_cat-3d-rubber-key-chain"],"_links":{"self":[{"href":"https:\/\/www.yousanusb.com\/it\/wp-json\/wp\/v2\/product\/21552"}],"collection":[{"href":"https:\/\/www.yousanusb.com\/it\/wp-json\/wp\/v2\/product"}],"about":[{"href":"https:\/\/www.yousanusb.com\/it\/wp-json\/wp\/v2\/types\/product"}],"replies":[{"embeddable":true,"href":"https:\/\/www.yousanusb.com\/it\/wp-json\/wp\/v2\/comments?post=21552"}],"wp:featuredmedia":[{"embeddable":true,"href":"https:\/\/www.yousanusb.com\/it\/wp-json\/wp\/v2\/media\/21556"}],"wp:attachment":[{"href":"https:\/\/www.yousanusb.com\/it\/wp-json\/wp\/v2\/media?parent=21552"}],"curies":[{"name":"wp","href":"https:\/\/api.w.org\/{rel}","templated":true}]}}