{"id":22247,"date":"2025-10-22T13:02:15","date_gmt":"2025-10-22T13:02:15","guid":{"rendered":"https:\/\/www.yousanusb.com\/?post_type=product&#038;p=22247"},"modified":"2025-11-13T14:01:05","modified_gmt":"2025-11-13T14:01:05","slug":"rugby-ball-usb-flash-drive","status":"publish","type":"product","link":"https:\/\/www.yousanusb.com\/it\/prodotto\/rugby-ball-usb-flash-drive\/","title":{"rendered":"Unit\u00e0 flash USB con pallone da rugby"},"content":{"rendered":"<p>Questa chiavetta USB con pallone da rugby replica fedelmente il contorno ovale e i dettagli delle cuciture di un vero pallone da rugby. Disponibile in rosso, rosa e altri colori, alcuni modelli sono dotati di un portachiavi in metallo per essere facilmente agganciati a borse o portachiavi, combinando portabilit\u00e0 e fascino decorativo. <\/p>\n\n\n\n<div class=\"wp-block-columns is-layout-flex wp-container-core-columns-is-layout-1 wp-block-columns-is-layout-flex\">\n<div class=\"wp-block-column is-layout-flow wp-block-column-is-layout-flow\"><div class=\"wp-block-image\">\n<figure class=\"aligncenter size-full\"><img fetchpriority=\"high\" decoding=\"async\" width=\"800\" height=\"800\" src=\"https:\/\/www.yousanusb.com\/wp-content\/uploads\/2025\/10\/custom-Rugby-USB-Flash-Drive.jpg\" alt=\"\" class=\"wp-image-22251\" srcset=\"https:\/\/www.yousanusb.com\/wp-content\/uploads\/2025\/10\/custom-Rugby-USB-Flash-Drive.jpg 800w, https:\/\/www.yousanusb.com\/wp-content\/uploads\/2025\/10\/custom-Rugby-USB-Flash-Drive-300x300.jpg 300w, https:\/\/www.yousanusb.com\/wp-content\/uploads\/2025\/10\/custom-Rugby-USB-Flash-Drive-150x150.jpg 150w, https:\/\/www.yousanusb.com\/wp-content\/uploads\/2025\/10\/custom-Rugby-USB-Flash-Drive-768x768.jpg 768w, https:\/\/www.yousanusb.com\/wp-content\/uploads\/2025\/10\/custom-Rugby-USB-Flash-Drive-12x12.jpg 12w, https:\/\/www.yousanusb.com\/wp-content\/uploads\/2025\/10\/custom-Rugby-USB-Flash-Drive-600x600.jpg 600w, https:\/\/www.yousanusb.com\/wp-content\/uploads\/2025\/10\/custom-Rugby-USB-Flash-Drive-100x100.jpg 100w\" sizes=\"(max-width: 800px) 100vw, 800px\" \/><figcaption class=\"wp-element-caption\">Unit\u00e0 flash USB con pallone da rugby rosso<\/figcaption><\/figure><\/div><\/div>\n\n\n\n<div class=\"wp-block-column is-layout-flow wp-block-column-is-layout-flow\"><div class=\"wp-block-image\">\n<figure class=\"aligncenter size-full\"><img decoding=\"async\" width=\"800\" height=\"800\" src=\"https:\/\/www.yousanusb.com\/wp-content\/uploads\/2025\/10\/pink-Rugby-USB-Flash-Drive.jpg\" alt=\"\" class=\"wp-image-22252\" srcset=\"https:\/\/www.yousanusb.com\/wp-content\/uploads\/2025\/10\/pink-Rugby-USB-Flash-Drive.jpg 800w, https:\/\/www.yousanusb.com\/wp-content\/uploads\/2025\/10\/pink-Rugby-USB-Flash-Drive-300x300.jpg 300w, https:\/\/www.yousanusb.com\/wp-content\/uploads\/2025\/10\/pink-Rugby-USB-Flash-Drive-150x150.jpg 150w, https:\/\/www.yousanusb.com\/wp-content\/uploads\/2025\/10\/pink-Rugby-USB-Flash-Drive-768x768.jpg 768w, https:\/\/www.yousanusb.com\/wp-content\/uploads\/2025\/10\/pink-Rugby-USB-Flash-Drive-12x12.jpg 12w, https:\/\/www.yousanusb.com\/wp-content\/uploads\/2025\/10\/pink-Rugby-USB-Flash-Drive-600x600.jpg 600w, https:\/\/www.yousanusb.com\/wp-content\/uploads\/2025\/10\/pink-Rugby-USB-Flash-Drive-100x100.jpg 100w\" sizes=\"(max-width: 800px) 100vw, 800px\" \/><figcaption class=\"wp-element-caption\">Unit\u00e0 flash USB con pallone da rugby rosa<\/figcaption><\/figure><\/div><\/div>\n<\/div>\n\n\n\n<div class=\"wp-block-columns is-layout-flex wp-container-core-columns-is-layout-2 wp-block-columns-is-layout-flex\">\n<div class=\"wp-block-column is-layout-flow wp-block-column-is-layout-flow\">\n<figure class=\"wp-block-image size-full\"><img decoding=\"async\" width=\"800\" height=\"800\" src=\"https:\/\/www.yousanusb.com\/wp-content\/uploads\/2025\/10\/Rugby-USB-Flash-Drive.jpg\" alt=\"\" class=\"wp-image-22255\" srcset=\"https:\/\/www.yousanusb.com\/wp-content\/uploads\/2025\/10\/Rugby-USB-Flash-Drive.jpg 800w, https:\/\/www.yousanusb.com\/wp-content\/uploads\/2025\/10\/Rugby-USB-Flash-Drive-300x300.jpg 300w, https:\/\/www.yousanusb.com\/wp-content\/uploads\/2025\/10\/Rugby-USB-Flash-Drive-150x150.jpg 150w, https:\/\/www.yousanusb.com\/wp-content\/uploads\/2025\/10\/Rugby-USB-Flash-Drive-768x768.jpg 768w, https:\/\/www.yousanusb.com\/wp-content\/uploads\/2025\/10\/Rugby-USB-Flash-Drive-12x12.jpg 12w, https:\/\/www.yousanusb.com\/wp-content\/uploads\/2025\/10\/Rugby-USB-Flash-Drive-600x600.jpg 600w, https:\/\/www.yousanusb.com\/wp-content\/uploads\/2025\/10\/Rugby-USB-Flash-Drive-100x100.jpg 100w\" sizes=\"(max-width: 800px) 100vw, 800px\" \/><\/figure>\n<\/div>\n\n\n\n<div class=\"wp-block-column is-vertically-aligned-center is-layout-flow wp-block-column-is-layout-flow\">\n<p>Il suo design a corpo diviso nasconde la porta USB all'interno del corpo del \"pallone\", mentre il cappuccio protegge efficacemente l'interfaccia e migliora l'integrit\u00e0 estetica complessiva.<\/p>\n\n\n\n<p>Questa unit\u00e0 USB supporta l'incisione del logo personalizzato, ottenibile attraverso due processi: l'incisione laser e la stampa UV. L'incisione laser fornisce linee precise, integrando perfettamente il logo con la superficie dell'unit\u00e0 per risultati resistenti all'usura e allo sbiadimento. La stampa UV produce colori ricchi, riproducendo fedelmente motivi intricati con dettagli nitidi.<\/p>\n<\/div>\n<\/div>\n\n\n\n<div class=\"wp-block-columns is-layout-flex wp-container-core-columns-is-layout-3 wp-block-columns-is-layout-flex\">\n<div class=\"wp-block-column is-vertically-aligned-center is-layout-flow wp-block-column-is-layout-flow\">\n<p>Realizzato in materiale PVC morbido di prima qualit\u00e0, offre una sensazione di morbidezza al tatto con eccellenti propriet\u00e0 di resistenza alle cadute e alla polvere, garantendo una protezione affidabile per il chip di memorizzazione durante l'uso quotidiano e prolungando la durata di vita dell'unit\u00e0 USB.<\/p>\n\n\n\n<p>In termini di prestazioni di archiviazione, \u00e8 dotato di un chip di archiviazione ad alta velocit\u00e0 che supporta la funzionalit\u00e0 plug-and-play tramite interfaccia USB e la compatibilit\u00e0 con diversi sistemi operativi. Ci\u00f2 consente di archiviare e trasferire in modo efficiente vari file, tra cui documenti e contenuti multimediali. La robusta stabilit\u00e0 del chip riduce efficacemente i rischi di perdita dei dati, garantendo la sicurezza delle informazioni.<\/p>\n\n\n\n<p>Che si tratti di appassionati di sport che collezionano cimeli, di professionisti che trasferiscono documenti aziendali o di studenti che conservano materiale didattico, questa unit\u00e0 USB a forma di pallone da calcio soddisfa le esigenze di tutti gli utenti.<\/p>\n<\/div>\n\n\n\n<div class=\"wp-block-column is-layout-flow wp-block-column-is-layout-flow\">\n<figure class=\"wp-block-image size-full\"><img loading=\"lazy\" decoding=\"async\" width=\"800\" height=\"800\" src=\"https:\/\/www.yousanusb.com\/wp-content\/uploads\/2025\/10\/red-Rugby-USB-Flash-Drive.jpg\" alt=\"\" class=\"wp-image-22254\" srcset=\"https:\/\/www.yousanusb.com\/wp-content\/uploads\/2025\/10\/red-Rugby-USB-Flash-Drive.jpg 800w, https:\/\/www.yousanusb.com\/wp-content\/uploads\/2025\/10\/red-Rugby-USB-Flash-Drive-300x300.jpg 300w, https:\/\/www.yousanusb.com\/wp-content\/uploads\/2025\/10\/red-Rugby-USB-Flash-Drive-150x150.jpg 150w, https:\/\/www.yousanusb.com\/wp-content\/uploads\/2025\/10\/red-Rugby-USB-Flash-Drive-768x768.jpg 768w, https:\/\/www.yousanusb.com\/wp-content\/uploads\/2025\/10\/red-Rugby-USB-Flash-Drive-12x12.jpg 12w, https:\/\/www.yousanusb.com\/wp-content\/uploads\/2025\/10\/red-Rugby-USB-Flash-Drive-600x600.jpg 600w, https:\/\/www.yousanusb.com\/wp-content\/uploads\/2025\/10\/red-Rugby-USB-Flash-Drive-100x100.jpg 100w\" sizes=\"(max-width: 800px) 100vw, 800px\" \/><\/figure>\n<\/div>\n<\/div>","protected":false},"excerpt":{"rendered":"<ul>\n<li>Compatibile con USB 2.0 Hot Plug &amp; Play<\/li>\n<li>Chiavetta USB 3D personalizzata<\/li>\n<li>Plug-and-play<\/li>\n<li>Specificazione CE, RHOS, SGS<\/li>\n<li>MOQ: 100pcs<\/li>\n<\/ul>","protected":false},"featured_media":22253,"comment_status":"open","ping_status":"closed","template":"","meta":{"_seopress_robots_primary_cat":"","_seopress_titles_title":"","_seopress_titles_desc":"","_seopress_robots_index":""},"class_list":["post-22247","product","type-product","status-publish","has-post-thumbnail","hentry","product_cat-custom-usb-drive","product_tag-ball-usb-flash-drive"],"_links":{"self":[{"href":"https:\/\/www.yousanusb.com\/it\/wp-json\/wp\/v2\/product\/22247"}],"collection":[{"href":"https:\/\/www.yousanusb.com\/it\/wp-json\/wp\/v2\/product"}],"about":[{"href":"https:\/\/www.yousanusb.com\/it\/wp-json\/wp\/v2\/types\/product"}],"replies":[{"embeddable":true,"href":"https:\/\/www.yousanusb.com\/it\/wp-json\/wp\/v2\/comments?post=22247"}],"wp:featuredmedia":[{"embeddable":true,"href":"https:\/\/www.yousanusb.com\/it\/wp-json\/wp\/v2\/media\/22253"}],"wp:attachment":[{"href":"https:\/\/www.yousanusb.com\/it\/wp-json\/wp\/v2\/media?parent=22247"}],"curies":[{"name":"wp","href":"https:\/\/api.w.org\/{rel}","templated":true}]}}