{"id":22386,"date":"2025-10-23T11:14:15","date_gmt":"2025-10-23T11:14:15","guid":{"rendered":"https:\/\/www.yousanusb.com\/?post_type=product&#038;p=22386"},"modified":"2025-11-13T14:00:41","modified_gmt":"2025-11-13T14:00:41","slug":"custom-golf-ball-usb-flash-drive","status":"publish","type":"product","link":"https:\/\/www.yousanusb.com\/it\/prodotto\/custom-golf-ball-usb-flash-drive\/","title":{"rendered":"Chiavetta USB con pallina da golf personalizzata"},"content":{"rendered":"<div class=\"wp-block-columns is-layout-flex wp-container-core-columns-is-layout-1 wp-block-columns-is-layout-flex\">\n<div class=\"wp-block-column is-layout-flow wp-block-column-is-layout-flow\">\n<figure class=\"wp-block-image size-full\"><img fetchpriority=\"high\" decoding=\"async\" width=\"800\" height=\"800\" src=\"https:\/\/www.yousanusb.com\/wp-content\/uploads\/2025\/10\/custom-golf-ball-usb-flash-drive.png\" alt=\"\" class=\"wp-image-22389\" srcset=\"https:\/\/www.yousanusb.com\/wp-content\/uploads\/2025\/10\/custom-golf-ball-usb-flash-drive.png 800w, https:\/\/www.yousanusb.com\/wp-content\/uploads\/2025\/10\/custom-golf-ball-usb-flash-drive-300x300.png 300w, https:\/\/www.yousanusb.com\/wp-content\/uploads\/2025\/10\/custom-golf-ball-usb-flash-drive-150x150.png 150w, https:\/\/www.yousanusb.com\/wp-content\/uploads\/2025\/10\/custom-golf-ball-usb-flash-drive-768x768.png 768w, https:\/\/www.yousanusb.com\/wp-content\/uploads\/2025\/10\/custom-golf-ball-usb-flash-drive-12x12.png 12w, https:\/\/www.yousanusb.com\/wp-content\/uploads\/2025\/10\/custom-golf-ball-usb-flash-drive-600x600.png 600w, https:\/\/www.yousanusb.com\/wp-content\/uploads\/2025\/10\/custom-golf-ball-usb-flash-drive-100x100.png 100w\" sizes=\"(max-width: 800px) 100vw, 800px\" \/><\/figure>\n<\/div>\n\n\n\n<div class=\"wp-block-column is-vertically-aligned-center is-layout-flow wp-block-column-is-layout-flow\">\n<p>Questa unit\u00e0 USB con pallina da golf \u00e8 un prodotto innovativo che unisce elementi sportivi e tecnologia di archiviazione. Riproduce fedelmente le caratteristiche fisiche di una pallina da golf, con una superficie finemente strutturata e un disegno preciso delle fossette. <\/p>\n\n\n\n<p>Utilizzando una tecnica di stampaggio integrata, il corpo sferico si collega perfettamente alla porta USB. Il cappuccio antipolvere in dotazione protegge efficacemente l'interfaccia da polvere e umidit\u00e0, garantendo un funzionamento stabile a lungo termine. Pur mantenendo un design elegante, raggiunge standard di durata di livello industriale. <\/p>\n\n\n\n<p>Realizzato in materiale PVC di alta qualit\u00e0, offre un'eccezionale resistenza all'usura e longevit\u00e0.<\/p>\n<\/div>\n<\/div>\n\n\n\n<div class=\"wp-block-columns is-layout-flex wp-container-core-columns-is-layout-2 wp-block-columns-is-layout-flex\">\n<div class=\"wp-block-column is-vertically-aligned-center is-layout-flow wp-block-column-is-layout-flow\">\n<p>\u00c8 dotata di chip di memoria flash ad alta velocit\u00e0 e offre diverse opzioni di capacit\u00e0, da 8 GB a 64 GB, per soddisfare in modo flessibile le diverse esigenze di archiviazione dei dati. Grazie a velocit\u00e0 di lettura\/scrittura stabili ed efficienti, consente di trasferire e archiviare rapidamente documenti e file multimediali, soddisfacendo le esigenze di scenari professionali come le operazioni aziendali e il backup dei dati.<\/p>\n<\/div>\n\n\n\n<div class=\"wp-block-column is-layout-flow wp-block-column-is-layout-flow\">\n<figure class=\"wp-block-image size-full\"><img decoding=\"async\" width=\"800\" height=\"800\" src=\"https:\/\/www.yousanusb.com\/wp-content\/uploads\/2025\/10\/golf-ball-usb-flash-drive.png\" alt=\"\" class=\"wp-image-22392\" srcset=\"https:\/\/www.yousanusb.com\/wp-content\/uploads\/2025\/10\/golf-ball-usb-flash-drive.png 800w, https:\/\/www.yousanusb.com\/wp-content\/uploads\/2025\/10\/golf-ball-usb-flash-drive-300x300.png 300w, https:\/\/www.yousanusb.com\/wp-content\/uploads\/2025\/10\/golf-ball-usb-flash-drive-150x150.png 150w, https:\/\/www.yousanusb.com\/wp-content\/uploads\/2025\/10\/golf-ball-usb-flash-drive-768x768.png 768w, https:\/\/www.yousanusb.com\/wp-content\/uploads\/2025\/10\/golf-ball-usb-flash-drive-12x12.png 12w, https:\/\/www.yousanusb.com\/wp-content\/uploads\/2025\/10\/golf-ball-usb-flash-drive-600x600.png 600w, https:\/\/www.yousanusb.com\/wp-content\/uploads\/2025\/10\/golf-ball-usb-flash-drive-100x100.png 100w\" sizes=\"(max-width: 800px) 100vw, 800px\" \/><\/figure>\n<\/div>\n<\/div>\n\n\n\n<div class=\"wp-block-columns is-layout-flex wp-container-core-columns-is-layout-3 wp-block-columns-is-layout-flex\">\n<div class=\"wp-block-column is-layout-flow wp-block-column-is-layout-flow\">\n<figure class=\"wp-block-image size-full\"><img decoding=\"async\" width=\"800\" height=\"800\" src=\"https:\/\/www.yousanusb.com\/wp-content\/uploads\/2025\/10\/golf-ball-pen-drive.png\" alt=\"\" class=\"wp-image-22391\" srcset=\"https:\/\/www.yousanusb.com\/wp-content\/uploads\/2025\/10\/golf-ball-pen-drive.png 800w, https:\/\/www.yousanusb.com\/wp-content\/uploads\/2025\/10\/golf-ball-pen-drive-300x300.png 300w, https:\/\/www.yousanusb.com\/wp-content\/uploads\/2025\/10\/golf-ball-pen-drive-150x150.png 150w, https:\/\/www.yousanusb.com\/wp-content\/uploads\/2025\/10\/golf-ball-pen-drive-768x768.png 768w, https:\/\/www.yousanusb.com\/wp-content\/uploads\/2025\/10\/golf-ball-pen-drive-12x12.png 12w, https:\/\/www.yousanusb.com\/wp-content\/uploads\/2025\/10\/golf-ball-pen-drive-600x600.png 600w, https:\/\/www.yousanusb.com\/wp-content\/uploads\/2025\/10\/golf-ball-pen-drive-100x100.png 100w\" sizes=\"(max-width: 800px) 100vw, 800px\" \/><\/figure>\n<\/div>\n\n\n\n<div class=\"wp-block-column is-vertically-aligned-center is-layout-flow wp-block-column-is-layout-flow\">\n<p>Per i club di golf e gli organizzatori di tornei, serve come supporto per il marchio. Personalizzabile con loghi esclusivi (ad esempio, \"Amarilla Golf &amp; Marina\"), rafforza l'imprinting del marchio attraverso le commemorazioni dei tornei e i regali ai soci. In ambito commerciale, funziona come un pratico regalo per i partner, fungendo da ambasciatore del marchio per ottenere un'esposizione prolungata.<\/p>\n\n\n\n<p>Serve sia come strumento di archiviazione sia come accessorio di stile che mette in mostra gli interessi personali grazie al suo design a tema. Facilmente riponibile in una sacca da golf o in una tasca, consente di passare agevolmente dallo sport all'ufficio.<\/p>\n<\/div>\n<\/div>","protected":false},"excerpt":{"rendered":"<ul>\n<li>Pen drive uniche nel loro genere<\/li>\n<li>Stampa del logo<\/li>\n<li>Disponibile in varie misure di memoria.<\/li>\n<li>Progettazione gratuita, campioni gratuiti<\/li>\n<li>MOQ: 100pcs<\/li>\n<\/ul>","protected":false},"featured_media":22389,"comment_status":"open","ping_status":"closed","template":"","meta":{"_seopress_robots_primary_cat":"","_seopress_titles_title":"","_seopress_titles_desc":"","_seopress_robots_index":""},"class_list":["post-22386","product","type-product","status-publish","has-post-thumbnail","hentry","product_cat-custom-usb-drive","product_tag-ball-usb-flash-drive"],"_links":{"self":[{"href":"https:\/\/www.yousanusb.com\/it\/wp-json\/wp\/v2\/product\/22386"}],"collection":[{"href":"https:\/\/www.yousanusb.com\/it\/wp-json\/wp\/v2\/product"}],"about":[{"href":"https:\/\/www.yousanusb.com\/it\/wp-json\/wp\/v2\/types\/product"}],"replies":[{"embeddable":true,"href":"https:\/\/www.yousanusb.com\/it\/wp-json\/wp\/v2\/comments?post=22386"}],"wp:featuredmedia":[{"embeddable":true,"href":"https:\/\/www.yousanusb.com\/it\/wp-json\/wp\/v2\/media\/22389"}],"wp:attachment":[{"href":"https:\/\/www.yousanusb.com\/it\/wp-json\/wp\/v2\/media?parent=22386"}],"curies":[{"name":"wp","href":"https:\/\/api.w.org\/{rel}","templated":true}]}}