{"id":22393,"date":"2025-10-23T12:16:14","date_gmt":"2025-10-23T12:16:14","guid":{"rendered":"https:\/\/www.yousanusb.com\/?post_type=product&#038;p=22393"},"modified":"2025-12-16T13:22:21","modified_gmt":"2025-12-16T13:22:21","slug":"hamburger-usb-flash-drive","status":"publish","type":"product","link":"https:\/\/www.yousanusb.com\/it\/prodotto\/hamburger-usb-flash-drive\/","title":{"rendered":"Unit\u00e0 flash USB Hamburger"},"content":{"rendered":"<div class=\"wp-block-columns is-layout-flex wp-container-core-columns-is-layout-1 wp-block-columns-is-layout-flex\">\n<div class=\"wp-block-column is-vertically-aligned-center is-layout-flow wp-block-column-is-layout-flow\">\n<p>Questa chiavetta USB per hamburger \u00e8 perfettamente in linea con le preferenze estetiche dei giovani. Riproduce meticolosamente gli strati tridimensionali e gli intricati dettagli dell'hamburger, dal panino dorato tempestato di sesamo, alla lattuga verde vibrante, fino alla polpetta di carne, facendolo sembrare cos\u00ec reale da far venire voglia di morderlo. Realizzato in PVC ecologico, combina flessibilit\u00e0 e durata.<\/p>\n\n\n\n<p>Grazie a un processo di iniezione integrato nello stampo, il corpo dell'hamburger si collega perfettamente alla porta USB. Alcuni modelli sono dotati anche di tappi antipolvere per proteggere l'interfaccia e prolungare la durata del dispositivo.<\/p>\n\n\n\n<p>Pu\u00f2 anche essere personalizzato con i loghi del marchio, fungendo da vettore mobile per la diffusione della cultura del marchio.<\/p>\n<\/div>\n\n\n\n<div class=\"wp-block-column is-layout-flow wp-block-column-is-layout-flow\">\n<figure class=\"wp-block-image size-full\"><img fetchpriority=\"high\" decoding=\"async\" width=\"800\" height=\"800\" src=\"https:\/\/www.yousanusb.com\/wp-content\/uploads\/2025\/10\/hamburger-usb-flash-drive.jpg\" alt=\"\" class=\"wp-image-22398\" srcset=\"https:\/\/www.yousanusb.com\/wp-content\/uploads\/2025\/10\/hamburger-usb-flash-drive.jpg 800w, https:\/\/www.yousanusb.com\/wp-content\/uploads\/2025\/10\/hamburger-usb-flash-drive-300x300.jpg 300w, https:\/\/www.yousanusb.com\/wp-content\/uploads\/2025\/10\/hamburger-usb-flash-drive-150x150.jpg 150w, https:\/\/www.yousanusb.com\/wp-content\/uploads\/2025\/10\/hamburger-usb-flash-drive-768x768.jpg 768w, https:\/\/www.yousanusb.com\/wp-content\/uploads\/2025\/10\/hamburger-usb-flash-drive-12x12.jpg 12w, https:\/\/www.yousanusb.com\/wp-content\/uploads\/2025\/10\/hamburger-usb-flash-drive-600x600.jpg 600w, https:\/\/www.yousanusb.com\/wp-content\/uploads\/2025\/10\/hamburger-usb-flash-drive-100x100.jpg 100w\" sizes=\"(max-width: 800px) 100vw, 800px\" \/><\/figure>\n<\/div>\n<\/div>\n\n\n\n<div class=\"wp-block-columns is-layout-flex wp-container-core-columns-is-layout-2 wp-block-columns-is-layout-flex\">\n<div class=\"wp-block-column is-layout-flow wp-block-column-is-layout-flow\">\n<figure class=\"wp-block-image size-full\"><img decoding=\"async\" width=\"800\" height=\"800\" src=\"https:\/\/www.yousanusb.com\/wp-content\/uploads\/2025\/10\/Hamburger-USB-Pen-Drive.jpg\" alt=\"\" class=\"wp-image-22399\" srcset=\"https:\/\/www.yousanusb.com\/wp-content\/uploads\/2025\/10\/Hamburger-USB-Pen-Drive.jpg 800w, https:\/\/www.yousanusb.com\/wp-content\/uploads\/2025\/10\/Hamburger-USB-Pen-Drive-300x300.jpg 300w, https:\/\/www.yousanusb.com\/wp-content\/uploads\/2025\/10\/Hamburger-USB-Pen-Drive-150x150.jpg 150w, https:\/\/www.yousanusb.com\/wp-content\/uploads\/2025\/10\/Hamburger-USB-Pen-Drive-768x768.jpg 768w, https:\/\/www.yousanusb.com\/wp-content\/uploads\/2025\/10\/Hamburger-USB-Pen-Drive-12x12.jpg 12w, https:\/\/www.yousanusb.com\/wp-content\/uploads\/2025\/10\/Hamburger-USB-Pen-Drive-600x600.jpg 600w, https:\/\/www.yousanusb.com\/wp-content\/uploads\/2025\/10\/Hamburger-USB-Pen-Drive-100x100.jpg 100w\" sizes=\"(max-width: 800px) 100vw, 800px\" \/><\/figure>\n<\/div>\n\n\n\n<div class=\"wp-block-column is-vertically-aligned-center is-layout-flow wp-block-column-is-layout-flow\">\n<p>In termini di prestazioni di archiviazione, \u00e8 dotato di chip di memoria flash ad alta velocit\u00e0 che offrono diverse opzioni di capacit\u00e0, da 8 GB a 128 GB, per soddisfare le diverse esigenze di archiviazione dei dati, come documenti, immagini e video. L'interfaccia USB utilizza un protocollo di trasferimento ad alta velocit\u00e0, garantendo velocit\u00e0 di lettura\/scrittura stabili ed efficienti che consentono il trasferimento rapido e il backup di file di grandi dimensioni. Sotto l'aspetto creativo si nascondono prestazioni di archiviazione di livello professionale.<br><\/p>\n<\/div>\n<\/div>\n\n\n\n<div class=\"wp-block-columns is-layout-flex wp-container-core-columns-is-layout-3 wp-block-columns-is-layout-flex\">\n<div class=\"wp-block-column is-vertically-aligned-center is-layout-flow wp-block-column-is-layout-flow\">\n<p>Sono applicabili i seguenti scenari:<\/p>\n\n\n\n<ul class=\"wp-block-list\">\n<li>Nel settore dei fast-food, serve come strumento innovativo di marketing del marchio, migliorandone la riconoscibilit\u00e0 attraverso promozioni in negozio, vantaggi per i soci e celebrazioni di anniversari.<\/li>\n\n\n\n<li>In ambito lavorativo, rompe gli schemi dei regali digitali convenzionali, trasmettendo la premura e il dinamismo del donatore.<\/li>\n\n\n\n<li>Per i consumatori pi\u00f9 giovani, il suo design hamburger si trasforma in un accessorio di tendenza che si inserisce facilmente nelle borse, fondendo perfettamente lo stile personale con l'organizzazione digitale nella vita quotidiana.<\/li>\n<\/ul>\n<\/div>\n\n\n\n<div class=\"wp-block-column is-layout-flow wp-block-column-is-layout-flow\">\n<figure class=\"wp-block-image size-full\"><img decoding=\"async\" width=\"800\" height=\"800\" src=\"https:\/\/www.yousanusb.com\/wp-content\/uploads\/2025\/10\/food-shaped-usb-drive.jpg\" alt=\"\" class=\"wp-image-22397\" srcset=\"https:\/\/www.yousanusb.com\/wp-content\/uploads\/2025\/10\/food-shaped-usb-drive.jpg 800w, https:\/\/www.yousanusb.com\/wp-content\/uploads\/2025\/10\/food-shaped-usb-drive-300x300.jpg 300w, https:\/\/www.yousanusb.com\/wp-content\/uploads\/2025\/10\/food-shaped-usb-drive-150x150.jpg 150w, https:\/\/www.yousanusb.com\/wp-content\/uploads\/2025\/10\/food-shaped-usb-drive-768x768.jpg 768w, https:\/\/www.yousanusb.com\/wp-content\/uploads\/2025\/10\/food-shaped-usb-drive-12x12.jpg 12w, https:\/\/www.yousanusb.com\/wp-content\/uploads\/2025\/10\/food-shaped-usb-drive-600x600.jpg 600w, https:\/\/www.yousanusb.com\/wp-content\/uploads\/2025\/10\/food-shaped-usb-drive-100x100.jpg 100w\" sizes=\"(max-width: 800px) 100vw, 800px\" \/><\/figure>\n<\/div>\n<\/div>","protected":false},"excerpt":{"rendered":"<ul>\n<li>Pen Drive in PVC<\/li>\n<li>Colore Pantone, colore standard<\/li>\n<li>Stampa del logo del cliente su USB<\/li>\n<li>Certificato CE, FCC e RoHS<\/li>\n<li>Plug-and-play<\/li>\n<li>MOQ: 100pcs<\/li>\n<\/ul>","protected":false},"featured_media":22396,"comment_status":"open","ping_status":"closed","template":"","meta":{"_seopress_robots_primary_cat":"","_seopress_titles_title":"","_seopress_titles_desc":"","_seopress_robots_index":""},"class_list":["post-22393","product","type-product","status-publish","has-post-thumbnail","hentry","product_cat-custom-usb-drive","product_tag-food-usb-flash-drive"],"_links":{"self":[{"href":"https:\/\/www.yousanusb.com\/it\/wp-json\/wp\/v2\/product\/22393"}],"collection":[{"href":"https:\/\/www.yousanusb.com\/it\/wp-json\/wp\/v2\/product"}],"about":[{"href":"https:\/\/www.yousanusb.com\/it\/wp-json\/wp\/v2\/types\/product"}],"replies":[{"embeddable":true,"href":"https:\/\/www.yousanusb.com\/it\/wp-json\/wp\/v2\/comments?post=22393"}],"wp:featuredmedia":[{"embeddable":true,"href":"https:\/\/www.yousanusb.com\/it\/wp-json\/wp\/v2\/media\/22396"}],"wp:attachment":[{"href":"https:\/\/www.yousanusb.com\/it\/wp-json\/wp\/v2\/media?parent=22393"}],"curies":[{"name":"wp","href":"https:\/\/api.w.org\/{rel}","templated":true}]}}