{"id":22533,"date":"2025-10-26T00:02:24","date_gmt":"2025-10-26T00:02:24","guid":{"rendered":"https:\/\/www.yousanusb.com\/?post_type=product&#038;p=22533"},"modified":"2025-11-10T10:01:17","modified_gmt":"2025-11-10T10:01:17","slug":"cute-turtle-usb-flash-drive","status":"publish","type":"product","link":"https:\/\/www.yousanusb.com\/it\/prodotto\/cute-turtle-usb-flash-drive\/","title":{"rendered":"Unit\u00e0 flash USB con tartaruga carina"},"content":{"rendered":"<p>La chiavetta USB Cartoon Turtle \u00e8 caratterizzata da un simpatico e paffuto design a forma di tartaruga, che unisce la simpatia alla praticit\u00e0 e cattura immediatamente l'attenzione degli utenti.<\/p>\n\n\n\n<div class=\"wp-block-columns is-layout-flex wp-container-core-columns-is-layout-1 wp-block-columns-is-layout-flex\">\n<div class=\"wp-block-column is-layout-flow wp-block-column-is-layout-flow\">\n<figure class=\"wp-block-image size-full\"><img fetchpriority=\"high\" decoding=\"async\" width=\"800\" height=\"800\" src=\"https:\/\/www.yousanusb.com\/wp-content\/uploads\/2025\/10\/Turtle-USB-Drive.jpg\" alt=\"\" class=\"wp-image-22540\" srcset=\"https:\/\/www.yousanusb.com\/wp-content\/uploads\/2025\/10\/Turtle-USB-Drive.jpg 800w, https:\/\/www.yousanusb.com\/wp-content\/uploads\/2025\/10\/Turtle-USB-Drive-300x300.jpg 300w, https:\/\/www.yousanusb.com\/wp-content\/uploads\/2025\/10\/Turtle-USB-Drive-150x150.jpg 150w, https:\/\/www.yousanusb.com\/wp-content\/uploads\/2025\/10\/Turtle-USB-Drive-768x768.jpg 768w, https:\/\/www.yousanusb.com\/wp-content\/uploads\/2025\/10\/Turtle-USB-Drive-12x12.jpg 12w, https:\/\/www.yousanusb.com\/wp-content\/uploads\/2025\/10\/Turtle-USB-Drive-600x600.jpg 600w, https:\/\/www.yousanusb.com\/wp-content\/uploads\/2025\/10\/Turtle-USB-Drive-100x100.jpg 100w\" sizes=\"(max-width: 800px) 100vw, 800px\" \/><\/figure>\n<\/div>\n\n\n\n<div class=\"wp-block-column is-vertically-aligned-center is-layout-flow wp-block-column-is-layout-flow\">\n<p>Disponibile in 4 stili distinti, la palette di colori principale si concentra su tre tonalit\u00e0 vivaci: Verde fresco, Giallo energico e Marrone vintage. <\/p>\n\n\n\n<p>Ogni design vanta un fascino unico: alcune tartarughe inclinano leggermente la testa, altre presentano modelli di guscio minimalisti, mentre altre ancora hanno gli arti arricciati, per soddisfare le diverse preferenze estetiche.<\/p>\n<\/div>\n<\/div>\n\n\n\n<p>Il design della tartaruga dei cartoni animati raggiunge un notevole realismo con la sua silhouette tondeggiante e paffuta. Grazie agli occhi espressivi, agli arti tozzi e al guscio dai contorni morbidi, ogni dettaglio emana un fascino adorabile.<\/p>\n\n\n\n<div class=\"wp-block-columns is-layout-flex wp-container-core-columns-is-layout-2 wp-block-columns-is-layout-flex\">\n<div class=\"wp-block-column is-layout-flow wp-block-column-is-layout-flow\">\n<figure class=\"wp-block-image size-full\"><img decoding=\"async\" width=\"800\" height=\"798\" src=\"https:\/\/www.yousanusb.com\/wp-content\/uploads\/2025\/10\/green-Tortoise-USB-Flash-Drive.jpg\" alt=\"\" class=\"wp-image-22539\" srcset=\"https:\/\/www.yousanusb.com\/wp-content\/uploads\/2025\/10\/green-Tortoise-USB-Flash-Drive.jpg 800w, https:\/\/www.yousanusb.com\/wp-content\/uploads\/2025\/10\/green-Tortoise-USB-Flash-Drive-300x300.jpg 300w, https:\/\/www.yousanusb.com\/wp-content\/uploads\/2025\/10\/green-Tortoise-USB-Flash-Drive-150x150.jpg 150w, https:\/\/www.yousanusb.com\/wp-content\/uploads\/2025\/10\/green-Tortoise-USB-Flash-Drive-768x766.jpg 768w, https:\/\/www.yousanusb.com\/wp-content\/uploads\/2025\/10\/green-Tortoise-USB-Flash-Drive-12x12.jpg 12w, https:\/\/www.yousanusb.com\/wp-content\/uploads\/2025\/10\/green-Tortoise-USB-Flash-Drive-600x599.jpg 600w, https:\/\/www.yousanusb.com\/wp-content\/uploads\/2025\/10\/green-Tortoise-USB-Flash-Drive-100x100.jpg 100w\" sizes=\"(max-width: 800px) 100vw, 800px\" \/><\/figure>\n<\/div>\n\n\n\n<div class=\"wp-block-column is-layout-flow wp-block-column-is-layout-flow\">\n<figure class=\"wp-block-image size-full\"><img decoding=\"async\" width=\"800\" height=\"800\" src=\"https:\/\/www.yousanusb.com\/wp-content\/uploads\/2025\/10\/custom-Turtle-Thumb-Drive.jpg\" alt=\"\" class=\"wp-image-22537\" srcset=\"https:\/\/www.yousanusb.com\/wp-content\/uploads\/2025\/10\/custom-Turtle-Thumb-Drive.jpg 800w, https:\/\/www.yousanusb.com\/wp-content\/uploads\/2025\/10\/custom-Turtle-Thumb-Drive-300x300.jpg 300w, https:\/\/www.yousanusb.com\/wp-content\/uploads\/2025\/10\/custom-Turtle-Thumb-Drive-150x150.jpg 150w, https:\/\/www.yousanusb.com\/wp-content\/uploads\/2025\/10\/custom-Turtle-Thumb-Drive-768x768.jpg 768w, https:\/\/www.yousanusb.com\/wp-content\/uploads\/2025\/10\/custom-Turtle-Thumb-Drive-12x12.jpg 12w, https:\/\/www.yousanusb.com\/wp-content\/uploads\/2025\/10\/custom-Turtle-Thumb-Drive-600x600.jpg 600w, https:\/\/www.yousanusb.com\/wp-content\/uploads\/2025\/10\/custom-Turtle-Thumb-Drive-100x100.jpg 100w\" sizes=\"(max-width: 800px) 100vw, 800px\" \/><\/figure>\n<\/div>\n<\/div>\n\n\n\n<p>Compatto e portatile, sta perfettamente nel palmo della mano. Attaccatelo al portachiavi o allo zaino come ciondolo personalizzato, aggiungendo una dose istantanea di simpatia ovunque andiate.<\/p>\n\n\n\n<div class=\"wp-block-columns is-layout-flex wp-container-core-columns-is-layout-3 wp-block-columns-is-layout-flex\">\n<div class=\"wp-block-column is-layout-flow wp-block-column-is-layout-flow\">\n<figure class=\"wp-block-image size-full\"><img loading=\"lazy\" decoding=\"async\" width=\"800\" height=\"800\" src=\"https:\/\/www.yousanusb.com\/wp-content\/uploads\/2025\/10\/Cute-Turtle-USB-Flash-Drive.jpg\" alt=\"\" class=\"wp-image-22538\" srcset=\"https:\/\/www.yousanusb.com\/wp-content\/uploads\/2025\/10\/Cute-Turtle-USB-Flash-Drive.jpg 800w, https:\/\/www.yousanusb.com\/wp-content\/uploads\/2025\/10\/Cute-Turtle-USB-Flash-Drive-300x300.jpg 300w, https:\/\/www.yousanusb.com\/wp-content\/uploads\/2025\/10\/Cute-Turtle-USB-Flash-Drive-150x150.jpg 150w, https:\/\/www.yousanusb.com\/wp-content\/uploads\/2025\/10\/Cute-Turtle-USB-Flash-Drive-768x768.jpg 768w, https:\/\/www.yousanusb.com\/wp-content\/uploads\/2025\/10\/Cute-Turtle-USB-Flash-Drive-12x12.jpg 12w, https:\/\/www.yousanusb.com\/wp-content\/uploads\/2025\/10\/Cute-Turtle-USB-Flash-Drive-600x600.jpg 600w, https:\/\/www.yousanusb.com\/wp-content\/uploads\/2025\/10\/Cute-Turtle-USB-Flash-Drive-100x100.jpg 100w\" sizes=\"(max-width: 800px) 100vw, 800px\" \/><\/figure>\n<\/div>\n\n\n\n<div class=\"wp-block-column is-layout-flow wp-block-column-is-layout-flow\">\n<figure class=\"wp-block-image size-full\"><img loading=\"lazy\" decoding=\"async\" width=\"800\" height=\"800\" src=\"https:\/\/www.yousanusb.com\/wp-content\/uploads\/2025\/10\/yellow-USB-Flash-Drive-Turtle.jpg\" alt=\"\" class=\"wp-image-22541\" srcset=\"https:\/\/www.yousanusb.com\/wp-content\/uploads\/2025\/10\/yellow-USB-Flash-Drive-Turtle.jpg 800w, https:\/\/www.yousanusb.com\/wp-content\/uploads\/2025\/10\/yellow-USB-Flash-Drive-Turtle-300x300.jpg 300w, https:\/\/www.yousanusb.com\/wp-content\/uploads\/2025\/10\/yellow-USB-Flash-Drive-Turtle-150x150.jpg 150w, https:\/\/www.yousanusb.com\/wp-content\/uploads\/2025\/10\/yellow-USB-Flash-Drive-Turtle-768x768.jpg 768w, https:\/\/www.yousanusb.com\/wp-content\/uploads\/2025\/10\/yellow-USB-Flash-Drive-Turtle-12x12.jpg 12w, https:\/\/www.yousanusb.com\/wp-content\/uploads\/2025\/10\/yellow-USB-Flash-Drive-Turtle-600x600.jpg 600w, https:\/\/www.yousanusb.com\/wp-content\/uploads\/2025\/10\/yellow-USB-Flash-Drive-Turtle-100x100.jpg 100w\" sizes=\"(max-width: 800px) 100vw, 800px\" \/><\/figure>\n<\/div>\n<\/div>\n\n\n\n<p>Realizzato in materiale PVC morbido di prima qualit\u00e0, offre un tocco morbido e delicato sulla pelle con un'eccellente resistenza. Non solo \u00e8 comodo da tenere in mano, ma fornisce anche una protezione efficace contro cadute e graffi, salvaguardando il chip di memoria interno per un uso quotidiano senza preoccupazioni.<\/p>\n\n\n\n<p><\/p>","protected":false},"excerpt":{"rendered":"<ul>\n<li>Materiale PVC<\/li>\n<li>Design della tartaruga<\/li>\n<li>Stile cartone animato<\/li>\n<li>4 modelli diversi<\/li>\n<li>Molti colori<\/li>\n<\/ul>","protected":false},"featured_media":22540,"comment_status":"open","ping_status":"closed","template":"","meta":{"_seopress_robots_primary_cat":"","_seopress_titles_title":"Cute Turtle USB Flash Drive Manufacturer in China","_seopress_titles_desc":"The Cartoon Turtle USB Drive features an endearingly chubby turtle design, seamlessly blending cuteness with practicality to instantly capture users' attention.","_seopress_robots_index":""},"class_list":["post-22533","product","type-product","status-publish","has-post-thumbnail","hentry","product_cat-custom-usb-drive"],"_links":{"self":[{"href":"https:\/\/www.yousanusb.com\/it\/wp-json\/wp\/v2\/product\/22533"}],"collection":[{"href":"https:\/\/www.yousanusb.com\/it\/wp-json\/wp\/v2\/product"}],"about":[{"href":"https:\/\/www.yousanusb.com\/it\/wp-json\/wp\/v2\/types\/product"}],"replies":[{"embeddable":true,"href":"https:\/\/www.yousanusb.com\/it\/wp-json\/wp\/v2\/comments?post=22533"}],"wp:featuredmedia":[{"embeddable":true,"href":"https:\/\/www.yousanusb.com\/it\/wp-json\/wp\/v2\/media\/22540"}],"wp:attachment":[{"href":"https:\/\/www.yousanusb.com\/it\/wp-json\/wp\/v2\/media?parent=22533"}],"curies":[{"name":"wp","href":"https:\/\/api.w.org\/{rel}","templated":true}]}}