{"id":22557,"date":"2025-10-27T03:57:06","date_gmt":"2025-10-27T03:57:06","guid":{"rendered":"https:\/\/www.yousanusb.com\/?post_type=product&#038;p=22557"},"modified":"2025-10-27T06:06:39","modified_gmt":"2025-10-27T06:06:39","slug":"rotating-epoxy-usb-flash-drive","status":"publish","type":"product","link":"https:\/\/www.yousanusb.com\/it\/prodotto\/rotating-epoxy-usb-flash-drive\/","title":{"rendered":"Unit\u00e0 flash USB epossidica rotante"},"content":{"rendered":"<p>Questa unit\u00e0 USB epossidica rotante \u00e8 dotata di un classico meccanismo di apertura a rotazione, che la rende il nostro design pi\u00f9 venduto. \u00c8 sufficiente ruotare per estendere o ritrarre senza sforzo la porta USB, senza bisogno di alcun tappo. Questo design previene efficacemente l'accumulo di polvere e i danni accidentali al connettore.<\/p>\n\n\n\n<div class=\"wp-block-columns is-layout-flex wp-container-core-columns-is-layout-1 wp-block-columns-is-layout-flex\">\n<div class=\"wp-block-column is-vertically-aligned-center is-layout-flow wp-block-column-is-layout-flow\">\n<p>Il processo di fusione della resina \u00e8 il vantaggio principale di questa unit\u00e0 USB. Utilizzando una resina epossidica di elevata purezza, lo strato di gel si forma attraverso una precisa colatura e polimerizzazione. Questo non solo garantisce che i motivi e il testo rimangano vivaci e duraturi, ma offre anche propriet\u00e0 antiusura, impermeabili e antigraffio. Durante l'uso quotidiano, anche piccoli urti o macchie d'acqua non ne compromettono l'aspetto. L'aspetto si mantiene intatto anche dopo un uso prolungato, garantendo che il contenuto personalizzato rimanga vivido per gli anni a venire.<\/p>\n<\/div>\n\n\n\n<div class=\"wp-block-column is-layout-flow wp-block-column-is-layout-flow\">\n<figure class=\"wp-block-image size-full\"><img fetchpriority=\"high\" decoding=\"async\" width=\"800\" height=\"800\" src=\"https:\/\/www.yousanusb.com\/wp-content\/uploads\/2025\/10\/customized-epoxy-usb-flash-drive.jpg\" alt=\"\" class=\"wp-image-22560\" srcset=\"https:\/\/www.yousanusb.com\/wp-content\/uploads\/2025\/10\/customized-epoxy-usb-flash-drive.jpg 800w, https:\/\/www.yousanusb.com\/wp-content\/uploads\/2025\/10\/customized-epoxy-usb-flash-drive-300x300.jpg 300w, https:\/\/www.yousanusb.com\/wp-content\/uploads\/2025\/10\/customized-epoxy-usb-flash-drive-150x150.jpg 150w, https:\/\/www.yousanusb.com\/wp-content\/uploads\/2025\/10\/customized-epoxy-usb-flash-drive-768x768.jpg 768w, https:\/\/www.yousanusb.com\/wp-content\/uploads\/2025\/10\/customized-epoxy-usb-flash-drive-12x12.jpg 12w, https:\/\/www.yousanusb.com\/wp-content\/uploads\/2025\/10\/customized-epoxy-usb-flash-drive-600x600.jpg 600w, https:\/\/www.yousanusb.com\/wp-content\/uploads\/2025\/10\/customized-epoxy-usb-flash-drive-100x100.jpg 100w\" sizes=\"(max-width: 800px) 100vw, 800px\" \/><\/figure>\n<\/div>\n<\/div>\n\n\n\n<div class=\"wp-block-columns is-layout-flex wp-container-core-columns-is-layout-2 wp-block-columns-is-layout-flex\">\n<div class=\"wp-block-column is-layout-flow wp-block-column-is-layout-flow\">\n<figure class=\"wp-block-image size-full\"><img decoding=\"async\" width=\"800\" height=\"800\" src=\"https:\/\/www.yousanusb.com\/wp-content\/uploads\/2025\/10\/usb-flash-drive-with-epoxy-logo.jpg\" alt=\"\" class=\"wp-image-22563\" srcset=\"https:\/\/www.yousanusb.com\/wp-content\/uploads\/2025\/10\/usb-flash-drive-with-epoxy-logo.jpg 800w, https:\/\/www.yousanusb.com\/wp-content\/uploads\/2025\/10\/usb-flash-drive-with-epoxy-logo-300x300.jpg 300w, https:\/\/www.yousanusb.com\/wp-content\/uploads\/2025\/10\/usb-flash-drive-with-epoxy-logo-150x150.jpg 150w, https:\/\/www.yousanusb.com\/wp-content\/uploads\/2025\/10\/usb-flash-drive-with-epoxy-logo-768x768.jpg 768w, https:\/\/www.yousanusb.com\/wp-content\/uploads\/2025\/10\/usb-flash-drive-with-epoxy-logo-12x12.jpg 12w, https:\/\/www.yousanusb.com\/wp-content\/uploads\/2025\/10\/usb-flash-drive-with-epoxy-logo-600x600.jpg 600w, https:\/\/www.yousanusb.com\/wp-content\/uploads\/2025\/10\/usb-flash-drive-with-epoxy-logo-100x100.jpg 100w\" sizes=\"(max-width: 800px) 100vw, 800px\" \/><\/figure>\n<\/div>\n\n\n\n<div class=\"wp-block-column is-vertically-aligned-center is-layout-flow wp-block-column-is-layout-flow\">\n<p>I pannelli rivestiti in resina offrono ampie possibilit\u00e0 di personalizzazione. Che si tratti di bandiere nazionali, loghi di marca, disegni creativi o design a colori, il processo di fusione in resina offre colori nitidi e vibranti con una finitura ricca e strutturata.<br>Abbinato a una catenella di metallo, pu\u00f2 essere facilmente agganciato a portachiavi o valigette per la massima portabilit\u00e0. Serve sia come strumento pratico che come accattivante accessorio di moda.<\/p>\n<\/div>\n<\/div>\n\n\n\n<div class=\"wp-block-columns is-layout-flex wp-container-core-columns-is-layout-3 wp-block-columns-is-layout-flex\">\n<div class=\"wp-block-column is-vertically-aligned-center is-layout-flow wp-block-column-is-layout-flow\">\n<p>L'unit\u00e0 USB epossidica \u00e8 dotata di chip di archiviazione di qualit\u00e0 superiore e supporta diverse capacit\u00e0, da 8 GB a 128 GB, consentendo una personalizzazione flessibile per soddisfare le vostre esigenze.<br>Offre un trasferimento di dati stabile ed efficiente, compatibile con i principali sistemi operativi come Windows e Mac. La funzionalit\u00e0 plug and play garantisce la gestione senza problemi di documenti, immagini, video e altri file.<br>I dati rimangono intatti anche in caso di interruzione dell'alimentazione, con una resistenza alla scrittura di decine di migliaia di cicli, garantendo un'archiviazione affidabile dei dati. \u00c8 un compagno affidabile per gli uffici e le universit\u00e0.<\/p>\n<\/div>\n\n\n\n<div class=\"wp-block-column is-vertically-aligned-center is-layout-flow wp-block-column-is-layout-flow\">\n<figure class=\"wp-block-image size-full\"><img decoding=\"async\" width=\"800\" height=\"800\" src=\"https:\/\/www.yousanusb.com\/wp-content\/uploads\/2025\/10\/Epoxy-USB-Flash-Drive.jpg\" alt=\"\" class=\"wp-image-22561\" srcset=\"https:\/\/www.yousanusb.com\/wp-content\/uploads\/2025\/10\/Epoxy-USB-Flash-Drive.jpg 800w, https:\/\/www.yousanusb.com\/wp-content\/uploads\/2025\/10\/Epoxy-USB-Flash-Drive-300x300.jpg 300w, https:\/\/www.yousanusb.com\/wp-content\/uploads\/2025\/10\/Epoxy-USB-Flash-Drive-150x150.jpg 150w, https:\/\/www.yousanusb.com\/wp-content\/uploads\/2025\/10\/Epoxy-USB-Flash-Drive-768x768.jpg 768w, https:\/\/www.yousanusb.com\/wp-content\/uploads\/2025\/10\/Epoxy-USB-Flash-Drive-12x12.jpg 12w, https:\/\/www.yousanusb.com\/wp-content\/uploads\/2025\/10\/Epoxy-USB-Flash-Drive-600x600.jpg 600w, https:\/\/www.yousanusb.com\/wp-content\/uploads\/2025\/10\/Epoxy-USB-Flash-Drive-100x100.jpg 100w\" sizes=\"(max-width: 800px) 100vw, 800px\" \/><\/figure>\n<\/div>\n<\/div>","protected":false},"excerpt":{"rendered":"<ul>\n<li>Chiavetta USB epossidica<\/li>\n<li>Design originale ed elegante<\/li>\n<li>Quantit\u00e0 maggiori disponibili su richiesta<\/li>\n<li>LOGO personalizzato<\/li>\n<li>MOQ: 100pcs<\/li>\n<\/ul>","protected":false},"featured_media":22562,"comment_status":"open","ping_status":"closed","template":"","meta":{"_seopress_robots_primary_cat":"","_seopress_titles_title":"","_seopress_titles_desc":"","_seopress_robots_index":""},"class_list":["post-22557","product","type-product","status-publish","has-post-thumbnail","hentry","product_cat-usb30-flash-drive","product_cat-plastic-usb-flash-drive","product_cat-rotating-usb-flash-drive","product_tag-epoxy-usb-flash-drive"],"_links":{"self":[{"href":"https:\/\/www.yousanusb.com\/it\/wp-json\/wp\/v2\/product\/22557"}],"collection":[{"href":"https:\/\/www.yousanusb.com\/it\/wp-json\/wp\/v2\/product"}],"about":[{"href":"https:\/\/www.yousanusb.com\/it\/wp-json\/wp\/v2\/types\/product"}],"replies":[{"embeddable":true,"href":"https:\/\/www.yousanusb.com\/it\/wp-json\/wp\/v2\/comments?post=22557"}],"wp:featuredmedia":[{"embeddable":true,"href":"https:\/\/www.yousanusb.com\/it\/wp-json\/wp\/v2\/media\/22562"}],"wp:attachment":[{"href":"https:\/\/www.yousanusb.com\/it\/wp-json\/wp\/v2\/media?parent=22557"}],"curies":[{"name":"wp","href":"https:\/\/api.w.org\/{rel}","templated":true}]}}