{"id":22578,"date":"2025-10-27T04:57:13","date_gmt":"2025-10-27T04:57:13","guid":{"rendered":"https:\/\/www.yousanusb.com\/?post_type=product&#038;p=22578"},"modified":"2025-10-27T06:41:28","modified_gmt":"2025-10-27T06:41:28","slug":"square-rotating-epoxy-usb-flash-drive","status":"publish","type":"product","link":"https:\/\/www.yousanusb.com\/it\/prodotto\/square-rotating-epoxy-usb-flash-drive\/","title":{"rendered":"Unit\u00e0 flash USB epossidica rotante quadrata"},"content":{"rendered":"<div class=\"wp-block-columns is-layout-flex wp-container-core-columns-is-layout-1 wp-block-columns-is-layout-flex\">\n<div class=\"wp-block-column is-layout-flow wp-block-column-is-layout-flow\">\n<figure class=\"wp-block-image size-full\"><img fetchpriority=\"high\" decoding=\"async\" width=\"800\" height=\"800\" src=\"https:\/\/www.yousanusb.com\/wp-content\/uploads\/2025\/10\/epoxy-usb-flash-drive-with-logo.webp\" alt=\"\" class=\"wp-image-22583\" srcset=\"https:\/\/www.yousanusb.com\/wp-content\/uploads\/2025\/10\/epoxy-usb-flash-drive-with-logo.webp 800w, https:\/\/www.yousanusb.com\/wp-content\/uploads\/2025\/10\/epoxy-usb-flash-drive-with-logo-300x300.webp 300w, https:\/\/www.yousanusb.com\/wp-content\/uploads\/2025\/10\/epoxy-usb-flash-drive-with-logo-150x150.webp 150w, https:\/\/www.yousanusb.com\/wp-content\/uploads\/2025\/10\/epoxy-usb-flash-drive-with-logo-768x768.webp 768w, https:\/\/www.yousanusb.com\/wp-content\/uploads\/2025\/10\/epoxy-usb-flash-drive-with-logo-12x12.webp 12w, https:\/\/www.yousanusb.com\/wp-content\/uploads\/2025\/10\/epoxy-usb-flash-drive-with-logo-600x600.webp 600w, https:\/\/www.yousanusb.com\/wp-content\/uploads\/2025\/10\/epoxy-usb-flash-drive-with-logo-100x100.webp 100w\" sizes=\"(max-width: 800px) 100vw, 800px\" \/><\/figure>\n<\/div>\n\n\n\n<div class=\"wp-block-column is-vertically-aligned-center is-layout-flow wp-block-column-is-layout-flow\">\n<p>Questa chiavetta USB epossidica quadrata rotante utilizza una resina epossidica di elevata purezza, che forma uno strato colloidale cristallino sulla sua superficie grazie a una precisa colatura e polimerizzazione. In questo modo, i loghi personalizzati e i modelli di prodotto diventano vividi nei colori e nitidi nei dettagli. Inoltre, vanta propriet\u00e0 di resistenza all'usura, all'acqua e ai graffi, per cui rimane come nuova anche dopo un uso prolungato, assicurando che le informazioni sul marchio vengano trasmesse efficacemente nel tempo.<\/p>\n\n\n\n<p>Supporta diverse capacit\u00e0, da 8 GB a 128 GB, per soddisfare le diverse esigenze di archiviazione. Questa unit\u00e0 flash USB \u00e8 compatibile con i sistemi operativi pi\u00f9 diffusi, come Windows e Mac, ed \u00e8 plug-and-play, il che la rende facile da gestire per l'archiviazione e il trasferimento di tutti i tipi di file.<\/p>\n<\/div>\n<\/div>\n\n\n\n<p>Le sue capacit\u00e0 di personalizzazione sono eccezionali. L'area frontale pu\u00f2 visualizzare con precisione il logo del marchio e i modelli creativi, soddisfacendo le esigenze di promozione del marchio aziendale o di personalizzazione esclusiva.<\/p>\n\n\n\n<div class=\"wp-block-columns is-layout-flex wp-container-core-columns-is-layout-2 wp-block-columns-is-layout-flex\">\n<div class=\"wp-block-column is-layout-flow wp-block-column-is-layout-flow\">\n<figure class=\"wp-block-image size-full\"><img decoding=\"async\" width=\"800\" height=\"800\" src=\"https:\/\/www.yousanusb.com\/wp-content\/uploads\/2025\/10\/Square-Epoxy-Rotary-USB-Flash-Drive.jpg\" alt=\"\" class=\"wp-image-22586\" srcset=\"https:\/\/www.yousanusb.com\/wp-content\/uploads\/2025\/10\/Square-Epoxy-Rotary-USB-Flash-Drive.jpg 800w, https:\/\/www.yousanusb.com\/wp-content\/uploads\/2025\/10\/Square-Epoxy-Rotary-USB-Flash-Drive-300x300.jpg 300w, https:\/\/www.yousanusb.com\/wp-content\/uploads\/2025\/10\/Square-Epoxy-Rotary-USB-Flash-Drive-150x150.jpg 150w, https:\/\/www.yousanusb.com\/wp-content\/uploads\/2025\/10\/Square-Epoxy-Rotary-USB-Flash-Drive-768x768.jpg 768w, https:\/\/www.yousanusb.com\/wp-content\/uploads\/2025\/10\/Square-Epoxy-Rotary-USB-Flash-Drive-12x12.jpg 12w, https:\/\/www.yousanusb.com\/wp-content\/uploads\/2025\/10\/Square-Epoxy-Rotary-USB-Flash-Drive-600x600.jpg 600w, https:\/\/www.yousanusb.com\/wp-content\/uploads\/2025\/10\/Square-Epoxy-Rotary-USB-Flash-Drive-100x100.jpg 100w\" sizes=\"(max-width: 800px) 100vw, 800px\" \/><\/figure>\n<\/div>\n\n\n\n<div class=\"wp-block-column is-layout-flow wp-block-column-is-layout-flow\">\n<figure class=\"wp-block-image size-full\"><img decoding=\"async\" width=\"800\" height=\"800\" src=\"https:\/\/www.yousanusb.com\/wp-content\/uploads\/2025\/10\/epoxy-usb-flash-drive-suppliers.jpg\" alt=\"\" class=\"wp-image-22585\" srcset=\"https:\/\/www.yousanusb.com\/wp-content\/uploads\/2025\/10\/epoxy-usb-flash-drive-suppliers.jpg 800w, https:\/\/www.yousanusb.com\/wp-content\/uploads\/2025\/10\/epoxy-usb-flash-drive-suppliers-300x300.jpg 300w, https:\/\/www.yousanusb.com\/wp-content\/uploads\/2025\/10\/epoxy-usb-flash-drive-suppliers-150x150.jpg 150w, https:\/\/www.yousanusb.com\/wp-content\/uploads\/2025\/10\/epoxy-usb-flash-drive-suppliers-768x768.jpg 768w, https:\/\/www.yousanusb.com\/wp-content\/uploads\/2025\/10\/epoxy-usb-flash-drive-suppliers-12x12.jpg 12w, https:\/\/www.yousanusb.com\/wp-content\/uploads\/2025\/10\/epoxy-usb-flash-drive-suppliers-600x600.jpg 600w, https:\/\/www.yousanusb.com\/wp-content\/uploads\/2025\/10\/epoxy-usb-flash-drive-suppliers-100x100.jpg 100w\" sizes=\"(max-width: 800px) 100vw, 800px\" \/><\/figure>\n<\/div>\n\n\n\n<div class=\"wp-block-column is-layout-flow wp-block-column-is-layout-flow\">\n<figure class=\"wp-block-image size-full\"><img loading=\"lazy\" decoding=\"async\" width=\"800\" height=\"800\" src=\"https:\/\/www.yousanusb.com\/wp-content\/uploads\/2025\/10\/customized-epoxy-usb-flash-drive.png\" alt=\"\" class=\"wp-image-22582\" srcset=\"https:\/\/www.yousanusb.com\/wp-content\/uploads\/2025\/10\/customized-epoxy-usb-flash-drive.png 800w, https:\/\/www.yousanusb.com\/wp-content\/uploads\/2025\/10\/customized-epoxy-usb-flash-drive-300x300.png 300w, https:\/\/www.yousanusb.com\/wp-content\/uploads\/2025\/10\/customized-epoxy-usb-flash-drive-150x150.png 150w, https:\/\/www.yousanusb.com\/wp-content\/uploads\/2025\/10\/customized-epoxy-usb-flash-drive-768x768.png 768w, https:\/\/www.yousanusb.com\/wp-content\/uploads\/2025\/10\/customized-epoxy-usb-flash-drive-12x12.png 12w, https:\/\/www.yousanusb.com\/wp-content\/uploads\/2025\/10\/customized-epoxy-usb-flash-drive-600x600.png 600w, https:\/\/www.yousanusb.com\/wp-content\/uploads\/2025\/10\/customized-epoxy-usb-flash-drive-100x100.png 100w\" sizes=\"(max-width: 800px) 100vw, 800px\" \/><\/figure>\n<\/div>\n<\/div>\n\n\n\n<div class=\"wp-block-columns is-layout-flex wp-container-core-columns-is-layout-3 wp-block-columns-is-layout-flex\">\n<div class=\"wp-block-column is-layout-flow wp-block-column-is-layout-flow\">\n<figure class=\"wp-block-image size-full\"><img loading=\"lazy\" decoding=\"async\" width=\"800\" height=\"800\" src=\"https:\/\/www.yousanusb.com\/wp-content\/uploads\/2025\/10\/customized-epoxy-usb-flash-drive-with-package.png\" alt=\"\" class=\"wp-image-22581\" srcset=\"https:\/\/www.yousanusb.com\/wp-content\/uploads\/2025\/10\/customized-epoxy-usb-flash-drive-with-package.png 800w, https:\/\/www.yousanusb.com\/wp-content\/uploads\/2025\/10\/customized-epoxy-usb-flash-drive-with-package-300x300.png 300w, https:\/\/www.yousanusb.com\/wp-content\/uploads\/2025\/10\/customized-epoxy-usb-flash-drive-with-package-150x150.png 150w, https:\/\/www.yousanusb.com\/wp-content\/uploads\/2025\/10\/customized-epoxy-usb-flash-drive-with-package-768x768.png 768w, https:\/\/www.yousanusb.com\/wp-content\/uploads\/2025\/10\/customized-epoxy-usb-flash-drive-with-package-12x12.png 12w, https:\/\/www.yousanusb.com\/wp-content\/uploads\/2025\/10\/customized-epoxy-usb-flash-drive-with-package-600x600.png 600w, https:\/\/www.yousanusb.com\/wp-content\/uploads\/2025\/10\/customized-epoxy-usb-flash-drive-with-package-100x100.png 100w\" sizes=\"(max-width: 800px) 100vw, 800px\" \/><\/figure>\n<\/div>\n\n\n\n<div class=\"wp-block-column is-vertically-aligned-center is-layout-flow wp-block-column-is-layout-flow\">\n<p>Sono disponibili materiali opzionali come scatole di metallo e scatole di carta con copertura superiore e inferiore di alto livello. La superficie pu\u00f2 essere opaca, stampata a caldo o con finitura UV, con un design complessivamente minimalista ed elegante che completa lo stile aziendale della chiavetta USB.<\/p>\n\n\n\n<p>L'interno del box di imballaggio \u00e8 dotato di uno slot per schede dedicato che contiene in modo sicuro la chiavetta USB, attutisce efficacemente gli urti e previene i danni durante il trasporto. Inoltre, supporta la personalizzazione: loghi del marchio, informazioni aziendali o slogan promozionali possono essere stampati sulla superficie del box, creando un collegamento coerente con la personalizzazione della chiavetta USB per rafforzare l'immagine del marchio.<\/p>\n<\/div>\n<\/div>","protected":false},"excerpt":{"rendered":"<ul>\n<li>chiavetta usb epossidica personalizzata<\/li>\n<li>Supporto multiformato<\/li>\n<li>Stampa gratuita del LOGO<\/li>\n<li>Tecnologia USB 2.0<\/li>\n<li>MOQ: 100pcs<\/li>\n<\/ul>","protected":false},"featured_media":22587,"comment_status":"open","ping_status":"closed","template":"","meta":{"_seopress_robots_primary_cat":"","_seopress_titles_title":"","_seopress_titles_desc":"","_seopress_robots_index":""},"class_list":["post-22578","product","type-product","status-publish","has-post-thumbnail","hentry","product_cat-plastic-usb-flash-drive","product_cat-rotating-usb-flash-drive","product_tag-epoxy-usb-flash-drive"],"_links":{"self":[{"href":"https:\/\/www.yousanusb.com\/it\/wp-json\/wp\/v2\/product\/22578"}],"collection":[{"href":"https:\/\/www.yousanusb.com\/it\/wp-json\/wp\/v2\/product"}],"about":[{"href":"https:\/\/www.yousanusb.com\/it\/wp-json\/wp\/v2\/types\/product"}],"replies":[{"embeddable":true,"href":"https:\/\/www.yousanusb.com\/it\/wp-json\/wp\/v2\/comments?post=22578"}],"wp:featuredmedia":[{"embeddable":true,"href":"https:\/\/www.yousanusb.com\/it\/wp-json\/wp\/v2\/media\/22587"}],"wp:attachment":[{"href":"https:\/\/www.yousanusb.com\/it\/wp-json\/wp\/v2\/media?parent=22578"}],"curies":[{"name":"wp","href":"https:\/\/api.w.org\/{rel}","templated":true}]}}