{"id":22682,"date":"2025-10-28T11:10:09","date_gmt":"2025-10-28T11:10:09","guid":{"rendered":"https:\/\/www.yousanusb.com\/?post_type=product&#038;p=22682"},"modified":"2025-10-30T12:38:58","modified_gmt":"2025-10-30T12:38:58","slug":"light-up-metal-bamboo-usb-flash-drive","status":"publish","type":"product","link":"https:\/\/www.yousanusb.com\/it\/prodotto\/light-up-metal-bamboo-usb-flash-drive\/","title":{"rendered":"Chiavetta USB luminosa in metallo e bamb\u00f9"},"content":{"rendered":"<div class=\"wp-block-columns is-layout-flex wp-container-core-columns-is-layout-1 wp-block-columns-is-layout-flex\">\n<div class=\"wp-block-column is-layout-flow wp-block-column-is-layout-flow\">\n<figure class=\"wp-block-image size-full\"><img fetchpriority=\"high\" decoding=\"async\" width=\"800\" height=\"800\" src=\"https:\/\/www.yousanusb.com\/wp-content\/uploads\/2025\/10\/Light-Up-Metal-Bamboo-USB-Flash-Drive.png\" alt=\"\" class=\"wp-image-22686\" srcset=\"https:\/\/www.yousanusb.com\/wp-content\/uploads\/2025\/10\/Light-Up-Metal-Bamboo-USB-Flash-Drive.png 800w, https:\/\/www.yousanusb.com\/wp-content\/uploads\/2025\/10\/Light-Up-Metal-Bamboo-USB-Flash-Drive-300x300.png 300w, https:\/\/www.yousanusb.com\/wp-content\/uploads\/2025\/10\/Light-Up-Metal-Bamboo-USB-Flash-Drive-150x150.png 150w, https:\/\/www.yousanusb.com\/wp-content\/uploads\/2025\/10\/Light-Up-Metal-Bamboo-USB-Flash-Drive-768x768.png 768w, https:\/\/www.yousanusb.com\/wp-content\/uploads\/2025\/10\/Light-Up-Metal-Bamboo-USB-Flash-Drive-12x12.png 12w, https:\/\/www.yousanusb.com\/wp-content\/uploads\/2025\/10\/Light-Up-Metal-Bamboo-USB-Flash-Drive-600x600.png 600w, https:\/\/www.yousanusb.com\/wp-content\/uploads\/2025\/10\/Light-Up-Metal-Bamboo-USB-Flash-Drive-100x100.png 100w\" sizes=\"(max-width: 800px) 100vw, 800px\" \/><\/figure>\n<\/div>\n\n\n\n<div class=\"wp-block-column is-vertically-aligned-center is-layout-flow wp-block-column-is-layout-flow\">\n<p>La funzione di illuminazione di questa unit\u00e0 USB deriva da un modulo LED integrato. Quando l'unit\u00e0 USB \u00e8 collegata a un dispositivo, viene alimentata tramite l'interfaccia USB, che attiva la sorgente luminosa a LED per illuminare l'area del logo. Grazie al riflesso diffuso delle venature del legno, la luce produce un effetto uniforme e stratificato. Questo non solo rende il logo del marchio chiaro e accattivante, ma permette anche di identificare facilmente l'unit\u00e0 USB in ambienti con scarsa illuminazione. Il sistema di illuminazione ha un consumo energetico estremamente ridotto, che non influisce sulle normali prestazioni di archiviazione della chiavetta USB, ma aggiunge al prodotto una caratteristica di ispirazione tecnologica di grande impatto visivo.<\/p>\n<\/div>\n<\/div>\n\n\n\n<div class=\"wp-block-columns is-layout-flex wp-container-core-columns-is-layout-2 wp-block-columns-is-layout-flex\">\n<div class=\"wp-block-column is-vertically-aligned-center is-layout-flow wp-block-column-is-layout-flow\">\n<p>Questa chiavetta USB luminosa in metallo e legno integra ingegnosamente metallo e venature del legno. Con un design elegante e minimalista, il foro per la chiave nella parte superiore permette di abbinarla facilmente a portachiavi o cordini, rendendola un accessorio alla moda da usare in viaggio.<\/p>\n\n\n\n<p>La parte metallica \u00e8 realizzata in lega di alta qualit\u00e0. La sua superficie \u00e8 sottoposta a un processo di lucidatura o spazzolatura e presenta una finitura liscia, lucida o opaca. Presenta eccellenti propriet\u00e0 di resistenza agli urti e all'usura, in grado di sopportare i vari urti dell'uso quotidiano e di mantenere a lungo il suo squisito aspetto.<\/p>\n\n\n\n<p>La parte con le venature del legno \u00e8 realizzata in legno massiccio selezionato di prima qualit\u00e0. Le venature di ogni pezzo di legno sono naturali e rendono ogni unit\u00e0 USB unica nel suo genere. La superficie delle venature del legno \u00e8 sottoposta a molteplici processi di lucidatura e verniciatura, che non solo preservano le venature naturali del legno, ma ne migliorano anche la resistenza all'acqua e alle macchie.<\/p>\n<\/div>\n\n\n\n<div class=\"wp-block-column is-vertically-aligned-center is-layout-flow wp-block-column-is-layout-flow\">\n<figure class=\"wp-block-image size-full\"><img decoding=\"async\" width=\"800\" height=\"800\" src=\"https:\/\/www.yousanusb.com\/wp-content\/uploads\/2025\/10\/custom-metal-usb-flash-drive.png\" alt=\"\" class=\"wp-image-22685\" srcset=\"https:\/\/www.yousanusb.com\/wp-content\/uploads\/2025\/10\/custom-metal-usb-flash-drive.png 800w, https:\/\/www.yousanusb.com\/wp-content\/uploads\/2025\/10\/custom-metal-usb-flash-drive-300x300.png 300w, https:\/\/www.yousanusb.com\/wp-content\/uploads\/2025\/10\/custom-metal-usb-flash-drive-150x150.png 150w, https:\/\/www.yousanusb.com\/wp-content\/uploads\/2025\/10\/custom-metal-usb-flash-drive-768x768.png 768w, https:\/\/www.yousanusb.com\/wp-content\/uploads\/2025\/10\/custom-metal-usb-flash-drive-12x12.png 12w, https:\/\/www.yousanusb.com\/wp-content\/uploads\/2025\/10\/custom-metal-usb-flash-drive-600x600.png 600w, https:\/\/www.yousanusb.com\/wp-content\/uploads\/2025\/10\/custom-metal-usb-flash-drive-100x100.png 100w\" sizes=\"(max-width: 800px) 100vw, 800px\" \/><\/figure>\n<\/div>\n<\/div>\n\n\n\n<div class=\"wp-block-columns is-layout-flex wp-container-core-columns-is-layout-3 wp-block-columns-is-layout-flex\">\n<div class=\"wp-block-column is-vertically-aligned-center is-layout-flow wp-block-column-is-layout-flow\">\n<figure class=\"wp-block-image size-full\"><img decoding=\"async\" width=\"800\" height=\"800\" src=\"https:\/\/www.yousanusb.com\/wp-content\/uploads\/2025\/10\/Light-Up-Metal-USB-Flash-Drive.png\" alt=\"\" class=\"wp-image-22687\" srcset=\"https:\/\/www.yousanusb.com\/wp-content\/uploads\/2025\/10\/Light-Up-Metal-USB-Flash-Drive.png 800w, https:\/\/www.yousanusb.com\/wp-content\/uploads\/2025\/10\/Light-Up-Metal-USB-Flash-Drive-300x300.png 300w, https:\/\/www.yousanusb.com\/wp-content\/uploads\/2025\/10\/Light-Up-Metal-USB-Flash-Drive-150x150.png 150w, https:\/\/www.yousanusb.com\/wp-content\/uploads\/2025\/10\/Light-Up-Metal-USB-Flash-Drive-768x768.png 768w, https:\/\/www.yousanusb.com\/wp-content\/uploads\/2025\/10\/Light-Up-Metal-USB-Flash-Drive-12x12.png 12w, https:\/\/www.yousanusb.com\/wp-content\/uploads\/2025\/10\/Light-Up-Metal-USB-Flash-Drive-600x600.png 600w, https:\/\/www.yousanusb.com\/wp-content\/uploads\/2025\/10\/Light-Up-Metal-USB-Flash-Drive-100x100.png 100w\" sizes=\"(max-width: 800px) 100vw, 800px\" \/><\/figure>\n<\/div>\n\n\n\n<div class=\"wp-block-column is-vertically-aligned-center is-layout-flow wp-block-column-is-layout-flow\">\n<p>Le capacit\u00e0 vanno da 8 GB a 256 GB, consentendo una scelta flessibile in base alle proprie esigenze. Adotta chip di memoria flash ad alta velocit\u00e0, che consentono velocit\u00e0 di lettura e scrittura efficienti e stabili per soddisfare le esigenze quotidiane di trasferimento di file di grandi dimensioni e di backup dei dati. Inoltre, \u00e8 compatibile con diversi sistemi operativi come Windows, Mac e Linux. Supporta la funzionalit\u00e0 plug-and-play e non richiede driver aggiuntivi. Grazie all'elevata sicurezza di archiviazione dei dati, offre una solida garanzia per la conservazione dei file a lungo termine e un comodo accesso.<\/p>\n<\/div>\n<\/div>","protected":false},"excerpt":{"rendered":"<ul>\n<li>Logo luminoso<\/li>\n<li>Design senza cappuccio con involucro in metallo<\/li>\n<li>Stampa UV | Marcatura laser | Serigrafia<\/li>\n<li>Resistente all'acqua, agli urti e ai magneti<\/li>\n<li>MOQ: 100pcs<\/li>\n<\/ul>","protected":false},"featured_media":22686,"comment_status":"open","ping_status":"closed","template":"","meta":{"_seopress_robots_primary_cat":"","_seopress_titles_title":"","_seopress_titles_desc":"","_seopress_robots_index":""},"class_list":["post-22682","product","type-product","status-publish","has-post-thumbnail","hentry","product_cat-led-light-usb-flash-drive"],"_links":{"self":[{"href":"https:\/\/www.yousanusb.com\/it\/wp-json\/wp\/v2\/product\/22682"}],"collection":[{"href":"https:\/\/www.yousanusb.com\/it\/wp-json\/wp\/v2\/product"}],"about":[{"href":"https:\/\/www.yousanusb.com\/it\/wp-json\/wp\/v2\/types\/product"}],"replies":[{"embeddable":true,"href":"https:\/\/www.yousanusb.com\/it\/wp-json\/wp\/v2\/comments?post=22682"}],"wp:featuredmedia":[{"embeddable":true,"href":"https:\/\/www.yousanusb.com\/it\/wp-json\/wp\/v2\/media\/22686"}],"wp:attachment":[{"href":"https:\/\/www.yousanusb.com\/it\/wp-json\/wp\/v2\/media?parent=22682"}],"curies":[{"name":"wp","href":"https:\/\/api.w.org\/{rel}","templated":true}]}}