{"id":22689,"date":"2025-10-28T14:57:40","date_gmt":"2025-10-28T14:57:40","guid":{"rendered":"https:\/\/www.yousanusb.com\/?post_type=product&#038;p=22689"},"modified":"2025-10-30T12:39:09","modified_gmt":"2025-10-30T12:39:09","slug":"thin-metal-light-up-usb-flash-drive","status":"publish","type":"product","link":"https:\/\/www.yousanusb.com\/it\/prodotto\/thin-metal-light-up-usb-flash-drive\/","title":{"rendered":"Unit\u00e0 flash USB luminosa in metallo sottile"},"content":{"rendered":"<div class=\"wp-block-columns is-layout-flex wp-container-core-columns-is-layout-1 wp-block-columns-is-layout-flex\">\n<div class=\"wp-block-column is-vertically-aligned-center is-layout-flow wp-block-column-is-layout-flow\">\n<p>La chiavetta USB luminosa in metallo vanta un design integrato in metallo, dall'aspetto elegante e sofisticato. Dotata di un anello portachiavi in metallo nella parte superiore, pu\u00f2 essere facilmente abbinata a portachiavi o cordini, trasformando la chiavetta USB in un comodo accessorio da portare con s\u00e9. Sia per i viaggi di lavoro che per gli spostamenti quotidiani, pu\u00f2 essere riposta senza problemi per evitare di perderla. L'area del logo del marchio al centro \u00e8 il punto forte del design: quando la funzione di illuminazione \u00e8 attivata, il logo del marchio risalta in modo chiaro e prominente, migliorando immediatamente il riconoscimento del marchio. \u00c8 un eccellente articolo promozionale per i regali aziendali e la promozione del marchio.<\/p>\n<\/div>\n\n\n\n<div class=\"wp-block-column is-layout-flow wp-block-column-is-layout-flow\">\n<figure class=\"wp-block-image size-full\"><img fetchpriority=\"high\" decoding=\"async\" width=\"800\" height=\"800\" src=\"https:\/\/www.yousanusb.com\/wp-content\/uploads\/2025\/10\/custom-metal-light-up-usb-flash-drive.jpeg\" alt=\"\" class=\"wp-image-22692\" srcset=\"https:\/\/www.yousanusb.com\/wp-content\/uploads\/2025\/10\/custom-metal-light-up-usb-flash-drive.jpeg 800w, https:\/\/www.yousanusb.com\/wp-content\/uploads\/2025\/10\/custom-metal-light-up-usb-flash-drive-300x300.jpeg 300w, https:\/\/www.yousanusb.com\/wp-content\/uploads\/2025\/10\/custom-metal-light-up-usb-flash-drive-150x150.jpeg 150w, https:\/\/www.yousanusb.com\/wp-content\/uploads\/2025\/10\/custom-metal-light-up-usb-flash-drive-768x768.jpeg 768w, https:\/\/www.yousanusb.com\/wp-content\/uploads\/2025\/10\/custom-metal-light-up-usb-flash-drive-12x12.jpeg 12w, https:\/\/www.yousanusb.com\/wp-content\/uploads\/2025\/10\/custom-metal-light-up-usb-flash-drive-600x600.jpeg 600w, https:\/\/www.yousanusb.com\/wp-content\/uploads\/2025\/10\/custom-metal-light-up-usb-flash-drive-100x100.jpeg 100w\" sizes=\"(max-width: 800px) 100vw, 800px\" \/><\/figure>\n<\/div>\n<\/div>\n\n\n\n<div class=\"wp-block-columns is-layout-flex wp-container-core-columns-is-layout-2 wp-block-columns-is-layout-flex\">\n<div class=\"wp-block-column is-layout-flow wp-block-column-is-layout-flow\">\n<figure class=\"wp-block-image size-full\"><img decoding=\"async\" width=\"800\" height=\"800\" src=\"https:\/\/www.yousanusb.com\/wp-content\/uploads\/2025\/10\/Thin-Metal-Light-Up-USB-Flash-Drive.jpeg\" alt=\"\" class=\"wp-image-22695\" srcset=\"https:\/\/www.yousanusb.com\/wp-content\/uploads\/2025\/10\/Thin-Metal-Light-Up-USB-Flash-Drive.jpeg 800w, https:\/\/www.yousanusb.com\/wp-content\/uploads\/2025\/10\/Thin-Metal-Light-Up-USB-Flash-Drive-300x300.jpeg 300w, https:\/\/www.yousanusb.com\/wp-content\/uploads\/2025\/10\/Thin-Metal-Light-Up-USB-Flash-Drive-150x150.jpeg 150w, https:\/\/www.yousanusb.com\/wp-content\/uploads\/2025\/10\/Thin-Metal-Light-Up-USB-Flash-Drive-768x768.jpeg 768w, https:\/\/www.yousanusb.com\/wp-content\/uploads\/2025\/10\/Thin-Metal-Light-Up-USB-Flash-Drive-12x12.jpeg 12w, https:\/\/www.yousanusb.com\/wp-content\/uploads\/2025\/10\/Thin-Metal-Light-Up-USB-Flash-Drive-600x600.jpeg 600w, https:\/\/www.yousanusb.com\/wp-content\/uploads\/2025\/10\/Thin-Metal-Light-Up-USB-Flash-Drive-100x100.jpeg 100w\" sizes=\"(max-width: 800px) 100vw, 800px\" \/><\/figure>\n<\/div>\n\n\n\n<div class=\"wp-block-column is-vertically-aligned-center is-layout-flow wp-block-column-is-layout-flow\">\n<p>La funzione di illuminazione \u00e8 un vantaggio unico di questa unit\u00e0 flash USB. \u00c8 dotata di un modulo LED integrato alimentato dall'interfaccia USB, per cui l'area del logo si illumina automaticamente quando l'unit\u00e0 \u00e8 collegata a un dispositivo. Il logo del marchio rimane chiaramente visibile anche in ambienti poco illuminati, consentendo una rapida identificazione dell'unit\u00e0 USB. Il sistema di illuminazione ha un consumo energetico estremamente ridotto, che non influisce minimamente sulle normali prestazioni di archiviazione dell'unit\u00e0. L'area di illuminazione a LED sul lato anteriore pu\u00f2 essere personalizzata con un logo, mentre il lato posteriore pu\u00f2 essere personalizzato con un motivo. In questo modo la vostra chiavetta USB pu\u00f2 sfoggiare uno stile distintivo e ottenere un'esposizione promozionale prolungata.<\/p>\n<\/div>\n<\/div>\n\n\n\n<div class=\"wp-block-columns is-layout-flex wp-container-core-columns-is-layout-3 wp-block-columns-is-layout-flex\">\n<div class=\"wp-block-column is-vertically-aligned-center is-layout-flow wp-block-column-is-layout-flow\">\n<p>Anche il colore della luce LED \u00e8 personalizzabile. I colori pi\u00f9 popolari sono rosso, blu, verde, bianco, ecc.<\/p>\n\n\n\n<p>Questa chiavetta USB \u00e8 realizzata in lega metallica di alta qualit\u00e0, con eccellenti propriet\u00e0 di resistenza agli urti e all'usura. Pu\u00f2 sopportare vari urti e abrasioni nell'uso quotidiano, mantenendo a lungo il suo aspetto raffinato.<\/p>\n\n\n\n<p>Le capacit\u00e0 variano da 8 GB a 256 GB, consentendo una scelta flessibile in base alle diverse esigenze. Adotta chip di memoria flash ad alta velocit\u00e0, che consentono velocit\u00e0 di lettura e scrittura efficienti e stabili, in grado di soddisfare facilmente le esigenze quotidiane come il trasferimento di file di grandi dimensioni e il backup dei dati. Inoltre, \u00e8 compatibile con diversi sistemi operativi come Windows, Mac e Linux. Supporta la funzionalit\u00e0 plug-and-play, senza bisogno di driver aggiuntivi.<\/p>\n<\/div>\n\n\n\n<div class=\"wp-block-column is-layout-flow wp-block-column-is-layout-flow\">\n<figure class=\"wp-block-image size-full\"><img decoding=\"async\" width=\"800\" height=\"800\" src=\"https:\/\/www.yousanusb.com\/wp-content\/uploads\/2025\/10\/Metal-Light-Up-USB-Flash-Drive.jpeg\" alt=\"\" class=\"wp-image-22693\" srcset=\"https:\/\/www.yousanusb.com\/wp-content\/uploads\/2025\/10\/Metal-Light-Up-USB-Flash-Drive.jpeg 800w, https:\/\/www.yousanusb.com\/wp-content\/uploads\/2025\/10\/Metal-Light-Up-USB-Flash-Drive-300x300.jpeg 300w, https:\/\/www.yousanusb.com\/wp-content\/uploads\/2025\/10\/Metal-Light-Up-USB-Flash-Drive-150x150.jpeg 150w, https:\/\/www.yousanusb.com\/wp-content\/uploads\/2025\/10\/Metal-Light-Up-USB-Flash-Drive-768x768.jpeg 768w, https:\/\/www.yousanusb.com\/wp-content\/uploads\/2025\/10\/Metal-Light-Up-USB-Flash-Drive-12x12.jpeg 12w, https:\/\/www.yousanusb.com\/wp-content\/uploads\/2025\/10\/Metal-Light-Up-USB-Flash-Drive-600x600.jpeg 600w, https:\/\/www.yousanusb.com\/wp-content\/uploads\/2025\/10\/Metal-Light-Up-USB-Flash-Drive-100x100.jpeg 100w\" sizes=\"(max-width: 800px) 100vw, 800px\" \/><\/figure>\n<\/div>\n<\/div>","protected":false},"excerpt":{"rendered":"<ul>\n<li>Design senza cappuccio con involucro in metallo<\/li>\n<li>Logo luminoso<\/li>\n<li>Stampa UV | Marcatura laser | Serigrafia<\/li>\n<li>Resistente all'acqua, agli urti e ai magneti<\/li>\n<li>MOQ: 100pcs<\/li>\n<\/ul>","protected":false},"featured_media":22694,"comment_status":"open","ping_status":"closed","template":"","meta":{"_seopress_robots_primary_cat":"","_seopress_titles_title":"","_seopress_titles_desc":"","_seopress_robots_index":""},"class_list":["post-22689","product","type-product","status-publish","has-post-thumbnail","hentry","product_cat-led-light-usb-flash-drive"],"_links":{"self":[{"href":"https:\/\/www.yousanusb.com\/it\/wp-json\/wp\/v2\/product\/22689"}],"collection":[{"href":"https:\/\/www.yousanusb.com\/it\/wp-json\/wp\/v2\/product"}],"about":[{"href":"https:\/\/www.yousanusb.com\/it\/wp-json\/wp\/v2\/types\/product"}],"replies":[{"embeddable":true,"href":"https:\/\/www.yousanusb.com\/it\/wp-json\/wp\/v2\/comments?post=22689"}],"wp:featuredmedia":[{"embeddable":true,"href":"https:\/\/www.yousanusb.com\/it\/wp-json\/wp\/v2\/media\/22694"}],"wp:attachment":[{"href":"https:\/\/www.yousanusb.com\/it\/wp-json\/wp\/v2\/media?parent=22689"}],"curies":[{"name":"wp","href":"https:\/\/api.w.org\/{rel}","templated":true}]}}