{"id":22696,"date":"2025-10-29T05:04:20","date_gmt":"2025-10-29T05:04:20","guid":{"rendered":"https:\/\/www.yousanusb.com\/?post_type=product&#038;p=22696"},"modified":"2025-10-30T12:39:21","modified_gmt":"2025-10-30T12:39:21","slug":"multi-light-up-stylus-usb-flash-drive","status":"publish","type":"product","link":"https:\/\/www.yousanusb.com\/it\/prodotto\/multi-light-up-stylus-usb-flash-drive\/","title":{"rendered":"Unit\u00e0 flash USB Multi Light-up Stylus"},"content":{"rendered":"<p>Questa chiavetta USB luminosa con stilo \u00e8 un prodotto digitale innovativo che integra l'archiviazione dei dati e il funzionamento del touchscreen, vantando notevoli vantaggi in termini di design, funzionalit\u00e0 e praticit\u00e0.<\/p>\n\n\n\n<div class=\"wp-block-columns is-layout-flex wp-container-core-columns-is-layout-1 wp-block-columns-is-layout-flex\">\n<div class=\"wp-block-column is-layout-flow wp-block-column-is-layout-flow\">\n<figure class=\"wp-block-image size-full\"><img fetchpriority=\"high\" decoding=\"async\" width=\"800\" height=\"800\" src=\"https:\/\/www.yousanusb.com\/wp-content\/uploads\/2025\/10\/Stylus-Light-up-USB-Flash-Drive.jpeg\" alt=\"\" class=\"wp-image-22704\" srcset=\"https:\/\/www.yousanusb.com\/wp-content\/uploads\/2025\/10\/Stylus-Light-up-USB-Flash-Drive.jpeg 800w, https:\/\/www.yousanusb.com\/wp-content\/uploads\/2025\/10\/Stylus-Light-up-USB-Flash-Drive-300x300.jpeg 300w, https:\/\/www.yousanusb.com\/wp-content\/uploads\/2025\/10\/Stylus-Light-up-USB-Flash-Drive-150x150.jpeg 150w, https:\/\/www.yousanusb.com\/wp-content\/uploads\/2025\/10\/Stylus-Light-up-USB-Flash-Drive-768x768.jpeg 768w, https:\/\/www.yousanusb.com\/wp-content\/uploads\/2025\/10\/Stylus-Light-up-USB-Flash-Drive-12x12.jpeg 12w, https:\/\/www.yousanusb.com\/wp-content\/uploads\/2025\/10\/Stylus-Light-up-USB-Flash-Drive-600x600.jpeg 600w, https:\/\/www.yousanusb.com\/wp-content\/uploads\/2025\/10\/Stylus-Light-up-USB-Flash-Drive-100x100.jpeg 100w\" sizes=\"(max-width: 800px) 100vw, 800px\" \/><\/figure>\n<\/div>\n\n\n\n<div class=\"wp-block-column is-vertically-aligned-center is-layout-flow wp-block-column-is-layout-flow\">\n<p>Questa chiavetta USB luminosa con stilo integra le funzioni di una chiavetta USB e di uno stilo. \u00c8 dotata di luci LED multicolore (verde, rosso, blu e bianco). Quando \u00e8 collegata a un computer, l'area del logo si illumina automaticamente, il che non solo \u00e8 visivamente pi\u00f9 evidente, ma indica anche in modo intuitivo lo stato di funzionamento del dispositivo. L'involucro in metallo lo rende resistente agli urti e all'usura. Inoltre, \u00e8 dotato di un portachiavi in metallo che consente di agganciarlo facilmente a un portachiavi o a uno zaino, riducendo notevolmente il rischio di smarrimento e rendendolo comodo da trasportare per i viaggi quotidiani e l'uso in ufficio.<\/p>\n<\/div>\n<\/div>\n\n\n\n<div class=\"wp-block-columns is-layout-flex wp-container-core-columns-is-layout-2 wp-block-columns-is-layout-flex\">\n<div class=\"wp-block-column is-vertically-aligned-center is-layout-flow wp-block-column-is-layout-flow\">\n<p>Il design 2 in 1 lo rende uno dei preferiti dalla moda.<\/p>\n\n\n\n<p>La funzione di unit\u00e0 USB offre capacit\u00e0 stabili di archiviazione e trasferimento dei dati, \u00e8 compatibile con gli standard USB 2.0\/3.0, non richiede l'installazione di driver aggiuntivi ed \u00e8 plug-and-play, consentendo l'archiviazione efficiente di vari tipi di file come documenti, immagini e video.<\/p>\n\n\n\n<ul class=\"wp-block-list\">\n<li>Funzione stilo: Lo stilo per telefoni cellulari e tablet consente di scrivere, disegnare e utilizzare in modo fluido il touchscreen, risolvendo il problema dell'insufficiente precisione delle operazioni con le dita, ed \u00e8 adatto a vari dispositivi touchscreen come telefoni cellulari e tablet.<\/li>\n<\/ul>\n\n\n\n<p>Supporta loghi di marca personalizzabili; identit\u00e0 di marca come Google, Huawei e Xbox possono essere visualizzate tramite luci LED, soddisfacendo la duplice esigenza di personalizzazione e personalizzazione aziendale.<\/p>\n<\/div>\n\n\n\n<div class=\"wp-block-column is-layout-flow wp-block-column-is-layout-flow\">\n<figure class=\"wp-block-image size-full\"><img decoding=\"async\" width=\"800\" height=\"800\" src=\"https:\/\/www.yousanusb.com\/wp-content\/uploads\/2025\/10\/stylus-usb-flash-drive.jpeg\" alt=\"\" class=\"wp-image-22705\" srcset=\"https:\/\/www.yousanusb.com\/wp-content\/uploads\/2025\/10\/stylus-usb-flash-drive.jpeg 800w, https:\/\/www.yousanusb.com\/wp-content\/uploads\/2025\/10\/stylus-usb-flash-drive-300x300.jpeg 300w, https:\/\/www.yousanusb.com\/wp-content\/uploads\/2025\/10\/stylus-usb-flash-drive-150x150.jpeg 150w, https:\/\/www.yousanusb.com\/wp-content\/uploads\/2025\/10\/stylus-usb-flash-drive-768x768.jpeg 768w, https:\/\/www.yousanusb.com\/wp-content\/uploads\/2025\/10\/stylus-usb-flash-drive-12x12.jpeg 12w, https:\/\/www.yousanusb.com\/wp-content\/uploads\/2025\/10\/stylus-usb-flash-drive-600x600.jpeg 600w, https:\/\/www.yousanusb.com\/wp-content\/uploads\/2025\/10\/stylus-usb-flash-drive-100x100.jpeg 100w\" sizes=\"(max-width: 800px) 100vw, 800px\" \/><\/figure>\n<\/div>\n<\/div>\n\n\n\n<p>Questa chiavetta USB pu\u00f2 essere utilizzata tramite lo stilo su computer, telefoni cellulari e tablet e supporta anche il logo e altri servizi di personalizzazione. Questi vantaggi le consentono di ottenere un'eccellente esposizione prolungata e risultati promozionali in scenari quali l'ufficio commerciale, l'archiviazione personale e la promozione del marchio.<\/p>\n\n\n\n<div class=\"wp-block-columns is-layout-flex wp-container-core-columns-is-layout-3 wp-block-columns-is-layout-flex\">\n<div class=\"wp-block-column is-layout-flow wp-block-column-is-layout-flow\">\n<figure class=\"wp-block-image size-full\"><img decoding=\"async\" width=\"800\" height=\"800\" src=\"https:\/\/www.yousanusb.com\/wp-content\/uploads\/2025\/10\/custom-stylus-pendrive.jpeg\" alt=\"\" class=\"wp-image-22701\" srcset=\"https:\/\/www.yousanusb.com\/wp-content\/uploads\/2025\/10\/custom-stylus-pendrive.jpeg 800w, https:\/\/www.yousanusb.com\/wp-content\/uploads\/2025\/10\/custom-stylus-pendrive-300x300.jpeg 300w, https:\/\/www.yousanusb.com\/wp-content\/uploads\/2025\/10\/custom-stylus-pendrive-150x150.jpeg 150w, https:\/\/www.yousanusb.com\/wp-content\/uploads\/2025\/10\/custom-stylus-pendrive-768x768.jpeg 768w, https:\/\/www.yousanusb.com\/wp-content\/uploads\/2025\/10\/custom-stylus-pendrive-12x12.jpeg 12w, https:\/\/www.yousanusb.com\/wp-content\/uploads\/2025\/10\/custom-stylus-pendrive-600x600.jpeg 600w, https:\/\/www.yousanusb.com\/wp-content\/uploads\/2025\/10\/custom-stylus-pendrive-100x100.jpeg 100w\" sizes=\"(max-width: 800px) 100vw, 800px\" \/><\/figure>\n<\/div>\n\n\n\n<div class=\"wp-block-column is-layout-flow wp-block-column-is-layout-flow\">\n<figure class=\"wp-block-image size-full\"><img loading=\"lazy\" decoding=\"async\" width=\"800\" height=\"800\" src=\"https:\/\/www.yousanusb.com\/wp-content\/uploads\/2025\/10\/custom-stylus-light-up-usb-drive.jpeg\" alt=\"\" class=\"wp-image-22700\" srcset=\"https:\/\/www.yousanusb.com\/wp-content\/uploads\/2025\/10\/custom-stylus-light-up-usb-drive.jpeg 800w, https:\/\/www.yousanusb.com\/wp-content\/uploads\/2025\/10\/custom-stylus-light-up-usb-drive-300x300.jpeg 300w, https:\/\/www.yousanusb.com\/wp-content\/uploads\/2025\/10\/custom-stylus-light-up-usb-drive-150x150.jpeg 150w, https:\/\/www.yousanusb.com\/wp-content\/uploads\/2025\/10\/custom-stylus-light-up-usb-drive-768x768.jpeg 768w, https:\/\/www.yousanusb.com\/wp-content\/uploads\/2025\/10\/custom-stylus-light-up-usb-drive-12x12.jpeg 12w, https:\/\/www.yousanusb.com\/wp-content\/uploads\/2025\/10\/custom-stylus-light-up-usb-drive-600x600.jpeg 600w, https:\/\/www.yousanusb.com\/wp-content\/uploads\/2025\/10\/custom-stylus-light-up-usb-drive-100x100.jpeg 100w\" sizes=\"(max-width: 800px) 100vw, 800px\" \/><\/figure>\n<\/div>\n\n\n\n<div class=\"wp-block-column is-layout-flow wp-block-column-is-layout-flow\">\n<figure class=\"wp-block-image size-full\"><img loading=\"lazy\" decoding=\"async\" width=\"800\" height=\"800\" src=\"https:\/\/www.yousanusb.com\/wp-content\/uploads\/2025\/10\/USB-2.0-light-up-usb-flash-drive-with-stylus.jpeg\" alt=\"\" class=\"wp-image-22706\" srcset=\"https:\/\/www.yousanusb.com\/wp-content\/uploads\/2025\/10\/USB-2.0-light-up-usb-flash-drive-with-stylus.jpeg 800w, https:\/\/www.yousanusb.com\/wp-content\/uploads\/2025\/10\/USB-2.0-light-up-usb-flash-drive-with-stylus-300x300.jpeg 300w, https:\/\/www.yousanusb.com\/wp-content\/uploads\/2025\/10\/USB-2.0-light-up-usb-flash-drive-with-stylus-150x150.jpeg 150w, https:\/\/www.yousanusb.com\/wp-content\/uploads\/2025\/10\/USB-2.0-light-up-usb-flash-drive-with-stylus-768x768.jpeg 768w, https:\/\/www.yousanusb.com\/wp-content\/uploads\/2025\/10\/USB-2.0-light-up-usb-flash-drive-with-stylus-12x12.jpeg 12w, https:\/\/www.yousanusb.com\/wp-content\/uploads\/2025\/10\/USB-2.0-light-up-usb-flash-drive-with-stylus-600x600.jpeg 600w, https:\/\/www.yousanusb.com\/wp-content\/uploads\/2025\/10\/USB-2.0-light-up-usb-flash-drive-with-stylus-100x100.jpeg 100w\" sizes=\"(max-width: 800px) 100vw, 800px\" \/><\/figure>\n<\/div>\n<\/div>\n\n\n\n<p><\/p>","protected":false},"excerpt":{"rendered":"<ul>\n<li>Unit\u00e0 flash usb 2 in 1<\/li>\n<li>Chiavette USB personalizzate con stilo in metallo<\/li>\n<li>Collegare e lavorare<\/li>\n<li>Supporta Windows 11\/10\/8\/7\/Vista\/XP\/2000\/98\/ME\/NT, Linux, Mac OS e Chrome.<\/li>\n<li>Compatibile con USB 2.0 e versioni successive<\/li>\n<li>MOQ: 100pcs<\/li>\n<\/ul>","protected":false},"featured_media":22702,"comment_status":"open","ping_status":"closed","template":"","meta":{"_seopress_robots_primary_cat":"","_seopress_titles_title":"","_seopress_titles_desc":"","_seopress_robots_index":""},"class_list":["post-22696","product","type-product","status-publish","has-post-thumbnail","hentry","product_cat-led-light-usb-flash-drive"],"_links":{"self":[{"href":"https:\/\/www.yousanusb.com\/it\/wp-json\/wp\/v2\/product\/22696"}],"collection":[{"href":"https:\/\/www.yousanusb.com\/it\/wp-json\/wp\/v2\/product"}],"about":[{"href":"https:\/\/www.yousanusb.com\/it\/wp-json\/wp\/v2\/types\/product"}],"replies":[{"embeddable":true,"href":"https:\/\/www.yousanusb.com\/it\/wp-json\/wp\/v2\/comments?post=22696"}],"wp:featuredmedia":[{"embeddable":true,"href":"https:\/\/www.yousanusb.com\/it\/wp-json\/wp\/v2\/media\/22702"}],"wp:attachment":[{"href":"https:\/\/www.yousanusb.com\/it\/wp-json\/wp\/v2\/media?parent=22696"}],"curies":[{"name":"wp","href":"https:\/\/api.w.org\/{rel}","templated":true}]}}