{"id":22719,"date":"2025-10-29T06:45:38","date_gmt":"2025-10-29T06:45:38","guid":{"rendered":"https:\/\/www.yousanusb.com\/?post_type=product&#038;p=22719"},"modified":"2025-10-30T12:39:43","modified_gmt":"2025-10-30T12:39:43","slug":"light-up-metal-usb-flash-drive-with-hook","status":"publish","type":"product","link":"https:\/\/www.yousanusb.com\/it\/prodotto\/light-up-metal-usb-flash-drive-with-hook\/","title":{"rendered":"Chiavetta USB luminosa in metallo con gancio"},"content":{"rendered":"<div class=\"wp-block-columns is-layout-flex wp-container-core-columns-is-layout-1 wp-block-columns-is-layout-flex\">\n<div class=\"wp-block-column is-layout-flow wp-block-column-is-layout-flow\">\n<figure class=\"wp-block-image size-full\"><img fetchpriority=\"high\" decoding=\"async\" width=\"800\" height=\"800\" src=\"https:\/\/www.yousanusb.com\/wp-content\/uploads\/2025\/10\/metal-light-up-usb-flash-drive-2.jpeg\" alt=\"\" class=\"wp-image-22725\" srcset=\"https:\/\/www.yousanusb.com\/wp-content\/uploads\/2025\/10\/metal-light-up-usb-flash-drive-2.jpeg 800w, https:\/\/www.yousanusb.com\/wp-content\/uploads\/2025\/10\/metal-light-up-usb-flash-drive-2-300x300.jpeg 300w, https:\/\/www.yousanusb.com\/wp-content\/uploads\/2025\/10\/metal-light-up-usb-flash-drive-2-150x150.jpeg 150w, https:\/\/www.yousanusb.com\/wp-content\/uploads\/2025\/10\/metal-light-up-usb-flash-drive-2-768x768.jpeg 768w, https:\/\/www.yousanusb.com\/wp-content\/uploads\/2025\/10\/metal-light-up-usb-flash-drive-2-12x12.jpeg 12w, https:\/\/www.yousanusb.com\/wp-content\/uploads\/2025\/10\/metal-light-up-usb-flash-drive-2-600x600.jpeg 600w, https:\/\/www.yousanusb.com\/wp-content\/uploads\/2025\/10\/metal-light-up-usb-flash-drive-2-100x100.jpeg 100w\" sizes=\"(max-width: 800px) 100vw, 800px\" \/><\/figure>\n<\/div>\n\n\n\n<div class=\"wp-block-column is-vertically-aligned-center is-layout-flow wp-block-column-is-layout-flow\">\n<p>Questa chiavetta USB luminosa in metallo con clip in metallo \u00e8 dotata di un lungo involucro in metallo. \u00c8 realizzata in materiale metallico, resistente alle cadute e all'usura e in grado di proteggere efficacemente i componenti di archiviazione interni. La clip in metallo sulla parte superiore \u00e8 molto pratica, realizzata con lo stesso materiale metallico, che la rende robusta e durevole. Pu\u00f2 essere facilmente agganciata a portachiavi, zaini o cartelle, consentendo un comodo trasporto e riducendo notevolmente il rischio di smarrimento.<\/p>\n\n\n\n<p>La funzione di illuminazione \u00e8 particolarmente accattivante. Quando l'unit\u00e0 USB viene collegata a un computer, l'area del logo si illumina automaticamente, supportando diverse opzioni di colore come verde, rosso, blu, bianco e giallo. I loghi di diversi marchi possono essere abbinati ai corrispondenti colori di illuminazione LED. Ad esempio, il logo di Google pu\u00f2 visualizzare effetti luminosi multicolore, mentre il logo di Huawei si illumina di rosso. Questo ha un forte impatto visivo e pu\u00f2 riflettere intuitivamente lo stato di funzionamento del dispositivo.<\/p>\n<\/div>\n<\/div>\n\n\n\n<div class=\"wp-block-columns is-layout-flex wp-container-core-columns-is-layout-2 wp-block-columns-is-layout-flex\">\n<div class=\"wp-block-column is-vertically-aligned-center is-layout-flow wp-block-column-is-layout-flow\">\n<p>Ha le stesse capacit\u00e0 di archiviazione e trasferimento di un'unit\u00e0 USB, \u00e8 compatibile con gli standard USB ed \u00e8 plug-and-play senza la necessit\u00e0 di installare driver aggiuntivi. Sia che si tratti di documenti e fogli di calcolo in ufficio, sia che si tratti di foto personali e file video, \u00e8 in grado di memorizzarli in modo efficiente, soddisfacendo le esigenze di base della gestione quotidiana dei dati. In termini di prestazioni di archiviazione professionali, rispetta rigorosamente gli standard del settore. Il processo di lettura e scrittura dei dati \u00e8 stabile e affidabile e garantisce efficacemente la sicurezza dei dati. \u00c8 adatto sia per il trasferimento di file in scenari aziendali che per l'archiviazione a lungo termine di dati personali.<\/p>\n<\/div>\n\n\n\n<div class=\"wp-block-column is-layout-flow wp-block-column-is-layout-flow\">\n<figure class=\"wp-block-image size-full\"><img decoding=\"async\" width=\"800\" height=\"800\" src=\"https:\/\/www.yousanusb.com\/wp-content\/uploads\/2025\/10\/light-up-usb-flash-drive.jpg\" alt=\"\" class=\"wp-image-22724\" srcset=\"https:\/\/www.yousanusb.com\/wp-content\/uploads\/2025\/10\/light-up-usb-flash-drive.jpg 800w, https:\/\/www.yousanusb.com\/wp-content\/uploads\/2025\/10\/light-up-usb-flash-drive-300x300.jpg 300w, https:\/\/www.yousanusb.com\/wp-content\/uploads\/2025\/10\/light-up-usb-flash-drive-150x150.jpg 150w, https:\/\/www.yousanusb.com\/wp-content\/uploads\/2025\/10\/light-up-usb-flash-drive-768x768.jpg 768w, https:\/\/www.yousanusb.com\/wp-content\/uploads\/2025\/10\/light-up-usb-flash-drive-12x12.jpg 12w, https:\/\/www.yousanusb.com\/wp-content\/uploads\/2025\/10\/light-up-usb-flash-drive-600x600.jpg 600w, https:\/\/www.yousanusb.com\/wp-content\/uploads\/2025\/10\/light-up-usb-flash-drive-100x100.jpg 100w\" sizes=\"(max-width: 800px) 100vw, 800px\" \/><\/figure>\n<\/div>\n<\/div>\n\n\n\n<div class=\"wp-block-columns is-layout-flex wp-container-core-columns-is-layout-3 wp-block-columns-is-layout-flex\">\n<div class=\"wp-block-column is-layout-flow wp-block-column-is-layout-flow\">\n<figure class=\"wp-block-image size-full\"><img decoding=\"async\" width=\"800\" height=\"800\" src=\"https:\/\/www.yousanusb.com\/wp-content\/uploads\/2025\/10\/custom-light-up-metal-usb-flash-drive.webp\" alt=\"\" class=\"wp-image-22722\" srcset=\"https:\/\/www.yousanusb.com\/wp-content\/uploads\/2025\/10\/custom-light-up-metal-usb-flash-drive.webp 800w, https:\/\/www.yousanusb.com\/wp-content\/uploads\/2025\/10\/custom-light-up-metal-usb-flash-drive-300x300.webp 300w, https:\/\/www.yousanusb.com\/wp-content\/uploads\/2025\/10\/custom-light-up-metal-usb-flash-drive-150x150.webp 150w, https:\/\/www.yousanusb.com\/wp-content\/uploads\/2025\/10\/custom-light-up-metal-usb-flash-drive-768x768.webp 768w, https:\/\/www.yousanusb.com\/wp-content\/uploads\/2025\/10\/custom-light-up-metal-usb-flash-drive-12x12.webp 12w, https:\/\/www.yousanusb.com\/wp-content\/uploads\/2025\/10\/custom-light-up-metal-usb-flash-drive-600x600.webp 600w, https:\/\/www.yousanusb.com\/wp-content\/uploads\/2025\/10\/custom-light-up-metal-usb-flash-drive-100x100.webp 100w\" sizes=\"(max-width: 800px) 100vw, 800px\" \/><\/figure>\n<\/div>\n\n\n\n<div class=\"wp-block-column is-vertically-aligned-center is-layout-flow wp-block-column-is-layout-flow\">\n<p>Il servizio di personalizzazione \u00e8 molto flessibile. Non solo il colore dell'illuminazione del LOGO pu\u00f2 essere personalizzato, ma anche i loghi del marchio o i motivi esclusivi possono essere personalizzati sull'involucro metallico e sull'area di illuminazione. Marchi come Xbox, Adobe e AT&amp;T possono essere presentati in questo modo, il che non solo risponde alle esigenze commerciali delle aziende per la promozione del marchio, ma soddisfa anche la ricerca personale di individualit\u00e0 dei singoli utenti.<\/p>\n\n\n\n<p>Questa chiavetta USB luminosa in metallo illumina il vostro logo in blu, verde, rosso o bianco. Il design elegante la rende ideale come regalo aziendale o per dirigenti.<\/p>\n<\/div>\n<\/div>","protected":false},"excerpt":{"rendered":"<ul>\n<li>LED Memory Stick<\/li>\n<li>Logo luminoso personalizzato<\/li>\n<li>Collegare e lavorare<\/li>\n<li>Resistente all'acqua, agli urti e ai magneti<\/li>\n<li>MOQ: 100pcs<\/li>\n<\/ul>","protected":false},"featured_media":22724,"comment_status":"open","ping_status":"closed","template":"","meta":{"_seopress_robots_primary_cat":"","_seopress_titles_title":"","_seopress_titles_desc":"","_seopress_robots_index":""},"class_list":["post-22719","product","type-product","status-publish","has-post-thumbnail","hentry","product_cat-led-light-usb-flash-drive"],"_links":{"self":[{"href":"https:\/\/www.yousanusb.com\/it\/wp-json\/wp\/v2\/product\/22719"}],"collection":[{"href":"https:\/\/www.yousanusb.com\/it\/wp-json\/wp\/v2\/product"}],"about":[{"href":"https:\/\/www.yousanusb.com\/it\/wp-json\/wp\/v2\/types\/product"}],"replies":[{"embeddable":true,"href":"https:\/\/www.yousanusb.com\/it\/wp-json\/wp\/v2\/comments?post=22719"}],"wp:featuredmedia":[{"embeddable":true,"href":"https:\/\/www.yousanusb.com\/it\/wp-json\/wp\/v2\/media\/22724"}],"wp:attachment":[{"href":"https:\/\/www.yousanusb.com\/it\/wp-json\/wp\/v2\/media?parent=22719"}],"curies":[{"name":"wp","href":"https:\/\/api.w.org\/{rel}","templated":true}]}}