{"id":22727,"date":"2025-10-29T07:57:14","date_gmt":"2025-10-29T07:57:14","guid":{"rendered":"https:\/\/www.yousanusb.com\/?post_type=product&#038;p=22727"},"modified":"2025-10-30T12:39:56","modified_gmt":"2025-10-30T12:39:56","slug":"light-up-usb-flash-drive-with-leather-strap","status":"publish","type":"product","link":"https:\/\/www.yousanusb.com\/it\/prodotto\/light-up-usb-flash-drive-with-leather-strap\/","title":{"rendered":"Chiavetta USB luminosa con cinturino in pelle"},"content":{"rendered":"<div class=\"wp-block-columns is-layout-flex wp-container-core-columns-is-layout-1 wp-block-columns-is-layout-flex\">\n<div class=\"wp-block-column is-layout-flow wp-block-column-is-layout-flow\">\n<figure class=\"wp-block-image size-full\"><img fetchpriority=\"high\" decoding=\"async\" width=\"800\" height=\"800\" src=\"https:\/\/www.yousanusb.com\/wp-content\/uploads\/2025\/10\/lather-light-up-usb-flash-drive.jpeg\" alt=\"\" class=\"wp-image-22732\" srcset=\"https:\/\/www.yousanusb.com\/wp-content\/uploads\/2025\/10\/lather-light-up-usb-flash-drive.jpeg 800w, https:\/\/www.yousanusb.com\/wp-content\/uploads\/2025\/10\/lather-light-up-usb-flash-drive-300x300.jpeg 300w, https:\/\/www.yousanusb.com\/wp-content\/uploads\/2025\/10\/lather-light-up-usb-flash-drive-150x150.jpeg 150w, https:\/\/www.yousanusb.com\/wp-content\/uploads\/2025\/10\/lather-light-up-usb-flash-drive-768x768.jpeg 768w, https:\/\/www.yousanusb.com\/wp-content\/uploads\/2025\/10\/lather-light-up-usb-flash-drive-12x12.jpeg 12w, https:\/\/www.yousanusb.com\/wp-content\/uploads\/2025\/10\/lather-light-up-usb-flash-drive-600x600.jpeg 600w, https:\/\/www.yousanusb.com\/wp-content\/uploads\/2025\/10\/lather-light-up-usb-flash-drive-100x100.jpeg 100w\" sizes=\"(max-width: 800px) 100vw, 800px\" \/><\/figure>\n<\/div>\n\n\n\n<div class=\"wp-block-column is-vertically-aligned-center is-layout-flow wp-block-column-is-layout-flow\">\n<p>Questa chiavetta USB luminosa con cinturino in pelle \u00e8 dotata di un cinturino in pelle marrone che pu\u00f2 essere facilmente attaccato a portachiavi, zaini e altri oggetti, rendendola comoda da trasportare e riducendo notevolmente il rischio di smarrimento. Il corpo principale dell'unit\u00e0 USB \u00e8 rettangolare e realizzato in plastica resistente, in grado di proteggere efficacemente i componenti di archiviazione interni.<\/p>\n\n\n\n<p>La funzione di illuminazione \u00e8 particolarmente accattivante. Quando l'unit\u00e0 USB \u00e8 collegata a un computer, l'area LOGO sulla parte anteriore si illumina automaticamente e il colore dell'illuminazione pu\u00f2 essere personalizzato. Ad esempio, i loghi di Microsoft e Miele possono visualizzare effetti luminosi esclusivi, di grande impatto visivo e in grado di riflettere in modo intuitivo lo stato di funzionamento del dispositivo.<\/p>\n<\/div>\n<\/div>\n\n\n\n<div class=\"wp-block-columns is-layout-flex wp-container-core-columns-is-layout-2 wp-block-columns-is-layout-flex\">\n<div class=\"wp-block-column is-vertically-aligned-center is-layout-flow wp-block-column-is-layout-flow\">\n<p>Il servizio di personalizzazione \u00e8 molto flessibile. Il colore della carrozzeria pu\u00f2 essere personalizzato, con opzioni quali verde, blu, bianco, nero, rosso e altre ancora, adatte alle diverse preferenze di stile. Il colore dell'illuminazione del LOGO pu\u00f2 essere personalizzato, e anche i loghi dei marchi o i motivi esclusivi possono essere personalizzati sul retro. Marchi come Starbucks, Unilever, Samsung e Coca-Cola possono essere presentati in questo modo, che non solo soddisfa le esigenze commerciali di promozione del marchio aziendale, ma soddisfa anche la ricerca personale di individualit\u00e0 dei singoli utenti.<\/p>\n<\/div>\n\n\n\n<div class=\"wp-block-column is-layout-flow wp-block-column-is-layout-flow\">\n<figure class=\"wp-block-image size-full\"><img decoding=\"async\" width=\"800\" height=\"800\" src=\"https:\/\/www.yousanusb.com\/wp-content\/uploads\/2025\/10\/Plastic-light-up-usb-flash-drive.jpeg\" alt=\"\" class=\"wp-image-22735\" srcset=\"https:\/\/www.yousanusb.com\/wp-content\/uploads\/2025\/10\/Plastic-light-up-usb-flash-drive.jpeg 800w, https:\/\/www.yousanusb.com\/wp-content\/uploads\/2025\/10\/Plastic-light-up-usb-flash-drive-300x300.jpeg 300w, https:\/\/www.yousanusb.com\/wp-content\/uploads\/2025\/10\/Plastic-light-up-usb-flash-drive-150x150.jpeg 150w, https:\/\/www.yousanusb.com\/wp-content\/uploads\/2025\/10\/Plastic-light-up-usb-flash-drive-768x768.jpeg 768w, https:\/\/www.yousanusb.com\/wp-content\/uploads\/2025\/10\/Plastic-light-up-usb-flash-drive-12x12.jpeg 12w, https:\/\/www.yousanusb.com\/wp-content\/uploads\/2025\/10\/Plastic-light-up-usb-flash-drive-600x600.jpeg 600w, https:\/\/www.yousanusb.com\/wp-content\/uploads\/2025\/10\/Plastic-light-up-usb-flash-drive-100x100.jpeg 100w\" sizes=\"(max-width: 800px) 100vw, 800px\" \/><\/figure>\n<\/div>\n<\/div>\n\n\n\n<div class=\"wp-block-columns is-layout-flex wp-container-core-columns-is-layout-3 wp-block-columns-is-layout-flex\">\n<div class=\"wp-block-column is-layout-flow wp-block-column-is-layout-flow\">\n<figure class=\"wp-block-image size-full\"><img decoding=\"async\" width=\"800\" height=\"800\" src=\"https:\/\/www.yousanusb.com\/wp-content\/uploads\/2025\/10\/light-up-USB-drive.jpeg\" alt=\"\" class=\"wp-image-22733\" srcset=\"https:\/\/www.yousanusb.com\/wp-content\/uploads\/2025\/10\/light-up-USB-drive.jpeg 800w, https:\/\/www.yousanusb.com\/wp-content\/uploads\/2025\/10\/light-up-USB-drive-300x300.jpeg 300w, https:\/\/www.yousanusb.com\/wp-content\/uploads\/2025\/10\/light-up-USB-drive-150x150.jpeg 150w, https:\/\/www.yousanusb.com\/wp-content\/uploads\/2025\/10\/light-up-USB-drive-768x768.jpeg 768w, https:\/\/www.yousanusb.com\/wp-content\/uploads\/2025\/10\/light-up-USB-drive-12x12.jpeg 12w, https:\/\/www.yousanusb.com\/wp-content\/uploads\/2025\/10\/light-up-USB-drive-600x600.jpeg 600w, https:\/\/www.yousanusb.com\/wp-content\/uploads\/2025\/10\/light-up-USB-drive-100x100.jpeg 100w\" sizes=\"(max-width: 800px) 100vw, 800px\" \/><\/figure>\n<\/div>\n\n\n\n<div class=\"wp-block-column is-vertically-aligned-center is-layout-flow wp-block-column-is-layout-flow\">\n<p>Vanta le capacit\u00e0 principali di archiviazione e trasferimento di un'unit\u00e0 flash USB, \u00e8 compatibile con gli standard USB e supporta la funzionalit\u00e0 plug-and-play senza la necessit\u00e0 di installare driver aggiuntivi. Sia che si tratti di documenti e fogli di calcolo in ufficio o di foto personali e file video, \u00e8 in grado di memorizzarli in modo efficiente, soddisfacendo le esigenze di base della gestione quotidiana dei dati. In termini di prestazioni di archiviazione professionali, aderisce rigorosamente agli standard del settore, garantendo una lettura e scrittura dei dati stabile e affidabile e salvaguardando efficacemente la sicurezza dei dati. \u00c8 adatto a vari scenari, come la trasmissione di documenti aziendali e l'archiviazione a lungo termine di dati personali.<\/p>\n<\/div>\n<\/div>\n\n\n\n<p>Il colore del corpo principale della chiavetta USB \u00e8 personalizzabile e comprende opzioni di colore popolari come verde, blu, bianco, nero e rosso. Le aziende possono scegliere un colore che si adatti ai propri loghi e identit\u00e0 di marca.<\/p>\n\n\n\n<div class=\"wp-block-columns is-layout-flex wp-container-core-columns-is-layout-4 wp-block-columns-is-layout-flex\">\n<div class=\"wp-block-column is-layout-flow wp-block-column-is-layout-flow\">\n<figure class=\"wp-block-image size-large\"><img loading=\"lazy\" decoding=\"async\" width=\"687\" height=\"1024\" src=\"https:\/\/www.yousanusb.com\/wp-content\/uploads\/2025\/10\/Customizable-Personalized-LightUp-USB-Drive-687x1024.jpeg\" alt=\"\" class=\"wp-image-22731\" srcset=\"https:\/\/www.yousanusb.com\/wp-content\/uploads\/2025\/10\/Customizable-Personalized-LightUp-USB-Drive-687x1024.jpeg 687w, https:\/\/www.yousanusb.com\/wp-content\/uploads\/2025\/10\/Customizable-Personalized-LightUp-USB-Drive-201x300.jpeg 201w, https:\/\/www.yousanusb.com\/wp-content\/uploads\/2025\/10\/Customizable-Personalized-LightUp-USB-Drive-8x12.jpeg 8w, https:\/\/www.yousanusb.com\/wp-content\/uploads\/2025\/10\/Customizable-Personalized-LightUp-USB-Drive-600x895.jpeg 600w, https:\/\/www.yousanusb.com\/wp-content\/uploads\/2025\/10\/Customizable-Personalized-LightUp-USB-Drive.jpeg 751w\" sizes=\"(max-width: 687px) 100vw, 687px\" \/><\/figure>\n<\/div>\n\n\n\n<div class=\"wp-block-column is-layout-flow wp-block-column-is-layout-flow\">\n<figure class=\"wp-block-image size-large\"><img loading=\"lazy\" decoding=\"async\" width=\"686\" height=\"1024\" src=\"https:\/\/www.yousanusb.com\/wp-content\/uploads\/2025\/10\/custom-plastic-light-up-usb-flash-drive-686x1024.jpeg\" alt=\"\" class=\"wp-image-22730\" srcset=\"https:\/\/www.yousanusb.com\/wp-content\/uploads\/2025\/10\/custom-plastic-light-up-usb-flash-drive-686x1024.jpeg 686w, https:\/\/www.yousanusb.com\/wp-content\/uploads\/2025\/10\/custom-plastic-light-up-usb-flash-drive-201x300.jpeg 201w, https:\/\/www.yousanusb.com\/wp-content\/uploads\/2025\/10\/custom-plastic-light-up-usb-flash-drive-8x12.jpeg 8w, https:\/\/www.yousanusb.com\/wp-content\/uploads\/2025\/10\/custom-plastic-light-up-usb-flash-drive-600x896.jpeg 600w, https:\/\/www.yousanusb.com\/wp-content\/uploads\/2025\/10\/custom-plastic-light-up-usb-flash-drive.jpeg 750w\" sizes=\"(max-width: 686px) 100vw, 686px\" \/><\/figure>\n<\/div>\n<\/div>","protected":false},"excerpt":{"rendered":"<ul>\n<li>Materiale plastico<\/li>\n<li>Pen drive luminosa<\/li>\n<li>Stampa UV | Marcatura laser | Serigrafia<\/li>\n<li>Chiavetta USB con effetto logo luminoso<\/li>\n<li>MOQ: 100pcs<\/li>\n<\/ul>","protected":false},"featured_media":22732,"comment_status":"open","ping_status":"closed","template":"","meta":{"_seopress_robots_primary_cat":"","_seopress_titles_title":"","_seopress_titles_desc":"","_seopress_robots_index":""},"class_list":["post-22727","product","type-product","status-publish","has-post-thumbnail","hentry","product_cat-led-light-usb-flash-drive"],"_links":{"self":[{"href":"https:\/\/www.yousanusb.com\/it\/wp-json\/wp\/v2\/product\/22727"}],"collection":[{"href":"https:\/\/www.yousanusb.com\/it\/wp-json\/wp\/v2\/product"}],"about":[{"href":"https:\/\/www.yousanusb.com\/it\/wp-json\/wp\/v2\/types\/product"}],"replies":[{"embeddable":true,"href":"https:\/\/www.yousanusb.com\/it\/wp-json\/wp\/v2\/comments?post=22727"}],"wp:featuredmedia":[{"embeddable":true,"href":"https:\/\/www.yousanusb.com\/it\/wp-json\/wp\/v2\/media\/22732"}],"wp:attachment":[{"href":"https:\/\/www.yousanusb.com\/it\/wp-json\/wp\/v2\/media?parent=22727"}],"curies":[{"name":"wp","href":"https:\/\/api.w.org\/{rel}","templated":true}]}}