{"id":22794,"date":"2025-10-30T05:35:00","date_gmt":"2025-10-30T05:35:00","guid":{"rendered":"https:\/\/www.yousanusb.com\/?post_type=product&#038;p=22794"},"modified":"2025-10-30T12:40:19","modified_gmt":"2025-10-30T12:40:19","slug":"metal-light-up-keychain-usb-flash-drive","status":"publish","type":"product","link":"https:\/\/www.yousanusb.com\/it\/prodotto\/metal-light-up-keychain-usb-flash-drive\/","title":{"rendered":"Unit\u00e0 flash USB portachiavi luminosa in metallo"},"content":{"rendered":"<p>Questa chiavetta USB portachiavi luminosa in metallo presenta un design semplice e allungato, abbinato alla struttura di un portachiavi. Non solo soddisfa le esigenze di portabilit\u00e0 dell'uso quotidiano, ma pu\u00f2 anche essere facilmente agganciata a portachiavi o zaini tramite il portachiavi, impedendone la perdita.<\/p>\n\n\n\n<div class=\"wp-block-columns is-layout-flex wp-container-core-columns-is-layout-1 wp-block-columns-is-layout-flex\">\n<div class=\"wp-block-column is-layout-flow wp-block-column-is-layout-flow\">\n<figure class=\"wp-block-image size-full\"><img fetchpriority=\"high\" decoding=\"async\" width=\"800\" height=\"800\" src=\"https:\/\/www.yousanusb.com\/wp-content\/uploads\/2025\/10\/Light-up-USB-Flash-Drive-with-Keychain.jpeg\" alt=\"\" class=\"wp-image-22799\" srcset=\"https:\/\/www.yousanusb.com\/wp-content\/uploads\/2025\/10\/Light-up-USB-Flash-Drive-with-Keychain.jpeg 800w, https:\/\/www.yousanusb.com\/wp-content\/uploads\/2025\/10\/Light-up-USB-Flash-Drive-with-Keychain-300x300.jpeg 300w, https:\/\/www.yousanusb.com\/wp-content\/uploads\/2025\/10\/Light-up-USB-Flash-Drive-with-Keychain-150x150.jpeg 150w, https:\/\/www.yousanusb.com\/wp-content\/uploads\/2025\/10\/Light-up-USB-Flash-Drive-with-Keychain-768x768.jpeg 768w, https:\/\/www.yousanusb.com\/wp-content\/uploads\/2025\/10\/Light-up-USB-Flash-Drive-with-Keychain-12x12.jpeg 12w, https:\/\/www.yousanusb.com\/wp-content\/uploads\/2025\/10\/Light-up-USB-Flash-Drive-with-Keychain-600x600.jpeg 600w, https:\/\/www.yousanusb.com\/wp-content\/uploads\/2025\/10\/Light-up-USB-Flash-Drive-with-Keychain-100x100.jpeg 100w\" sizes=\"(max-width: 800px) 100vw, 800px\" \/><\/figure>\n<\/div>\n\n\n\n<div class=\"wp-block-column is-layout-flow wp-block-column-is-layout-flow\">\n<figure class=\"wp-block-image size-full\"><img decoding=\"async\" width=\"800\" height=\"800\" src=\"https:\/\/www.yousanusb.com\/wp-content\/uploads\/2025\/10\/metal-Light-up-usb-flash-drive-3.jpeg\" alt=\"\" class=\"wp-image-22800\" srcset=\"https:\/\/www.yousanusb.com\/wp-content\/uploads\/2025\/10\/metal-Light-up-usb-flash-drive-3.jpeg 800w, https:\/\/www.yousanusb.com\/wp-content\/uploads\/2025\/10\/metal-Light-up-usb-flash-drive-3-300x300.jpeg 300w, https:\/\/www.yousanusb.com\/wp-content\/uploads\/2025\/10\/metal-Light-up-usb-flash-drive-3-150x150.jpeg 150w, https:\/\/www.yousanusb.com\/wp-content\/uploads\/2025\/10\/metal-Light-up-usb-flash-drive-3-768x768.jpeg 768w, https:\/\/www.yousanusb.com\/wp-content\/uploads\/2025\/10\/metal-Light-up-usb-flash-drive-3-12x12.jpeg 12w, https:\/\/www.yousanusb.com\/wp-content\/uploads\/2025\/10\/metal-Light-up-usb-flash-drive-3-600x600.jpeg 600w, https:\/\/www.yousanusb.com\/wp-content\/uploads\/2025\/10\/metal-Light-up-usb-flash-drive-3-100x100.jpeg 100w\" sizes=\"(max-width: 800px) 100vw, 800px\" \/><\/figure>\n<\/div>\n<\/div>\n\n\n\n<h2 class=\"wp-block-heading\">La personalizzazione \u00e8 uno dei suoi principali vantaggi:<\/h2>\n\n\n\n<ul class=\"wp-block-list\">\n<li>Il colore della carrozzeria pu\u00f2 essere personalizzato - le opzioni includono nero, argento e cos\u00ec via - per soddisfare le diverse preferenze di stile. Sia che si tratti del sobrio nero per gli scenari di lavoro o dell'argento futuristico con un'atmosfera tecnologica, si adatta bene.<\/li>\n\n\n\n<li>Anche i colori del logo luminoso sono personalizzabili: il logo luminoso anteriore rimane spento quando non viene utilizzato, ma si accende immediatamente quando viene collegato a un computer. Quando si illumina, il marchio o il logo personalizzato risulta chiaro e accattivante, migliorando il riconoscimento. \u00c8 possibile stampare loghi o motivi anche sul retro.<\/li>\n\n\n\n<li>Inoltre, il colore della parte in plastica che collega il portachiavi e l'unit\u00e0 USB \u00e8 personalizzabile, con opzioni come il rosso, il blu e il marrone, che aggiungono maggiore personalit\u00e0 al look complessivo.<\/li>\n<\/ul>\n\n\n\n<div class=\"wp-block-columns is-layout-flex wp-container-core-columns-is-layout-2 wp-block-columns-is-layout-flex\">\n<div class=\"wp-block-column is-layout-flow wp-block-column-is-layout-flow\">\n<figure class=\"wp-block-image size-full\"><img decoding=\"async\" width=\"800\" height=\"800\" src=\"https:\/\/www.yousanusb.com\/wp-content\/uploads\/2025\/10\/silver-Light-up-usb-flash-drive.jpeg\" alt=\"\" class=\"wp-image-22801\" srcset=\"https:\/\/www.yousanusb.com\/wp-content\/uploads\/2025\/10\/silver-Light-up-usb-flash-drive.jpeg 800w, https:\/\/www.yousanusb.com\/wp-content\/uploads\/2025\/10\/silver-Light-up-usb-flash-drive-300x300.jpeg 300w, https:\/\/www.yousanusb.com\/wp-content\/uploads\/2025\/10\/silver-Light-up-usb-flash-drive-150x150.jpeg 150w, https:\/\/www.yousanusb.com\/wp-content\/uploads\/2025\/10\/silver-Light-up-usb-flash-drive-768x768.jpeg 768w, https:\/\/www.yousanusb.com\/wp-content\/uploads\/2025\/10\/silver-Light-up-usb-flash-drive-12x12.jpeg 12w, https:\/\/www.yousanusb.com\/wp-content\/uploads\/2025\/10\/silver-Light-up-usb-flash-drive-600x600.jpeg 600w, https:\/\/www.yousanusb.com\/wp-content\/uploads\/2025\/10\/silver-Light-up-usb-flash-drive-100x100.jpeg 100w\" sizes=\"(max-width: 800px) 100vw, 800px\" \/><\/figure>\n<\/div>\n\n\n\n<div class=\"wp-block-column is-layout-flow wp-block-column-is-layout-flow\">\n<figure class=\"wp-block-image size-full\"><img loading=\"lazy\" decoding=\"async\" width=\"800\" height=\"800\" src=\"https:\/\/www.yousanusb.com\/wp-content\/uploads\/2025\/10\/black-Light-up-usb-flash-drive.jpeg\" alt=\"\" class=\"wp-image-22797\" srcset=\"https:\/\/www.yousanusb.com\/wp-content\/uploads\/2025\/10\/black-Light-up-usb-flash-drive.jpeg 800w, https:\/\/www.yousanusb.com\/wp-content\/uploads\/2025\/10\/black-Light-up-usb-flash-drive-300x300.jpeg 300w, https:\/\/www.yousanusb.com\/wp-content\/uploads\/2025\/10\/black-Light-up-usb-flash-drive-150x150.jpeg 150w, https:\/\/www.yousanusb.com\/wp-content\/uploads\/2025\/10\/black-Light-up-usb-flash-drive-768x768.jpeg 768w, https:\/\/www.yousanusb.com\/wp-content\/uploads\/2025\/10\/black-Light-up-usb-flash-drive-12x12.jpeg 12w, https:\/\/www.yousanusb.com\/wp-content\/uploads\/2025\/10\/black-Light-up-usb-flash-drive-600x600.jpeg 600w, https:\/\/www.yousanusb.com\/wp-content\/uploads\/2025\/10\/black-Light-up-usb-flash-drive-100x100.jpeg 100w\" sizes=\"(max-width: 800px) 100vw, 800px\" \/><\/figure>\n<\/div>\n<\/div>\n\n\n\n<p>Per questa unit\u00e0 flash USB, le capacit\u00e0 da 8GB-128GB sono le opzioni pi\u00f9 vendute per l'archiviazione quotidiana. \u00c8 possibile scegliere la personalizzazione in base alle proprie esigenze quotidiane, con capacit\u00e0 diverse corrispondenti a prezzi diversi.<br>Vanta prestazioni di archiviazione stabili, velocit\u00e0 di lettura e scrittura elevate e una trasmissione dei dati sicura e affidabile, in grado di soddisfare le esigenze di scenari professionali come l'archiviazione di file aziendali e la distribuzione di materiale per eventi.<br>Le aziende possono anche personalizzare i modelli con i propri loghi, utilizzandoli come regali per la promozione del marchio o come strumenti per l'ufficio. Pratico ma efficace nel migliorare l'immagine del marchio, \u00e8 una scelta eccellente per il marketing aziendale e per l'uso quotidiano in ufficio.<\/p>","protected":false},"excerpt":{"rendered":"<ul>\n<li>Cina ha portato usb flash drive facory<\/li>\n<li>Logo con illuminazione a LED<\/li>\n<li>Stampa serigrafica<\/li>\n<li>Stampa UV | Incisione laser | Serigrafia<\/li>\n<li>MOQ: 100 pezzi<\/li>\n<\/ul>","protected":false},"featured_media":22799,"comment_status":"open","ping_status":"closed","template":"","meta":{"_seopress_robots_primary_cat":"","_seopress_titles_title":"","_seopress_titles_desc":"","_seopress_robots_index":""},"class_list":["post-22794","product","type-product","status-publish","has-post-thumbnail","hentry","product_cat-led-light-usb-flash-drive"],"_links":{"self":[{"href":"https:\/\/www.yousanusb.com\/it\/wp-json\/wp\/v2\/product\/22794"}],"collection":[{"href":"https:\/\/www.yousanusb.com\/it\/wp-json\/wp\/v2\/product"}],"about":[{"href":"https:\/\/www.yousanusb.com\/it\/wp-json\/wp\/v2\/types\/product"}],"replies":[{"embeddable":true,"href":"https:\/\/www.yousanusb.com\/it\/wp-json\/wp\/v2\/comments?post=22794"}],"wp:featuredmedia":[{"embeddable":true,"href":"https:\/\/www.yousanusb.com\/it\/wp-json\/wp\/v2\/media\/22799"}],"wp:attachment":[{"href":"https:\/\/www.yousanusb.com\/it\/wp-json\/wp\/v2\/media?parent=22794"}],"curies":[{"name":"wp","href":"https:\/\/api.w.org\/{rel}","templated":true}]}}