{"id":22802,"date":"2025-10-30T05:55:23","date_gmt":"2025-10-30T05:55:23","guid":{"rendered":"https:\/\/www.yousanusb.com\/?post_type=product&#038;p=22802"},"modified":"2025-10-30T12:40:29","modified_gmt":"2025-10-30T12:40:29","slug":"round-light-up-usb-flash-drive","status":"publish","type":"product","link":"https:\/\/www.yousanusb.com\/it\/prodotto\/round-light-up-usb-flash-drive\/","title":{"rendered":"Chiavetta USB luminosa rotonda in metallo"},"content":{"rendered":"<div class=\"wp-block-columns is-layout-flex wp-container-core-columns-is-layout-1 wp-block-columns-is-layout-flex\">\n<div class=\"wp-block-column is-layout-flow wp-block-column-is-layout-flow\">\n<figure class=\"wp-block-image size-full\"><img fetchpriority=\"high\" decoding=\"async\" width=\"800\" height=\"800\" src=\"https:\/\/www.yousanusb.com\/wp-content\/uploads\/2025\/10\/round-Light-up-usb-flash-drive.png\" alt=\"\" class=\"wp-image-22808\" srcset=\"https:\/\/www.yousanusb.com\/wp-content\/uploads\/2025\/10\/round-Light-up-usb-flash-drive.png 800w, https:\/\/www.yousanusb.com\/wp-content\/uploads\/2025\/10\/round-Light-up-usb-flash-drive-300x300.png 300w, https:\/\/www.yousanusb.com\/wp-content\/uploads\/2025\/10\/round-Light-up-usb-flash-drive-150x150.png 150w, https:\/\/www.yousanusb.com\/wp-content\/uploads\/2025\/10\/round-Light-up-usb-flash-drive-768x768.png 768w, https:\/\/www.yousanusb.com\/wp-content\/uploads\/2025\/10\/round-Light-up-usb-flash-drive-12x12.png 12w, https:\/\/www.yousanusb.com\/wp-content\/uploads\/2025\/10\/round-Light-up-usb-flash-drive-600x600.png 600w, https:\/\/www.yousanusb.com\/wp-content\/uploads\/2025\/10\/round-Light-up-usb-flash-drive-100x100.png 100w\" sizes=\"(max-width: 800px) 100vw, 800px\" \/><\/figure>\n<\/div>\n\n\n\n<div class=\"wp-block-column is-vertically-aligned-center is-layout-flow wp-block-column-is-layout-flow\">\n<p>Questa chiavetta USB Ligth-up rotonda in metallo presenta un design rotondo ed \u00e8 realizzata in metallo, con diverse opzioni di colore tra cui nero, oro, argento, oro rosa, ecc. Dotata di un portachiavi, pu\u00f2 essere facilmente agganciata a portachiavi o zaini, rendendola portatile e con minori probabilit\u00e0 di smarrimento. Soddisfa sia gli scenari lavorativi che le esigenze personali.<\/p>\n\n\n\n<p>Offre capacit\u00e0 da 8 GB a 128 GB, che possono essere personalizzate in base alle esigenze di archiviazione quotidiane, con prezzi diversi per le diverse capacit\u00e0. \u00c8 compatibile con i sistemi operativi pi\u00f9 diffusi, come Windows e Mac, \u00e8 dotato di funzionalit\u00e0 plug-and-play e pu\u00f2 gestire facilmente l'archiviazione e il trasferimento di vari file come documenti, immagini e video. Inoltre, il prodotto ha superato certificazioni come CE e FCC, garantendo una qualit\u00e0 affidabile, un'archiviazione sicura e stabile dei dati e una durata dei cicli di lettura-scrittura di decine di migliaia di volte, consentendo un utilizzo a lungo termine e affidabile.<\/p>\n<\/div>\n<\/div>\n\n\n\n<div class=\"wp-block-columns is-layout-flex wp-container-core-columns-is-layout-2 wp-block-columns-is-layout-flex\">\n<div class=\"wp-block-column is-vertically-aligned-center is-layout-flow wp-block-column-is-layout-flow\">\n<p>Il logo luminoso sulla parte anteriore rimane spento quando non \u00e8 collegato al computer, ma si accende immediatamente una volta inserito. In questo modo, il marchio o il logo personalizzato \u00e8 chiaro e accattivante, migliorando notevolmente il riconoscimento. Inoltre, anche il retro pu\u00f2 essere personalizzato con loghi o motivi: la personalizzazione su due lati consente una visualizzazione pi\u00f9 completa delle informazioni sul marchio.<\/p>\n\n\n\n<p>Per quanto riguarda le tecniche di stampa e incisione, la superficie metallica utilizza la tecnologia dell'incisione laser o della stampa ad alta definizione. In questo modo i loghi non si staccano e non si sbiadiscono anche con l'uso prolungato, mantenendo una visualizzazione duratura dell'immagine del marchio.<\/p>\n<\/div>\n\n\n\n<div class=\"wp-block-column is-layout-flow wp-block-column-is-layout-flow\">\n<figure class=\"wp-block-image size-full\"><img decoding=\"async\" width=\"800\" height=\"800\" src=\"https:\/\/www.yousanusb.com\/wp-content\/uploads\/2025\/10\/metal-light-up-usb-drive.jpg\" alt=\"\" class=\"wp-image-22807\" srcset=\"https:\/\/www.yousanusb.com\/wp-content\/uploads\/2025\/10\/metal-light-up-usb-drive.jpg 800w, https:\/\/www.yousanusb.com\/wp-content\/uploads\/2025\/10\/metal-light-up-usb-drive-300x300.jpg 300w, https:\/\/www.yousanusb.com\/wp-content\/uploads\/2025\/10\/metal-light-up-usb-drive-150x150.jpg 150w, https:\/\/www.yousanusb.com\/wp-content\/uploads\/2025\/10\/metal-light-up-usb-drive-768x768.jpg 768w, https:\/\/www.yousanusb.com\/wp-content\/uploads\/2025\/10\/metal-light-up-usb-drive-12x12.jpg 12w, https:\/\/www.yousanusb.com\/wp-content\/uploads\/2025\/10\/metal-light-up-usb-drive-600x600.jpg 600w, https:\/\/www.yousanusb.com\/wp-content\/uploads\/2025\/10\/metal-light-up-usb-drive-100x100.jpg 100w\" sizes=\"(max-width: 800px) 100vw, 800px\" \/><\/figure>\n<\/div>\n<\/div>","protected":false},"excerpt":{"rendered":"<ul>\n<li>Chiavetta USB rotonda Light-Up<\/li>\n<li>Colore delle unit\u00e0 USB personalizzate<\/li>\n<li>Illuminazione a LED personalizzata Logo<\/li>\n<li>materiali metallici<\/li>\n<li>CE, RoHS, FCC<\/li>\n<li>MOQ: 100pcs<\/li>\n<\/ul>","protected":false},"featured_media":22808,"comment_status":"open","ping_status":"closed","template":"","meta":{"_seopress_robots_primary_cat":"","_seopress_titles_title":"","_seopress_titles_desc":"","_seopress_robots_index":""},"class_list":["post-22802","product","type-product","status-publish","has-post-thumbnail","hentry","product_cat-led-light-usb-flash-drive"],"_links":{"self":[{"href":"https:\/\/www.yousanusb.com\/it\/wp-json\/wp\/v2\/product\/22802"}],"collection":[{"href":"https:\/\/www.yousanusb.com\/it\/wp-json\/wp\/v2\/product"}],"about":[{"href":"https:\/\/www.yousanusb.com\/it\/wp-json\/wp\/v2\/types\/product"}],"replies":[{"embeddable":true,"href":"https:\/\/www.yousanusb.com\/it\/wp-json\/wp\/v2\/comments?post=22802"}],"wp:featuredmedia":[{"embeddable":true,"href":"https:\/\/www.yousanusb.com\/it\/wp-json\/wp\/v2\/media\/22808"}],"wp:attachment":[{"href":"https:\/\/www.yousanusb.com\/it\/wp-json\/wp\/v2\/media?parent=22802"}],"curies":[{"name":"wp","href":"https:\/\/api.w.org\/{rel}","templated":true}]}}