{"id":22965,"date":"2025-10-30T07:47:10","date_gmt":"2025-10-30T07:47:10","guid":{"rendered":"https:\/\/www.yousanusb.com\/?post_type=product&#038;p=22965"},"modified":"2025-10-30T12:40:53","modified_gmt":"2025-10-30T12:40:53","slug":"strip-shaped-zinc-alloy-light-up-usb-flash-drive","status":"publish","type":"product","link":"https:\/\/www.yousanusb.com\/it\/prodotto\/strip-shaped-zinc-alloy-light-up-usb-flash-drive\/","title":{"rendered":"Unit\u00e0 flash USB luminosa a forma di striscia in lega di zinco"},"content":{"rendered":"<div class=\"wp-block-columns is-layout-flex wp-container-core-columns-is-layout-1 wp-block-columns-is-layout-flex\">\n<div class=\"wp-block-column is-layout-flow wp-block-column-is-layout-flow\">\n<figure class=\"wp-block-image size-full\"><img fetchpriority=\"high\" decoding=\"async\" width=\"800\" height=\"800\" src=\"https:\/\/www.yousanusb.com\/wp-content\/uploads\/2025\/10\/Strip-shaped-Light-Up-USB-Flash-Drive.jpg\" alt=\"\" class=\"wp-image-22969\" srcset=\"https:\/\/www.yousanusb.com\/wp-content\/uploads\/2025\/10\/Strip-shaped-Light-Up-USB-Flash-Drive.jpg 800w, https:\/\/www.yousanusb.com\/wp-content\/uploads\/2025\/10\/Strip-shaped-Light-Up-USB-Flash-Drive-300x300.jpg 300w, https:\/\/www.yousanusb.com\/wp-content\/uploads\/2025\/10\/Strip-shaped-Light-Up-USB-Flash-Drive-150x150.jpg 150w, https:\/\/www.yousanusb.com\/wp-content\/uploads\/2025\/10\/Strip-shaped-Light-Up-USB-Flash-Drive-768x768.jpg 768w, https:\/\/www.yousanusb.com\/wp-content\/uploads\/2025\/10\/Strip-shaped-Light-Up-USB-Flash-Drive-12x12.jpg 12w, https:\/\/www.yousanusb.com\/wp-content\/uploads\/2025\/10\/Strip-shaped-Light-Up-USB-Flash-Drive-600x600.jpg 600w, https:\/\/www.yousanusb.com\/wp-content\/uploads\/2025\/10\/Strip-shaped-Light-Up-USB-Flash-Drive-100x100.jpg 100w\" sizes=\"(max-width: 800px) 100vw, 800px\" \/><\/figure>\n<\/div>\n\n\n\n<div class=\"wp-block-column is-vertically-aligned-center is-layout-flow wp-block-column-is-layout-flow\">\n<p>Questa unit\u00e0 flash USB in lega di zinco a strisce lunghe \u00e8 realizzata in lega di zinco, robusta e resistente all'usura, con una forte resistenza ai graffi. Non \u00e8 facile che si graffi durante l'uso quotidiano, pu\u00f2 mantenere un bell'aspetto per molto tempo e ha una vita utile pi\u00f9 lunga.<\/p>\n\n\n\n<p>Il materiale in lega di zinco pu\u00f2 essere personalizzato in vari colori, come oro, argento, oro rosa, canna di fucile, ecc. per soddisfare le diverse esigenze delle preferenze personali o dei toni del marchio aziendale.<\/p>\n\n\n\n<p>\u00c8 dotato di un portachiavi che pu\u00f2 essere appeso al portachiavi o allo zaino. \u00c8 comodo da trasportare e non facile da perdere, e l'unit\u00e0 flash USB \u00e8 accessibile in qualsiasi momento.<\/p>\n<\/div>\n<\/div>\n\n\n\n<div class=\"wp-block-columns is-layout-flex wp-container-core-columns-is-layout-3 wp-block-columns-is-layout-flex\">\n<div class=\"wp-block-column is-layout-flow wp-block-column-is-layout-flow\" style=\"flex-basis:0px\"><\/div>\n\n\n\n<div class=\"wp-block-column is-layout-flow wp-block-column-is-layout-flow\">\n<div class=\"wp-block-columns is-layout-flex wp-container-core-columns-is-layout-2 wp-block-columns-is-layout-flex\">\n<div class=\"wp-block-column is-vertically-aligned-center is-layout-flow wp-block-column-is-layout-flow\">\n<p>La personalizzazione del logo \u00e8 molto flessibile. Il logo anteriore illuminato pu\u00f2 essere di vari colori, come rosso, blu e verde. Quando viene collegata a un computer, il logo si illumina, rendendo alto il riconoscimento del marchio. Anche il retro della chiavetta USB pu\u00f2 essere personalizzato con un logo o un testo. Le aziende possono utilizzarla per promozioni e omaggi ai clienti, migliorando in modo efficace l'esposizione del marchio.<\/p>\n<\/div>\n\n\n\n<div class=\"wp-block-column is-layout-flow wp-block-column-is-layout-flow\">\n<figure class=\"wp-block-image size-full\"><img decoding=\"async\" width=\"800\" height=\"800\" src=\"https:\/\/www.yousanusb.com\/wp-content\/uploads\/2025\/10\/metal-light-up-usb-flash-drive-1.jpg\" alt=\"\" class=\"wp-image-22972\" srcset=\"https:\/\/www.yousanusb.com\/wp-content\/uploads\/2025\/10\/metal-light-up-usb-flash-drive-1.jpg 800w, https:\/\/www.yousanusb.com\/wp-content\/uploads\/2025\/10\/metal-light-up-usb-flash-drive-1-300x300.jpg 300w, https:\/\/www.yousanusb.com\/wp-content\/uploads\/2025\/10\/metal-light-up-usb-flash-drive-1-150x150.jpg 150w, https:\/\/www.yousanusb.com\/wp-content\/uploads\/2025\/10\/metal-light-up-usb-flash-drive-1-768x768.jpg 768w, https:\/\/www.yousanusb.com\/wp-content\/uploads\/2025\/10\/metal-light-up-usb-flash-drive-1-12x12.jpg 12w, https:\/\/www.yousanusb.com\/wp-content\/uploads\/2025\/10\/metal-light-up-usb-flash-drive-1-600x600.jpg 600w, https:\/\/www.yousanusb.com\/wp-content\/uploads\/2025\/10\/metal-light-up-usb-flash-drive-1-100x100.jpg 100w\" sizes=\"(max-width: 800px) 100vw, 800px\" \/><\/figure>\n<\/div>\n<\/div>\n<\/div>\n<\/div>\n\n\n\n<div class=\"wp-block-columns is-layout-flex wp-container-core-columns-is-layout-4 wp-block-columns-is-layout-flex\">\n<div class=\"wp-block-column is-layout-flow wp-block-column-is-layout-flow\">\n<figure class=\"wp-block-image size-full\"><img decoding=\"async\" width=\"800\" height=\"801\" src=\"https:\/\/www.yousanusb.com\/wp-content\/uploads\/2025\/10\/custom-metal-light-up-usb-drive-1.jpg\" alt=\"\" class=\"wp-image-22970\" srcset=\"https:\/\/www.yousanusb.com\/wp-content\/uploads\/2025\/10\/custom-metal-light-up-usb-drive-1.jpg 800w, https:\/\/www.yousanusb.com\/wp-content\/uploads\/2025\/10\/custom-metal-light-up-usb-drive-1-300x300.jpg 300w, https:\/\/www.yousanusb.com\/wp-content\/uploads\/2025\/10\/custom-metal-light-up-usb-drive-1-150x150.jpg 150w, https:\/\/www.yousanusb.com\/wp-content\/uploads\/2025\/10\/custom-metal-light-up-usb-drive-1-768x769.jpg 768w, https:\/\/www.yousanusb.com\/wp-content\/uploads\/2025\/10\/custom-metal-light-up-usb-drive-1-12x12.jpg 12w, https:\/\/www.yousanusb.com\/wp-content\/uploads\/2025\/10\/custom-metal-light-up-usb-drive-1-600x601.jpg 600w, https:\/\/www.yousanusb.com\/wp-content\/uploads\/2025\/10\/custom-metal-light-up-usb-drive-1-100x100.jpg 100w\" sizes=\"(max-width: 800px) 100vw, 800px\" \/><\/figure>\n<\/div>\n\n\n\n<div class=\"wp-block-column is-vertically-aligned-center is-layout-flow wp-block-column-is-layout-flow\">\n<p>In termini di specifiche tecniche, la capacit\u00e0 di archiviazione \u00e8 disponibile in varie opzioni, come 8 GB, 16 GB, 32 GB e 64 GB, per soddisfare le diverse esigenze di archiviazione. L'interfaccia pu\u00f2 essere selezionata come USB 2.0 o USB 3.0, con velocit\u00e0 di lettura e scrittura stabili, che consentono un trasferimento efficiente di file come documenti, foto e video, risparmiando tempo.<\/p>\n<\/div>\n<\/div>","protected":false},"excerpt":{"rendered":"<ul>\n<li>Pen drive luminosa<\/li>\n<li>Colore del cinturino in silicone personalizzato<\/li>\n<li>Illuminazione a LED personalizzata Logo<\/li>\n<li>Stampa serigrafica<\/li>\n<li>CE, RoHS, FCC<\/li>\n<\/ul>","protected":false},"featured_media":22968,"comment_status":"open","ping_status":"closed","template":"","meta":{"_seopress_robots_primary_cat":"","_seopress_titles_title":"","_seopress_titles_desc":"","_seopress_robots_index":""},"class_list":["post-22965","product","type-product","status-publish","has-post-thumbnail","hentry","product_cat-led-light-usb-flash-drive"],"_links":{"self":[{"href":"https:\/\/www.yousanusb.com\/it\/wp-json\/wp\/v2\/product\/22965"}],"collection":[{"href":"https:\/\/www.yousanusb.com\/it\/wp-json\/wp\/v2\/product"}],"about":[{"href":"https:\/\/www.yousanusb.com\/it\/wp-json\/wp\/v2\/types\/product"}],"replies":[{"embeddable":true,"href":"https:\/\/www.yousanusb.com\/it\/wp-json\/wp\/v2\/comments?post=22965"}],"wp:featuredmedia":[{"embeddable":true,"href":"https:\/\/www.yousanusb.com\/it\/wp-json\/wp\/v2\/media\/22968"}],"wp:attachment":[{"href":"https:\/\/www.yousanusb.com\/it\/wp-json\/wp\/v2\/media?parent=22965"}],"curies":[{"name":"wp","href":"https:\/\/api.w.org\/{rel}","templated":true}]}}